{"id":3698,"date":"2013-05-24T20:06:42","date_gmt":"2013-05-24T20:06:42","guid":{"rendered":"https:\/\/library.bilkent.edu.tr\/trxml\/?page_id=3698"},"modified":"2025-04-07T13:37:03","modified_gmt":"2025-04-07T10:37:03","slug":"genel-duyurular","status":"publish","type":"page","link":"https:\/\/library.bilkent.edu.tr\/tr\/genel-duyurular\/","title":{"rendered":"Genel Duyurular"},"content":{"rendered":"<div class=\"fusion-fullwidth fullwidth-box fusion-builder-row-1 hundred-percent-fullwidth non-hundred-percent-height-scrolling\" style=\"--awb-border-radius-top-left:0px;--awb-border-radius-top-right:0px;--awb-border-radius-bottom-right:0px;--awb-border-radius-bottom-left:0px;--awb-flex-wrap:wrap;\" ><div class=\"fusion-builder-row fusion-row\"><div class=\"fusion-layout-column fusion_builder_column fusion-builder-column-0 fusion_builder_column_1_1 1_1 fusion-one-full fusion-column-first fusion-column-last fusion-column-no-min-height\" style=\"--awb-bg-size:cover;--awb-margin-bottom:0px;\" id=\"genel-duyurular\"><div class=\"fusion-column-wrapper fusion-flex-column-wrapper-legacy\"><div class=\"fusion-title title fusion-title-1 fusion-sep-none fusion-title-text fusion-title-size-six\" style=\"--awb-margin-top-small:0px;--awb-margin-right-small:0px;--awb-margin-bottom-small:20px;--awb-margin-left-small:0px;--awb-sep-color:#cccccc;\"><h6 class=\"fusion-title-heading title-heading-right fusion-responsive-typography-calculated\" style=\"margin:0;--fontSize:18;--minFontSize:18;line-height:1.5;\"><em><a style=\"color: #000;\" href=\"https:\/\/library.bilkent.edu.tr\/latest-news\/\">English<\/a><\/em><\/h6><\/div><div class=\"fusion-blog-shortcode fusion-blog-shortcode-1 fusion-blog-archive fusion-blog-layout-grid-wrapper fusion-blog-pagination\"><style type=\"text\/css\">.fusion-blog-shortcode-1 .fusion-blog-layout-grid .fusion-post-grid{padding:20px;}.fusion-blog-shortcode-1 .fusion-posts-container{margin-left: -20px !important; margin-right:-20px !important;}<\/style><div class=\"fusion-posts-container fusion-posts-container-pagination fusion-blog-layout-grid fusion-blog-layout-grid-3 isotope fusion-blog-equal-heights\" data-pages=\"21\" data-grid-col-space=\"40\" style=\"margin: -20px -20px 0;min-height:500px;\"><article id=\"blog-1-post-22517\" class=\"fusion-post-grid post-22517 post type-post status-publish format-standard has-post-thumbnail hentry category-duyurular category-son-duyurular\">\n<div class=\"fusion-post-wrapper\" style=\"background-color:rgba(255,255,255,0);border:1px solid #ebeaea;border-bottom-width:3px;\">\n\n\t\t\t<div class=\"fusion-flexslider flexslider fusion-flexslider-loading fusion-post-slideshow\" style=\"border-color:#ebeaea;\">\n\t\t<ul class=\"slides\">\n\t\t\t\n\t\t\t\t\t\t\t\t\t\t\t\t\t\t<li><div  class=\"fusion-image-wrapper\" aria-haspopup=\"true\">\n\t\t\t\t\t\t\t<a href=\"https:\/\/library.bilkent.edu.tr\/tr\/62-kutuphane-haftasi-kutlu-olsun\/\" aria-label=\"62. K\u00fct\u00fcphane Haftas\u0131 Kutlu Olsun!\">\n\t\t\t\t\t\t\t<img decoding=\"async\" width=\"800\" height=\"600\" src=\"https:\/\/library.bilkent.edu.tr\/tr\/wp-content\/uploads\/2026\/03\/2026_KutupHaftasi_FEAT_TR.png\" class=\"attachment-full size-full wp-post-image\" alt=\"\" srcset=\"https:\/\/library.bilkent.edu.tr\/tr\/wp-content\/uploads\/2026\/03\/2026_KutupHaftasi_FEAT_TR-200x150.png 200w, https:\/\/library.bilkent.edu.tr\/tr\/wp-content\/uploads\/2026\/03\/2026_KutupHaftasi_FEAT_TR-400x300.png 400w, https:\/\/library.bilkent.edu.tr\/tr\/wp-content\/uploads\/2026\/03\/2026_KutupHaftasi_FEAT_TR-600x450.png 600w, https:\/\/library.bilkent.edu.tr\/tr\/wp-content\/uploads\/2026\/03\/2026_KutupHaftasi_FEAT_TR.png 800w\" sizes=\"(min-width: 2200px) 100vw, (min-width: 824px) 473px, (min-width: 732px) 710px, (min-width: 640px) 732px, \" \/>\t\t\t<\/a>\n\t\t\t\t\t\t\t<\/div>\n<\/li>\n\t\t\t\n\t\t\t\n\t\t\t\t\t\t\t\t\t\t\t\t\t\t\t\t\t\t\t\t\t\t\t\t\t\t\t\t\t\t\t\t\t\t\t\t\t\t\t\t\t\t\t\t\t\t\t\t\t\t\t\t\t\t\t\t\t\t\t\t\t\t\t\t\t\t\t\t<\/ul>\n\t<\/div>\n\t<div class=\"fusion-post-content-wrapper\" style=\"padding:30px 25px 20px 25px;\"><div class=\"fusion-post-content post-content\"><h2 class=\"blog-shortcode-post-title entry-title\"><a href=\"https:\/\/library.bilkent.edu.tr\/tr\/62-kutuphane-haftasi-kutlu-olsun\/\">62. K\u00fct\u00fcphane Haftas\u0131 Kutlu Olsun!<\/a><\/h2><p class=\"fusion-single-line-meta\"><span class=\"updated\" style=\"display:none;\">2026-03-16T12:52:50+03:00<\/span><span>16 Mart 2026<\/span><span class=\"fusion-inline-sep\">|<\/span><\/p><div class=\"fusion-content-sep sep-none\"><\/div><div class=\"fusion-post-content-container\"><p> De\u011ferli Bilkent \u00dcniversitesi Mensuplar\u0131, 62. K\u00fct\u00fcphane Haftas\u0131 Kutlu Olsun! Bilkent \u00dcniversitesi K\u00fct\u00fcphanesi olarak, 30 Mart \u2013 5 Nisan 2026[...]<\/p><\/div><\/div><\/div><div class=\"fusion-clearfix\"><\/div><\/div>\n<\/article>\n<article id=\"blog-1-post-22488\" class=\"fusion-post-grid post-22488 post type-post status-publish format-standard has-post-thumbnail hentry category-duyurular\">\n<div class=\"fusion-post-wrapper\" style=\"background-color:rgba(255,255,255,0);border:1px solid #ebeaea;border-bottom-width:3px;\">\n\n\t\t\t<div class=\"fusion-flexslider flexslider fusion-flexslider-loading fusion-post-slideshow\" style=\"border-color:#ebeaea;\">\n\t\t<ul class=\"slides\">\n\t\t\t\n\t\t\t\t\t\t\t\t\t\t\t\t\t\t<li><div  class=\"fusion-image-wrapper\" aria-haspopup=\"true\">\n\t\t\t\t\t\t\t<a href=\"https:\/\/library.bilkent.edu.tr\/tr\/bilkent-universitesi-kutuphanesinin-40-yili-fotograf-cagrisi\/\" aria-label=\"Bilkent \u00dcniversitesi K\u00fct\u00fcphanesi&#8217;nin 40. Y\u0131l\u0131: Foto\u011fraf \u00c7a\u011fr\u0131s\u0131\">\n\t\t\t\t\t\t\t<img decoding=\"async\" width=\"800\" height=\"600\" src=\"https:\/\/library.bilkent.edu.tr\/tr\/wp-content\/uploads\/2026\/02\/40Yil_FotografSergisi_Cagri.png\" class=\"attachment-full size-full wp-post-image\" alt=\"\" srcset=\"https:\/\/library.bilkent.edu.tr\/tr\/wp-content\/uploads\/2026\/02\/40Yil_FotografSergisi_Cagri-200x150.png 200w, https:\/\/library.bilkent.edu.tr\/tr\/wp-content\/uploads\/2026\/02\/40Yil_FotografSergisi_Cagri-400x300.png 400w, https:\/\/library.bilkent.edu.tr\/tr\/wp-content\/uploads\/2026\/02\/40Yil_FotografSergisi_Cagri-600x450.png 600w, https:\/\/library.bilkent.edu.tr\/tr\/wp-content\/uploads\/2026\/02\/40Yil_FotografSergisi_Cagri.png 800w\" sizes=\"(min-width: 2200px) 100vw, (min-width: 824px) 473px, (min-width: 732px) 710px, (min-width: 640px) 732px, \" \/>\t\t\t<\/a>\n\t\t\t\t\t\t\t<\/div>\n<\/li>\n\t\t\t\n\t\t\t\n\t\t\t\t\t\t\t\t\t\t\t\t\t\t\t\t\t\t\t\t\t\t\t\t\t\t\t\t\t\t\t\t\t\t\t\t\t\t\t\t\t\t\t\t\t\t\t\t\t\t\t\t\t\t\t\t\t\t\t\t\t\t\t\t\t\t\t\t<\/ul>\n\t<\/div>\n\t<div class=\"fusion-post-content-wrapper\" style=\"padding:30px 25px 20px 25px;\"><div class=\"fusion-post-content post-content\"><h2 class=\"blog-shortcode-post-title entry-title\"><a href=\"https:\/\/library.bilkent.edu.tr\/tr\/bilkent-universitesi-kutuphanesinin-40-yili-fotograf-cagrisi\/\">Bilkent \u00dcniversitesi K\u00fct\u00fcphanesi&#8217;nin 40. Y\u0131l\u0131: Foto\u011fraf \u00c7a\u011fr\u0131s\u0131<\/a><\/h2><p class=\"fusion-single-line-meta\"><span class=\"updated\" style=\"display:none;\">2026-04-02T16:08:35+03:00<\/span><span>26 \u015eubat 2026<\/span><span class=\"fusion-inline-sep\">|<\/span><\/p><div class=\"fusion-content-sep sep-none\"><\/div><div class=\"fusion-post-content-container\"><p> De\u011ferli Bilkent \u00dcniversitesi Mensuplar\u0131, Bilkent \u00dcniversitesi K\u00fct\u00fcphanesi, kurulu\u015funun 40. y\u0131l\u0131n\u0131 birlikte biriktirdi\u011fimiz an\u0131larla kutluyor! Bu \u00f6zel y\u0131l vesilesiyle, k\u00fct\u00fcphanemizin[...]<\/p><\/div><\/div><\/div><div class=\"fusion-clearfix\"><\/div><\/div>\n<\/article>\n<article id=\"blog-1-post-22484\" class=\"fusion-post-grid post-22484 post type-post status-publish format-standard has-post-thumbnail hentry category-duyurular\">\n<div class=\"fusion-post-wrapper\" style=\"background-color:rgba(255,255,255,0);border:1px solid #ebeaea;border-bottom-width:3px;\">\n\n\t\t\t<div class=\"fusion-flexslider flexslider fusion-flexslider-loading fusion-post-slideshow\" style=\"border-color:#ebeaea;\">\n\t\t<ul class=\"slides\">\n\t\t\t\n\t\t\t\t\t\t\t\t\t\t\t\t\t\t<li><div  class=\"fusion-image-wrapper\" aria-haspopup=\"true\">\n\t\t\t\t\t\t\t<a href=\"https:\/\/library.bilkent.edu.tr\/tr\/prof-dr-ihsan-dogramaciyi-saygi-ve-ozlemle-aniyoruz\/\" aria-label=\"Prof. Dr. \u0130hsan Do\u011framac\u0131&#8217;y\u0131 sayg\u0131 ve \u00f6zlemle an\u0131yoruz.\">\n\t\t\t\t\t\t\t<img decoding=\"async\" width=\"800\" height=\"600\" src=\"https:\/\/library.bilkent.edu.tr\/tr\/wp-content\/uploads\/2025\/02\/Adsiz-tasarim-3.png\" class=\"attachment-full size-full wp-post-image\" alt=\"\" srcset=\"https:\/\/library.bilkent.edu.tr\/tr\/wp-content\/uploads\/2025\/02\/Adsiz-tasarim-3-200x150.png 200w, https:\/\/library.bilkent.edu.tr\/tr\/wp-content\/uploads\/2025\/02\/Adsiz-tasarim-3-400x300.png 400w, https:\/\/library.bilkent.edu.tr\/tr\/wp-content\/uploads\/2025\/02\/Adsiz-tasarim-3-600x450.png 600w, https:\/\/library.bilkent.edu.tr\/tr\/wp-content\/uploads\/2025\/02\/Adsiz-tasarim-3.png 800w\" sizes=\"(min-width: 2200px) 100vw, (min-width: 824px) 473px, (min-width: 732px) 710px, (min-width: 640px) 732px, \" \/>\t\t\t<\/a>\n\t\t\t\t\t\t\t<\/div>\n<\/li>\n\t\t\t\n\t\t\t\n\t\t\t\t\t\t\t\t\t\t\t\t\t\t\t\t\t\t\t\t\t\t\t\t\t\t\t\t\t\t\t\t\t\t\t\t\t\t\t\t\t\t\t\t\t\t\t\t\t\t\t\t\t\t\t\t\t\t\t\t\t\t\t\t\t\t\t\t<\/ul>\n\t<\/div>\n\t<div class=\"fusion-post-content-wrapper\" style=\"padding:30px 25px 20px 25px;\"><div class=\"fusion-post-content post-content\"><h2 class=\"blog-shortcode-post-title entry-title\"><a href=\"https:\/\/library.bilkent.edu.tr\/tr\/prof-dr-ihsan-dogramaciyi-saygi-ve-ozlemle-aniyoruz\/\">Prof. Dr. \u0130hsan Do\u011framac\u0131&#8217;y\u0131 sayg\u0131 ve \u00f6zlemle an\u0131yoruz.<\/a><\/h2><p class=\"fusion-single-line-meta\"><span class=\"updated\" style=\"display:none;\">2026-03-03T15:00:39+03:00<\/span><span>25 \u015eubat 2026<\/span><span class=\"fusion-inline-sep\">|<\/span><\/p><div class=\"fusion-content-sep sep-none\"><\/div><div class=\"fusion-post-content-container\"><p> Bug\u00fcn, T\u00fcrk bilim ve sa\u011fl\u0131k \u00f6nc\u00fclerinden biri olan de\u011ferli bilim insan\u0131 Prof. Dr. \u0130hsan Do\u011framac\u0131'y\u0131 vefat\u0131n\u0131n 16. y\u0131l\u0131nda sayg\u0131[...]<\/p><\/div><\/div><\/div><div class=\"fusion-clearfix\"><\/div><\/div>\n<\/article>\n<article id=\"blog-1-post-22464\" class=\"fusion-post-grid post-22464 post type-post status-publish format-standard has-post-thumbnail hentry category-duyurular category-son-duyurular\">\n<div class=\"fusion-post-wrapper\" style=\"background-color:rgba(255,255,255,0);border:1px solid #ebeaea;border-bottom-width:3px;\">\n\n\t\t\t<div class=\"fusion-flexslider flexslider fusion-flexslider-loading fusion-post-slideshow\" style=\"border-color:#ebeaea;\">\n\t\t<ul class=\"slides\">\n\t\t\t\n\t\t\t\t\t\t\t\t\t\t\t\t\t\t<li><div  class=\"fusion-image-wrapper\" aria-haspopup=\"true\">\n\t\t\t\t\t\t\t<a href=\"https:\/\/library.bilkent.edu.tr\/tr\/acik-erisim-apc-anlasmasi-wiley-2\/\" aria-label=\"A\u00e7\u0131k Eri\u015fim (APC) Anla\u015fmas\u0131-John Benjamins Publishing\">\n\t\t\t\t\t\t\t<img decoding=\"async\" width=\"800\" height=\"600\" src=\"https:\/\/library.bilkent.edu.tr\/tr\/wp-content\/uploads\/2026\/01\/JB.jpg\" class=\"attachment-full size-full wp-post-image\" alt=\"\" srcset=\"https:\/\/library.bilkent.edu.tr\/tr\/wp-content\/uploads\/2026\/01\/JB-200x150.jpg 200w, https:\/\/library.bilkent.edu.tr\/tr\/wp-content\/uploads\/2026\/01\/JB-400x300.jpg 400w, https:\/\/library.bilkent.edu.tr\/tr\/wp-content\/uploads\/2026\/01\/JB-600x450.jpg 600w, https:\/\/library.bilkent.edu.tr\/tr\/wp-content\/uploads\/2026\/01\/JB.jpg 800w\" sizes=\"(min-width: 2200px) 100vw, (min-width: 824px) 473px, (min-width: 732px) 710px, (min-width: 640px) 732px, \" \/>\t\t\t<\/a>\n\t\t\t\t\t\t\t<\/div>\n<\/li>\n\t\t\t\n\t\t\t\n\t\t\t\t\t\t\t\t\t\t\t\t\t\t\t\t\t\t\t\t\t\t\t\t\t\t\t\t\t\t\t\t\t\t\t\t\t\t\t\t\t\t\t\t\t\t\t\t\t\t\t\t\t\t\t\t\t\t\t\t\t\t\t\t\t\t\t\t<\/ul>\n\t<\/div>\n\t<div class=\"fusion-post-content-wrapper\" style=\"padding:30px 25px 20px 25px;\"><div class=\"fusion-post-content post-content\"><h2 class=\"blog-shortcode-post-title entry-title\"><a href=\"https:\/\/library.bilkent.edu.tr\/tr\/acik-erisim-apc-anlasmasi-wiley-2\/\">A\u00e7\u0131k Eri\u015fim (APC) Anla\u015fmas\u0131-John Benjamins Publishing<\/a><\/h2><p class=\"fusion-single-line-meta\"><span class=\"updated\" style=\"display:none;\">2026-01-20T09:38:11+03:00<\/span><span>20 Ocak 2026<\/span><span class=\"fusion-inline-sep\">|<\/span><\/p><div class=\"fusion-content-sep sep-none\"><\/div><div class=\"fusion-post-content-container\"><p> Bilkent \u00dcniversitesi K\u00fct\u00fcphanesi, John Benjamins Publishing ile 2026 y\u0131l\u0131 i\u00e7in a\u00e7\u0131k eri\u015fim anla\u015fmas\u0131 imzalam\u0131\u015ft\u0131r. Anla\u015fma kapsam\u0131nda Bilkent \u00dcniversitesi sorumlu[...]<\/p><\/div><\/div><\/div><div class=\"fusion-clearfix\"><\/div><\/div>\n<\/article>\n<article id=\"blog-1-post-22447\" class=\"fusion-post-grid post-22447 post type-post status-publish format-standard has-post-thumbnail hentry category-duyurular category-son-duyurular\">\n<div class=\"fusion-post-wrapper\" style=\"background-color:rgba(255,255,255,0);border:1px solid #ebeaea;border-bottom-width:3px;\">\n\n\t\t\t<div class=\"fusion-flexslider flexslider fusion-flexslider-loading fusion-post-slideshow\" style=\"border-color:#ebeaea;\">\n\t\t<ul class=\"slides\">\n\t\t\t\n\t\t\t\t\t\t\t\t\t\t\t\t\t\t<li><div  class=\"fusion-image-wrapper\" aria-haspopup=\"true\">\n\t\t\t\t\t\t\t<a href=\"https:\/\/library.bilkent.edu.tr\/tr\/bilkent-econ-ekibini-tebrik-ederiz-bloomberg-coma-6-ay-ucretsiz-erisim\/\" aria-label=\"Bilkent ECON Ekibi\u2019ni tebrik ederiz \/ Bloomberg.com\u2019a 6 ay \u00fccretsiz eri\u015fim\">\n\t\t\t\t\t\t\t<img decoding=\"async\" width=\"800\" height=\"600\" src=\"https:\/\/library.bilkent.edu.tr\/tr\/wp-content\/uploads\/2026\/01\/bloomberg.jpg\" class=\"attachment-full size-full wp-post-image\" alt=\"\" srcset=\"https:\/\/library.bilkent.edu.tr\/tr\/wp-content\/uploads\/2026\/01\/bloomberg-200x150.jpg 200w, https:\/\/library.bilkent.edu.tr\/tr\/wp-content\/uploads\/2026\/01\/bloomberg-400x300.jpg 400w, https:\/\/library.bilkent.edu.tr\/tr\/wp-content\/uploads\/2026\/01\/bloomberg-600x450.jpg 600w, https:\/\/library.bilkent.edu.tr\/tr\/wp-content\/uploads\/2026\/01\/bloomberg.jpg 800w\" sizes=\"(min-width: 2200px) 100vw, (min-width: 824px) 473px, (min-width: 732px) 710px, (min-width: 640px) 732px, \" \/>\t\t\t<\/a>\n\t\t\t\t\t\t\t<\/div>\n<\/li>\n\t\t\t\n\t\t\t\n\t\t\t\t\t\t\t\t\t\t\t\t\t\t\t\t\t\t\t\t\t\t\t\t\t\t\t\t\t\t\t\t\t\t\t\t\t\t\t\t\t\t\t\t\t\t\t\t\t\t\t\t\t\t\t\t\t\t\t\t\t\t\t\t\t\t\t\t<\/ul>\n\t<\/div>\n\t<div class=\"fusion-post-content-wrapper\" style=\"padding:30px 25px 20px 25px;\"><div class=\"fusion-post-content post-content\"><h2 class=\"blog-shortcode-post-title entry-title\"><a href=\"https:\/\/library.bilkent.edu.tr\/tr\/bilkent-econ-ekibini-tebrik-ederiz-bloomberg-coma-6-ay-ucretsiz-erisim\/\">Bilkent ECON Ekibi\u2019ni tebrik ederiz \/ Bloomberg.com\u2019a 6 ay \u00fccretsiz eri\u015fim<\/a><\/h2><p class=\"fusion-single-line-meta\"><span class=\"updated\" style=\"display:none;\">2026-01-12T14:22:36+03:00<\/span><span>12 Ocak 2026<\/span><span class=\"fusion-inline-sep\">|<\/span><\/p><div class=\"fusion-content-sep sep-none\"><\/div><div class=\"fusion-post-content-container\"><p> De\u011ferli Bilkent \u00dcniversitesi \u00dcyeleri, Prof. Dr. Hakan Kara ve ekibi, 2025 Bloomberg K\u00fcresel Ticaret Yar\u0131\u015fmas\u0131,\u00a0Orta Do\u011fu ve Afrika b\u00f6lgesinde[...]<\/p><\/div><\/div><\/div><div class=\"fusion-clearfix\"><\/div><\/div>\n<\/article>\n<article id=\"blog-1-post-22430\" class=\"fusion-post-grid post-22430 post type-post status-publish format-standard has-post-thumbnail hentry category-duyurular\">\n<div class=\"fusion-post-wrapper\" style=\"background-color:rgba(255,255,255,0);border:1px solid #ebeaea;border-bottom-width:3px;\">\n\n\t\t\t<div class=\"fusion-flexslider flexslider fusion-flexslider-loading fusion-post-slideshow\" style=\"border-color:#ebeaea;\">\n\t\t<ul class=\"slides\">\n\t\t\t\n\t\t\t\t\t\t\t\t\t\t\t\t\t\t<li><div  class=\"fusion-image-wrapper\" aria-haspopup=\"true\">\n\t\t\t\t\t\t\t<a href=\"https:\/\/library.bilkent.edu.tr\/tr\/final-doneminde-kutuphane-cloned-2\/\" aria-label=\"Final D\u00f6neminde K\u00fct\u00fcphane\">\n\t\t\t\t\t\t\t<img decoding=\"async\" width=\"800\" height=\"600\" src=\"https:\/\/library.bilkent.edu.tr\/tr\/wp-content\/uploads\/2025\/12\/FinalHaftasiCalismaSaatler2026.png\" class=\"attachment-full size-full wp-post-image\" alt=\"\" srcset=\"https:\/\/library.bilkent.edu.tr\/tr\/wp-content\/uploads\/2025\/12\/FinalHaftasiCalismaSaatler2026-200x150.png 200w, https:\/\/library.bilkent.edu.tr\/tr\/wp-content\/uploads\/2025\/12\/FinalHaftasiCalismaSaatler2026-400x300.png 400w, https:\/\/library.bilkent.edu.tr\/tr\/wp-content\/uploads\/2025\/12\/FinalHaftasiCalismaSaatler2026-600x450.png 600w, https:\/\/library.bilkent.edu.tr\/tr\/wp-content\/uploads\/2025\/12\/FinalHaftasiCalismaSaatler2026.png 800w\" sizes=\"(min-width: 2200px) 100vw, (min-width: 824px) 473px, (min-width: 732px) 710px, (min-width: 640px) 732px, \" \/>\t\t\t<\/a>\n\t\t\t\t\t\t\t<\/div>\n<\/li>\n\t\t\t\n\t\t\t\n\t\t\t\t\t\t\t\t\t\t\t\t\t\t\t\t\t\t\t\t\t\t\t\t\t\t\t\t\t\t\t\t\t\t\t\t\t\t\t\t\t\t\t\t\t\t\t\t\t\t\t\t\t\t\t\t\t\t\t\t\t\t\t\t\t\t\t\t<\/ul>\n\t<\/div>\n\t<div class=\"fusion-post-content-wrapper\" style=\"padding:30px 25px 20px 25px;\"><div class=\"fusion-post-content post-content\"><h2 class=\"blog-shortcode-post-title entry-title\"><a href=\"https:\/\/library.bilkent.edu.tr\/tr\/final-doneminde-kutuphane-cloned-2\/\">Final D\u00f6neminde K\u00fct\u00fcphane<\/a><\/h2><p class=\"fusion-single-line-meta\"><span class=\"updated\" style=\"display:none;\">2026-01-13T10:53:26+03:00<\/span><span>16 Aral\u0131k 2025<\/span><span class=\"fusion-inline-sep\">|<\/span><\/p><div class=\"fusion-content-sep sep-none\"><\/div><div class=\"fusion-post-content-container\"><p> De\u011ferli Bilkent \u00dcniversitesi Mensuplar\u0131, Bilkent \u00dcniversitesi Merkez K\u00fct\u00fcphanesi, \u00f6\u011frencilerinin final d\u00f6nemine haz\u0131rlanabilmeleri i\u00e7in 18 Aral\u0131k 2025 - 5 Ocak[...]<\/p><\/div><\/div><\/div><div class=\"fusion-clearfix\"><\/div><\/div>\n<\/article>\n<div class=\"fusion-clearfix\"><\/div><\/div><div class=\"pagination clearfix\"><span class=\"current\">1<\/span><a href=\"https:\/\/library.bilkent.edu.tr\/tr\/wp-json\/wp\/v2\/pages\/3698\/page\/2\/\" class=\"inactive\">2<\/a><a class=\"pagination-next\" rel=\"next\" href=\"https:\/\/library.bilkent.edu.tr\/tr\/wp-json\/wp\/v2\/pages\/3698\/page\/2\/\"><span class=\"page-text\">Sonraki<\/span><span class=\"page-next\"><\/span><\/a><\/div><div class=\"fusion-clearfix\"><\/div><\/div><div class=\"fusion-clearfix\"><\/div><\/div><\/div><\/div><\/div>\n","protected":false},"excerpt":{"rendered":"","protected":false},"author":3479,"featured_media":0,"parent":0,"menu_order":0,"comment_status":"closed","ping_status":"closed","template":"","meta":{"footnotes":""},"class_list":["post-3698","page","type-page","status-publish","hentry"],"yoast_head":"<!-- This site is optimized with the Yoast SEO plugin v27.3 - https:\/\/yoast.com\/product\/yoast-seo-wordpress\/ -->\n<title>Genel Duyurular - Bilkent \u00dcniversitesi K\u00fct\u00fcphanesi<\/title>\n<meta name=\"robots\" content=\"index, follow, max-snippet:-1, max-image-preview:large, max-video-preview:-1\" \/>\n<link rel=\"canonical\" href=\"https:\/\/library.bilkent.edu.tr\/tr\/genel-duyurular\/\" \/>\n<meta property=\"og:locale\" content=\"tr_TR\" \/>\n<meta property=\"og:type\" content=\"article\" \/>\n<meta property=\"og:title\" content=\"Genel Duyurular - Bilkent \u00dcniversitesi K\u00fct\u00fcphanesi\" \/>\n<meta property=\"og:url\" content=\"https:\/\/library.bilkent.edu.tr\/tr\/genel-duyurular\/\" \/>\n<meta property=\"og:site_name\" content=\"Bilkent \u00dcniversitesi K\u00fct\u00fcphanesi\" \/>\n<meta property=\"article:modified_time\" content=\"2025-04-07T10:37:03+00:00\" \/>\n<meta name=\"twitter:card\" content=\"summary_large_image\" \/>\n<meta name=\"twitter:label1\" content=\"Tahmini okuma s\u00fcresi\" \/>\n\t<meta name=\"twitter:data1\" content=\"3 dakika\" \/>\n<script type=\"application\/ld+json\" class=\"yoast-schema-graph\">{\"@context\":\"https:\\\/\\\/schema.org\",\"@graph\":[{\"@type\":\"WebPage\",\"@id\":\"https:\\\/\\\/library.bilkent.edu.tr\\\/tr\\\/genel-duyurular\\\/\",\"url\":\"https:\\\/\\\/library.bilkent.edu.tr\\\/tr\\\/genel-duyurular\\\/\",\"name\":\"Genel Duyurular - Bilkent \u00dcniversitesi K\u00fct\u00fcphanesi\",\"isPartOf\":{\"@id\":\"https:\\\/\\\/library.bilkent.edu.tr\\\/tr\\\/#website\"},\"datePublished\":\"2013-05-24T20:06:42+00:00\",\"dateModified\":\"2025-04-07T10:37:03+00:00\",\"breadcrumb\":{\"@id\":\"https:\\\/\\\/library.bilkent.edu.tr\\\/tr\\\/genel-duyurular\\\/#breadcrumb\"},\"inLanguage\":\"tr\",\"potentialAction\":[{\"@type\":\"ReadAction\",\"target\":[\"https:\\\/\\\/library.bilkent.edu.tr\\\/tr\\\/genel-duyurular\\\/\"]}]},{\"@type\":\"BreadcrumbList\",\"@id\":\"https:\\\/\\\/library.bilkent.edu.tr\\\/tr\\\/genel-duyurular\\\/#breadcrumb\",\"itemListElement\":[{\"@type\":\"ListItem\",\"position\":1,\"name\":\"Home\",\"item\":\"https:\\\/\\\/library.bilkent.edu.tr\\\/tr\\\/\"},{\"@type\":\"ListItem\",\"position\":2,\"name\":\"Genel Duyurular\"}]},{\"@type\":\"WebSite\",\"@id\":\"https:\\\/\\\/library.bilkent.edu.tr\\\/tr\\\/#website\",\"url\":\"https:\\\/\\\/library.bilkent.edu.tr\\\/tr\\\/\",\"name\":\"Bilkent \u00dcniversitesi K\u00fct\u00fcphanesi\",\"description\":\"\",\"publisher\":{\"@id\":\"https:\\\/\\\/library.bilkent.edu.tr\\\/tr\\\/#organization\"},\"potentialAction\":[{\"@type\":\"SearchAction\",\"target\":{\"@type\":\"EntryPoint\",\"urlTemplate\":\"https:\\\/\\\/library.bilkent.edu.tr\\\/tr\\\/?s={search_term_string}\"},\"query-input\":{\"@type\":\"PropertyValueSpecification\",\"valueRequired\":true,\"valueName\":\"search_term_string\"}}],\"inLanguage\":\"tr\"},{\"@type\":\"Organization\",\"@id\":\"https:\\\/\\\/library.bilkent.edu.tr\\\/tr\\\/#organization\",\"name\":\"Bilkent \u00dcniversitesi K\u00fct\u00fcphanesi\",\"url\":\"https:\\\/\\\/library.bilkent.edu.tr\\\/tr\\\/\",\"logo\":{\"@type\":\"ImageObject\",\"inLanguage\":\"tr\",\"@id\":\"https:\\\/\\\/library.bilkent.edu.tr\\\/tr\\\/#\\\/schema\\\/logo\\\/image\\\/\",\"url\":\"https:\\\/\\\/library.bilkent.edu.tr\\\/tr\\\/wp-content\\\/uploads\\\/2017\\\/12\\\/bilkent-tr-2.png\",\"contentUrl\":\"https:\\\/\\\/library.bilkent.edu.tr\\\/tr\\\/wp-content\\\/uploads\\\/2017\\\/12\\\/bilkent-tr-2.png\",\"width\":800,\"height\":172,\"caption\":\"Bilkent \u00dcniversitesi K\u00fct\u00fcphanesi\"},\"image\":{\"@id\":\"https:\\\/\\\/library.bilkent.edu.tr\\\/tr\\\/#\\\/schema\\\/logo\\\/image\\\/\"}}]}<\/script>\n<!-- \/ Yoast SEO plugin. -->","yoast_head_json":{"title":"Genel Duyurular - Bilkent \u00dcniversitesi K\u00fct\u00fcphanesi","robots":{"index":"index","follow":"follow","max-snippet":"max-snippet:-1","max-image-preview":"max-image-preview:large","max-video-preview":"max-video-preview:-1"},"canonical":"https:\/\/library.bilkent.edu.tr\/tr\/genel-duyurular\/","og_locale":"tr_TR","og_type":"article","og_title":"Genel Duyurular - Bilkent \u00dcniversitesi K\u00fct\u00fcphanesi","og_url":"https:\/\/library.bilkent.edu.tr\/tr\/genel-duyurular\/","og_site_name":"Bilkent \u00dcniversitesi K\u00fct\u00fcphanesi","article_modified_time":"2025-04-07T10:37:03+00:00","twitter_card":"summary_large_image","twitter_misc":{"Tahmini okuma s\u00fcresi":"3 dakika"},"schema":{"@context":"https:\/\/schema.org","@graph":[{"@type":"WebPage","@id":"https:\/\/library.bilkent.edu.tr\/tr\/genel-duyurular\/","url":"https:\/\/library.bilkent.edu.tr\/tr\/genel-duyurular\/","name":"Genel Duyurular - Bilkent \u00dcniversitesi K\u00fct\u00fcphanesi","isPartOf":{"@id":"https:\/\/library.bilkent.edu.tr\/tr\/#website"},"datePublished":"2013-05-24T20:06:42+00:00","dateModified":"2025-04-07T10:37:03+00:00","breadcrumb":{"@id":"https:\/\/library.bilkent.edu.tr\/tr\/genel-duyurular\/#breadcrumb"},"inLanguage":"tr","potentialAction":[{"@type":"ReadAction","target":["https:\/\/library.bilkent.edu.tr\/tr\/genel-duyurular\/"]}]},{"@type":"BreadcrumbList","@id":"https:\/\/library.bilkent.edu.tr\/tr\/genel-duyurular\/#breadcrumb","itemListElement":[{"@type":"ListItem","position":1,"name":"Home","item":"https:\/\/library.bilkent.edu.tr\/tr\/"},{"@type":"ListItem","position":2,"name":"Genel Duyurular"}]},{"@type":"WebSite","@id":"https:\/\/library.bilkent.edu.tr\/tr\/#website","url":"https:\/\/library.bilkent.edu.tr\/tr\/","name":"Bilkent \u00dcniversitesi K\u00fct\u00fcphanesi","description":"","publisher":{"@id":"https:\/\/library.bilkent.edu.tr\/tr\/#organization"},"potentialAction":[{"@type":"SearchAction","target":{"@type":"EntryPoint","urlTemplate":"https:\/\/library.bilkent.edu.tr\/tr\/?s={search_term_string}"},"query-input":{"@type":"PropertyValueSpecification","valueRequired":true,"valueName":"search_term_string"}}],"inLanguage":"tr"},{"@type":"Organization","@id":"https:\/\/library.bilkent.edu.tr\/tr\/#organization","name":"Bilkent \u00dcniversitesi K\u00fct\u00fcphanesi","url":"https:\/\/library.bilkent.edu.tr\/tr\/","logo":{"@type":"ImageObject","inLanguage":"tr","@id":"https:\/\/library.bilkent.edu.tr\/tr\/#\/schema\/logo\/image\/","url":"https:\/\/library.bilkent.edu.tr\/tr\/wp-content\/uploads\/2017\/12\/bilkent-tr-2.png","contentUrl":"https:\/\/library.bilkent.edu.tr\/tr\/wp-content\/uploads\/2017\/12\/bilkent-tr-2.png","width":800,"height":172,"caption":"Bilkent \u00dcniversitesi K\u00fct\u00fcphanesi"},"image":{"@id":"https:\/\/library.bilkent.edu.tr\/tr\/#\/schema\/logo\/image\/"}}]}},"_links":{"self":[{"href":"https:\/\/library.bilkent.edu.tr\/tr\/wp-json\/wp\/v2\/pages\/3698","targetHints":{"allow":["GET"]}}],"collection":[{"href":"https:\/\/library.bilkent.edu.tr\/tr\/wp-json\/wp\/v2\/pages"}],"about":[{"href":"https:\/\/library.bilkent.edu.tr\/tr\/wp-json\/wp\/v2\/types\/page"}],"author":[{"embeddable":true,"href":"https:\/\/library.bilkent.edu.tr\/tr\/wp-json\/wp\/v2\/users\/3479"}],"replies":[{"embeddable":true,"href":"https:\/\/library.bilkent.edu.tr\/tr\/wp-json\/wp\/v2\/comments?post=3698"}],"version-history":[{"count":26,"href":"https:\/\/library.bilkent.edu.tr\/tr\/wp-json\/wp\/v2\/pages\/3698\/revisions"}],"predecessor-version":[{"id":22123,"href":"https:\/\/library.bilkent.edu.tr\/tr\/wp-json\/wp\/v2\/pages\/3698\/revisions\/22123"}],"wp:attachment":[{"href":"https:\/\/library.bilkent.edu.tr\/tr\/wp-json\/wp\/v2\/media?parent=3698"}],"curies":[{"name":"wp","href":"https:\/\/api.w.org\/{rel}","templated":true}]}}