{"id":21808,"date":"2024-10-22T12:35:41","date_gmt":"2024-10-22T09:35:41","guid":{"rendered":"https:\/\/library.bilkent.edu.tr\/tr\/?page_id=21808"},"modified":"2024-11-15T09:39:33","modified_gmt":"2024-11-15T06:39:33","slug":"koleksiyon-gelistirme","status":"publish","type":"page","link":"https:\/\/library.bilkent.edu.tr\/tr\/koleksiyon-gelistirme\/","title":{"rendered":"Koleksiyon Geli\u015ftirme"},"content":{"rendered":"<p><div class=\"fusion-fullwidth fullwidth-box fusion-builder-row-1 fusion-flex-container has-pattern-background has-mask-background nonhundred-percent-fullwidth non-hundred-percent-height-scrolling\" style=\"--awb-border-radius-top-left:0px;--awb-border-radius-top-right:0px;--awb-border-radius-bottom-right:0px;--awb-border-radius-bottom-left:0px;--awb-flex-wrap:wrap;\" ><div class=\"fusion-builder-row fusion-row fusion-flex-align-items-flex-start fusion-flex-content-wrap\" style=\"max-width:1560px;margin-left: calc(-4% \/ 2 );margin-right: calc(-4% \/ 2 );\"><div class=\"fusion-layout-column fusion_builder_column fusion-builder-column-0 fusion_builder_column_1_1 1_1 fusion-flex-column\" style=\"--awb-bg-size:cover;--awb-width-large:100%;--awb-margin-top-large:0px;--awb-spacing-right-large:1.92%;--awb-margin-bottom-large:20px;--awb-spacing-left-large:1.92%;--awb-width-medium:100%;--awb-order-medium:0;--awb-spacing-right-medium:1.92%;--awb-spacing-left-medium:1.92%;--awb-width-small:100%;--awb-order-small:0;--awb-spacing-right-small:1.92%;--awb-spacing-left-small:1.92%;\"><div class=\"fusion-column-wrapper fusion-column-has-shadow fusion-flex-justify-content-flex-start fusion-content-layout-column\"><div class=\"fusion-title title fusion-title-1 fusion-sep-none fusion-title-text fusion-title-size-six\" style=\"--awb-margin-top-small:0px;--awb-margin-right-small:0px;--awb-margin-bottom-small:20px;--awb-margin-left-small:0px;--awb-sep-color:#cccccc;\"><h6 class=\"fusion-title-heading title-heading-right fusion-responsive-typography-calculated\" style=\"margin:0;--fontSize:18;--minFontSize:18;line-height:1.5;\"><em><a style=\"color: #000;\" href=\"https:\/\/library.bilkent.edu.tr\/colleciton-development\/\">English<\/a><\/em><\/h6><\/div><div class=\"fusion-title title fusion-title-2 fusion-title-text fusion-title-size-one\" style=\"--awb-text-color:#000000;--awb-margin-top-small:0px;--awb-margin-right-small:0px;--awb-margin-bottom-small:20px;--awb-margin-left-small:0px;--awb-font-size:30px;\"><div class=\"title-sep-container title-sep-container-left fusion-no-large-visibility fusion-no-medium-visibility fusion-no-small-visibility\"><div class=\"title-sep sep-single sep-solid\" style=\"border-color:#e0dede;\"><\/div><\/div><span class=\"awb-title-spacer fusion-no-large-visibility fusion-no-medium-visibility fusion-no-small-visibility\"><\/span><h1 class=\"fusion-title-heading title-heading-left fusion-responsive-typography-calculated\" style=\"margin:0;font-size:1em;--fontSize:30;--minFontSize:30;line-height:1.5;\"><b>Koleksiyon Geli\u015ftirme<\/b><\/h1><span class=\"awb-title-spacer\"><\/span><div class=\"title-sep-container title-sep-container-right\"><div class=\"title-sep sep-single sep-solid\" style=\"border-color:#e0dede;\"><\/div><\/div><\/div><div class=\"fusion-text fusion-text-1\"><p>Bilkent \u00dcniversitesi K\u00fct\u00fcphanesi, kullan\u0131c\u0131lar\u0131n\u0131n akademik, sosyal ve k\u00fclt\u00fcrel bilgi ihtiya\u00e7lar\u0131n\u0131 en iyi \u015fekilde kar\u015f\u0131lamak amac\u0131yla koleksiyonunu s\u00fcrekli zenginle\u015ftirmekte ve g\u00fcncel tutmaktad\u0131r. Kullan\u0131c\u0131 geri bildirimleri ve materyal talepleri do\u011frultusunda, ihtiya\u00e7 duyulan alanlarda yeni kaynaklar temin edilmekte, ba\u011f\u0131\u015flanan materyaller ise koleksiyon geli\u015ftirme ilkeleri \u00e7er\u00e7evesinde titizlikle de\u011ferlendirilerek koleksiyona kazand\u0131r\u0131lmaktad\u0131r.<\/p>\n<\/div><div class=\"accordian fusion-accordian\" style=\"--awb-border-size:2px;--awb-icon-size:18px;--awb-content-font-size:1rem;--awb-icon-alignment:right;--awb-hover-color:#f9f9f9;--awb-border-color:#ffffff;--awb-background-color:#f5f5f5;--awb-divider-color:#ffffff;--awb-divider-hover-color:#ffffff;--awb-icon-color:#2276ac;--awb-title-color:#2276ac;--awb-content-color:#000000;--awb-icon-box-color:#333333;--awb-toggle-hover-accent-color:#ed2225;--awb-toggle-active-accent-color:#2276ac;--awb-title-font-family:&quot;Open Sans&quot;;--awb-title-font-weight:600;--awb-title-font-style:normal;--awb-title-font-size:1em;--awb-content-font-family:&quot;Open Sans&quot;;--awb-content-font-style:normal;--awb-content-font-weight:regular;\"><div class=\"panel-group fusion-toggle-icon-right fusion-toggle-icon-unboxed\" id=\"accordion-21808-1\"><div class=\"fusion-panel panel-default panel-6fc92a6ad6666d805 fusion-toggle-no-divider fusion-toggle-boxed-mode\" style=\"--awb-title-color:#2276ac;--awb-content-color:#000000;\"><div class=\"panel-heading\"><h4 class=\"panel-title toggle\" id=\"toggle_6fc92a6ad6666d805\"><a aria-expanded=\"false\" aria-controls=\"6fc92a6ad6666d805\" role=\"button\" data-toggle=\"collapse\" data-parent=\"#accordion-21808-1\" data-target=\"#6fc92a6ad6666d805\" href=\"#6fc92a6ad6666d805\"><span class=\"fusion-toggle-icon-wrapper\" aria-hidden=\"true\"><i class=\"fa-fusion-box active-icon fa-angle-up fal\" aria-hidden=\"true\"><\/i><i class=\"fa-fusion-box inactive-icon fa-angle-down fal\" aria-hidden=\"true\"><\/i><\/span><span class=\"fusion-toggle-heading\">Materyal \u0130ste\u011fi<\/span><\/a><\/h4><\/div><div id=\"6fc92a6ad6666d805\" class=\"panel-collapse collapse \" aria-labelledby=\"toggle_6fc92a6ad6666d805\"><div class=\"panel-body toggle-content fusion-clearfix\">\n<p>Bilkent \u00dcniversitesi K\u00fct\u00fcphanesi mensuplar\u0131, k\u00fct\u00fcphane koleksiyonuna yeni materyallerin eklenmesi konusunda \u00f6neride bulunabilirler. Bu hizmetten yaln\u0131zca \u00fcniversitemizin akademik ve idari personeli ile \u00f6\u011frencileri yararlanabilir.<\/p>\n<div>\n<p><b>\u0130steklerin \u0130letilmesi<\/b><\/p>\n<ul>\n<li aria-level=\"1\">Materyal iste\u011finde bulunmadan \u00f6nce\u00a0k\u00fct\u00fcphane katalo\u011fu\u00a0ve abonelikler kapsam\u0131ndaki\u00a0veri tabanlar\u0131\u00a0taranarak talep edilecek kayna\u011f\u0131n k\u00fct\u00fcphanedeki mevcudiyeti kontrol edilmelidir.<\/li>\n<li aria-level=\"1\">Ayn\u0131 materyalin birden fazla veya farkl\u0131 formattaki bir kopyas\u0131n\u0131n al\u0131nmas\u0131 talep ediliyorsa gerek\u00e7e belirtilmelidir.<\/li>\n<li aria-level=\"1\">Materyal istekleri;\u00a0<a href=\"https:\/\/librarycatalog.bilkent.edu.tr\/client\/en_GB\/default\/search\/patronlogin\/http:$002f$002flibrarycatalog.bilkent.edu.tr$002fclient$002fen_GB$002fdefault$002frequests$003f\/\">Materyal \u0130stek Formu<\/a>,\u00a0e-posta,\u00a0resm\u00ee yaz\u0131 veya ilgili<a href=\"https:\/\/library.bilkent.edu.tr\/tr\/fakulte-kutuphaneciligi\/\">\u00a0fak\u00fclte k\u00fct\u00fcphanecisi<\/a>\u00a0arac\u0131l\u0131\u011f\u0131yla k\u00fct\u00fcphaneye iletilebilir.<\/li>\n<\/ul>\n<\/div>\n<div>\n<p><b>De\u011ferlendirme S\u00fcreci<\/b><\/p>\n<ul>\n<li aria-level=\"1\">Kitap, dergi ve elektronik materyal istekleri, k\u00fct\u00fcphanenin koleksiyon geli\u015ftirme politikas\u0131 g\u00f6z \u00f6n\u00fcnde bulundurularak de\u011ferlendirilir.<\/li>\n<li aria-level=\"1\">De\u011ferlendirme sonucu, istek sahiplerine k\u00fct\u00fcphane hesab\u0131 veya e-posta arac\u0131l\u0131\u011f\u0131yla bildirilir.<\/li>\n<li aria-level=\"1\">Dergi ve veri taban\u0131 abonelikleri genellikle y\u0131l sonunda yap\u0131lmaktad\u0131r.<\/li>\n<li aria-level=\"1\">Materyallerin koleksiyona eklenmesine y\u00f6nelik nihai karar, koleksiyon geli\u015ftirme ekibine ve\/veya k\u00fct\u00fcphane y\u00f6netimine aittir.<\/li>\n<\/ul>\n<\/div>\n<p>Materyal istekleri hakk\u0131nda ayr\u0131nt\u0131l\u0131 bilgi almak i\u00e7in\u00a0<a href=\"https:\/\/library.bilkent.edu.tr\/tr\/fakulte-kutuphaneciligi\/\">fak\u00fclte k\u00fct\u00fcphaneciniz<\/a>le\u00a0ileti\u015fime ge\u00e7ebilirsiniz.<\/p>\n<\/div><\/div><\/div><div class=\"fusion-panel panel-default panel-84dbadf14c7a0189f fusion-toggle-no-divider fusion-toggle-boxed-mode\" style=\"--awb-title-color:#2276ac;--awb-content-color:#000000;\"><div class=\"panel-heading\"><h4 class=\"panel-title toggle\" id=\"toggle_84dbadf14c7a0189f\"><a aria-expanded=\"false\" aria-controls=\"84dbadf14c7a0189f\" role=\"button\" data-toggle=\"collapse\" data-parent=\"#accordion-21808-1\" data-target=\"#84dbadf14c7a0189f\" href=\"#84dbadf14c7a0189f\"><span class=\"fusion-toggle-icon-wrapper\" aria-hidden=\"true\"><i class=\"fa-fusion-box active-icon fa-angle-up fal\" aria-hidden=\"true\"><\/i><i class=\"fa-fusion-box inactive-icon fa-angle-down fal\" aria-hidden=\"true\"><\/i><\/span><span class=\"fusion-toggle-heading\">Materyal Ba\u011f\u0131\u015f\u0131<\/span><\/a><\/h4><\/div><div id=\"84dbadf14c7a0189f\" class=\"panel-collapse collapse \" aria-labelledby=\"toggle_84dbadf14c7a0189f\"><div class=\"panel-body toggle-content fusion-clearfix\">\n<p>Bilkent \u00dcniversitesi K\u00fct\u00fcphanesi\u2019ne yap\u0131lacak materyal ba\u011f\u0131\u015flar\u0131, k\u00fct\u00fcphanemizin Koleksiyon Geli\u015ftirme Politikas\u0131 do\u011frultusunda titizlikle incelenmekte olup, bu politika \u00e7er\u00e7evesinde uygun g\u00f6r\u00fclen materyaller koleksiyonlar\u0131m\u0131za kazand\u0131r\u0131lmaktad\u0131r.<\/p>\n<p><strong>Ba\u011f\u0131\u015f S\u00fcreci<\/strong><\/p>\n<div>\n<ul>\n<li><strong>Ba\u011f\u0131\u015f Formu<\/strong>: Ba\u011f\u0131\u015flamak istedi\u011finiz materyalleri k\u00fct\u00fcphanemize teslim etmeden \u00f6nce <a href=\"https:\/\/library.bilkent.edu.tr\/tr\/bagis-formu\/\">Materyal Ba\u011f\u0131\u015f Formu<\/a> doldurarak ba\u011f\u0131\u015flamak istedi\u011finiz materyallerin bilgilerini iletmeniz gerekmektedir. Formda yer alan ISBN\/ISSN, yazar, ba\u015fl\u0131k ve di\u011fer bilgileri eksiksiz doldurman\u0131z de\u011ferlendirme s\u00fcrecini h\u0131zland\u0131racakt\u0131r.<\/li>\n<li><strong>De\u011ferlendirme<\/strong>: G\u00f6nderilen materyaller, Bilkent \u00dcniversitesi K\u00fct\u00fcphanesi Koleksiyon Geli\u015ftirme Politikas\u0131 \u00e7er\u00e7evesinde incelenmekte ve koleksiyonun ihtiya\u00e7lar\u0131 do\u011frultusunda de\u011ferlendirmeye al\u0131nmaktad\u0131r.<\/li>\n<li><strong>Geri Bildirim<\/strong>: Ba\u011f\u0131\u015flanan materyallerin de\u011ferlendirilme sonucuyla ilgili olarak taraf\u0131n\u0131za e-posta yoluyla geri d\u00f6n\u00fc\u015f yap\u0131lmaktad\u0131r.<\/li>\n<\/ul>\n<\/div>\n<div>\n<p><strong>Ba\u011f\u0131\u015f Kriterleri<\/strong><\/p>\n<p>K\u00fct\u00fcphanemize yap\u0131lacak ba\u011f\u0131\u015flar a\u015fa\u011f\u0131daki kriterler do\u011frultusunda kabul edilmektedir:<\/p>\n<ul>\n<li>Kayna\u011f\u0131n temiz, fiziksel b\u00fct\u00fcnl\u00fc\u011fe sahip, g\u00fcncel ve bilimsel \u00f6zelli\u011fini yitirmemi\u015f olmas\u0131<\/li>\n<li>\u00dcniversitenin e\u011fitim-\u00f6\u011fretim, ara\u015ft\u0131rma ve k\u00fclt\u00fcrel etkinliklerine uygun nitelikte olmas\u0131 ve akademik de\u011fer ta\u015f\u0131mas\u0131<\/li>\n<li>Fen bilimleri ve teknoloji konulu kaynaklar\u0131n son be\u015f y\u0131lda yay\u0131mlanm\u0131\u015f olmas\u0131<\/li>\n<li>5846 Say\u0131l\u0131 Fikir ve Sanat Eserleri Kanunu\u2019na uygun olmas\u0131<\/li>\n<\/ul>\n<p>A\u015fa\u011f\u0131daki t\u00fcrdeki materyaller koleksiyona kabul edilmez:<\/p>\n<ul>\n<li>Plaklar d\u0131\u015f\u0131nda, eski teknolojiye sahip materyal t\u00fcrleri (disket, kaset, video kaset)<\/li>\n<li>Cilt b\u00fct\u00fcnl\u00fc\u011f\u00fcn\u00fc sa\u011flamayan ya da mevcut koleksiyondaki eksikleri tamamlamayan s\u00fcreli yay\u0131n ba\u011f\u0131\u015flar\u0131<\/li>\n<li>G\u00fcncelli\u011fini yitirmi\u015f, hasarl\u0131, fotokopi, teksir, ilk, orta ve lise d\u00fczeyindeki kitaplar<\/li>\n<li>A\u00e7\u0131k eri\u015fimli olan veya k\u00fct\u00fcphane koleksiyonunda mevcut olan kaynaklar<\/li>\n<\/ul>\n<\/div>\n<div>\n<p><strong>Ba\u011f\u0131\u015flanan Materyallerin De\u011ferlendirilmesi<\/strong><\/p>\n<ul>\n<li>Ba\u011f\u0131\u015flanan materyaller k\u00fct\u00fcphanemizin koleksiyonuna dahil edilmek \u00fczere de\u011ferlendirilir.<\/li>\n<li>Uygun g\u00f6r\u00fcl\u00fcp koleksiyona eklenebilece\u011fi y\u00f6n\u00fcnde karar verilen kaynaklar\u0131n,\u00a0ba\u011f\u0131\u015f yapan ki\u015fi taraf\u0131ndan k\u00fct\u00fcphaneye teslim edilmesi beklenir. Posta g\u00f6nderi \u00fccreti ba\u011f\u0131\u015f yapan ki\u015fiye aittir.<\/li>\n<li>Koleksiyonda mevcut olan, abone olunan veritabanlar\u0131 arac\u0131l\u0131\u011f\u0131yla elektronik eri\u015fimi bulunan ya da a\u00e7\u0131k eri\u015fimli kaynaklar ile hitap etti\u011fi ya\u015f ve bilgi d\u00fczeyi nedeni ile koleksiyona uygun olmad\u0131\u011f\u0131 tespit edilen kaynaklar ihtiya\u00e7 duyan ba\u015fka \u00fcniversite ya da kurum k\u00fct\u00fcphanelerine g\u00f6nderilmek \u00fczere ayr\u0131l\u0131r ve kayd\u0131 tutulur.<\/li>\n<li>Herhangi bir k\u00fct\u00fcphane koleksiyonuna uygun bulunmayan materyaller geri d\u00f6n\u00fc\u015f\u00fcm program\u0131na dahil edilir.<\/li>\n<\/ul>\n<\/div>\n<\/div><\/div><\/div><\/div><\/div><\/div><\/div><\/div><\/div><div class=\"fusion-fullwidth fullwidth-box fusion-builder-row-2 fusion-flex-container has-pattern-background has-mask-background nonhundred-percent-fullwidth non-hundred-percent-height-scrolling\" style=\"--awb-border-radius-top-left:0px;--awb-border-radius-top-right:0px;--awb-border-radius-bottom-right:0px;--awb-border-radius-bottom-left:0px;--awb-flex-wrap:wrap;\" ><div class=\"fusion-builder-row fusion-row fusion-flex-align-items-flex-start fusion-flex-content-wrap\" style=\"max-width:1560px;margin-left: calc(-4% \/ 2 );margin-right: calc(-4% \/ 2 );\"><div class=\"fusion-layout-column fusion_builder_column fusion-builder-column-1 fusion_builder_column_1_5 1_5 fusion-flex-column\" style=\"--awb-bg-size:cover;--awb-width-large:20%;--awb-margin-top-large:0px;--awb-spacing-right-large:9.6%;--awb-margin-bottom-large:20px;--awb-spacing-left-large:9.6%;--awb-width-medium:100%;--awb-order-medium:0;--awb-spacing-right-medium:1.92%;--awb-spacing-left-medium:1.92%;--awb-width-small:100%;--awb-order-small:0;--awb-spacing-right-small:1.92%;--awb-spacing-left-small:1.92%;\" data-scroll-devices=\"small-visibility,medium-visibility,large-visibility\"><div class=\"fusion-column-wrapper fusion-column-has-shadow fusion-flex-justify-content-center fusion-content-layout-column\"><div style=\"text-align:left;\"><a class=\"fusion-button button-3d fusion-button-default-size button-custom fusion-button-default button-1 fusion-button-span-no \" style=\"--button_bevel_color:rgba(0,0,0,0.78);--button_bevel_color_hover:rgba(0,0,0,0.78);--button_accent_color:#ffffff;--button_border_color:#ffffff;--button_accent_hover_color:#ffffff;--button_border_hover_color:rgba(255,255,255,0.9);--button-border-radius-top-left:10px;--button-border-radius-top-right:10px;--button-border-radius-bottom-right:10px;--button-border-radius-bottom-left:10px;--button_gradient_angle:50deg;--button_gradient_start:6%;--button_gradient_top_color:#1967d2;--button_gradient_bottom_color:#1967d2;--button_gradient_top_color_hover:#b70303;--button_gradient_bottom_color_hover:#b70303;--button_font_size:16px;--button_margin-top:20px;\" target=\"_blank\" rel=\"noopener noreferrer\" href=\"https:\/\/librarycatalog.bilkent.edu.tr\/client\/en_GB\/default\/search\/patronlogin\/http:$002f$002flibrarycatalog.bilkent.edu.tr$002fclient$002fen_GB$002fdefault$002frequests$003f\/\"><span class=\"fusion-button-text awb-button__text awb-button__text--default\">Materyal \u0130stek Formu<\/span><\/a><\/div><\/div><\/div><div class=\"fusion-layout-column fusion_builder_column fusion-builder-column-2 fusion_builder_column_1_5 1_5 fusion-flex-column\" style=\"--awb-bg-size:cover;--awb-width-large:20%;--awb-margin-top-large:0px;--awb-spacing-right-large:9.6%;--awb-margin-bottom-large:20px;--awb-spacing-left-large:9.6%;--awb-width-medium:100%;--awb-order-medium:0;--awb-spacing-right-medium:1.92%;--awb-spacing-left-medium:1.92%;--awb-width-small:100%;--awb-order-small:0;--awb-spacing-right-small:1.92%;--awb-spacing-left-small:1.92%;\" data-scroll-devices=\"small-visibility,medium-visibility,large-visibility\"><div class=\"fusion-column-wrapper fusion-column-has-shadow fusion-flex-justify-content-center fusion-content-layout-column\"><div style=\"text-align:left;\"><a class=\"fusion-button button-3d fusion-button-default-size button-custom fusion-button-default button-2 fusion-button-span-no \" style=\"--button_bevel_color:rgba(0,0,0,0.78);--button_bevel_color_hover:rgba(0,0,0,0.78);--button_accent_color:#ffffff;--button_border_color:#ffffff;--button_accent_hover_color:#ffffff;--button_border_hover_color:rgba(255,255,255,0.9);--button-border-radius-top-left:10px;--button-border-radius-top-right:10px;--button-border-radius-bottom-right:10px;--button-border-radius-bottom-left:10px;--button_gradient_angle:50deg;--button_gradient_start:6%;--button_gradient_top_color:#1967d2;--button_gradient_bottom_color:#1967d2;--button_gradient_top_color_hover:#b70303;--button_gradient_bottom_color_hover:#b70303;--button_font_size:16px;--button_margin-top:20px;\" target=\"_blank\" rel=\"noopener noreferrer\" href=\" https:\/\/library.bilkent.edu.tr\/tr\/bagis-formu\/\"><span class=\"fusion-button-text awb-button__text awb-button__text--default\">Materyal Ba\u011f\u0131\u015f Formu<\/span><\/a><\/div><\/div><\/div><\/div><\/div><\/p>\n","protected":false},"excerpt":{"rendered":"","protected":false},"author":3505,"featured_media":0,"parent":0,"menu_order":0,"comment_status":"closed","ping_status":"closed","template":"","meta":{"footnotes":""},"class_list":["post-21808","page","type-page","status-publish","hentry"],"yoast_head":"<!-- This site is optimized with the Yoast SEO plugin v27.3 - https:\/\/yoast.com\/product\/yoast-seo-wordpress\/ -->\n<title>Koleksiyon Geli\u015ftirme - Bilkent \u00dcniversitesi K\u00fct\u00fcphanesi<\/title>\n<meta name=\"robots\" content=\"index, follow, max-snippet:-1, max-image-preview:large, max-video-preview:-1\" \/>\n<link rel=\"canonical\" href=\"https:\/\/library.bilkent.edu.tr\/tr\/koleksiyon-gelistirme\/\" \/>\n<meta property=\"og:locale\" content=\"tr_TR\" \/>\n<meta property=\"og:type\" content=\"article\" \/>\n<meta property=\"og:title\" content=\"Koleksiyon Geli\u015ftirme - Bilkent \u00dcniversitesi K\u00fct\u00fcphanesi\" \/>\n<meta property=\"og:url\" content=\"https:\/\/library.bilkent.edu.tr\/tr\/koleksiyon-gelistirme\/\" \/>\n<meta property=\"og:site_name\" content=\"Bilkent \u00dcniversitesi K\u00fct\u00fcphanesi\" \/>\n<meta property=\"article:modified_time\" content=\"2024-11-15T06:39:33+00:00\" \/>\n<meta name=\"twitter:card\" content=\"summary_large_image\" \/>\n<meta name=\"twitter:label1\" content=\"Tahmini okuma s\u00fcresi\" \/>\n\t<meta name=\"twitter:data1\" content=\"22 dakika\" \/>\n<script type=\"application\/ld+json\" class=\"yoast-schema-graph\">{\"@context\":\"https:\\\/\\\/schema.org\",\"@graph\":[{\"@type\":\"WebPage\",\"@id\":\"https:\\\/\\\/library.bilkent.edu.tr\\\/tr\\\/koleksiyon-gelistirme\\\/\",\"url\":\"https:\\\/\\\/library.bilkent.edu.tr\\\/tr\\\/koleksiyon-gelistirme\\\/\",\"name\":\"Koleksiyon Geli\u015ftirme - Bilkent \u00dcniversitesi K\u00fct\u00fcphanesi\",\"isPartOf\":{\"@id\":\"https:\\\/\\\/library.bilkent.edu.tr\\\/tr\\\/#website\"},\"datePublished\":\"2024-10-22T09:35:41+00:00\",\"dateModified\":\"2024-11-15T06:39:33+00:00\",\"breadcrumb\":{\"@id\":\"https:\\\/\\\/library.bilkent.edu.tr\\\/tr\\\/koleksiyon-gelistirme\\\/#breadcrumb\"},\"inLanguage\":\"tr\",\"potentialAction\":[{\"@type\":\"ReadAction\",\"target\":[\"https:\\\/\\\/library.bilkent.edu.tr\\\/tr\\\/koleksiyon-gelistirme\\\/\"]}]},{\"@type\":\"BreadcrumbList\",\"@id\":\"https:\\\/\\\/library.bilkent.edu.tr\\\/tr\\\/koleksiyon-gelistirme\\\/#breadcrumb\",\"itemListElement\":[{\"@type\":\"ListItem\",\"position\":1,\"name\":\"Home\",\"item\":\"https:\\\/\\\/library.bilkent.edu.tr\\\/tr\\\/\"},{\"@type\":\"ListItem\",\"position\":2,\"name\":\"Koleksiyon Geli\u015ftirme\"}]},{\"@type\":\"WebSite\",\"@id\":\"https:\\\/\\\/library.bilkent.edu.tr\\\/tr\\\/#website\",\"url\":\"https:\\\/\\\/library.bilkent.edu.tr\\\/tr\\\/\",\"name\":\"Bilkent \u00dcniversitesi K\u00fct\u00fcphanesi\",\"description\":\"\",\"publisher\":{\"@id\":\"https:\\\/\\\/library.bilkent.edu.tr\\\/tr\\\/#organization\"},\"potentialAction\":[{\"@type\":\"SearchAction\",\"target\":{\"@type\":\"EntryPoint\",\"urlTemplate\":\"https:\\\/\\\/library.bilkent.edu.tr\\\/tr\\\/?s={search_term_string}\"},\"query-input\":{\"@type\":\"PropertyValueSpecification\",\"valueRequired\":true,\"valueName\":\"search_term_string\"}}],\"inLanguage\":\"tr\"},{\"@type\":\"Organization\",\"@id\":\"https:\\\/\\\/library.bilkent.edu.tr\\\/tr\\\/#organization\",\"name\":\"Bilkent \u00dcniversitesi K\u00fct\u00fcphanesi\",\"url\":\"https:\\\/\\\/library.bilkent.edu.tr\\\/tr\\\/\",\"logo\":{\"@type\":\"ImageObject\",\"inLanguage\":\"tr\",\"@id\":\"https:\\\/\\\/library.bilkent.edu.tr\\\/tr\\\/#\\\/schema\\\/logo\\\/image\\\/\",\"url\":\"https:\\\/\\\/library.bilkent.edu.tr\\\/tr\\\/wp-content\\\/uploads\\\/2017\\\/12\\\/bilkent-tr-2.png\",\"contentUrl\":\"https:\\\/\\\/library.bilkent.edu.tr\\\/tr\\\/wp-content\\\/uploads\\\/2017\\\/12\\\/bilkent-tr-2.png\",\"width\":800,\"height\":172,\"caption\":\"Bilkent \u00dcniversitesi K\u00fct\u00fcphanesi\"},\"image\":{\"@id\":\"https:\\\/\\\/library.bilkent.edu.tr\\\/tr\\\/#\\\/schema\\\/logo\\\/image\\\/\"}}]}<\/script>\n<!-- \/ Yoast SEO plugin. -->","yoast_head_json":{"title":"Koleksiyon Geli\u015ftirme - Bilkent \u00dcniversitesi K\u00fct\u00fcphanesi","robots":{"index":"index","follow":"follow","max-snippet":"max-snippet:-1","max-image-preview":"max-image-preview:large","max-video-preview":"max-video-preview:-1"},"canonical":"https:\/\/library.bilkent.edu.tr\/tr\/koleksiyon-gelistirme\/","og_locale":"tr_TR","og_type":"article","og_title":"Koleksiyon Geli\u015ftirme - Bilkent \u00dcniversitesi K\u00fct\u00fcphanesi","og_url":"https:\/\/library.bilkent.edu.tr\/tr\/koleksiyon-gelistirme\/","og_site_name":"Bilkent \u00dcniversitesi K\u00fct\u00fcphanesi","article_modified_time":"2024-11-15T06:39:33+00:00","twitter_card":"summary_large_image","twitter_misc":{"Tahmini okuma s\u00fcresi":"22 dakika"},"schema":{"@context":"https:\/\/schema.org","@graph":[{"@type":"WebPage","@id":"https:\/\/library.bilkent.edu.tr\/tr\/koleksiyon-gelistirme\/","url":"https:\/\/library.bilkent.edu.tr\/tr\/koleksiyon-gelistirme\/","name":"Koleksiyon Geli\u015ftirme - Bilkent \u00dcniversitesi K\u00fct\u00fcphanesi","isPartOf":{"@id":"https:\/\/library.bilkent.edu.tr\/tr\/#website"},"datePublished":"2024-10-22T09:35:41+00:00","dateModified":"2024-11-15T06:39:33+00:00","breadcrumb":{"@id":"https:\/\/library.bilkent.edu.tr\/tr\/koleksiyon-gelistirme\/#breadcrumb"},"inLanguage":"tr","potentialAction":[{"@type":"ReadAction","target":["https:\/\/library.bilkent.edu.tr\/tr\/koleksiyon-gelistirme\/"]}]},{"@type":"BreadcrumbList","@id":"https:\/\/library.bilkent.edu.tr\/tr\/koleksiyon-gelistirme\/#breadcrumb","itemListElement":[{"@type":"ListItem","position":1,"name":"Home","item":"https:\/\/library.bilkent.edu.tr\/tr\/"},{"@type":"ListItem","position":2,"name":"Koleksiyon Geli\u015ftirme"}]},{"@type":"WebSite","@id":"https:\/\/library.bilkent.edu.tr\/tr\/#website","url":"https:\/\/library.bilkent.edu.tr\/tr\/","name":"Bilkent \u00dcniversitesi K\u00fct\u00fcphanesi","description":"","publisher":{"@id":"https:\/\/library.bilkent.edu.tr\/tr\/#organization"},"potentialAction":[{"@type":"SearchAction","target":{"@type":"EntryPoint","urlTemplate":"https:\/\/library.bilkent.edu.tr\/tr\/?s={search_term_string}"},"query-input":{"@type":"PropertyValueSpecification","valueRequired":true,"valueName":"search_term_string"}}],"inLanguage":"tr"},{"@type":"Organization","@id":"https:\/\/library.bilkent.edu.tr\/tr\/#organization","name":"Bilkent \u00dcniversitesi K\u00fct\u00fcphanesi","url":"https:\/\/library.bilkent.edu.tr\/tr\/","logo":{"@type":"ImageObject","inLanguage":"tr","@id":"https:\/\/library.bilkent.edu.tr\/tr\/#\/schema\/logo\/image\/","url":"https:\/\/library.bilkent.edu.tr\/tr\/wp-content\/uploads\/2017\/12\/bilkent-tr-2.png","contentUrl":"https:\/\/library.bilkent.edu.tr\/tr\/wp-content\/uploads\/2017\/12\/bilkent-tr-2.png","width":800,"height":172,"caption":"Bilkent \u00dcniversitesi K\u00fct\u00fcphanesi"},"image":{"@id":"https:\/\/library.bilkent.edu.tr\/tr\/#\/schema\/logo\/image\/"}}]}},"_links":{"self":[{"href":"https:\/\/library.bilkent.edu.tr\/tr\/wp-json\/wp\/v2\/pages\/21808","targetHints":{"allow":["GET"]}}],"collection":[{"href":"https:\/\/library.bilkent.edu.tr\/tr\/wp-json\/wp\/v2\/pages"}],"about":[{"href":"https:\/\/library.bilkent.edu.tr\/tr\/wp-json\/wp\/v2\/types\/page"}],"author":[{"embeddable":true,"href":"https:\/\/library.bilkent.edu.tr\/tr\/wp-json\/wp\/v2\/users\/3505"}],"replies":[{"embeddable":true,"href":"https:\/\/library.bilkent.edu.tr\/tr\/wp-json\/wp\/v2\/comments?post=21808"}],"version-history":[{"count":59,"href":"https:\/\/library.bilkent.edu.tr\/tr\/wp-json\/wp\/v2\/pages\/21808\/revisions"}],"predecessor-version":[{"id":21913,"href":"https:\/\/library.bilkent.edu.tr\/tr\/wp-json\/wp\/v2\/pages\/21808\/revisions\/21913"}],"wp:attachment":[{"href":"https:\/\/library.bilkent.edu.tr\/tr\/wp-json\/wp\/v2\/media?parent=21808"}],"curies":[{"name":"wp","href":"https:\/\/api.w.org\/{rel}","templated":true}]}}