{"id":21653,"date":"2024-09-26T14:40:18","date_gmt":"2024-09-26T11:40:18","guid":{"rendered":"https:\/\/library.bilkent.edu.tr\/tr\/?page_id=21653"},"modified":"2025-12-18T09:51:37","modified_gmt":"2025-12-18T06:51:37","slug":"calisma-saatleri","status":"publish","type":"page","link":"https:\/\/library.bilkent.edu.tr\/tr\/calisma-saatleri\/","title":{"rendered":"\u00c7al\u0131\u015fma Saatleri"},"content":{"rendered":"<div class=\"fusion-fullwidth fullwidth-box fusion-builder-row-1 fusion-flex-container has-pattern-background has-mask-background nonhundred-percent-fullwidth non-hundred-percent-height-scrolling\" style=\"--awb-border-radius-top-left:0px;--awb-border-radius-top-right:0px;--awb-border-radius-bottom-right:0px;--awb-border-radius-bottom-left:0px;--awb-margin-top:30px;--awb-flex-wrap:wrap;\" ><div class=\"fusion-builder-row fusion-row fusion-flex-align-items-flex-start fusion-flex-content-wrap\" style=\"max-width:1560px;margin-left: calc(-4% \/ 2 );margin-right: calc(-4% \/ 2 );\"><div class=\"fusion-layout-column fusion_builder_column fusion-builder-column-0 fusion_builder_column_1_1 1_1 fusion-flex-column\" style=\"--awb-bg-size:cover;--awb-width-large:100%;--awb-margin-top-large:0px;--awb-spacing-right-large:1.92%;--awb-margin-bottom-large:20px;--awb-spacing-left-large:1.92%;--awb-width-medium:100%;--awb-order-medium:0;--awb-spacing-right-medium:1.92%;--awb-spacing-left-medium:1.92%;--awb-width-small:100%;--awb-order-small:0;--awb-spacing-right-small:1.92%;--awb-spacing-left-small:1.92%;\"><div class=\"fusion-column-wrapper fusion-column-has-shadow fusion-flex-justify-content-flex-start fusion-content-layout-column\"><div class=\"fusion-title title fusion-title-1 fusion-sep-none fusion-title-text fusion-title-size-six\" style=\"--awb-margin-top-small:0px;--awb-margin-right-small:0px;--awb-margin-bottom-small:20px;--awb-margin-left-small:0px;--awb-sep-color:#cccccc;\"><h6 class=\"fusion-title-heading title-heading-right fusion-responsive-typography-calculated\" style=\"margin:0;--fontSize:18;--minFontSize:18;line-height:1.5;\"><em><a style=\"color: #000;\" href=\"https:\/\/library.bilkent.edu.tr\/hours\/\">English<\/a><\/em><\/h6><\/div><div class=\"fusion-title title fusion-title-2 fusion-title-text fusion-title-size-one\" style=\"--awb-text-color:#000000;--awb-margin-top-small:0px;--awb-margin-right-small:0px;--awb-margin-bottom-small:20px;--awb-margin-left-small:0px;--awb-font-size:30px;\"><div class=\"title-sep-container title-sep-container-left fusion-no-large-visibility fusion-no-medium-visibility fusion-no-small-visibility\"><div class=\"title-sep sep-single sep-solid\" style=\"border-color:#e0dede;\"><\/div><\/div><span class=\"awb-title-spacer fusion-no-large-visibility fusion-no-medium-visibility fusion-no-small-visibility\"><\/span><h1 class=\"fusion-title-heading title-heading-left fusion-responsive-typography-calculated\" style=\"margin:0;font-size:1em;--fontSize:30;--minFontSize:30;line-height:1.5;\"><h3>\u00c7al\u0131\u015fma Saatleri<\/h3><\/h1><span class=\"awb-title-spacer\"><\/span><div class=\"title-sep-container title-sep-container-right\"><div class=\"title-sep sep-single sep-solid\" style=\"border-color:#e0dede;\"><\/div><\/div><\/div><!DOCTYPE html>\n<html lang=\"tr\">\n<head>\n  <meta charset=\"UTF-8\">\n  <meta name=\"viewport\" content=\"width=device-width, initial-scale=1.0\">\n  <title>Bilkent \u00dcniversitesi K\u00fct\u00fcphane | Saatler<\/title>\n  <link rel=\"stylesheet\" href=\"https:\/\/cdnjs.cloudflare.com\/ajax\/libs\/font-awesome\/5.15.4\/css\/all.min.css\">\n  <style>\n    .library-hours-table {\n      width: 100%;\n      border-collapse: collapse;\n      margin-top: 20px;\n    }\n    .library-hours-thead {\n\t      height:120px;\n        border-top: 5px solid #222;\n    }\n    .library-hours-table tr:nth-child(odd) {\n      background-color: #fff!important;\n    }\n\n    .library-hours-table tr:nth-child(even) {\n      background-color: #f2f2f2!important;\n    }\n    .library-hours-table thead th, .library-hours-table tbody td {\n      border-left: 1px solid #ccc!important;\n      border-bottom: 5px solid #ccc!important;\n      padding: 12px!important;\n      text-align: left!important;\n      height: 80px;\n    }\n\n    .library-hours-table tbody td:first-child {\n      font-weight: bold!important;\n      border-left: none!important;\n    }\n\n    .library-hours-table thead th {\n      background-color: #f2f2f2!important;\n      font-weight: bold!important;\n      color: #333!important;\n    }\n    .library-hours-table thead th:first-child {\n      border-left: 0 !important;\n    }\n    \n    .library-hours-table thead th.today-date {\n      background-color: #cca329!important;\n      color: #000!important;\n      border-left: 1px solid #cca329!important;\n      border-right: 1px solid #cca329!important;\n    }\n\n    .library-hours-table tbody td.today-date {\n      background-color: #ffcc33!important;\n      color: #000!important;\n      border-bottom: 5px solid #cca329!important;\n      border-left: 1px solid #cca329!important;\n      border-right: 1px solid #cca329!important;\n    }\n\n    .previous {\n      background-color: transparent;\n      color: #000;\n      float: left;\n      font-size: 1em;\n      text-decoration: none;\n      padding: 8px 16px;\n      border: 0;\n      margin-bottom: 10px;\n    }\n\n    .previous:hover {\n      color: #0000FF;\n      text-decoration: underline;\n    }\n\n    .next {\n      background-color: transparent;\n      color: #000;\n      float: right;\n      font-size: 1em;\n      text-decoration: none;\n      padding: 8px 16px;\n      border: 0;\n      margin-bottom: 10px;\n    }\n\n    .next:hover {\n      color: #0000FF;\n      text-decoration: underline;\n    }\n    \n    .new-line-text {\n      font-style: italic;\n      font-size: 0.8em;\n      color: #555; \n    }\n\n    .highlight-red {\n      background-color: #ead1dc !important;\n    }\n\n    \/* Responsive Styles for Mobile *\/\n    @media only screen and (max-width: 600px) {\n      .library-hours-table,\n      .library-hours-table thead,\n      .library-hours-table tbody,\n      .library-hours-table th,\n      .library-hours-table td,\n      .library-hours-table tr {\n        display: block;\n      }\n      .library-hours-table thead {\n        display: none;\n      }\n      .library-hours-table tbody tr {\n        margin-bottom: 15px;\n        border: 1px solid #ccc;\n        border-radius: 5px;\n        overflow: hidden;\n      }\n      .library-hours-table tbody td {\n        display: flex;\n        justify-content: space-between;\n        align-items: center;\n        padding: 10px;\n        border-bottom: 1px solid #ccc;\n      }\n      .library-hours-table tbody td::before {\n        content: attr(data-label);\n        font-weight: bold;\n        flex-basis: 50%;\n        text-align: left;\n      }\n      .library-hours-table tbody td {\n        height: 50px;\n        text-align: right !important;\n      }\n      .library-hours-table tbody td:first-child {\n        height: 100px;\n        text-align: right !important;\n      }\n      .library-hours-table tbody td:last-child {\n        border-bottom: none;\n      }\n    }\n  <\/style>\n<\/head>\n<body data-rsssl=1>\n  <div>\n    <button class=\"previous\" onclick=\"loadPreviousWeek()\"><i class=\"fa fa-arrow-left\"><\/i> \u00d6nceki hafta<\/button>\n    <button class=\"next\" onclick=\"loadNextWeek()\">Sonraki hafta <i class=\"fa fa-arrow-right\"><\/i><\/button>\n  <\/div>\n\n  <table id=\"hours-content\" class=\"library-hours-table\">\n    <thead class=\"library-hours-thead\">\n      <tr>\n        <!-- G\u00fcncel haftan\u0131n tarihleri tablo ba\u015fl\u0131klar\u0131 burada olacak -->\n      <\/tr>\n    <\/thead>\n    <tbody class=\"library-hours-tbody\">\n      <!-- G\u00fcncel haftan\u0131n verileri buraya dinamik olarak yerle\u015ftirilecek -->\n    <\/tbody>\n  <\/table>\n\n  <script type=\"text\/javascript\">\n    const locationDict = {\n      \"User & Access Services\\n(A-Block Ground Floor)\": \"Kullan\u0131c\u0131 ve Eri\u015fim Hizmetleri\\n(A-Blok Zemin Kat)\",\n      \"Art Room\\n(B-Block First Floor)\": \"Sanat Odas\u0131\\n(B-Blok 1. Kat)\",\n      \"Multimedia Room\\n(B-Block Second Floor)\": \"Multimedya Odas\u0131\\n(B-Blok 2. Kat)\",\n      \"Visually Handicapped Room\\n(A-Block Ground Floor)\": \"G\u00f6rme Engelliler Odas\u0131\\n(A-Blok Zemin Kat)\",\n      \"Special Collections\\n(A-Block -1 Floor)\": \"\u00d6zel Koleksiyonlar\\n(A-Blok -1. Kat)\",\n      \"Interlibrary Loan & Document Supply Services\\n(A-Block Ground Floor)\": \"K\u00fct\u00fcphaneleraras\u0131 \u00d6d\u00fcn\u00e7 Verme\\n(A-Blok Zemin Kat)\",\n      \"East Campus Library\": \"Do\u011fu Kamp\u00fcs K\u00fct\u00fcphanesi\"\n    };\n\n    let currentDate = new Date();\n    let cachedLibraryData = null; \/\/ Global variable to store fetched data\n\n    function getWeekDates(startDate) {\n      const startOfWeek = new Date(startDate);\n      const dayOfWeek = startOfWeek.getDay();\n      const diff = dayOfWeek === 0 ? -6 : 1 - dayOfWeek;\n\n      startOfWeek.setDate(startOfWeek.getDate() + diff);\n\n      const weekDates = [];\n      const dayOptions = { weekday: 'long' };\n      const dateOptions = { month: 'short', day: 'numeric' };\n\n      for (let i = 0; i < 7; i++) {\n        const date = new Date(startOfWeek);\n        date.setDate(startOfWeek.getDate() + i);\n\n        const dayStringTR = date.toLocaleDateString('tr-TR', dayOptions);\n        const dateStringTR = date.toLocaleDateString('tr-TR', dateOptions);\n\n        const dayStringEN = date.toLocaleDateString('en-US', dayOptions);\n        const dateStringEN = date.toLocaleDateString('en-US', dateOptions);\n\n        weekDates.push({\n          formattedDateTR: `${dayStringTR}, ${dateStringTR}`,\n          formattedDateEN: `${dayStringEN}, ${dateStringEN}`,\n          fullDate: date\n        });\n      }\n\n      return weekDates;\n    }\n\n    async function fetchLibraryHours() {\n      if (cachedLibraryData) {\n        return cachedLibraryData; \/\/ Return cached data if it exists\n      }\n\n      try {\n        const response = await fetch('https:\/\/library.bilkent.edu.tr\/api\/hours\/data');\n        if (!response.ok) {\n          throw new Error(`HTTP error! status: ${response.status}`);\n        }\n\n        const data = await response.json();\n        cachedLibraryData = data.data; \/\/ Cache the fetched data\n        return cachedLibraryData;\n      } catch (error) {\n        console.error('K\u00fct\u00fcphane saatleri al\u0131n\u0131rken hata olu\u015ftu:', error);\n        document.getElementById('content').innerText = 'Veri al\u0131n\u0131rken hata olu\u015ftu.';\n        return null;\n      }\n    }\n\n    async function renderLibraryHours(weekDates) {\n      const locationsData = await fetchLibraryHours();\n      if (!locationsData || Object.keys(locationsData).length === 0) {\n        document.getElementById('content').innerText = 'Veri bulunamad\u0131.';\n        return;\n      }\n\n      const tableHeaderRow = document.querySelector('.library-hours-thead tr');\n      tableHeaderRow.innerHTML = '<th>Konumlar<\/th>';\n\n      const today = new Date().toDateString();\n      weekDates.forEach((dateObj) => {\n        const th = document.createElement('th');\n        th.innerHTML = dateObj.formattedDateTR.replace(', ', '<br>');\n        if (dateObj.fullDate.toDateString() === today) {\n          th.classList.add('today-date');\n        }\n        tableHeaderRow.appendChild(th);\n      });\n\n      const tableBody = document.querySelector('.library-hours-tbody');\n      tableBody.innerHTML = '';\n\n      const locations = Object.keys(locationsData);\n\n      locations.forEach((location, index) => {\n        const tr = document.createElement('tr');\n        const locationCell = document.createElement('td');\n\n        const translatedLocation = locationDict[location] || location;\n        const locationParts = translatedLocation.split('\\n');\n\n        locationParts.forEach((part, index) => {\n          const span = document.createElement('span');\n          span.textContent = part;\n\n          if (index > 0) {\n            span.classList.add('new-line-text');\n          }\n\n          locationCell.appendChild(span);\n          if (index < locationParts.length - 1) {\n            locationCell.appendChild(document.createElement('br'));\n          }\n        });\n\n        locationCell.setAttribute('data-label', 'Konumlar');\n        tr.appendChild(locationCell);\n\n        weekDates.forEach((dateObj) => {\n          const td = document.createElement('td');\n          const formattedAPIDate = dateObj.formattedDateEN;\n          const hours = locationsData[location][formattedAPIDate];\n\n          \/\/ Translate \"Closed\" to \"Kapal\u0131\"\n          td.textContent = hours === 'Closed' ? 'Kapal\u0131' : hours || 'Kapal\u0131';\n          td.setAttribute('data-label', dateObj.formattedDateTR);\n\n          \/\/ Highlight specific dates only for the first and last rows\n          const startDate = new Date('2025-12-18');\n          const endDate = new Date('2026-01-05');\n          if ((index === 0 || index === locations.length - 1) && dateObj.fullDate >= startDate && dateObj.fullDate <= endDate) {\n            td.classList.add('highlight-red');\n\n            \/\/ Add clipboard popup for \"Final Exam\"\n            const popup = document.createElement('span');\n            popup.textContent = 'Final D\u00f6nemi';\n            popup.style.position = 'absolute';\n            popup.style.backgroundColor = '#fff';\n            popup.style.border = '1px solid #ccc';\n            popup.style.borderRadius = '5px';\n            popup.style.fontSize = '14px';\n            popup.style.padding = '5px';\n            popup.style.display = 'none';\n            popup.style.zIndex = '10';\n\n            td.addEventListener('mouseenter', () => {\n              popup.style.display = 'block';\n            });\n\n            td.addEventListener('mouseleave', () => {\n              popup.style.display = 'none';\n            });\n\n            td.style.position = 'relative';\n            td.appendChild(popup);\n          }\n\n          if (dateObj.fullDate.toDateString() === today) {\n            td.classList.add('today-date');\n          }\n\n          tr.appendChild(td);\n        });\n\n        tableBody.appendChild(tr);\n      });\n    }\n\n    function loadPreviousWeek() {\n      currentDate.setDate(currentDate.getDate() - 7);\n      const weekDates = getWeekDates(currentDate);\n      renderLibraryHours(weekDates);\n    }\n\n    function loadNextWeek() {\n      currentDate.setDate(currentDate.getDate() + 7);\n      const weekDates = getWeekDates(currentDate);\n      renderLibraryHours(weekDates);\n    }\n\n    window.onload = function() {\n      const weekDates = getWeekDates(currentDate);\n      renderLibraryHours(weekDates);\n    };\n  <\/script>\n<\/body>\n<\/html>\n<\/div><\/div><\/div><\/div>\n","protected":false},"excerpt":{"rendered":"","protected":false},"author":3479,"featured_media":0,"parent":0,"menu_order":0,"comment_status":"closed","ping_status":"closed","template":"","meta":{"footnotes":""},"class_list":["post-21653","page","type-page","status-publish","hentry"],"yoast_head":"<!-- This site is optimized with the Yoast SEO plugin v27.3 - https:\/\/yoast.com\/product\/yoast-seo-wordpress\/ -->\n<title>\u00c7al\u0131\u015fma Saatleri - Bilkent \u00dcniversitesi K\u00fct\u00fcphanesi<\/title>\n<meta name=\"robots\" content=\"index, follow, max-snippet:-1, max-image-preview:large, max-video-preview:-1\" \/>\n<link rel=\"canonical\" href=\"https:\/\/library.bilkent.edu.tr\/tr\/calisma-saatleri\/\" \/>\n<meta property=\"og:locale\" content=\"tr_TR\" \/>\n<meta property=\"og:type\" content=\"article\" \/>\n<meta property=\"og:title\" content=\"\u00c7al\u0131\u015fma Saatleri - Bilkent \u00dcniversitesi K\u00fct\u00fcphanesi\" \/>\n<meta property=\"og:url\" content=\"https:\/\/library.bilkent.edu.tr\/tr\/calisma-saatleri\/\" \/>\n<meta property=\"og:site_name\" content=\"Bilkent \u00dcniversitesi K\u00fct\u00fcphanesi\" \/>\n<meta property=\"article:modified_time\" content=\"2025-12-18T06:51:37+00:00\" \/>\n<meta name=\"twitter:card\" content=\"summary_large_image\" \/>\n<meta name=\"twitter:label1\" content=\"Tahmini okuma s\u00fcresi\" \/>\n\t<meta name=\"twitter:data1\" content=\"12 dakika\" \/>\n<script type=\"application\/ld+json\" class=\"yoast-schema-graph\">{\"@context\":\"https:\\\/\\\/schema.org\",\"@graph\":[{\"@type\":\"WebPage\",\"@id\":\"https:\\\/\\\/library.bilkent.edu.tr\\\/tr\\\/calisma-saatleri\\\/\",\"url\":\"https:\\\/\\\/library.bilkent.edu.tr\\\/tr\\\/calisma-saatleri\\\/\",\"name\":\"\u00c7al\u0131\u015fma Saatleri - Bilkent \u00dcniversitesi K\u00fct\u00fcphanesi\",\"isPartOf\":{\"@id\":\"https:\\\/\\\/library.bilkent.edu.tr\\\/tr\\\/#website\"},\"datePublished\":\"2024-09-26T11:40:18+00:00\",\"dateModified\":\"2025-12-18T06:51:37+00:00\",\"breadcrumb\":{\"@id\":\"https:\\\/\\\/library.bilkent.edu.tr\\\/tr\\\/calisma-saatleri\\\/#breadcrumb\"},\"inLanguage\":\"tr\",\"potentialAction\":[{\"@type\":\"ReadAction\",\"target\":[\"https:\\\/\\\/library.bilkent.edu.tr\\\/tr\\\/calisma-saatleri\\\/\"]}]},{\"@type\":\"BreadcrumbList\",\"@id\":\"https:\\\/\\\/library.bilkent.edu.tr\\\/tr\\\/calisma-saatleri\\\/#breadcrumb\",\"itemListElement\":[{\"@type\":\"ListItem\",\"position\":1,\"name\":\"Home\",\"item\":\"https:\\\/\\\/library.bilkent.edu.tr\\\/tr\\\/\"},{\"@type\":\"ListItem\",\"position\":2,\"name\":\"\u00c7al\u0131\u015fma Saatleri\"}]},{\"@type\":\"WebSite\",\"@id\":\"https:\\\/\\\/library.bilkent.edu.tr\\\/tr\\\/#website\",\"url\":\"https:\\\/\\\/library.bilkent.edu.tr\\\/tr\\\/\",\"name\":\"Bilkent \u00dcniversitesi K\u00fct\u00fcphanesi\",\"description\":\"\",\"publisher\":{\"@id\":\"https:\\\/\\\/library.bilkent.edu.tr\\\/tr\\\/#organization\"},\"potentialAction\":[{\"@type\":\"SearchAction\",\"target\":{\"@type\":\"EntryPoint\",\"urlTemplate\":\"https:\\\/\\\/library.bilkent.edu.tr\\\/tr\\\/?s={search_term_string}\"},\"query-input\":{\"@type\":\"PropertyValueSpecification\",\"valueRequired\":true,\"valueName\":\"search_term_string\"}}],\"inLanguage\":\"tr\"},{\"@type\":\"Organization\",\"@id\":\"https:\\\/\\\/library.bilkent.edu.tr\\\/tr\\\/#organization\",\"name\":\"Bilkent \u00dcniversitesi K\u00fct\u00fcphanesi\",\"url\":\"https:\\\/\\\/library.bilkent.edu.tr\\\/tr\\\/\",\"logo\":{\"@type\":\"ImageObject\",\"inLanguage\":\"tr\",\"@id\":\"https:\\\/\\\/library.bilkent.edu.tr\\\/tr\\\/#\\\/schema\\\/logo\\\/image\\\/\",\"url\":\"https:\\\/\\\/library.bilkent.edu.tr\\\/tr\\\/wp-content\\\/uploads\\\/2017\\\/12\\\/bilkent-tr-2.png\",\"contentUrl\":\"https:\\\/\\\/library.bilkent.edu.tr\\\/tr\\\/wp-content\\\/uploads\\\/2017\\\/12\\\/bilkent-tr-2.png\",\"width\":800,\"height\":172,\"caption\":\"Bilkent \u00dcniversitesi K\u00fct\u00fcphanesi\"},\"image\":{\"@id\":\"https:\\\/\\\/library.bilkent.edu.tr\\\/tr\\\/#\\\/schema\\\/logo\\\/image\\\/\"}}]}<\/script>\n<!-- \/ Yoast SEO plugin. -->","yoast_head_json":{"title":"\u00c7al\u0131\u015fma Saatleri - Bilkent \u00dcniversitesi K\u00fct\u00fcphanesi","robots":{"index":"index","follow":"follow","max-snippet":"max-snippet:-1","max-image-preview":"max-image-preview:large","max-video-preview":"max-video-preview:-1"},"canonical":"https:\/\/library.bilkent.edu.tr\/tr\/calisma-saatleri\/","og_locale":"tr_TR","og_type":"article","og_title":"\u00c7al\u0131\u015fma Saatleri - Bilkent \u00dcniversitesi K\u00fct\u00fcphanesi","og_url":"https:\/\/library.bilkent.edu.tr\/tr\/calisma-saatleri\/","og_site_name":"Bilkent \u00dcniversitesi K\u00fct\u00fcphanesi","article_modified_time":"2025-12-18T06:51:37+00:00","twitter_card":"summary_large_image","twitter_misc":{"Tahmini okuma s\u00fcresi":"12 dakika"},"schema":{"@context":"https:\/\/schema.org","@graph":[{"@type":"WebPage","@id":"https:\/\/library.bilkent.edu.tr\/tr\/calisma-saatleri\/","url":"https:\/\/library.bilkent.edu.tr\/tr\/calisma-saatleri\/","name":"\u00c7al\u0131\u015fma Saatleri - Bilkent \u00dcniversitesi K\u00fct\u00fcphanesi","isPartOf":{"@id":"https:\/\/library.bilkent.edu.tr\/tr\/#website"},"datePublished":"2024-09-26T11:40:18+00:00","dateModified":"2025-12-18T06:51:37+00:00","breadcrumb":{"@id":"https:\/\/library.bilkent.edu.tr\/tr\/calisma-saatleri\/#breadcrumb"},"inLanguage":"tr","potentialAction":[{"@type":"ReadAction","target":["https:\/\/library.bilkent.edu.tr\/tr\/calisma-saatleri\/"]}]},{"@type":"BreadcrumbList","@id":"https:\/\/library.bilkent.edu.tr\/tr\/calisma-saatleri\/#breadcrumb","itemListElement":[{"@type":"ListItem","position":1,"name":"Home","item":"https:\/\/library.bilkent.edu.tr\/tr\/"},{"@type":"ListItem","position":2,"name":"\u00c7al\u0131\u015fma Saatleri"}]},{"@type":"WebSite","@id":"https:\/\/library.bilkent.edu.tr\/tr\/#website","url":"https:\/\/library.bilkent.edu.tr\/tr\/","name":"Bilkent \u00dcniversitesi K\u00fct\u00fcphanesi","description":"","publisher":{"@id":"https:\/\/library.bilkent.edu.tr\/tr\/#organization"},"potentialAction":[{"@type":"SearchAction","target":{"@type":"EntryPoint","urlTemplate":"https:\/\/library.bilkent.edu.tr\/tr\/?s={search_term_string}"},"query-input":{"@type":"PropertyValueSpecification","valueRequired":true,"valueName":"search_term_string"}}],"inLanguage":"tr"},{"@type":"Organization","@id":"https:\/\/library.bilkent.edu.tr\/tr\/#organization","name":"Bilkent \u00dcniversitesi K\u00fct\u00fcphanesi","url":"https:\/\/library.bilkent.edu.tr\/tr\/","logo":{"@type":"ImageObject","inLanguage":"tr","@id":"https:\/\/library.bilkent.edu.tr\/tr\/#\/schema\/logo\/image\/","url":"https:\/\/library.bilkent.edu.tr\/tr\/wp-content\/uploads\/2017\/12\/bilkent-tr-2.png","contentUrl":"https:\/\/library.bilkent.edu.tr\/tr\/wp-content\/uploads\/2017\/12\/bilkent-tr-2.png","width":800,"height":172,"caption":"Bilkent \u00dcniversitesi K\u00fct\u00fcphanesi"},"image":{"@id":"https:\/\/library.bilkent.edu.tr\/tr\/#\/schema\/logo\/image\/"}}]}},"_links":{"self":[{"href":"https:\/\/library.bilkent.edu.tr\/tr\/wp-json\/wp\/v2\/pages\/21653","targetHints":{"allow":["GET"]}}],"collection":[{"href":"https:\/\/library.bilkent.edu.tr\/tr\/wp-json\/wp\/v2\/pages"}],"about":[{"href":"https:\/\/library.bilkent.edu.tr\/tr\/wp-json\/wp\/v2\/types\/page"}],"author":[{"embeddable":true,"href":"https:\/\/library.bilkent.edu.tr\/tr\/wp-json\/wp\/v2\/users\/3479"}],"replies":[{"embeddable":true,"href":"https:\/\/library.bilkent.edu.tr\/tr\/wp-json\/wp\/v2\/comments?post=21653"}],"version-history":[{"count":50,"href":"https:\/\/library.bilkent.edu.tr\/tr\/wp-json\/wp\/v2\/pages\/21653\/revisions"}],"predecessor-version":[{"id":22437,"href":"https:\/\/library.bilkent.edu.tr\/tr\/wp-json\/wp\/v2\/pages\/21653\/revisions\/22437"}],"wp:attachment":[{"href":"https:\/\/library.bilkent.edu.tr\/tr\/wp-json\/wp\/v2\/media?parent=21653"}],"curies":[{"name":"wp","href":"https:\/\/api.w.org\/{rel}","templated":true}]}}