{"id":21257,"date":"2024-09-04T09:36:27","date_gmt":"2024-09-04T06:36:27","guid":{"rendered":"https:\/\/library.bilkent.edu.tr\/tr\/?page_id=21257"},"modified":"2025-08-04T12:31:16","modified_gmt":"2025-08-04T09:31:16","slug":"tez-teslimi","status":"publish","type":"page","link":"https:\/\/library.bilkent.edu.tr\/tr\/tez-teslimi\/","title":{"rendered":"Tez Teslimi"},"content":{"rendered":"<div class=\"fusion-fullwidth fullwidth-box fusion-builder-row-1 fusion-flex-container has-pattern-background has-mask-background nonhundred-percent-fullwidth non-hundred-percent-height-scrolling\" style=\"--awb-border-radius-top-left:0px;--awb-border-radius-top-right:0px;--awb-border-radius-bottom-right:0px;--awb-border-radius-bottom-left:0px;--awb-flex-wrap:wrap;\" ><div class=\"fusion-builder-row fusion-row fusion-flex-align-items-flex-start fusion-flex-content-wrap\" style=\"max-width:1560px;margin-left: calc(-4% \/ 2 );margin-right: calc(-4% \/ 2 );\"><div class=\"fusion-layout-column fusion_builder_column fusion-builder-column-0 fusion_builder_column_1_1 1_1 fusion-flex-column\" style=\"--awb-bg-size:cover;--awb-width-large:100%;--awb-margin-top-large:0px;--awb-spacing-right-large:1.92%;--awb-margin-bottom-large:20px;--awb-spacing-left-large:1.92%;--awb-width-medium:100%;--awb-order-medium:0;--awb-spacing-right-medium:1.92%;--awb-spacing-left-medium:1.92%;--awb-width-small:100%;--awb-order-small:0;--awb-spacing-right-small:1.92%;--awb-spacing-left-small:1.92%;\"><div class=\"fusion-column-wrapper fusion-column-has-shadow fusion-flex-justify-content-flex-start fusion-content-layout-column\"><div class=\"fusion-title title fusion-title-1 fusion-sep-none fusion-title-text fusion-title-size-six\" style=\"--awb-margin-top-small:0px;--awb-margin-right-small:0px;--awb-margin-bottom-small:20px;--awb-margin-left-small:0px;--awb-sep-color:#cccccc;\"><h6 class=\"fusion-title-heading title-heading-right fusion-responsive-typography-calculated\" style=\"margin:0;--fontSize:18;--minFontSize:18;line-height:1.5;\"><em><a style=\"color: #000;\" href=\"https:\/\/library.bilkent.edu.tr\/thesis-dissertations\/\">English<\/a><\/em><\/h6><\/div><div class=\"fusion-title title fusion-title-2 fusion-title-text fusion-title-size-one\" style=\"--awb-text-color:#000000;--awb-margin-top-small:0px;--awb-margin-right-small:0px;--awb-margin-bottom-small:20px;--awb-margin-left-small:0px;--awb-font-size:30px;\"><div class=\"title-sep-container title-sep-container-left fusion-no-large-visibility fusion-no-medium-visibility fusion-no-small-visibility\"><div class=\"title-sep sep-single sep-solid\" style=\"border-color:#e0dede;\"><\/div><\/div><span class=\"awb-title-spacer fusion-no-large-visibility fusion-no-medium-visibility fusion-no-small-visibility\"><\/span><h1 class=\"fusion-title-heading title-heading-left fusion-responsive-typography-calculated\" style=\"margin:0;font-size:1em;--fontSize:30;--minFontSize:30;line-height:1.5;\"><h3>Tez Teslim Prosed\u00fcr\u00fc<\/h3><\/h1><span class=\"awb-title-spacer\"><\/span><div class=\"title-sep-container title-sep-container-right\"><div class=\"title-sep sep-single sep-solid\" style=\"border-color:#e0dede;\"><\/div><\/div><\/div><div class=\"fusion-text fusion-text-1\"><p><span style=\"font-weight: 400;\">Bilkent \u00dcniversitesi K\u00fct\u00fcphanesine tez teslim s\u00fcreci, lisans\u00fcst\u00fc \u00f6\u011frencilerinin mezuniyet i\u015flemlerini tamamlamalar\u0131 ve akademik \u00e7al\u0131\u015fmalar\u0131n\u0131 eri\u015filebilir hale getirmek amac\u0131yla ger\u00e7ekle\u015ftirilmektedir. A\u015fa\u011f\u0131da, tez teslim prosed\u00fcr\u00fcn\u00fcn ad\u0131m ad\u0131m a\u00e7\u0131klamas\u0131 bulunmaktad\u0131r.\u00a0<\/span><\/p>\n<p><span style=\"font-weight: 400;\">*Doktora \u00f6\u011frenimine devam edecek \u00f6\u011frencilerin de tez teslimi ve ili\u015fik kesme prosed\u00fcr\u00fcn\u00fc tamamlamas\u0131 gerekmektedir.<\/span><\/p>\n<p><b>1. Tez Format\u0131n\u0131n Haz\u0131rlanmas\u0131<\/b><\/p>\n<p><span style=\"font-weight: 400;\">Bilkent \u00dcniversitesi&#8217;nin belirlemi\u015f oldu\u011fu format ve stil kurallar\u0131na uygun olarak haz\u0131rlanm\u0131\u015f tezinizi bas\u0131l\u0131 ve dijital formatta (CD) teslim etmeniz gerekmektedir. Dijital formatta sunulan tezin i\u00e7eri\u011fi ve d\u00fczeni, bas\u0131l\u0131 kopya ile birebir ayn\u0131 olmal\u0131d\u0131r. Her iki formatta da imza sayfas\u0131 tamamlanm\u0131\u015f halde olmal\u0131d\u0131r.\u00a0<\/span><\/p>\n<p><b>Gerekli Evraklar<\/b><\/p>\n<p><span style=\"font-weight: 400;\">Tez teslimi s\u0131ras\u0131nda a\u015fa\u011f\u0131daki evraklar\u0131n \u0131slak imzal\u0131 birer n\u00fcshalar\u0131n\u0131 yan\u0131n\u0131zda bulundurman\u0131z gerekmektedir.\u00a0<\/span><\/p>\n<ul>\n<li style=\"font-weight: 400;\" aria-level=\"2\"><a href=\"https:\/\/library.bilkent.edu.tr\/tr\/wp-content\/uploads\/2018\/09\/thesis_database_submission_and_permission_form.pdf?x55412\"><span style=\"font-weight: 400;\">Bilkent \u00dcniversitesi Tez Veritaban\u0131 Kabul ve \u0130zin Formu<\/span><\/a><\/li>\n<li style=\"font-weight: 400;\" aria-level=\"2\"><a href=\"https:\/\/library.bilkent.edu.tr\/tr\/wp-content\/uploads\/2025\/08\/graduate_thesis_access_postponement_request_form2025tr.pdf\"><span style=\"font-weight: 400;\">Bilkent \u00dcniversitesi Lisans\u00fcst\u00fc Tezlerin Eri\u015fim Erteleme Talep Formu<\/span><\/a><span style=\"font-weight: 400;\"> (Eri\u015fim erteleme talebi varsa)<\/span><\/li>\n<li style=\"font-weight: 400;\" aria-level=\"2\"><a href=\"https:\/\/tez.yok.gov.tr\/UlusalTezMerkezi\/\"><span style=\"font-weight: 400;\">Y\u00d6K Ulusal Tez Merkezi Veri Giri\u015fi ve Yay\u0131mlama \u0130zin Formu<\/span><\/a><\/li>\n<li style=\"font-weight: 400;\" aria-level=\"2\"><span style=\"font-weight: 400;\">Bilkent \u00dcniversitesi Doktora ve Lisans\u00fcst\u00fc \u00d6\u011frencilerinin \u0130li\u015fik Kesme Belgesi<\/span><\/li>\n<\/ul>\n<p><b><i>Tez Veritaban\u0131 Kabul ve \u0130zin Formu<\/i><\/b><b>,<\/b><span style=\"font-weight: 400;\"> tezinizi \u00fcniversite k\u00fct\u00fcphanesi arac\u0131l\u0131\u011f\u0131yla eri\u015fime a\u00e7mam\u0131za ve gerekti\u011finde a\u00e7\u0131k eri\u015fim politikalar\u0131na uygun olarak yay\u0131mlamam\u0131za izin vermenizi sa\u011flar. Bir kopyas\u0131 k\u00fct\u00fcphane taraf\u0131ndan al\u0131nacak olup, yetkili k\u00fct\u00fcphaneci taraf\u0131ndan imzalanan orijinal n\u00fcsha taraf\u0131n\u0131za teslim edilecektir.\u00a0<\/span><\/p>\n<p><b><i>Bilkent \u00dcniversitesi Lisans\u00fcst\u00fc Tezlerin Eri\u015fim Erteleme Talep Formu<\/i><\/b><b>,<\/b><span style=\"font-weight: 400;\"> tez \u00e7al\u0131\u015fman\u0131z\u0131a eri\u015fim k\u0131s\u0131tlamas\u0131 uygulanmas\u0131 durumunda gereklidir. Bu belge \u00fczerindeki bilgiler, <\/span><i><span style=\"font-weight: 400;\">Tez Veritaban\u0131 Kabul ve \u0130zin Formu <\/span><\/i><span style=\"font-weight: 400;\">\u00fczerinde belirtece\u011finiz eri\u015fim erteleme bilgileri ile ayn\u0131 olmal\u0131d\u0131r. Form, \u00fczerindeki imzalar eksiksiz olacak \u015fekilde k\u00fct\u00fcphaneye teslim edilmelidir.\u00a0<\/span><\/p>\n<p><b><i>Y\u00d6K Ulusal Tez Merkezi Veri Giri\u015fi ve Yay\u0131mlama \u0130zin Formu<\/i><\/b><b>,<\/b> <a href=\"https:\/\/tez.yok.gov.tr\/UlusalTezMerkezi\/\"><span style=\"font-weight: 400;\">Y\u00d6K Ulusal Tez Merkezi <\/span><\/a><span style=\"font-weight: 400;\">platformunda doldurulmal\u0131d\u0131r. Formun \u0131slak imzal\u0131 n\u00fcshas\u0131 tez \u00e7al\u0131\u015fman\u0131z ve di\u011fer belgelerle birlikte k\u00fct\u00fcphaneye teslim edilmelidir. Bu belgenin \u0131slak imzal\u0131 n\u00fcshas\u0131 k\u00fct\u00fcphanede kalacakt\u0131r. Form \u00fczerinde ORCID numaran\u0131z\u0131n eksiksiz olarak yer almas\u0131 gerekmektedir.\u00a0<\/span><\/p>\n<p><b><i>Bilkent \u00dcniversitesi Doktora ve Lisans\u00fcst\u00fc \u00d6\u011frencilerinin \u0130li\u015fik Kesme Belgesi<\/i><\/b><b>, <\/b><span style=\"font-weight: 400;\">k\u00fct\u00fcphane tez teslim prosed\u00fcr\u00fcn\u00fcn tamamlanmas\u0131 sonucunda yetkili k\u00fct\u00fcphaneci taraf\u0131ndan imzalanarak taraf\u0131n\u0131za teslim edilecektir. <\/span><\/p>\n<p><b>2. Tez Kontrol ve Onay S\u00fcreci<\/b><\/p>\n<p><span style=\"font-weight: 400;\">K\u00fct\u00fcphane tez teslim prosed\u00fcr\u00fcn\u00fcn ba\u015flat\u0131labilmesi i\u00e7in; tezinizin bir adet bas\u0131l\u0131 n\u00fcshas\u0131, bir adet dijital (CD) kopyas\u0131 ve gerekli evraklar ile Merkez Kamp\u00fcs K\u00fct\u00fcphanesi Kullan\u0131c\u0131 ve Eri\u015fim Hizmetleri Birimine ba\u015fvurman\u0131z gerekmektedir. Tezinizin bas\u0131l\u0131 ve dijital n\u00fcshalar\u0131 yetkili k\u00fct\u00fcphaneci taraf\u0131ndan kontrol edilecek, bir sorun bulunmamas\u0131 durumunda teslim etti\u011finiz belgeler imzalanarak gerekli kopyalar\u0131 al\u0131nacakt\u0131r.\u00a0<\/span><\/p>\n<p><span style=\"font-weight: 400;\">Tezinizin format ve stil kurallar\u0131na uygunlu\u011fu, \u00fczerindeki imzalar\u0131n eksiksiz olmas\u0131, bas\u0131l\u0131 ve dijital formattaki i\u00e7eri\u011fin birebir ayn\u0131 olmas\u0131 k\u00fct\u00fcphane tez teslim prosed\u00fcr\u00fcn\u00fcn tamamlanabilmesi bak\u0131m\u0131ndan \u00f6nem ta\u015f\u0131maktad\u0131r.\u00a0<\/span><\/p>\n<p><span style=\"font-weight: 400;\">* Bilkent \u00dcniversitesi K\u00fct\u00fcphanesinden \u00f6d\u00fcn\u00e7 alm\u0131\u015f oldu\u011funuz ve hen\u00fcz iade etmedi\u011finiz kaynaklar, k\u00fct\u00fcphane ili\u015fi\u011finin kesilmesi konusunda engel olu\u015fturmaktad\u0131r. Tez teslim prosed\u00fcr\u00fc ve ili\u015fik kesme i\u015fleminin tamamlanabilmesi i\u00e7in, \u00f6d\u00fcn\u00e7 alm\u0131\u015f oldu\u011funuz kaynaklar\u0131n iade edilmesi ve varsa gecikme bedelinin \u00f6denmesi gerekmektedir. <\/span><\/p>\n<p><b>3. Tezlerin Bilkent \u00dcniversitesi Kurumsal Ar\u015fivinde Yay\u0131nlanmas\u0131<\/b><\/p>\n<p><span style=\"font-weight: 400;\">Eri\u015fim erteleme talebinin bulunmamas\u0131 durumunda, tezinizin dijital kopyas\u0131 a\u00e7\u0131k eri\u015fim politikas\u0131 kapsam\u0131nda Bilkent \u00dcniversitesi Kurumsal Ar\u015fivinde eri\u015fime sunulacakt\u0131r. <\/span><\/p>\n<\/div><\/div><\/div><\/div><\/div>\n","protected":false},"excerpt":{"rendered":"","protected":false},"author":3509,"featured_media":0,"parent":0,"menu_order":0,"comment_status":"closed","ping_status":"closed","template":"","meta":{"footnotes":""},"class_list":["post-21257","page","type-page","status-publish","hentry"],"yoast_head":"<!-- This site is optimized with the Yoast SEO plugin v27.3 - https:\/\/yoast.com\/product\/yoast-seo-wordpress\/ -->\n<title>Tez Teslimi - Bilkent \u00dcniversitesi K\u00fct\u00fcphanesi<\/title>\n<meta name=\"robots\" content=\"index, follow, max-snippet:-1, max-image-preview:large, max-video-preview:-1\" \/>\n<link rel=\"canonical\" href=\"https:\/\/library.bilkent.edu.tr\/tr\/tez-teslimi\/\" \/>\n<meta property=\"og:locale\" content=\"tr_TR\" \/>\n<meta property=\"og:type\" content=\"article\" \/>\n<meta property=\"og:title\" content=\"Tez Teslimi - Bilkent \u00dcniversitesi K\u00fct\u00fcphanesi\" \/>\n<meta property=\"og:url\" content=\"https:\/\/library.bilkent.edu.tr\/tr\/tez-teslimi\/\" \/>\n<meta property=\"og:site_name\" content=\"Bilkent \u00dcniversitesi K\u00fct\u00fcphanesi\" \/>\n<meta property=\"article:modified_time\" content=\"2025-08-04T09:31:16+00:00\" \/>\n<meta name=\"twitter:card\" content=\"summary_large_image\" \/>\n<meta name=\"twitter:label1\" content=\"Tahmini okuma s\u00fcresi\" \/>\n\t<meta name=\"twitter:data1\" content=\"11 dakika\" \/>\n<script type=\"application\/ld+json\" class=\"yoast-schema-graph\">{\"@context\":\"https:\\\/\\\/schema.org\",\"@graph\":[{\"@type\":\"WebPage\",\"@id\":\"https:\\\/\\\/library.bilkent.edu.tr\\\/tr\\\/tez-teslimi\\\/\",\"url\":\"https:\\\/\\\/library.bilkent.edu.tr\\\/tr\\\/tez-teslimi\\\/\",\"name\":\"Tez Teslimi - Bilkent \u00dcniversitesi K\u00fct\u00fcphanesi\",\"isPartOf\":{\"@id\":\"https:\\\/\\\/library.bilkent.edu.tr\\\/tr\\\/#website\"},\"datePublished\":\"2024-09-04T06:36:27+00:00\",\"dateModified\":\"2025-08-04T09:31:16+00:00\",\"breadcrumb\":{\"@id\":\"https:\\\/\\\/library.bilkent.edu.tr\\\/tr\\\/tez-teslimi\\\/#breadcrumb\"},\"inLanguage\":\"tr\",\"potentialAction\":[{\"@type\":\"ReadAction\",\"target\":[\"https:\\\/\\\/library.bilkent.edu.tr\\\/tr\\\/tez-teslimi\\\/\"]}]},{\"@type\":\"BreadcrumbList\",\"@id\":\"https:\\\/\\\/library.bilkent.edu.tr\\\/tr\\\/tez-teslimi\\\/#breadcrumb\",\"itemListElement\":[{\"@type\":\"ListItem\",\"position\":1,\"name\":\"Home\",\"item\":\"https:\\\/\\\/library.bilkent.edu.tr\\\/tr\\\/\"},{\"@type\":\"ListItem\",\"position\":2,\"name\":\"Tez Teslimi\"}]},{\"@type\":\"WebSite\",\"@id\":\"https:\\\/\\\/library.bilkent.edu.tr\\\/tr\\\/#website\",\"url\":\"https:\\\/\\\/library.bilkent.edu.tr\\\/tr\\\/\",\"name\":\"Bilkent \u00dcniversitesi K\u00fct\u00fcphanesi\",\"description\":\"\",\"publisher\":{\"@id\":\"https:\\\/\\\/library.bilkent.edu.tr\\\/tr\\\/#organization\"},\"potentialAction\":[{\"@type\":\"SearchAction\",\"target\":{\"@type\":\"EntryPoint\",\"urlTemplate\":\"https:\\\/\\\/library.bilkent.edu.tr\\\/tr\\\/?s={search_term_string}\"},\"query-input\":{\"@type\":\"PropertyValueSpecification\",\"valueRequired\":true,\"valueName\":\"search_term_string\"}}],\"inLanguage\":\"tr\"},{\"@type\":\"Organization\",\"@id\":\"https:\\\/\\\/library.bilkent.edu.tr\\\/tr\\\/#organization\",\"name\":\"Bilkent \u00dcniversitesi K\u00fct\u00fcphanesi\",\"url\":\"https:\\\/\\\/library.bilkent.edu.tr\\\/tr\\\/\",\"logo\":{\"@type\":\"ImageObject\",\"inLanguage\":\"tr\",\"@id\":\"https:\\\/\\\/library.bilkent.edu.tr\\\/tr\\\/#\\\/schema\\\/logo\\\/image\\\/\",\"url\":\"https:\\\/\\\/library.bilkent.edu.tr\\\/tr\\\/wp-content\\\/uploads\\\/2017\\\/12\\\/bilkent-tr-2.png\",\"contentUrl\":\"https:\\\/\\\/library.bilkent.edu.tr\\\/tr\\\/wp-content\\\/uploads\\\/2017\\\/12\\\/bilkent-tr-2.png\",\"width\":800,\"height\":172,\"caption\":\"Bilkent \u00dcniversitesi K\u00fct\u00fcphanesi\"},\"image\":{\"@id\":\"https:\\\/\\\/library.bilkent.edu.tr\\\/tr\\\/#\\\/schema\\\/logo\\\/image\\\/\"}}]}<\/script>\n<!-- \/ Yoast SEO plugin. -->","yoast_head_json":{"title":"Tez Teslimi - Bilkent \u00dcniversitesi K\u00fct\u00fcphanesi","robots":{"index":"index","follow":"follow","max-snippet":"max-snippet:-1","max-image-preview":"max-image-preview:large","max-video-preview":"max-video-preview:-1"},"canonical":"https:\/\/library.bilkent.edu.tr\/tr\/tez-teslimi\/","og_locale":"tr_TR","og_type":"article","og_title":"Tez Teslimi - Bilkent \u00dcniversitesi K\u00fct\u00fcphanesi","og_url":"https:\/\/library.bilkent.edu.tr\/tr\/tez-teslimi\/","og_site_name":"Bilkent \u00dcniversitesi K\u00fct\u00fcphanesi","article_modified_time":"2025-08-04T09:31:16+00:00","twitter_card":"summary_large_image","twitter_misc":{"Tahmini okuma s\u00fcresi":"11 dakika"},"schema":{"@context":"https:\/\/schema.org","@graph":[{"@type":"WebPage","@id":"https:\/\/library.bilkent.edu.tr\/tr\/tez-teslimi\/","url":"https:\/\/library.bilkent.edu.tr\/tr\/tez-teslimi\/","name":"Tez Teslimi - Bilkent \u00dcniversitesi K\u00fct\u00fcphanesi","isPartOf":{"@id":"https:\/\/library.bilkent.edu.tr\/tr\/#website"},"datePublished":"2024-09-04T06:36:27+00:00","dateModified":"2025-08-04T09:31:16+00:00","breadcrumb":{"@id":"https:\/\/library.bilkent.edu.tr\/tr\/tez-teslimi\/#breadcrumb"},"inLanguage":"tr","potentialAction":[{"@type":"ReadAction","target":["https:\/\/library.bilkent.edu.tr\/tr\/tez-teslimi\/"]}]},{"@type":"BreadcrumbList","@id":"https:\/\/library.bilkent.edu.tr\/tr\/tez-teslimi\/#breadcrumb","itemListElement":[{"@type":"ListItem","position":1,"name":"Home","item":"https:\/\/library.bilkent.edu.tr\/tr\/"},{"@type":"ListItem","position":2,"name":"Tez Teslimi"}]},{"@type":"WebSite","@id":"https:\/\/library.bilkent.edu.tr\/tr\/#website","url":"https:\/\/library.bilkent.edu.tr\/tr\/","name":"Bilkent \u00dcniversitesi K\u00fct\u00fcphanesi","description":"","publisher":{"@id":"https:\/\/library.bilkent.edu.tr\/tr\/#organization"},"potentialAction":[{"@type":"SearchAction","target":{"@type":"EntryPoint","urlTemplate":"https:\/\/library.bilkent.edu.tr\/tr\/?s={search_term_string}"},"query-input":{"@type":"PropertyValueSpecification","valueRequired":true,"valueName":"search_term_string"}}],"inLanguage":"tr"},{"@type":"Organization","@id":"https:\/\/library.bilkent.edu.tr\/tr\/#organization","name":"Bilkent \u00dcniversitesi K\u00fct\u00fcphanesi","url":"https:\/\/library.bilkent.edu.tr\/tr\/","logo":{"@type":"ImageObject","inLanguage":"tr","@id":"https:\/\/library.bilkent.edu.tr\/tr\/#\/schema\/logo\/image\/","url":"https:\/\/library.bilkent.edu.tr\/tr\/wp-content\/uploads\/2017\/12\/bilkent-tr-2.png","contentUrl":"https:\/\/library.bilkent.edu.tr\/tr\/wp-content\/uploads\/2017\/12\/bilkent-tr-2.png","width":800,"height":172,"caption":"Bilkent \u00dcniversitesi K\u00fct\u00fcphanesi"},"image":{"@id":"https:\/\/library.bilkent.edu.tr\/tr\/#\/schema\/logo\/image\/"}}]}},"_links":{"self":[{"href":"https:\/\/library.bilkent.edu.tr\/tr\/wp-json\/wp\/v2\/pages\/21257","targetHints":{"allow":["GET"]}}],"collection":[{"href":"https:\/\/library.bilkent.edu.tr\/tr\/wp-json\/wp\/v2\/pages"}],"about":[{"href":"https:\/\/library.bilkent.edu.tr\/tr\/wp-json\/wp\/v2\/types\/page"}],"author":[{"embeddable":true,"href":"https:\/\/library.bilkent.edu.tr\/tr\/wp-json\/wp\/v2\/users\/3509"}],"replies":[{"embeddable":true,"href":"https:\/\/library.bilkent.edu.tr\/tr\/wp-json\/wp\/v2\/comments?post=21257"}],"version-history":[{"count":9,"href":"https:\/\/library.bilkent.edu.tr\/tr\/wp-json\/wp\/v2\/pages\/21257\/revisions"}],"predecessor-version":[{"id":22326,"href":"https:\/\/library.bilkent.edu.tr\/tr\/wp-json\/wp\/v2\/pages\/21257\/revisions\/22326"}],"wp:attachment":[{"href":"https:\/\/library.bilkent.edu.tr\/tr\/wp-json\/wp\/v2\/media?parent=21257"}],"curies":[{"name":"wp","href":"https:\/\/api.w.org\/{rel}","templated":true}]}}