{"id":21219,"date":"2024-09-04T09:02:14","date_gmt":"2024-09-04T06:02:14","guid":{"rendered":"https:\/\/library.bilkent.edu.tr\/tr\/?page_id=21219"},"modified":"2024-09-11T17:08:11","modified_gmt":"2024-09-11T14:08:11","slug":"bina-ve-olanaklar","status":"publish","type":"page","link":"https:\/\/library.bilkent.edu.tr\/tr\/bina-ve-olanaklar\/","title":{"rendered":"Bina ve Olanaklar"},"content":{"rendered":"<div class=\"fusion-fullwidth fullwidth-box fusion-builder-row-1 fusion-flex-container has-pattern-background has-mask-background nonhundred-percent-fullwidth non-hundred-percent-height-scrolling\" style=\"--awb-border-radius-top-left:0px;--awb-border-radius-top-right:0px;--awb-border-radius-bottom-right:0px;--awb-border-radius-bottom-left:0px;--awb-flex-wrap:wrap;\" ><div class=\"fusion-builder-row fusion-row fusion-flex-align-items-flex-start fusion-flex-content-wrap\" style=\"max-width:1560px;margin-left: calc(-4% \/ 2 );margin-right: calc(-4% \/ 2 );\"><div class=\"fusion-layout-column fusion_builder_column fusion-builder-column-0 fusion_builder_column_1_1 1_1 fusion-flex-column\" style=\"--awb-bg-size:cover;--awb-width-large:100%;--awb-margin-top-large:0px;--awb-spacing-right-large:1.92%;--awb-margin-bottom-large:20px;--awb-spacing-left-large:1.92%;--awb-width-medium:100%;--awb-order-medium:0;--awb-spacing-right-medium:1.92%;--awb-spacing-left-medium:1.92%;--awb-width-small:100%;--awb-order-small:0;--awb-spacing-right-small:1.92%;--awb-spacing-left-small:1.92%;\"><div class=\"fusion-column-wrapper fusion-column-has-shadow fusion-flex-justify-content-flex-start fusion-content-layout-column\"><div class=\"fusion-text fusion-text-1\"><p style=\"text-align: right;\"><a href=\"https:\/\/library.bilkent.edu.tr\/building-and-facilities\/\"><em>English<\/em><\/a><\/p>\n<\/div><div class=\"fusion-title title fusion-title-1 fusion-title-text fusion-title-size-one\" style=\"--awb-text-color:#000000;--awb-margin-top-small:0px;--awb-margin-right-small:0px;--awb-margin-bottom-small:20px;--awb-margin-left-small:0px;--awb-font-size:30px;\"><div class=\"title-sep-container title-sep-container-left fusion-no-large-visibility fusion-no-medium-visibility fusion-no-small-visibility\"><div class=\"title-sep sep-single sep-solid\" style=\"border-color:#e0dede;\"><\/div><\/div><span class=\"awb-title-spacer fusion-no-large-visibility fusion-no-medium-visibility fusion-no-small-visibility\"><\/span><h1 class=\"fusion-title-heading title-heading-left fusion-responsive-typography-calculated\" style=\"margin:0;font-size:1em;--fontSize:30;--minFontSize:30;line-height:1.5;\"><h3><b>Bina ve Olanaklar<\/b><\/h3><\/h1><span class=\"awb-title-spacer\"><\/span><div class=\"title-sep-container title-sep-container-right\"><div class=\"title-sep sep-single sep-solid\" style=\"border-color:#e0dede;\"><\/div><\/div><\/div><div class=\"fusion-text fusion-text-2\"><p><span style=\"font-weight: 400;\">Bilkent \u00dcniversitesi K\u00fct\u00fcphanesi, Do\u011fu Kamp\u00fcs ve Merkez Kamp\u00fcs olmak \u00fczere iki ayr\u0131 lokasyonda hizmet sunmaktad\u0131r. Merkez Kamp\u00fcs K\u00fct\u00fcphanesi sahip oldu\u011fu 12.423 m\u00b2 k\u00fct\u00fcphane alan\u0131 ve 1.433 ki\u015filik oturma kapasitesi ile y\u0131l\u0131n 363 g\u00fcn\u00fc kullan\u0131c\u0131lar\u0131na hizmet vermektedir.\u00a0<\/span><\/p>\n<p><b><i>Do\u011fu Kamp\u00fcs K\u00fct\u00fcphanesi<\/i><\/b><\/p>\n<p><span style=\"font-weight: 400;\">Bilkent \u00dcniversitesi Do\u011fu Kamp\u00fcs\u00fc, N Binas\u0131 (\u0130DMYO) bodrum kat\u0131nda yer almaktad\u0131r. <\/span><span style=\"font-weight: 400;\">K\u00fct\u00fcphane i\u00e7erisinde 3 adet internet eri\u015fimli bilgisayar ve 1 adet grup \u00e7al\u0131\u015fma odas\u0131 bulunmaktad\u0131r.\u00a0<\/span><\/p>\n<p><b><i>\u00d6d\u00fcn\u00e7 Verme Bankosu<\/i><\/b><\/p>\n<p><span style=\"font-weight: 400;\">Bilkent \u00dcniversitesi K\u00fct\u00fcphanesinde 3 adet \u00f6d\u00fcn\u00e7 verme bankosu bulunmaktad\u0131r. Kullan\u0131c\u0131lar\u0131n \u00f6d\u00fcn\u00e7 alma i\u015flemlerini ger\u00e7ekle\u015ftirebilece\u011fi, k\u00fct\u00fcphane kaynak ve hizmetlerine y\u00f6nelik ihtiya\u00e7lar\u0131 i\u00e7in ilk ba\u015fvuru noktas\u0131 olan \u00f6d\u00fcn\u00e7 verme bankolar\u0131; Do\u011fu Kamp\u00fcs K\u00fct\u00fcphanesi giri\u015fi, Merkez Kamp\u00fcs K\u00fct\u00fcphanesi A blok giri\u015f kat\u0131 ve B blok 2. kat Multimedya Odas\u0131nda yer almaktad\u0131r.\u00a0\u00a0<\/span><\/p>\n<p><b><i>\u00c7ok Sessiz Alan<\/i><\/b><\/p>\n<p><span style=\"font-weight: 400;\">K\u00fct\u00fcphanenin A blok, 2. kat\u0131nda yer alan \u00c7ok Sessiz Alan; cep telefonu ve diz\u00fcst\u00fc bilgisayar vb. klavyeli ekipmanlar\u0131n kullan\u0131lmad\u0131\u011f\u0131, bireysel \u00e7al\u0131\u015fmalar i\u00e7in ayr\u0131lm\u0131\u015f \u00f6zel bir aland\u0131r.\u00a0<\/span><\/p>\n<p><span style=\"font-weight: 400;\">\u00c7ok Sessiz Alan kullan\u0131m kurallar\u0131n\u0131 incelemek i\u00e7in <\/span><a href=\"https:\/\/library.bilkent.edu.tr\/tr\/kurallar\/#98b84a110f72f850e\"><span style=\"font-weight: 400;\">t\u0131klay\u0131n\u0131z.<\/span><\/a><\/p>\n<p><b><i>Grup \u00c7al\u0131\u015fma Odalar\u0131<\/i><\/b><\/p>\n<p><span style=\"font-weight: 400;\">Merkez Kamp\u00fcs K\u00fct\u00fcphanesi B blok, 2. kat\u0131nda 13 adet grup \u00e7al\u0131\u015fma odas\u0131 bulunmaktad\u0131r. Bu odalar\u0131n 7 tanesi 6 ki\u015filik, 6 tanesi 4 ki\u015filiktir. Bu odalar\u0131n kullan\u0131m\u0131 i\u00e7in Multimedya Odas\u0131 \u00f6d\u00fcn\u00e7 verme bankosuna ba\u015fvurulmal\u0131d\u0131r.\u00a0<\/span><\/p>\n<p><span style=\"font-weight: 400;\">Merkez Kamp\u00fcs K\u00fct\u00fcphanesi A blok, 2. kat\u0131nda her biri 8\u2019er ki\u015filik 2 adet grup \u00e7al\u0131\u015fma odas\u0131 bulunmaktad\u0131r. Bu odalar\u0131n kullan\u0131m\u0131 i\u00e7in A blok giri\u015f katta yer alan \u00f6d\u00fcn\u00e7 verme bankosuna ba\u015fvurulmal\u0131d\u0131r.\u00a0<\/span><\/p>\n<p><span style=\"font-weight: 400;\">Do\u011fu Kamp\u00fcs K\u00fct\u00fcphanesinde ise 1 adet 6 ki\u015filik grup \u00e7al\u0131\u015fma odas\u0131 mevcuttur.\u00a0<\/span><\/p>\n<p><span style=\"font-weight: 400;\">Grup \u00c7al\u0131\u015fma Odalar\u0131 <a href=\"https:\/\/library.bilkent.edu.tr\/tr\/kurallar\/#f35e1d60f9c755f67\">kullan\u0131m kurallar\u0131n\u0131<\/a> incelemek i\u00e7in <\/span><span style=\"font-weight: 400;\">t\u0131klay\u0131n\u0131z.<\/span><\/p>\n<p><b><i>Video \u0130zleme Odas\u0131\u00a0<\/i><\/b><\/p>\n<p><span style=\"font-weight: 400;\">Merkez Kamp\u00fcs K\u00fct\u00fcphanesi B blok, 2. kat\u0131nda 4 adet video izleme odas\u0131 bulunmaktad\u0131r. Bu odalar\u0131n kullan\u0131m\u0131 i\u00e7in Multimedya Odas\u0131 \u00f6d\u00fcn\u00e7 verme bankosuna ba\u015fvurulmal\u0131d\u0131r. Video \u0130zleme Odalar\u0131 <a href=\"https:\/\/library.bilkent.edu.tr\/tr\/kurallar\/#b927f090b9fbf4752\">kullan\u0131m kurallar\u0131n\u0131<\/a> incelemek i\u00e7in t\u0131klay\u0131n\u0131z.<\/span><\/p>\n<p><b><i>Multimedya Odas\u0131<\/i><\/b><\/p>\n<p><span style=\"font-weight: 400;\">Merkez Kamp\u00fcs K\u00fct\u00fcphanesinin B blok, 2. kat\u0131nda yer alan Multimedya Odas\u0131, koleksiyonun DVD\/VCD, <\/span><span style=\"font-weight: 400;\">klasik bat\u0131 m\u00fczi\u011fi ve caz a\u011f\u0131rl\u0131kl\u0131 m\u00fczik CD\u2019leri <\/span><span style=\"font-weight: 400;\">ve nota t\u00fcr\u00fcndeki materyallerini kapsamaktad\u0131r. <\/span><span style=\"font-weight: 400;\">Bu koleksiyonda bulunan materyallerin ve grup \u00e7al\u0131\u015fma odalar\u0131n\u0131n \u00f6d\u00fcn\u00e7 verme i\u015flemleri \u00e7al\u0131\u015fma saatleri i\u00e7erisinde ve \u00f6zel kurallara g\u00f6re, Multimedya Odas\u0131 \u00f6d\u00fcn\u00e7 verme bankosundan yap\u0131lmaktad\u0131r.\u00a0<\/span><\/p>\n<p><b><i>G\u00f6rme Engelliler Odas\u0131<\/i><\/b><\/p>\n<p><span style=\"font-weight: 400;\">G\u00f6rme Engelliler Odas\u0131, 25 Aral\u0131k 2008 tarihinde Bilkent \u00dcniversitesi Mezunlar Derne\u011fi (B\u0130LMED) ve Mezunlar Merkezi\u2019nin katk\u0131lar\u0131yla a\u00e7\u0131lm\u0131\u015f olup, k\u00fct\u00fcphanemizin A blok giri\u015f kat\u0131nda hizmet vermektedir. Bu salon, g\u00f6rme engelli kullan\u0131c\u0131lar\u0131m\u0131za bilgiye e\u015fit ve kolay eri\u015fim sa\u011flamak amac\u0131yla donat\u0131lm\u0131\u015ft\u0131r.<\/span><\/p>\n<p><span style=\"font-weight: 400;\">Bu odada, g\u00f6rme engelli kullan\u0131c\u0131lar i\u00e7in \u00e7e\u015fitli kabartmal\u0131 harflerle (Braille) haz\u0131rlanan kaynaklar ile g\u00f6rme engelli kullan\u0131c\u0131lar\u0131n ihtiyac\u0131n\u0131 kar\u015f\u0131layacak nitelikte donan\u0131ma sahip bir bilgisayar, Pearl kameral\u0131 okuma sistemi, Jaws ekran okuma program\u0131 ile kaset\u00e7alar ve yaz\u0131c\u0131 bulunmaktad\u0131r. Kullan\u0131c\u0131lar, bu bilgisayardan tarama yapabilir, olu\u015fturduklar\u0131 bir metinin \u00e7\u0131kt\u0131s\u0131n\u0131 alabilir ve internet hizmetlerinden yararlanabilirler.\u00a0<\/span><\/p>\n<p><span style=\"font-weight: 400;\">G\u00f6rme Engelliler Salonu, hafta i\u00e7i 08.30-17.00, hafta sonu ise 09.00-17.00 saatleri aras\u0131nda Referans K\u00fct\u00fcphanecilerinin kontrol\u00fcnde hizmet vermektedir. Kullan\u0131c\u0131lar, ihtiya\u00e7 duyduklar\u0131 her an salonu ziyaret edebilir ve sunulan t\u00fcm hizmetlerden faydalanabilirler. G\u00f6rme Engelliler Odas\u0131 kullan\u0131m kurallar\u0131n\u0131 incelemek i\u00e7in <\/span><span style=\"font-weight: 400;\"><a href=\"https:\/\/library.bilkent.edu.tr\/tr\/kurallar\/#7685a190832b7c3b3\">t\u0131klay\u0131n\u0131z<\/a>.\u00a0<\/span><\/p>\n<p><span style=\"font-weight: 400;\">Ayr\u0131nt\u0131l\u0131 bilgi almak ve randevu talep etmek i\u00e7in <\/span><span style=\"font-weight: 400;\">\u00f6d\u00fcn\u00e7 verme bankosuna ba\u015fvurabilir ya da bizimle <\/span><a href=\"https:\/\/library.bilkent.edu.tr\/tr\/iletisim\/\"><span style=\"font-weight: 400;\">ileti\u015fime ge\u00e7ebilirsiniz.\u00a0<\/span><\/a><\/p>\n<p><b><i>Sanat Galerisi\u00a0<\/i><\/b><\/p>\n<p><span style=\"font-weight: 400;\">Merkez Kamp\u00fcs K\u00fct\u00fcphanesi A blok, -1. kat\u0131nda yer alan Sanat Galerisi, k\u00fct\u00fcphane etkinlikleri ve \u00f6zel talepler do\u011frultusunda s\u00f6yle\u015fi, meslek\u00ee toplant\u0131, at\u00f6lye \u00e7al\u0131\u015fmas\u0131, k\u00fclt\u00fcrel faaliyet ve e\u011fitim gibi \u00e7e\u015fitli etkinliklere ev sahipli\u011fi yapan \u00e7ok ama\u00e7l\u0131 bir mekand\u0131r. Bilkent mensuplar\u0131, <a href=\"https:\/\/library.bilkent.edu.tr\/tr\/kutuphane-etkinligi-istek-formu\/\">K\u00fct\u00fcphane Etkinli\u011fi \u0130stek Formu<\/a> arac\u0131l\u0131\u011f\u0131 ile Sanat Galerisi\u2019nde ger\u00e7ekle\u015ftirmek istedikleri sanatsal, k\u00fclt\u00fcrel ve bilimsel etkinlikler i\u00e7in ba\u015fvuruda bulunabilirler.\u00a0<\/span><\/p>\n<p><span style=\"font-weight: 400;\">Sanat Galerisi kullan\u0131m kurallar\u0131n\u0131 incelemek i\u00e7in <\/span><span style=\"font-weight: 400;\"><a href=\"https:\/\/library.bilkent.edu.tr\/tr\/kurallar\/#5e9f7ef6c268500a1\">t\u0131klay\u0131n\u0131z<\/a>.<\/span><\/p>\n<p><b><i>Oryantasyon Odas\u0131<\/i><\/b><\/p>\n<p><span style=\"font-weight: 400;\">Merkez Kamp\u00fcs K\u00fct\u00fcphanesi A blok giri\u015f kat\u0131nda yer alan oryantasyon odas\u0131, \u00e7e\u015fitli etkinlikler ve sunumlara ev sahipli\u011fi yapmak amac\u0131yla tasarlanm\u0131\u015ft\u0131r. K\u00fct\u00fcphane personeli taraf\u0131ndan yap\u0131lan \u00f6zel sunumlar ve e\u011fitimler de bu odada ger\u00e7ekle\u015ftirilir. \u00d6\u011frencilerimiz ve ara\u015ft\u0131rmac\u0131lar\u0131m\u0131z, bu odada k\u00fct\u00fcphanemizin sundu\u011fu geni\u015f yelpazedeki kaynaklar\u0131 daha etkin kullanmay\u0131 \u00f6\u011frenirler. Oryantasyon talebinde bulunmak i\u00e7in <a href=\"https:\/\/library.bilkent.edu.tr\/tr\/oryantasyon-istek-formu\/\">t\u0131klay\u0131n\u0131z<\/a>.\u00a0<\/span><\/p>\n<p><span style=\"font-weight: 400;\">Oryantasyon odas\u0131 kullan\u0131m kurallar\u0131n\u0131 incelemek i\u00e7in <\/span><span style=\"font-weight: 400;\"><a href=\"https:\/\/library.bilkent.edu.tr\/tr\/kurallar\/#8c4d95ff3a742f394\">t\u0131klay\u0131n\u0131z<\/a>.<\/span><\/p>\n<p><b><i>K\u0131rtasiye<\/i><\/b><\/p>\n<p><span style=\"font-weight: 400;\">Merkez Kamp\u00fcs K\u00fct\u00fcphanesi, B blok, 1. kat\u0131nda k\u0131rtasiye gere\u00e7leri sat\u0131\u015f\u0131, tez bas\u0131m\u0131 ve \u00e7e\u015fitli bask\u0131 i\u015flerini ger\u00e7ekle\u015ftiren bir adet k\u0131rtasiye bulunmaktad\u0131r.\u00a0\u00a0<\/span><\/p>\n<p><span style=\"font-weight: 400;\">Telif haklar\u0131 gere\u011fi k\u00fct\u00fcphane materyallerinin fotokopisi \u00e7ekilmemektedir. K\u0131rtasiyenin sunmu\u015f oldu\u011fu fotokopi ve bask\u0131 imkan\u0131ndan yararlanan t\u00fcm k\u00fct\u00fcphane kullan\u0131c\u0131lar\u0131, telif hakk\u0131 yasalar\u0131n\u0131 kabul etmi\u015f say\u0131l\u0131r.<\/span><\/p>\n<p><b><i>Kafe<\/i><\/b><\/p>\n<p><span style=\"font-weight: 400;\">Merkez Kamp\u00fcs K\u00fct\u00fcphanesi i\u00e7erisinde yeme-i\u00e7me faaliyetleri kesinlikle yasakt\u0131r. K\u00fct\u00fcphane i\u00e7erisinde, kullan\u0131c\u0131lar\u0131n bu ihtiya\u00e7lar\u0131n\u0131 giderebildikleri iki adet \u00f6zel kafe i\u015fletmesi A blok giri\u015f kat ve B blok 3. katta yer almaktad\u0131r.<\/span><\/p>\n<p><b><i>\u0130nternet Eri\u015fimli Bilgisayarlar<\/i><\/b><\/p>\n<p><span style=\"font-weight: 400;\">Merkez Kamp\u00fcs K\u00fct\u00fcphanesi A blok, 1 kat ve A blok, 2 kat\u0131 salonlar\u0131nda yer alan internet eri\u015fimli bilgisayarlar t\u00fcm kullan\u0131c\u0131lar\u0131n eri\u015fimine a\u00e7\u0131kt\u0131r. Kullan\u0131m kurallar\u0131n\u0131 incelemek i\u00e7in <a href=\"https:\/\/library.bilkent.edu.tr\/tr\/kurallar\/#39fe9b6f1f2b9f506\">t\u0131klay\u0131n\u0131z<\/a>.<\/span><\/p>\n<\/div><\/div><\/div><div class=\"fusion-layout-column fusion_builder_column fusion-builder-column-1 fusion_builder_column_1_2 1_2 fusion-flex-column\" style=\"--awb-bg-size:cover;--awb-width-large:50%;--awb-margin-top-large:0px;--awb-spacing-right-large:3.84%;--awb-margin-bottom-large:20px;--awb-spacing-left-large:3.84%;--awb-width-medium:100%;--awb-order-medium:0;--awb-spacing-right-medium:1.92%;--awb-spacing-left-medium:1.92%;--awb-width-small:100%;--awb-order-small:0;--awb-spacing-right-small:1.92%;--awb-spacing-left-small:1.92%;\"><div class=\"fusion-column-wrapper fusion-column-has-shadow fusion-flex-justify-content-flex-start fusion-content-layout-column\"><div class=\"fusion-image-element awb-imageframe-style awb-imageframe-style-below awb-imageframe-style-1\" style=\"--awb-aspect-ratio:3 \/ 2;--awb-caption-title-color:#3d3d3d;--awb-caption-text-color:#424242;--awb-caption-text-size:15px;--awb-caption-overlay-color:rgba(0,90,156,0);--awb-caption-title-font-family:var(--h5_typography-font-family);--awb-caption-title-font-weight:var(--h5_typography-font-weight);--awb-caption-title-font-style:var(--h5_typography-font-style);--awb-caption-title-size:15px;--awb-caption-title-transform:var(--h5_typography-text-transform);--awb-caption-title-line-height:var(--h5_typography-line-height);--awb-caption-title-letter-spacing:var(--h5_typography-letter-spacing);\"><span class=\" fusion-imageframe imageframe-none imageframe-1 hover-type-none has-aspect-ratio\"><a class=\"fusion-no-lightbox\" href=\"https:\/\/library.bilkent.edu.tr\/tr\/wp-content\/uploads\/2024\/09\/genel.jpg\" target=\"_blank\" aria-label=\"Bilkent \u00dcniversitesi K\u00fct\u00fcphane Plan\u0131\" rel=\"noopener noreferrer\"><img decoding=\"async\" width=\"2533\" height=\"1452\" src=\"https:\/\/library.bilkent.edu.tr\/tr\/wp-content\/uploads\/2024\/09\/genel.jpg\" class=\"img-responsive wp-image-21547 img-with-aspect-ratio\" data-parent-fit=\"cover\" data-parent-container=\".fusion-image-element\" alt srcset=\"https:\/\/library.bilkent.edu.tr\/tr\/wp-content\/uploads\/2024\/09\/genel-200x115.jpg 200w, https:\/\/library.bilkent.edu.tr\/tr\/wp-content\/uploads\/2024\/09\/genel-400x229.jpg 400w, https:\/\/library.bilkent.edu.tr\/tr\/wp-content\/uploads\/2024\/09\/genel-600x344.jpg 600w, https:\/\/library.bilkent.edu.tr\/tr\/wp-content\/uploads\/2024\/09\/genel-800x459.jpg 800w, https:\/\/library.bilkent.edu.tr\/tr\/wp-content\/uploads\/2024\/09\/genel-1200x688.jpg 1200w, https:\/\/library.bilkent.edu.tr\/tr\/wp-content\/uploads\/2024\/09\/genel.jpg 2533w\" sizes=\"(max-width: 1024px) 100vw, (max-width: 640px) 100vw, 800px\" \/><\/a><\/span><div class=\"awb-imageframe-caption-container\"><div class=\"awb-imageframe-caption\"><h5 class=\"awb-imageframe-caption-title\">Bilkent \u00dcniversitesi K\u00fct\u00fcphane Plan\u0131<\/h5><p class=\"awb-imageframe-caption-text\">Location of books according to the Library of Congress (LC) Classification<\/p><\/div><\/div><\/div><\/div><\/div><div class=\"fusion-layout-column fusion_builder_column fusion-builder-column-2 fusion_builder_column_1_2 1_2 fusion-flex-column\" style=\"--awb-bg-size:cover;--awb-width-large:50%;--awb-margin-top-large:0px;--awb-spacing-right-large:3.84%;--awb-margin-bottom-large:20px;--awb-spacing-left-large:3.84%;--awb-width-medium:100%;--awb-order-medium:0;--awb-spacing-right-medium:1.92%;--awb-spacing-left-medium:1.92%;--awb-width-small:100%;--awb-order-small:0;--awb-spacing-right-small:1.92%;--awb-spacing-left-small:1.92%;\"><div class=\"fusion-column-wrapper fusion-column-has-shadow fusion-flex-justify-content-flex-start fusion-content-layout-column\"><\/div><\/div><\/div><\/div>\n","protected":false},"excerpt":{"rendered":"","protected":false},"author":3509,"featured_media":0,"parent":0,"menu_order":0,"comment_status":"closed","ping_status":"closed","template":"","meta":{"footnotes":""},"class_list":["post-21219","page","type-page","status-publish","hentry"],"yoast_head":"<!-- This site is optimized with the Yoast SEO plugin v27.3 - https:\/\/yoast.com\/product\/yoast-seo-wordpress\/ -->\n<title>Bina ve Olanaklar - Bilkent \u00dcniversitesi K\u00fct\u00fcphanesi<\/title>\n<meta name=\"robots\" content=\"index, follow, max-snippet:-1, max-image-preview:large, max-video-preview:-1\" \/>\n<link rel=\"canonical\" href=\"https:\/\/library.bilkent.edu.tr\/tr\/bina-ve-olanaklar\/\" \/>\n<meta property=\"og:locale\" content=\"tr_TR\" \/>\n<meta property=\"og:type\" content=\"article\" \/>\n<meta property=\"og:title\" content=\"Bina ve Olanaklar - Bilkent \u00dcniversitesi K\u00fct\u00fcphanesi\" \/>\n<meta property=\"og:url\" content=\"https:\/\/library.bilkent.edu.tr\/tr\/bina-ve-olanaklar\/\" \/>\n<meta property=\"og:site_name\" content=\"Bilkent \u00dcniversitesi K\u00fct\u00fcphanesi\" \/>\n<meta property=\"article:modified_time\" content=\"2024-09-11T14:08:11+00:00\" \/>\n<meta name=\"twitter:card\" content=\"summary_large_image\" \/>\n<meta name=\"twitter:label1\" content=\"Tahmini okuma s\u00fcresi\" \/>\n\t<meta name=\"twitter:data1\" content=\"18 dakika\" \/>\n<script type=\"application\/ld+json\" class=\"yoast-schema-graph\">{\"@context\":\"https:\\\/\\\/schema.org\",\"@graph\":[{\"@type\":\"WebPage\",\"@id\":\"https:\\\/\\\/library.bilkent.edu.tr\\\/tr\\\/bina-ve-olanaklar\\\/\",\"url\":\"https:\\\/\\\/library.bilkent.edu.tr\\\/tr\\\/bina-ve-olanaklar\\\/\",\"name\":\"Bina ve Olanaklar - Bilkent \u00dcniversitesi K\u00fct\u00fcphanesi\",\"isPartOf\":{\"@id\":\"https:\\\/\\\/library.bilkent.edu.tr\\\/tr\\\/#website\"},\"datePublished\":\"2024-09-04T06:02:14+00:00\",\"dateModified\":\"2024-09-11T14:08:11+00:00\",\"breadcrumb\":{\"@id\":\"https:\\\/\\\/library.bilkent.edu.tr\\\/tr\\\/bina-ve-olanaklar\\\/#breadcrumb\"},\"inLanguage\":\"tr\",\"potentialAction\":[{\"@type\":\"ReadAction\",\"target\":[\"https:\\\/\\\/library.bilkent.edu.tr\\\/tr\\\/bina-ve-olanaklar\\\/\"]}]},{\"@type\":\"BreadcrumbList\",\"@id\":\"https:\\\/\\\/library.bilkent.edu.tr\\\/tr\\\/bina-ve-olanaklar\\\/#breadcrumb\",\"itemListElement\":[{\"@type\":\"ListItem\",\"position\":1,\"name\":\"Home\",\"item\":\"https:\\\/\\\/library.bilkent.edu.tr\\\/tr\\\/\"},{\"@type\":\"ListItem\",\"position\":2,\"name\":\"Bina ve Olanaklar\"}]},{\"@type\":\"WebSite\",\"@id\":\"https:\\\/\\\/library.bilkent.edu.tr\\\/tr\\\/#website\",\"url\":\"https:\\\/\\\/library.bilkent.edu.tr\\\/tr\\\/\",\"name\":\"Bilkent \u00dcniversitesi K\u00fct\u00fcphanesi\",\"description\":\"\",\"publisher\":{\"@id\":\"https:\\\/\\\/library.bilkent.edu.tr\\\/tr\\\/#organization\"},\"potentialAction\":[{\"@type\":\"SearchAction\",\"target\":{\"@type\":\"EntryPoint\",\"urlTemplate\":\"https:\\\/\\\/library.bilkent.edu.tr\\\/tr\\\/?s={search_term_string}\"},\"query-input\":{\"@type\":\"PropertyValueSpecification\",\"valueRequired\":true,\"valueName\":\"search_term_string\"}}],\"inLanguage\":\"tr\"},{\"@type\":\"Organization\",\"@id\":\"https:\\\/\\\/library.bilkent.edu.tr\\\/tr\\\/#organization\",\"name\":\"Bilkent \u00dcniversitesi K\u00fct\u00fcphanesi\",\"url\":\"https:\\\/\\\/library.bilkent.edu.tr\\\/tr\\\/\",\"logo\":{\"@type\":\"ImageObject\",\"inLanguage\":\"tr\",\"@id\":\"https:\\\/\\\/library.bilkent.edu.tr\\\/tr\\\/#\\\/schema\\\/logo\\\/image\\\/\",\"url\":\"https:\\\/\\\/library.bilkent.edu.tr\\\/tr\\\/wp-content\\\/uploads\\\/2017\\\/12\\\/bilkent-tr-2.png\",\"contentUrl\":\"https:\\\/\\\/library.bilkent.edu.tr\\\/tr\\\/wp-content\\\/uploads\\\/2017\\\/12\\\/bilkent-tr-2.png\",\"width\":800,\"height\":172,\"caption\":\"Bilkent \u00dcniversitesi K\u00fct\u00fcphanesi\"},\"image\":{\"@id\":\"https:\\\/\\\/library.bilkent.edu.tr\\\/tr\\\/#\\\/schema\\\/logo\\\/image\\\/\"}}]}<\/script>\n<!-- \/ Yoast SEO plugin. -->","yoast_head_json":{"title":"Bina ve Olanaklar - Bilkent \u00dcniversitesi K\u00fct\u00fcphanesi","robots":{"index":"index","follow":"follow","max-snippet":"max-snippet:-1","max-image-preview":"max-image-preview:large","max-video-preview":"max-video-preview:-1"},"canonical":"https:\/\/library.bilkent.edu.tr\/tr\/bina-ve-olanaklar\/","og_locale":"tr_TR","og_type":"article","og_title":"Bina ve Olanaklar - Bilkent \u00dcniversitesi K\u00fct\u00fcphanesi","og_url":"https:\/\/library.bilkent.edu.tr\/tr\/bina-ve-olanaklar\/","og_site_name":"Bilkent \u00dcniversitesi K\u00fct\u00fcphanesi","article_modified_time":"2024-09-11T14:08:11+00:00","twitter_card":"summary_large_image","twitter_misc":{"Tahmini okuma s\u00fcresi":"18 dakika"},"schema":{"@context":"https:\/\/schema.org","@graph":[{"@type":"WebPage","@id":"https:\/\/library.bilkent.edu.tr\/tr\/bina-ve-olanaklar\/","url":"https:\/\/library.bilkent.edu.tr\/tr\/bina-ve-olanaklar\/","name":"Bina ve Olanaklar - Bilkent \u00dcniversitesi K\u00fct\u00fcphanesi","isPartOf":{"@id":"https:\/\/library.bilkent.edu.tr\/tr\/#website"},"datePublished":"2024-09-04T06:02:14+00:00","dateModified":"2024-09-11T14:08:11+00:00","breadcrumb":{"@id":"https:\/\/library.bilkent.edu.tr\/tr\/bina-ve-olanaklar\/#breadcrumb"},"inLanguage":"tr","potentialAction":[{"@type":"ReadAction","target":["https:\/\/library.bilkent.edu.tr\/tr\/bina-ve-olanaklar\/"]}]},{"@type":"BreadcrumbList","@id":"https:\/\/library.bilkent.edu.tr\/tr\/bina-ve-olanaklar\/#breadcrumb","itemListElement":[{"@type":"ListItem","position":1,"name":"Home","item":"https:\/\/library.bilkent.edu.tr\/tr\/"},{"@type":"ListItem","position":2,"name":"Bina ve Olanaklar"}]},{"@type":"WebSite","@id":"https:\/\/library.bilkent.edu.tr\/tr\/#website","url":"https:\/\/library.bilkent.edu.tr\/tr\/","name":"Bilkent \u00dcniversitesi K\u00fct\u00fcphanesi","description":"","publisher":{"@id":"https:\/\/library.bilkent.edu.tr\/tr\/#organization"},"potentialAction":[{"@type":"SearchAction","target":{"@type":"EntryPoint","urlTemplate":"https:\/\/library.bilkent.edu.tr\/tr\/?s={search_term_string}"},"query-input":{"@type":"PropertyValueSpecification","valueRequired":true,"valueName":"search_term_string"}}],"inLanguage":"tr"},{"@type":"Organization","@id":"https:\/\/library.bilkent.edu.tr\/tr\/#organization","name":"Bilkent \u00dcniversitesi K\u00fct\u00fcphanesi","url":"https:\/\/library.bilkent.edu.tr\/tr\/","logo":{"@type":"ImageObject","inLanguage":"tr","@id":"https:\/\/library.bilkent.edu.tr\/tr\/#\/schema\/logo\/image\/","url":"https:\/\/library.bilkent.edu.tr\/tr\/wp-content\/uploads\/2017\/12\/bilkent-tr-2.png","contentUrl":"https:\/\/library.bilkent.edu.tr\/tr\/wp-content\/uploads\/2017\/12\/bilkent-tr-2.png","width":800,"height":172,"caption":"Bilkent \u00dcniversitesi K\u00fct\u00fcphanesi"},"image":{"@id":"https:\/\/library.bilkent.edu.tr\/tr\/#\/schema\/logo\/image\/"}}]}},"_links":{"self":[{"href":"https:\/\/library.bilkent.edu.tr\/tr\/wp-json\/wp\/v2\/pages\/21219","targetHints":{"allow":["GET"]}}],"collection":[{"href":"https:\/\/library.bilkent.edu.tr\/tr\/wp-json\/wp\/v2\/pages"}],"about":[{"href":"https:\/\/library.bilkent.edu.tr\/tr\/wp-json\/wp\/v2\/types\/page"}],"author":[{"embeddable":true,"href":"https:\/\/library.bilkent.edu.tr\/tr\/wp-json\/wp\/v2\/users\/3509"}],"replies":[{"embeddable":true,"href":"https:\/\/library.bilkent.edu.tr\/tr\/wp-json\/wp\/v2\/comments?post=21219"}],"version-history":[{"count":6,"href":"https:\/\/library.bilkent.edu.tr\/tr\/wp-json\/wp\/v2\/pages\/21219\/revisions"}],"predecessor-version":[{"id":21549,"href":"https:\/\/library.bilkent.edu.tr\/tr\/wp-json\/wp\/v2\/pages\/21219\/revisions\/21549"}],"wp:attachment":[{"href":"https:\/\/library.bilkent.edu.tr\/tr\/wp-json\/wp\/v2\/media?parent=21219"}],"curies":[{"name":"wp","href":"https:\/\/api.w.org\/{rel}","templated":true}]}}