{"id":21214,"date":"2024-09-04T09:00:49","date_gmt":"2024-09-04T06:00:49","guid":{"rendered":"https:\/\/library.bilkent.edu.tr\/tr\/?page_id=21214"},"modified":"2025-04-07T14:01:54","modified_gmt":"2025-04-07T11:01:54","slug":"tarihce","status":"publish","type":"page","link":"https:\/\/library.bilkent.edu.tr\/tr\/tarihce\/","title":{"rendered":"Tarih\u00e7e"},"content":{"rendered":"<div class=\"fusion-fullwidth fullwidth-box fusion-builder-row-1 fusion-flex-container has-pattern-background has-mask-background nonhundred-percent-fullwidth non-hundred-percent-height-scrolling\" style=\"--awb-border-radius-top-left:0px;--awb-border-radius-top-right:0px;--awb-border-radius-bottom-right:0px;--awb-border-radius-bottom-left:0px;--awb-flex-wrap:wrap;\" ><div class=\"fusion-builder-row fusion-row fusion-flex-align-items-flex-start fusion-flex-content-wrap\" style=\"max-width:1560px;margin-left: calc(-4% \/ 2 );margin-right: calc(-4% \/ 2 );\"><div class=\"fusion-layout-column fusion_builder_column fusion-builder-column-0 fusion_builder_column_1_1 1_1 fusion-flex-column\" style=\"--awb-bg-size:cover;--awb-width-large:100%;--awb-margin-top-large:0px;--awb-spacing-right-large:1.92%;--awb-margin-bottom-large:20px;--awb-spacing-left-large:1.92%;--awb-width-medium:100%;--awb-order-medium:0;--awb-spacing-right-medium:1.92%;--awb-spacing-left-medium:1.92%;--awb-width-small:100%;--awb-order-small:0;--awb-spacing-right-small:1.92%;--awb-spacing-left-small:1.92%;\"><div class=\"fusion-column-wrapper fusion-column-has-shadow fusion-flex-justify-content-flex-start fusion-content-layout-column\"><div class=\"fusion-title title fusion-title-1 fusion-sep-none fusion-title-text fusion-title-size-six\" style=\"--awb-margin-top-small:0px;--awb-margin-right-small:0px;--awb-margin-bottom-small:20px;--awb-margin-left-small:0px;--awb-sep-color:#cccccc;\"><h6 class=\"fusion-title-heading title-heading-right fusion-responsive-typography-calculated\" style=\"margin:0;--fontSize:18;--minFontSize:18;line-height:1.5;\"><em><a style=\"color: #000;\" href=\"https:\/\/library.bilkent.edu.tr\/history\/\">English<\/a><\/em><\/h6><\/div><div class=\"fusion-title title fusion-title-2 fusion-title-text fusion-title-size-one\" style=\"--awb-text-color:#000000;--awb-margin-top-small:0px;--awb-margin-right-small:0px;--awb-margin-bottom-small:20px;--awb-margin-left-small:0px;--awb-font-size:30px;\"><div class=\"title-sep-container title-sep-container-left fusion-no-large-visibility fusion-no-medium-visibility fusion-no-small-visibility\"><div class=\"title-sep sep-single sep-solid\" style=\"border-color:#e0dede;\"><\/div><\/div><span class=\"awb-title-spacer fusion-no-large-visibility fusion-no-medium-visibility fusion-no-small-visibility\"><\/span><h1 class=\"fusion-title-heading title-heading-left fusion-responsive-typography-calculated\" style=\"margin:0;font-size:1em;--fontSize:30;--minFontSize:30;line-height:1.5;\"><h3><b>Bilkent \u00dcniversitesi K\u00fct\u00fcphanesi Tarih\u00e7esi<\/b><\/h3><\/h1><span class=\"awb-title-spacer\"><\/span><div class=\"title-sep-container title-sep-container-right\"><div class=\"title-sep sep-single sep-solid\" style=\"border-color:#e0dede;\"><\/div><\/div><\/div><\/div><\/div><div class=\"fusion-layout-column fusion_builder_column fusion-builder-column-1 fusion_builder_column_1_3 1_3 fusion-flex-column\" style=\"--awb-bg-size:cover;--awb-width-large:33.333333333333%;--awb-margin-top-large:0px;--awb-spacing-right-large:5.76%;--awb-margin-bottom-large:20px;--awb-spacing-left-large:5.76%;--awb-width-medium:100%;--awb-order-medium:0;--awb-spacing-right-medium:1.92%;--awb-spacing-left-medium:1.92%;--awb-width-small:100%;--awb-order-small:0;--awb-spacing-right-small:1.92%;--awb-spacing-left-small:1.92%;\"><div class=\"fusion-column-wrapper fusion-column-has-shadow fusion-flex-justify-content-flex-start fusion-content-layout-column\"><div class=\"fusion-image-element \" style=\"--awb-aspect-ratio:3 \/ 2;--awb-margin-top:20px;--awb-margin-bottom:20px;--awb-caption-title-font-family:var(--h2_typography-font-family);--awb-caption-title-font-weight:var(--h2_typography-font-weight);--awb-caption-title-font-style:var(--h2_typography-font-style);--awb-caption-title-size:var(--h2_typography-font-size);--awb-caption-title-transform:var(--h2_typography-text-transform);--awb-caption-title-line-height:var(--h2_typography-line-height);--awb-caption-title-letter-spacing:var(--h2_typography-letter-spacing);\"><span class=\" fusion-imageframe imageframe-none imageframe-1 hover-type-none has-aspect-ratio\"><a class=\"fusion-no-lightbox\" href=\"https:\/\/library.bilkent.edu.tr\/tr\/wp-content\/uploads\/2024\/09\/1.jpg\" target=\"_blank\" aria-label=\"1\" rel=\"noopener noreferrer\"><img decoding=\"async\" width=\"1024\" height=\"679\" src=\"https:\/\/library.bilkent.edu.tr\/tr\/wp-content\/uploads\/2024\/09\/1.jpg\" class=\"img-responsive wp-image-21268 img-with-aspect-ratio\" data-parent-fit=\"cover\" data-parent-container=\".fusion-image-element\" alt srcset=\"https:\/\/library.bilkent.edu.tr\/tr\/wp-content\/uploads\/2024\/09\/1-200x133.jpg 200w, https:\/\/library.bilkent.edu.tr\/tr\/wp-content\/uploads\/2024\/09\/1-400x265.jpg 400w, https:\/\/library.bilkent.edu.tr\/tr\/wp-content\/uploads\/2024\/09\/1-600x398.jpg 600w, https:\/\/library.bilkent.edu.tr\/tr\/wp-content\/uploads\/2024\/09\/1-800x530.jpg 800w, https:\/\/library.bilkent.edu.tr\/tr\/wp-content\/uploads\/2024\/09\/1.jpg 1024w\" sizes=\"(max-width: 1024px) 100vw, (max-width: 640px) 100vw, 600px\" \/><\/a><\/span><\/div><div class=\"fusion-image-element \" style=\"--awb-aspect-ratio:3 \/ 2;--awb-margin-bottom:20px;--awb-caption-title-font-family:var(--h2_typography-font-family);--awb-caption-title-font-weight:var(--h2_typography-font-weight);--awb-caption-title-font-style:var(--h2_typography-font-style);--awb-caption-title-size:var(--h2_typography-font-size);--awb-caption-title-transform:var(--h2_typography-text-transform);--awb-caption-title-line-height:var(--h2_typography-line-height);--awb-caption-title-letter-spacing:var(--h2_typography-letter-spacing);\"><span class=\" fusion-imageframe imageframe-none imageframe-2 hover-type-none has-aspect-ratio\"><a class=\"fusion-no-lightbox\" href=\"https:\/\/library.bilkent.edu.tr\/tr\/wp-content\/uploads\/2024\/09\/2-scaled.jpg\" target=\"_blank\" aria-label=\"2\" rel=\"noopener noreferrer\"><img decoding=\"async\" width=\"2560\" height=\"1697\" src=\"https:\/\/library.bilkent.edu.tr\/tr\/wp-content\/uploads\/2024\/09\/2-scaled.jpg\" class=\"img-responsive wp-image-21267 img-with-aspect-ratio\" data-parent-fit=\"cover\" data-parent-container=\".fusion-image-element\" alt srcset=\"https:\/\/library.bilkent.edu.tr\/tr\/wp-content\/uploads\/2024\/09\/2-200x133.jpg 200w, https:\/\/library.bilkent.edu.tr\/tr\/wp-content\/uploads\/2024\/09\/2-400x265.jpg 400w, https:\/\/library.bilkent.edu.tr\/tr\/wp-content\/uploads\/2024\/09\/2-600x398.jpg 600w, https:\/\/library.bilkent.edu.tr\/tr\/wp-content\/uploads\/2024\/09\/2-800x530.jpg 800w, https:\/\/library.bilkent.edu.tr\/tr\/wp-content\/uploads\/2024\/09\/2-1200x795.jpg 1200w, https:\/\/library.bilkent.edu.tr\/tr\/wp-content\/uploads\/2024\/09\/2-scaled.jpg 2560w\" sizes=\"(max-width: 1024px) 100vw, (max-width: 640px) 100vw, 600px\" \/><\/a><\/span><\/div><div class=\"fusion-image-element \" style=\"--awb-aspect-ratio:3 \/ 2;--awb-margin-bottom:20px;--awb-caption-title-font-family:var(--h2_typography-font-family);--awb-caption-title-font-weight:var(--h2_typography-font-weight);--awb-caption-title-font-style:var(--h2_typography-font-style);--awb-caption-title-size:var(--h2_typography-font-size);--awb-caption-title-transform:var(--h2_typography-text-transform);--awb-caption-title-line-height:var(--h2_typography-line-height);--awb-caption-title-letter-spacing:var(--h2_typography-letter-spacing);\"><span class=\" fusion-imageframe imageframe-none imageframe-3 hover-type-none has-aspect-ratio\"><a class=\"fusion-no-lightbox\" href=\"https:\/\/library.bilkent.edu.tr\/tr\/wp-content\/uploads\/2024\/09\/3.png\" target=\"_blank\" aria-label=\"3\" rel=\"noopener noreferrer\"><img decoding=\"async\" width=\"1405\" height=\"825\" src=\"https:\/\/library.bilkent.edu.tr\/tr\/wp-content\/uploads\/2024\/09\/3.png\" class=\"img-responsive wp-image-21266 img-with-aspect-ratio\" data-parent-fit=\"cover\" data-parent-container=\".fusion-image-element\" alt srcset=\"https:\/\/library.bilkent.edu.tr\/tr\/wp-content\/uploads\/2024\/09\/3-200x117.png 200w, https:\/\/library.bilkent.edu.tr\/tr\/wp-content\/uploads\/2024\/09\/3-400x235.png 400w, https:\/\/library.bilkent.edu.tr\/tr\/wp-content\/uploads\/2024\/09\/3-600x352.png 600w, https:\/\/library.bilkent.edu.tr\/tr\/wp-content\/uploads\/2024\/09\/3-800x470.png 800w, https:\/\/library.bilkent.edu.tr\/tr\/wp-content\/uploads\/2024\/09\/3-1200x705.png 1200w, https:\/\/library.bilkent.edu.tr\/tr\/wp-content\/uploads\/2024\/09\/3.png 1405w\" sizes=\"(max-width: 1024px) 100vw, (max-width: 640px) 100vw, 600px\" \/><\/a><\/span><\/div><div class=\"fusion-image-element \" style=\"--awb-aspect-ratio:3 \/ 2;--awb-margin-bottom:20px;--awb-caption-title-font-family:var(--h2_typography-font-family);--awb-caption-title-font-weight:var(--h2_typography-font-weight);--awb-caption-title-font-style:var(--h2_typography-font-style);--awb-caption-title-size:var(--h2_typography-font-size);--awb-caption-title-transform:var(--h2_typography-text-transform);--awb-caption-title-line-height:var(--h2_typography-line-height);--awb-caption-title-letter-spacing:var(--h2_typography-letter-spacing);\"><span class=\" fusion-imageframe imageframe-none imageframe-4 hover-type-none has-aspect-ratio\"><a class=\"fusion-no-lightbox\" href=\"https:\/\/library.bilkent.edu.tr\/tr\/wp-content\/uploads\/2024\/09\/4.jpg\" target=\"_blank\" aria-label=\"4\" rel=\"noopener noreferrer\"><img decoding=\"async\" width=\"1080\" height=\"746\" src=\"https:\/\/library.bilkent.edu.tr\/tr\/wp-content\/uploads\/2024\/09\/4.jpg\" class=\"img-responsive wp-image-21265 img-with-aspect-ratio\" data-parent-fit=\"cover\" data-parent-container=\".fusion-image-element\" alt srcset=\"https:\/\/library.bilkent.edu.tr\/tr\/wp-content\/uploads\/2024\/09\/4-200x138.jpg 200w, https:\/\/library.bilkent.edu.tr\/tr\/wp-content\/uploads\/2024\/09\/4-400x276.jpg 400w, https:\/\/library.bilkent.edu.tr\/tr\/wp-content\/uploads\/2024\/09\/4-600x414.jpg 600w, https:\/\/library.bilkent.edu.tr\/tr\/wp-content\/uploads\/2024\/09\/4-800x553.jpg 800w, https:\/\/library.bilkent.edu.tr\/tr\/wp-content\/uploads\/2024\/09\/4.jpg 1080w\" sizes=\"(max-width: 1024px) 100vw, (max-width: 640px) 100vw, 600px\" \/><\/a><\/span><\/div><\/div><\/div><div class=\"fusion-layout-column fusion_builder_column fusion-builder-column-2 fusion_builder_column_2_3 2_3 fusion-flex-column\" style=\"--awb-bg-size:cover;--awb-width-large:66.666666666667%;--awb-margin-top-large:0px;--awb-spacing-right-large:2.88%;--awb-margin-bottom-large:20px;--awb-spacing-left-large:2.88%;--awb-width-medium:100%;--awb-order-medium:0;--awb-spacing-right-medium:1.92%;--awb-spacing-left-medium:1.92%;--awb-width-small:100%;--awb-order-small:0;--awb-spacing-right-small:1.92%;--awb-spacing-left-small:1.92%;\"><div class=\"fusion-column-wrapper fusion-column-has-shadow fusion-flex-justify-content-flex-start fusion-content-layout-column\"><div class=\"fusion-text fusion-text-1\"><p><span style=\"font-weight: 400;\">Bilkent \u00dcniversitesi K\u00fct\u00fcphanesi, 1986 y\u0131l\u0131nda, T\u00fcrkiye\u2019nin ilk vak\u0131f \u00fcniversitesi olan Bilkent \u00dcniversitesinin e\u011fitime ba\u015flamas\u0131 ile kurulmu\u015ftur<\/span><span style=\"font-weight: 400;\">. Prof. Dr. \u0130hsan Do\u011framac\u0131&#8217;n\u0131n vizyonu do\u011frultusunda, \u00fcniversitenin e\u011fitim ve ara\u015ft\u0131rma misyonunu desteklemek amac\u0131yla \u00f6nemli bir bile\u015fen olarak planlanm\u0131\u015ft\u0131r<\/span><span style=\"font-weight: 400;\">. Ba\u015flang\u0131\u00e7ta <\/span><span style=\"font-weight: 400;\">akademik personel ve \u00f6\u011frencilere temel kaynaklar\u0131 sa\u011flayacak <\/span><span style=\"font-weight: 400;\">nitelikte bir koleksiyon ile hizmete ba\u015flayan k\u00fct\u00fcphane, y\u0131llar i\u00e7inde h\u0131zla b\u00fcy\u00fcyerek bug\u00fcn T\u00fcrkiye\u2019nin en kapsaml\u0131 akademik k\u00fct\u00fcphanelerinden biri haline gelmi\u015ftir.<\/span><\/p>\n<p><b>\u0130lk Y\u0131llar ve Geli\u015fim<\/b><\/p>\n<p><span style=\"font-weight: 400;\">1986 y\u0131l\u0131n\u0131n Ekim ay\u0131nda <\/span><span style=\"font-weight: 400;\">\u00fcniversitenin e\u011fitime ba\u015flamas\u0131 ile beraber be\u015f k\u00fct\u00fcphanecisi, iki sekreter ve iki destek personeli ile <\/span><span style=\"font-weight: 400;\">faaliyete ge\u00e7en Bilkent \u00dcniversitesi K\u00fct\u00fcphanesi, ba\u015flang\u0131\u00e7ta \u00fcniversitenin \u00f6\u011frencilerine, akademik ve idari personeline hizmet vermek amac\u0131yla kurulmu\u015ftur. Akademik programlar\u0131n \u00e7e\u015fitlenmesi ve artan \u00f6\u011frenci say\u0131s\u0131yla birlikte, bilimsel ara\u015ft\u0131rmalar\u0131 destekleme ve geli\u015fmeye katk\u0131 sa\u011flamak i\u00e7in gerekli alt yap\u0131y\u0131 kurmak \u00fczere k\u00fct\u00fcphane koleksiyonu h\u0131zla b\u00fcy\u00fcm\u00fc\u015ft\u00fcr. Bu do\u011frultuda elektronik kaynaklar\u0131n\u0131 ve dijital koleksiyonlar\u0131n\u0131 daha da geni\u015fleterek dijital \u00e7a\u011f\u0131n gerekliliklerine uygun bir hizmet anlay\u0131\u015f\u0131n\u0131 benimsemi\u015f, k\u00fct\u00fcphane hizmetlerinde daima teknolojik geli\u015fmelere ayak uydurmu\u015ftur.\u00a0<\/span><\/p>\n<p><span style=\"font-weight: 400;\">K\u00fct\u00fcphane, kurulu\u015fundan dokuz ay sonra lojmanlardaki ge\u00e7ici yerinden bug\u00fcnk\u00fc binas\u0131na ta\u015f\u0131nm\u0131\u015ft\u0131r. 1993 y\u0131l\u0131na gelindi\u011finde, koleksiyonun geni\u015flemesiyle beraber mevcut k\u00fct\u00fcphane alan\u0131n\u0131n yetersiz kalmas\u0131 nedeniyle merkez k\u00fct\u00fcphane i\u015flevini yerine getirmek \u00fczere 600.000 kitap kapasiteli yeni bir bina in\u015fas\u0131na ba\u015flanm\u0131\u015ft\u0131r. Bu bina 1996 y\u0131l\u0131nda kullan\u0131ma a\u00e7\u0131lm\u0131\u015f ve 5. Ulusal Mimarl\u0131k \u00d6d\u00fclleri Yap\u0131 Dal\u0131 \u00d6d\u00fcl\u00fc\u2019ne lay\u0131k g\u00f6r\u00fclm\u00fc\u015ft\u00fcr. 1993 y\u0131l\u0131nda a\u00e7\u0131lan Do\u011fu Kamp\u00fcs K\u00fct\u00fcphanesi ise 2001 y\u0131l\u0131nda bug\u00fcnk\u00fc N Binas\u0131nda hizmete ba\u015flam\u0131\u015ft\u0131r.\u00a0<\/span><\/p>\n<p><span style=\"font-weight: 400;\">1986 y\u0131l\u0131nda a\u00e7\u0131lan Bilkent \u00dcniversitesi K\u00fct\u00fcphanesi, T\u00fcrkiye&#8217;deki di\u011fer k\u00fct\u00fcphaneler kart katalog kullan\u0131rken otomasyona ge\u00e7me planlar\u0131na ba\u015flam\u0131\u015ft\u0131r. Bilkent \u00dcniversitesi Bilgisayar Merkezi i\u015fbirli\u011fi ile iki y\u0131l gibi k\u0131sa bir s\u00fcrede \u201cBilkent Library and Information Services System\u201din (BLISS) ilk mod\u00fcl\u00fc devreye sokulmu\u015ftur. 1989 May\u0131s ay\u0131na gelindi\u011finde, k\u00fct\u00fcphane katalo\u011fu \u00e7evrimi\u00e7i taranabilir hale gelmi\u015f ve \u00f6d\u00fcn\u00e7 verme i\u015flemleri bilgisayar \u00fczerinden yap\u0131lmaya ba\u015flanm\u0131\u015ft\u0131r. Bu sayede, Bilkent \u00dcniversitesi K\u00fct\u00fcphanesi, T\u00fcrkiye&#8217;deki k\u00fct\u00fcphane otomasyon sistemlerinin geli\u015fimine \u00f6nc\u00fcl\u00fck etmi\u015f ve modern k\u00fct\u00fcphane hizmetlerinin yayg\u0131nla\u015fmas\u0131na \u00f6nemli katk\u0131larda bulunmu\u015ftur.<\/span><\/p>\n<p><span style=\"font-weight: 400;\">Tezlere elektronik ortamda eri\u015fim ve k\u00fct\u00fcphaneleraras\u0131 \u00f6d\u00fcn\u00e7 verme hizmetini internet \u00fczerinden sa\u011flayan T\u00fcrkiye\u2019nin ilk \u00fcniversite k\u00fct\u00fcphanesidir. Ayr\u0131ca T\u00fcrkiye \u00fcniversitelerinin k\u00fct\u00fcphanecileri aras\u0131nda de\u011fi\u015fim programlar\u0131na \u00f6nc\u00fcl\u00fck etmi\u015ftir.<\/span><\/p>\n<p><b>Bug\u00fcn ve Gelecek<\/b><\/p>\n<p><span style=\"font-weight: 400;\">G\u00fcn\u00fcm\u00fczde Bilkent \u00dcniversitesi K\u00fct\u00fcphanesi, 12.423 m\u00b2 alana ve 1.433 ki\u015filik oturma kapasitesine sahiptir. Zengin bas\u0131l\u0131 ve elektronik kaynak koleksiyonlar\u0131, modern okuma ve \u00e7al\u0131\u015fma alanlar\u0131 ile kullan\u0131c\u0131 dostu hizmetleriyle y\u0131l\u0131n 363 g\u00fcn\u00fc akademik ba\u015far\u0131y\u0131 desteklemeye devam etmektedir. K\u00fct\u00fcphane, bilimsel ara\u015ft\u0131rmalar\u0131n merkezinde yer almakta ve kullan\u0131c\u0131lar\u0131n\u0131n bilgiye eri\u015fimlerini kolayla\u015ft\u0131rmak amac\u0131yla \u00e7e\u015fitli e\u011fitim programlar\u0131 ve seminerler d\u00fczenlemektedir. K\u00fct\u00fcphane personeli taraf\u0131ndan, kullan\u0131c\u0131lar\u0131n ara\u015ft\u0131rma becerilerini geli\u015ftirmek i\u00e7in birebir dan\u0131\u015fmanl\u0131k hizmetleri sunulmakta ve \u00e7e\u015fitli bilgi okuryazarl\u0131\u011f\u0131 programlar\u0131 ile ara\u015ft\u0131rma s\u00fcre\u00e7lerine destek sa\u011flanmaktad\u0131r. Bu sayede k\u00fct\u00fcphane sadece bir bilgi merkezi de\u011fil, ayn\u0131 zamanda kullan\u0131c\u0131lar\u0131n bilgi becerilerini geli\u015ftiren bir e\u011fitim merkezi olarak da hizmet vermektedir.\u00a0<\/span><\/p>\n<p><span style=\"font-weight: 400;\">1987 y\u0131l\u0131nda, Bilkent \u00dcniversitesi ile Orta Do\u011fu Teknik \u00dcniversitesi aras\u0131nda yap\u0131lan protokol anla\u015fmas\u0131, daha sonra Ankara\u2019daki pek \u00e7ok \u00fcniversite k\u00fct\u00fcphanesi ile yap\u0131lan ve akademik personellerin anla\u015fmal\u0131 \u00fcniversitelerden kitap \u00f6d\u00fcn\u00e7 alabilmesine olanak tan\u0131yan anla\u015fmalar\u0131n ilki olmu\u015ftur. Bilkent \u00dcniversitesi K\u00fct\u00fcphanesi, kullan\u0131c\u0131lar\u0131na K\u00fct\u00fcphaneleraras\u0131 \u00d6d\u00fcn\u00e7 Verme ve Dok\u00fcman Sa\u011flama hizmeti arac\u0131l\u0131\u011f\u0131 ile T\u00fcrkiye ve\u00a0 yurt d\u0131\u015f\u0131ndan da pek \u00e7ok materyal sa\u011flamaktad\u0131r. VII. Ulusal Kaynak Payla\u015f\u0131m \u00c7al\u0131\u015ftay\u0131\u2019nda payla\u015f\u0131lan istatistiklere g\u00f6re 2020 y\u0131l\u0131ndan bug\u00fcne kadar en fazla ILL iste\u011fi kar\u015f\u0131layan ilk 10 \u00fcniversite k\u00fct\u00fcphanesi aras\u0131nda birinci s\u0131rada yer alm\u0131\u015ft\u0131r.\u00a0<\/span><\/p>\n<p><span style=\"font-weight: 400;\">Bilkent \u00dcniversitesi K\u00fct\u00fcphanesi ve k\u00fct\u00fcphanecileri, T\u00fcrk K\u00fct\u00fcphaneciler Derne\u011fi (TKD), \u00dcniversite ve Ara\u015ft\u0131rma K\u00fct\u00fcphaneleri Derne\u011fi (\u00dcNAK) ve Anadolu \u00dcniversite K\u00fct\u00fcphaneleri Konsorsiyumu (ANKOS) gibi derneklerde aktif olarak rol alarak, T\u00fcrk k\u00fct\u00fcphanelerinin geli\u015fimine katk\u0131da bulunmakta ve i\u015f birliklerini g\u00fc\u00e7lendirmektedir. Ayr\u0131ca Uluslararas\u0131 K\u00fct\u00fcphane Dernekleri Federasyonu (IFLA), Uluslararas\u0131 Teknik \u00dcniversite K\u00fct\u00fcphaneleri Derne\u011fi (IATUL) ve Avrupa Ara\u015ft\u0131rma K\u00fct\u00fcphaneleri Derne\u011fi (LIBER) gibi pek \u00e7ok uluslararas\u0131 derne\u011fin \u00fcyesidir.<\/span><\/p>\n<p><b>Misyon ve Vizyon<\/b><\/p>\n<p><span style=\"font-weight: 400;\">Bilkent \u00dcniversitesi K\u00fct\u00fcphanesi, bilgiye eri\u015fimi kolayla\u015ft\u0131rarak bilimsel ara\u015ft\u0131rma faaliyetlerini desteklemeyi ve kullan\u0131c\u0131lar\u0131n bilgiye dayal\u0131 kararlar almalar\u0131na yard\u0131mc\u0131 olmay\u0131 misyon edinmi\u015ftir. Vizyonu ise d\u00fcnya standartlar\u0131nda bir k\u00fct\u00fcphane olarak e\u011fitim ve ara\u015ft\u0131rma alanlar\u0131nda yenilik\u00e7i \u00e7\u00f6z\u00fcmler sunarak kullan\u0131c\u0131 memnuniyetini en \u00fcst d\u00fczeyde tutmakt\u0131r. Bilkent \u00dcniversitesi K\u00fct\u00fcphanesi, g\u00fcn\u00fcm\u00fczde ve gelecekte, Bilkent ailesinin yan\u0131 s\u0131ra d\u0131\u015f kullan\u0131c\u0131lar\u0131n\u0131n da akademik bilgi ihtiya\u00e7lar\u0131n\u0131 kar\u015f\u0131lamak amac\u0131yla t\u00fcm bilimsel ara\u015ft\u0131rma ve aktivitelere destek sa\u011flamay\u0131 hedeflemektedir.<\/span><\/p>\n<\/div><\/div><\/div><\/div><\/div>\n","protected":false},"excerpt":{"rendered":"","protected":false},"author":3509,"featured_media":0,"parent":0,"menu_order":0,"comment_status":"closed","ping_status":"closed","template":"","meta":{"footnotes":""},"class_list":["post-21214","page","type-page","status-publish","hentry"],"yoast_head":"<!-- This site is optimized with the Yoast SEO plugin v27.1.1 - https:\/\/yoast.com\/product\/yoast-seo-wordpress\/ -->\n<title>Tarih\u00e7e - Bilkent \u00dcniversitesi K\u00fct\u00fcphanesi<\/title>\n<meta name=\"robots\" content=\"index, follow, max-snippet:-1, max-image-preview:large, max-video-preview:-1\" \/>\n<link rel=\"canonical\" href=\"https:\/\/library.bilkent.edu.tr\/tr\/tarihce\/\" \/>\n<meta property=\"og:locale\" content=\"tr_TR\" \/>\n<meta property=\"og:type\" content=\"article\" \/>\n<meta property=\"og:title\" content=\"Tarih\u00e7e - Bilkent \u00dcniversitesi K\u00fct\u00fcphanesi\" \/>\n<meta property=\"og:url\" content=\"https:\/\/library.bilkent.edu.tr\/tr\/tarihce\/\" \/>\n<meta property=\"og:site_name\" content=\"Bilkent \u00dcniversitesi K\u00fct\u00fcphanesi\" \/>\n<meta property=\"article:modified_time\" content=\"2025-04-07T11:01:54+00:00\" \/>\n<meta name=\"twitter:card\" content=\"summary_large_image\" \/>\n<meta name=\"twitter:label1\" content=\"Tahmini okuma s\u00fcresi\" \/>\n\t<meta name=\"twitter:data1\" content=\"23 dakika\" \/>\n<script type=\"application\/ld+json\" class=\"yoast-schema-graph\">{\"@context\":\"https:\/\/schema.org\",\"@graph\":[{\"@type\":\"WebPage\",\"@id\":\"https:\/\/library.bilkent.edu.tr\/tr\/tarihce\/\",\"url\":\"https:\/\/library.bilkent.edu.tr\/tr\/tarihce\/\",\"name\":\"Tarih\u00e7e - Bilkent \u00dcniversitesi K\u00fct\u00fcphanesi\",\"isPartOf\":{\"@id\":\"https:\/\/library.bilkent.edu.tr\/tr\/#website\"},\"datePublished\":\"2024-09-04T06:00:49+00:00\",\"dateModified\":\"2025-04-07T11:01:54+00:00\",\"breadcrumb\":{\"@id\":\"https:\/\/library.bilkent.edu.tr\/tr\/tarihce\/#breadcrumb\"},\"inLanguage\":\"tr\",\"potentialAction\":[{\"@type\":\"ReadAction\",\"target\":[\"https:\/\/library.bilkent.edu.tr\/tr\/tarihce\/\"]}]},{\"@type\":\"BreadcrumbList\",\"@id\":\"https:\/\/library.bilkent.edu.tr\/tr\/tarihce\/#breadcrumb\",\"itemListElement\":[{\"@type\":\"ListItem\",\"position\":1,\"name\":\"Home\",\"item\":\"https:\/\/library.bilkent.edu.tr\/tr\/\"},{\"@type\":\"ListItem\",\"position\":2,\"name\":\"Tarih\u00e7e\"}]},{\"@type\":\"WebSite\",\"@id\":\"https:\/\/library.bilkent.edu.tr\/tr\/#website\",\"url\":\"https:\/\/library.bilkent.edu.tr\/tr\/\",\"name\":\"Bilkent \u00dcniversitesi K\u00fct\u00fcphanesi\",\"description\":\"\",\"publisher\":{\"@id\":\"https:\/\/library.bilkent.edu.tr\/tr\/#organization\"},\"potentialAction\":[{\"@type\":\"SearchAction\",\"target\":{\"@type\":\"EntryPoint\",\"urlTemplate\":\"https:\/\/library.bilkent.edu.tr\/tr\/?s={search_term_string}\"},\"query-input\":{\"@type\":\"PropertyValueSpecification\",\"valueRequired\":true,\"valueName\":\"search_term_string\"}}],\"inLanguage\":\"tr\"},{\"@type\":\"Organization\",\"@id\":\"https:\/\/library.bilkent.edu.tr\/tr\/#organization\",\"name\":\"Bilkent \u00dcniversitesi K\u00fct\u00fcphanesi\",\"url\":\"https:\/\/library.bilkent.edu.tr\/tr\/\",\"logo\":{\"@type\":\"ImageObject\",\"inLanguage\":\"tr\",\"@id\":\"https:\/\/library.bilkent.edu.tr\/tr\/#\/schema\/logo\/image\/\",\"url\":\"https:\/\/library.bilkent.edu.tr\/tr\/wp-content\/uploads\/2017\/12\/bilkent-tr-2.png\",\"contentUrl\":\"https:\/\/library.bilkent.edu.tr\/tr\/wp-content\/uploads\/2017\/12\/bilkent-tr-2.png\",\"width\":800,\"height\":172,\"caption\":\"Bilkent \u00dcniversitesi K\u00fct\u00fcphanesi\"},\"image\":{\"@id\":\"https:\/\/library.bilkent.edu.tr\/tr\/#\/schema\/logo\/image\/\"}}]}<\/script>\n<!-- \/ Yoast SEO plugin. -->","yoast_head_json":{"title":"Tarih\u00e7e - Bilkent \u00dcniversitesi K\u00fct\u00fcphanesi","robots":{"index":"index","follow":"follow","max-snippet":"max-snippet:-1","max-image-preview":"max-image-preview:large","max-video-preview":"max-video-preview:-1"},"canonical":"https:\/\/library.bilkent.edu.tr\/tr\/tarihce\/","og_locale":"tr_TR","og_type":"article","og_title":"Tarih\u00e7e - Bilkent \u00dcniversitesi K\u00fct\u00fcphanesi","og_url":"https:\/\/library.bilkent.edu.tr\/tr\/tarihce\/","og_site_name":"Bilkent \u00dcniversitesi K\u00fct\u00fcphanesi","article_modified_time":"2025-04-07T11:01:54+00:00","twitter_card":"summary_large_image","twitter_misc":{"Tahmini okuma s\u00fcresi":"23 dakika"},"schema":{"@context":"https:\/\/schema.org","@graph":[{"@type":"WebPage","@id":"https:\/\/library.bilkent.edu.tr\/tr\/tarihce\/","url":"https:\/\/library.bilkent.edu.tr\/tr\/tarihce\/","name":"Tarih\u00e7e - Bilkent \u00dcniversitesi K\u00fct\u00fcphanesi","isPartOf":{"@id":"https:\/\/library.bilkent.edu.tr\/tr\/#website"},"datePublished":"2024-09-04T06:00:49+00:00","dateModified":"2025-04-07T11:01:54+00:00","breadcrumb":{"@id":"https:\/\/library.bilkent.edu.tr\/tr\/tarihce\/#breadcrumb"},"inLanguage":"tr","potentialAction":[{"@type":"ReadAction","target":["https:\/\/library.bilkent.edu.tr\/tr\/tarihce\/"]}]},{"@type":"BreadcrumbList","@id":"https:\/\/library.bilkent.edu.tr\/tr\/tarihce\/#breadcrumb","itemListElement":[{"@type":"ListItem","position":1,"name":"Home","item":"https:\/\/library.bilkent.edu.tr\/tr\/"},{"@type":"ListItem","position":2,"name":"Tarih\u00e7e"}]},{"@type":"WebSite","@id":"https:\/\/library.bilkent.edu.tr\/tr\/#website","url":"https:\/\/library.bilkent.edu.tr\/tr\/","name":"Bilkent \u00dcniversitesi K\u00fct\u00fcphanesi","description":"","publisher":{"@id":"https:\/\/library.bilkent.edu.tr\/tr\/#organization"},"potentialAction":[{"@type":"SearchAction","target":{"@type":"EntryPoint","urlTemplate":"https:\/\/library.bilkent.edu.tr\/tr\/?s={search_term_string}"},"query-input":{"@type":"PropertyValueSpecification","valueRequired":true,"valueName":"search_term_string"}}],"inLanguage":"tr"},{"@type":"Organization","@id":"https:\/\/library.bilkent.edu.tr\/tr\/#organization","name":"Bilkent \u00dcniversitesi K\u00fct\u00fcphanesi","url":"https:\/\/library.bilkent.edu.tr\/tr\/","logo":{"@type":"ImageObject","inLanguage":"tr","@id":"https:\/\/library.bilkent.edu.tr\/tr\/#\/schema\/logo\/image\/","url":"https:\/\/library.bilkent.edu.tr\/tr\/wp-content\/uploads\/2017\/12\/bilkent-tr-2.png","contentUrl":"https:\/\/library.bilkent.edu.tr\/tr\/wp-content\/uploads\/2017\/12\/bilkent-tr-2.png","width":800,"height":172,"caption":"Bilkent \u00dcniversitesi K\u00fct\u00fcphanesi"},"image":{"@id":"https:\/\/library.bilkent.edu.tr\/tr\/#\/schema\/logo\/image\/"}}]}},"_links":{"self":[{"href":"https:\/\/library.bilkent.edu.tr\/tr\/wp-json\/wp\/v2\/pages\/21214","targetHints":{"allow":["GET"]}}],"collection":[{"href":"https:\/\/library.bilkent.edu.tr\/tr\/wp-json\/wp\/v2\/pages"}],"about":[{"href":"https:\/\/library.bilkent.edu.tr\/tr\/wp-json\/wp\/v2\/types\/page"}],"author":[{"embeddable":true,"href":"https:\/\/library.bilkent.edu.tr\/tr\/wp-json\/wp\/v2\/users\/3509"}],"replies":[{"embeddable":true,"href":"https:\/\/library.bilkent.edu.tr\/tr\/wp-json\/wp\/v2\/comments?post=21214"}],"version-history":[{"count":7,"href":"https:\/\/library.bilkent.edu.tr\/tr\/wp-json\/wp\/v2\/pages\/21214\/revisions"}],"predecessor-version":[{"id":22126,"href":"https:\/\/library.bilkent.edu.tr\/tr\/wp-json\/wp\/v2\/pages\/21214\/revisions\/22126"}],"wp:attachment":[{"href":"https:\/\/library.bilkent.edu.tr\/tr\/wp-json\/wp\/v2\/media?parent=21214"}],"curies":[{"name":"wp","href":"https:\/\/api.w.org\/{rel}","templated":true}]}}