{"id":18176,"date":"2020-12-23T10:43:50","date_gmt":"2020-12-23T07:43:50","guid":{"rendered":"https:\/\/library.bilkent.edu.tr\/tr\/?page_id=18176"},"modified":"2020-12-23T10:51:51","modified_gmt":"2020-12-23T07:51:51","slug":"gizlilik","status":"publish","type":"page","link":"https:\/\/library.bilkent.edu.tr\/tr\/gizlilik\/","title":{"rendered":"Gizlilik"},"content":{"rendered":"<div class=\"fusion-fullwidth fullwidth-box fusion-builder-row-1 fusion-flex-container nonhundred-percent-fullwidth non-hundred-percent-height-scrolling\" style=\"--awb-border-radius-top-left:0px;--awb-border-radius-top-right:0px;--awb-border-radius-bottom-right:0px;--awb-border-radius-bottom-left:0px;--awb-flex-wrap:wrap;\" ><div class=\"fusion-builder-row fusion-row fusion-flex-align-items-flex-start fusion-flex-content-wrap\" style=\"max-width:1560px;margin-left: calc(-4% \/ 2 );margin-right: calc(-4% \/ 2 );\"><div class=\"fusion-layout-column fusion_builder_column fusion-builder-column-0 fusion_builder_column_1_1 1_1 fusion-flex-column\" style=\"--awb-bg-size:cover;--awb-width-large:100%;--awb-margin-top-large:0px;--awb-spacing-right-large:1.92%;--awb-margin-bottom-large:20px;--awb-spacing-left-large:1.92%;--awb-width-medium:100%;--awb-order-medium:0;--awb-spacing-right-medium:1.92%;--awb-spacing-left-medium:1.92%;--awb-width-small:100%;--awb-order-small:0;--awb-spacing-right-small:1.92%;--awb-spacing-left-small:1.92%;\"><div class=\"fusion-column-wrapper fusion-column-has-shadow fusion-flex-justify-content-flex-start fusion-content-layout-column\"><div class=\"fusion-title title fusion-title-1 fusion-sep-none fusion-title-text fusion-title-size-six\" style=\"--awb-margin-top-small:0px;--awb-margin-right-small:0px;--awb-margin-bottom-small:20px;--awb-margin-left-small:0px;--awb-sep-color:#cccccc;\"><h6 class=\"fusion-title-heading title-heading-right fusion-responsive-typography-calculated\" style=\"margin:0;--fontSize:18;--minFontSize:18;line-height:1.5;\"><em><a style=\"color: #000;\" href=\"https:\/\/library.bilkent.edu.tr\/privacy\/\">English<\/a><\/em><\/h6><\/div><div class=\"fusion-text fusion-text-1\"><h2>\u0130hsan Do\u011framac\u0131 Bilkent \u00dcniversitesi K\u00fct\u00fcphanesi Ki\u015fisel Verilerin Korunmas\u0131 Kanunu Ayd\u0131nlatma Metni<\/h2>\n<p>Ki\u015fisel verilerin i\u015flenmesinde ba\u015fta \u00f6zel hayat\u0131n gizlili\u011fi olmak \u00fczere ki\u015filerin temel hak ve \u00f6zg\u00fcrl\u00fcklerini korumak ve ki\u015fisel verileri i\u015fleyen ger\u00e7ek ve t\u00fczel ki\u015filerin y\u00fck\u00fcml\u00fcl\u00fckleri ile uyacaklar\u0131 usul ve esaslar\u0131 d\u00fczenlemek amac\u0131yla kabul edilen 6698 say\u0131l\u0131 Ki\u015fisel Verilerin Korunmas\u0131 Kanunu (KVKK); 7 Nisan 2016 tarihli Resmi Gazete\u2019de yay\u0131mlanm\u0131\u015f ve ilgili y\u00fcr\u00fcrl\u00fck maddesi uyar\u0131nca an\u0131lan kanunun 8 inci, 9 uncu, 11 inci, 13 \u00fcnc\u00fc, 14 \u00fcnc\u00fc, 15 inci, 16 nc\u0131, 17 nci ve 18 inci maddeleri 07 Ekim 2016 tarihinden itibaren y\u00fcr\u00fcrl\u00fc\u011fe girmi\u015ftir.<\/p>\n<p>KVKK uyar\u0131nca veri i\u015fleyen ve\/veya veri sorumlusu s\u0131fat\u0131yla \u0130hsan Do\u011framac\u0131 Bilkent \u00dcniversitesi K\u00fct\u00fcphanesi olarak; i\u015fleme amac\u0131yla ba\u011flant\u0131l\u0131, s\u0131n\u0131rl\u0131 ve \u00f6l\u00e7\u00fcl\u00fc olacak \u015fekilde talep edilen ve\/veya \u00fcniversiteyle payla\u015f\u0131lm\u0131\u015f olan ki\u015fisel veriler, yine i\u015flenmelerini gerektiren ama\u00e7 \u00e7er\u00e7evesinde i\u015flenebilecek ve muhafaza edilebilecek olup ki\u015fisel verilerin g\u00fcvenli\u011fi i\u00e7in en y\u00fcksek d\u00fczeyde \u00f6zen g\u00f6sterilmektedir.<\/p>\n<p>Ki\u015fisel veriler, k\u00fct\u00fcphane kay\u0131t ve ba\u015fvuru formlar\u0131, internet siteleri ve e-postalar, mobil uygulamalar, toplanan formlar ve tutanaklar, k\u00fct\u00fcphane otomasyon sistemi ve kurumsal ar\u015fiv, tan\u0131t\u0131m uygulamalar\u0131, uzaktan ileti\u015fim platformlar\u0131, e\u011fitim yaz\u0131l\u0131m\u0131 platformlar\u0131, s\u00f6zle\u015fmeler, ba\u015fvurular, teklifler, ses ve g\u00f6r\u00fcnt\u00fc kay\u0131tlar\u0131, yurt i\u00e7i ve yurt d\u0131\u015f\u0131 e\u011fitim kurumlar\u0131yla yap\u0131lan akademik gerekliliklerden kaynaklanan payla\u015f\u0131mlar, internet sitesi ziyaretlerinde bilgisayarlarda kullan\u0131lan \u00e7erezler (cookies) ve benzeri kanallarla, \u00f6\u011frenci i\u015fleri ve kay\u0131t birimleri ile di\u011fer \u00e7al\u0131\u015fanlar, idari ve akademik birimler, sekretarya, resepsiyon, g\u00fcvenlik birimleri, \u00fcniversitenin yurti\u00e7i ve yurtd\u0131\u015f\u0131 okul ve program ortaklar\u0131 ile hizmet ald\u0131\u011f\u0131 firmalar arac\u0131l\u0131\u011f\u0131yla s\u00f6zl\u00fc, yaz\u0131l\u0131 veya elektronik ortamda Kanunun 5. ve 6. maddesinde yer alan i\u015fleme \u015fartlar\u0131na uygun olarak toplanabilmektedir.<\/p>\n<p>\u0130hsan Do\u011framac\u0131 Bilkent \u00dcniversitesi K\u00fct\u00fcphanesi olarak ki\u015fisel verilerin i\u015flenme ve aktar\u0131lma ama\u00e7lar\u0131 ile hukuki sebepleri ise k\u00fct\u00fcphane-kullan\u0131c\u0131 ili\u015fkilerinin y\u00fcr\u00fct\u00fclebilmesi, ileti\u015fim bilgilerinin g\u00fcncellenebilmesi, kullan\u0131c\u0131lar\u0131n kay\u0131tlar\u0131n\u0131n sistemde a\u00e7\u0131labilmesi ve takibi, yasal ve s\u00f6zle\u015fmesel y\u00fck\u00fcml\u00fcl\u00fcklerin yerine getirilebilmesi, t\u00fcm hizmetlerin verilebilmesi, kay\u0131t ve sonraki i\u015flemlerin y\u00fcr\u00fct\u00fclebilmesi, faturaland\u0131rma i\u015flemleri de dahil mali y\u00fck\u00fcml\u00fcl\u00fcklerin yerine getirilebilmesi, ilgili birimlerin gerekli ki\u015filerle ileti\u015fime ge\u00e7ebilmesini, duyuru yap\u0131labilmesi ve genel olarak memnuniyetin sa\u011flanabilmesi, mezun ili\u015fkilerinin y\u00fcr\u00fct\u00fclebilmesi, ilgililerin be\u011feni, al\u0131\u015fkanl\u0131k ve taleplerine g\u00f6re ihtiya\u00e7lar\u0131n\u0131n belirlenebilmesi, k\u00fct\u00fcphanenin ve ilgililerin g\u00fcvenli\u011finin sa\u011flanabilmesi, kamu sa\u011fl\u0131\u011f\u0131n\u0131n korunmas\u0131, kurumsal stratejilerin belirlenebilmesi, hizmetlerin mevzuata, s\u00f6zle\u015fmelere ve teknolojinin gereklerine uygun \u015fekilde ger\u00e7ekle\u015ftirilebilmesi ve geli\u015ftirilebilmesi, tan\u0131t\u0131m ve e\u011fitim faaliyetlerinde bulunulabilmesi, ihtiya\u00e7lar\u0131n analiz edilebilmesi, elektronik veya ka\u011f\u0131t ortam\u0131nda i\u015fleme amac\u0131 do\u011frultusunda t\u00fcm kay\u0131t ve belgelerin d\u00fczenlenebilmesi, yurt i\u00e7i ve yurt d\u0131\u015f\u0131 okul ve \u00fcniversiteler ile \u00f6\u011frenci ve personel de\u011fi\u015fim programlar\u0131, staj programlar\u0131, lisans \u00fcst\u00fc gibi akademik gerekliliklerden kaynaklanan payla\u015f\u0131mlar\u0131n yap\u0131labilmesi, mevzuat, ilgili d\u00fczenleyici kurumlar ve di\u011fer otoritelerce \u00f6ng\u00f6r\u00fclen bilgi saklama, raporlama, bilgilendirme y\u00fck\u00fcml\u00fcl\u00fcklerinin yerine getirilebilmesidir.<\/p>\n<p>Yukar\u0131da belirtilen ama\u00e7larla, ki\u015fisel verilerin aktar\u0131labilece\u011fi ki\u015fi veya kurulu\u015flar; Y\u00d6K, mevzuat h\u00fck\u00fcmlerinin izin verdi\u011fi ve\/veya zorunlu k\u0131ld\u0131\u011f\u0131 kurum veya kurulu\u015flar, yurti\u00e7i ve yurtd\u0131\u015f\u0131 okul ve \u00fcniversiteler ile \u00fcniversitenin program ortaklar\u0131, ba\u011fl\u0131 ortakl\u0131klar\u0131 ve\/veya do\u011frudan ya da dolayl\u0131 i\u015ftirakleri, k\u00fct\u00fcphanenin faaliyetlerini y\u00fcr\u00fctmek \u00fczere s\u00f6zle\u015fmesel olarak hizmet ald\u0131\u011f\u0131, i\u015fbirli\u011fi yapt\u0131\u011f\u0131 ki\u015fi ve kurulu\u015flar, \u00fcniversite birimleri ile her t\u00fcrl\u00fc ki\u015fisel verilerin muhafazas\u0131, yetkisiz eri\u015fimlerin \u00f6nlenmesi ve hukuka ayk\u0131r\u0131 olarak i\u015flenmelerini \u00f6nlemek gibi veri g\u00fcvenli\u011fi tedbirlerinin al\u0131nmas\u0131nda sorumlu olan \u00fc\u00e7\u00fcnc\u00fc ki\u015filerdir.<\/p>\n<p>KVKK\u2019nun 10, 11 ve ilgili di\u011fer maddeleri uyar\u0131nca, ilgili ki\u015filer, \u0130hsan Do\u011framac\u0131 Bilkent \u00dcniversitesi K\u00fct\u00fcphanesi ile her zaman ileti\u015fime ge\u00e7ebilir; i\u015flenen ki\u015fisel verilerine eri\u015fme, veri i\u015flemeye ili\u015fkin bilgi talep etme, ki\u015fisel verilerin i\u015flenme amac\u0131n\u0131 ve bunlar\u0131n amac\u0131na uygun kullan\u0131l\u0131p kullan\u0131lmad\u0131\u011f\u0131n\u0131 \u00f6\u011frenme, yurt i\u00e7inde veya yurt d\u0131\u015f\u0131nda ki\u015fisel verilerin aktar\u0131ld\u0131\u011f\u0131 \u00fc\u00e7\u00fcnc\u00fc ki\u015fileri bilme, ki\u015fisel verilerin eksik veya yanl\u0131\u015f i\u015flenmi\u015f olmas\u0131 halinde bunlar\u0131n d\u00fczeltilmesini isteme, ilgili kanun h\u00fck\u00fcmlerine uygun olarak i\u015flenmi\u015f olmas\u0131na ra\u011fmen i\u015flenmesini gerektiren sebeplerin ortadan kalkmas\u0131 halinde ki\u015fisel verilerin silinmesini veya yok edilmesini talep etme, d\u00fczeltme veya silinme hakk\u0131n\u0131n kullan\u0131ld\u0131\u011f\u0131na ili\u015fkin bilginin ki\u015fisel verilerin aktar\u0131ld\u0131\u011f\u0131 \u00fc\u00e7\u00fcnc\u00fc ki\u015filere bildirilmesini talep etme, i\u015flenen verilerin m\u00fcnhas\u0131ran otomatik sistemler vas\u0131tas\u0131yla analiz edilmesiyle ortaya \u00e7\u0131kan aleyhe bir sonuca itiraz etme, ki\u015fisel verilerin kanuna ayk\u0131r\u0131 olarak i\u015flenmesi sebebiyle zarara u\u011fran\u0131lmas\u0131 halinde zarar\u0131n giderilmesini talep etme haklar\u0131na sahiptir.<\/p>\n<\/div><\/div><\/div><\/div><\/div>\n","protected":false},"excerpt":{"rendered":"","protected":false},"author":3479,"featured_media":0,"parent":0,"menu_order":0,"comment_status":"closed","ping_status":"closed","template":"","meta":{"footnotes":""},"class_list":["post-18176","page","type-page","status-publish","hentry"],"yoast_head":"<!-- This site is optimized with the Yoast SEO plugin v27.3 - https:\/\/yoast.com\/product\/yoast-seo-wordpress\/ -->\n<title>Gizlilik - Bilkent \u00dcniversitesi K\u00fct\u00fcphanesi<\/title>\n<meta name=\"robots\" content=\"index, follow, max-snippet:-1, max-image-preview:large, max-video-preview:-1\" \/>\n<link rel=\"canonical\" href=\"https:\/\/library.bilkent.edu.tr\/tr\/gizlilik\/\" \/>\n<meta property=\"og:locale\" content=\"tr_TR\" \/>\n<meta property=\"og:type\" content=\"article\" \/>\n<meta property=\"og:title\" content=\"Gizlilik - Bilkent \u00dcniversitesi K\u00fct\u00fcphanesi\" \/>\n<meta property=\"og:url\" content=\"https:\/\/library.bilkent.edu.tr\/tr\/gizlilik\/\" \/>\n<meta property=\"og:site_name\" content=\"Bilkent \u00dcniversitesi K\u00fct\u00fcphanesi\" \/>\n<meta property=\"article:modified_time\" content=\"2020-12-23T07:51:51+00:00\" \/>\n<meta name=\"twitter:card\" content=\"summary_large_image\" \/>\n<meta name=\"twitter:label1\" content=\"Tahmini okuma s\u00fcresi\" \/>\n\t<meta name=\"twitter:data1\" content=\"8 dakika\" \/>\n<script type=\"application\/ld+json\" class=\"yoast-schema-graph\">{\"@context\":\"https:\\\/\\\/schema.org\",\"@graph\":[{\"@type\":\"WebPage\",\"@id\":\"https:\\\/\\\/library.bilkent.edu.tr\\\/tr\\\/gizlilik\\\/\",\"url\":\"https:\\\/\\\/library.bilkent.edu.tr\\\/tr\\\/gizlilik\\\/\",\"name\":\"Gizlilik - Bilkent \u00dcniversitesi K\u00fct\u00fcphanesi\",\"isPartOf\":{\"@id\":\"https:\\\/\\\/library.bilkent.edu.tr\\\/tr\\\/#website\"},\"datePublished\":\"2020-12-23T07:43:50+00:00\",\"dateModified\":\"2020-12-23T07:51:51+00:00\",\"breadcrumb\":{\"@id\":\"https:\\\/\\\/library.bilkent.edu.tr\\\/tr\\\/gizlilik\\\/#breadcrumb\"},\"inLanguage\":\"tr\",\"potentialAction\":[{\"@type\":\"ReadAction\",\"target\":[\"https:\\\/\\\/library.bilkent.edu.tr\\\/tr\\\/gizlilik\\\/\"]}]},{\"@type\":\"BreadcrumbList\",\"@id\":\"https:\\\/\\\/library.bilkent.edu.tr\\\/tr\\\/gizlilik\\\/#breadcrumb\",\"itemListElement\":[{\"@type\":\"ListItem\",\"position\":1,\"name\":\"Home\",\"item\":\"https:\\\/\\\/library.bilkent.edu.tr\\\/tr\\\/\"},{\"@type\":\"ListItem\",\"position\":2,\"name\":\"Gizlilik\"}]},{\"@type\":\"WebSite\",\"@id\":\"https:\\\/\\\/library.bilkent.edu.tr\\\/tr\\\/#website\",\"url\":\"https:\\\/\\\/library.bilkent.edu.tr\\\/tr\\\/\",\"name\":\"Bilkent \u00dcniversitesi K\u00fct\u00fcphanesi\",\"description\":\"\",\"publisher\":{\"@id\":\"https:\\\/\\\/library.bilkent.edu.tr\\\/tr\\\/#organization\"},\"potentialAction\":[{\"@type\":\"SearchAction\",\"target\":{\"@type\":\"EntryPoint\",\"urlTemplate\":\"https:\\\/\\\/library.bilkent.edu.tr\\\/tr\\\/?s={search_term_string}\"},\"query-input\":{\"@type\":\"PropertyValueSpecification\",\"valueRequired\":true,\"valueName\":\"search_term_string\"}}],\"inLanguage\":\"tr\"},{\"@type\":\"Organization\",\"@id\":\"https:\\\/\\\/library.bilkent.edu.tr\\\/tr\\\/#organization\",\"name\":\"Bilkent \u00dcniversitesi K\u00fct\u00fcphanesi\",\"url\":\"https:\\\/\\\/library.bilkent.edu.tr\\\/tr\\\/\",\"logo\":{\"@type\":\"ImageObject\",\"inLanguage\":\"tr\",\"@id\":\"https:\\\/\\\/library.bilkent.edu.tr\\\/tr\\\/#\\\/schema\\\/logo\\\/image\\\/\",\"url\":\"https:\\\/\\\/library.bilkent.edu.tr\\\/tr\\\/wp-content\\\/uploads\\\/2017\\\/12\\\/bilkent-tr-2.png\",\"contentUrl\":\"https:\\\/\\\/library.bilkent.edu.tr\\\/tr\\\/wp-content\\\/uploads\\\/2017\\\/12\\\/bilkent-tr-2.png\",\"width\":800,\"height\":172,\"caption\":\"Bilkent \u00dcniversitesi K\u00fct\u00fcphanesi\"},\"image\":{\"@id\":\"https:\\\/\\\/library.bilkent.edu.tr\\\/tr\\\/#\\\/schema\\\/logo\\\/image\\\/\"}}]}<\/script>\n<!-- \/ Yoast SEO plugin. -->","yoast_head_json":{"title":"Gizlilik - Bilkent \u00dcniversitesi K\u00fct\u00fcphanesi","robots":{"index":"index","follow":"follow","max-snippet":"max-snippet:-1","max-image-preview":"max-image-preview:large","max-video-preview":"max-video-preview:-1"},"canonical":"https:\/\/library.bilkent.edu.tr\/tr\/gizlilik\/","og_locale":"tr_TR","og_type":"article","og_title":"Gizlilik - Bilkent \u00dcniversitesi K\u00fct\u00fcphanesi","og_url":"https:\/\/library.bilkent.edu.tr\/tr\/gizlilik\/","og_site_name":"Bilkent \u00dcniversitesi K\u00fct\u00fcphanesi","article_modified_time":"2020-12-23T07:51:51+00:00","twitter_card":"summary_large_image","twitter_misc":{"Tahmini okuma s\u00fcresi":"8 dakika"},"schema":{"@context":"https:\/\/schema.org","@graph":[{"@type":"WebPage","@id":"https:\/\/library.bilkent.edu.tr\/tr\/gizlilik\/","url":"https:\/\/library.bilkent.edu.tr\/tr\/gizlilik\/","name":"Gizlilik - Bilkent \u00dcniversitesi K\u00fct\u00fcphanesi","isPartOf":{"@id":"https:\/\/library.bilkent.edu.tr\/tr\/#website"},"datePublished":"2020-12-23T07:43:50+00:00","dateModified":"2020-12-23T07:51:51+00:00","breadcrumb":{"@id":"https:\/\/library.bilkent.edu.tr\/tr\/gizlilik\/#breadcrumb"},"inLanguage":"tr","potentialAction":[{"@type":"ReadAction","target":["https:\/\/library.bilkent.edu.tr\/tr\/gizlilik\/"]}]},{"@type":"BreadcrumbList","@id":"https:\/\/library.bilkent.edu.tr\/tr\/gizlilik\/#breadcrumb","itemListElement":[{"@type":"ListItem","position":1,"name":"Home","item":"https:\/\/library.bilkent.edu.tr\/tr\/"},{"@type":"ListItem","position":2,"name":"Gizlilik"}]},{"@type":"WebSite","@id":"https:\/\/library.bilkent.edu.tr\/tr\/#website","url":"https:\/\/library.bilkent.edu.tr\/tr\/","name":"Bilkent \u00dcniversitesi K\u00fct\u00fcphanesi","description":"","publisher":{"@id":"https:\/\/library.bilkent.edu.tr\/tr\/#organization"},"potentialAction":[{"@type":"SearchAction","target":{"@type":"EntryPoint","urlTemplate":"https:\/\/library.bilkent.edu.tr\/tr\/?s={search_term_string}"},"query-input":{"@type":"PropertyValueSpecification","valueRequired":true,"valueName":"search_term_string"}}],"inLanguage":"tr"},{"@type":"Organization","@id":"https:\/\/library.bilkent.edu.tr\/tr\/#organization","name":"Bilkent \u00dcniversitesi K\u00fct\u00fcphanesi","url":"https:\/\/library.bilkent.edu.tr\/tr\/","logo":{"@type":"ImageObject","inLanguage":"tr","@id":"https:\/\/library.bilkent.edu.tr\/tr\/#\/schema\/logo\/image\/","url":"https:\/\/library.bilkent.edu.tr\/tr\/wp-content\/uploads\/2017\/12\/bilkent-tr-2.png","contentUrl":"https:\/\/library.bilkent.edu.tr\/tr\/wp-content\/uploads\/2017\/12\/bilkent-tr-2.png","width":800,"height":172,"caption":"Bilkent \u00dcniversitesi K\u00fct\u00fcphanesi"},"image":{"@id":"https:\/\/library.bilkent.edu.tr\/tr\/#\/schema\/logo\/image\/"}}]}},"_links":{"self":[{"href":"https:\/\/library.bilkent.edu.tr\/tr\/wp-json\/wp\/v2\/pages\/18176","targetHints":{"allow":["GET"]}}],"collection":[{"href":"https:\/\/library.bilkent.edu.tr\/tr\/wp-json\/wp\/v2\/pages"}],"about":[{"href":"https:\/\/library.bilkent.edu.tr\/tr\/wp-json\/wp\/v2\/types\/page"}],"author":[{"embeddable":true,"href":"https:\/\/library.bilkent.edu.tr\/tr\/wp-json\/wp\/v2\/users\/3479"}],"replies":[{"embeddable":true,"href":"https:\/\/library.bilkent.edu.tr\/tr\/wp-json\/wp\/v2\/comments?post=18176"}],"version-history":[{"count":2,"href":"https:\/\/library.bilkent.edu.tr\/tr\/wp-json\/wp\/v2\/pages\/18176\/revisions"}],"predecessor-version":[{"id":18178,"href":"https:\/\/library.bilkent.edu.tr\/tr\/wp-json\/wp\/v2\/pages\/18176\/revisions\/18178"}],"wp:attachment":[{"href":"https:\/\/library.bilkent.edu.tr\/tr\/wp-json\/wp\/v2\/media?parent=18176"}],"curies":[{"name":"wp","href":"https:\/\/api.w.org\/{rel}","templated":true}]}}