{"id":13159,"date":"2017-12-11T22:36:35","date_gmt":"2017-12-11T19:36:35","guid":{"rendered":"https:\/\/library.bilkent.edu.tr\/tr\/?page_id=13159"},"modified":"2023-11-13T14:32:53","modified_gmt":"2023-11-13T11:32:53","slug":"iletisim","status":"publish","type":"page","link":"https:\/\/library.bilkent.edu.tr\/tr\/iletisim\/","title":{"rendered":"\u0130leti\u015fim"},"content":{"rendered":"<div class=\"fusion-fullwidth fullwidth-box fusion-builder-row-1 nonhundred-percent-fullwidth non-hundred-percent-height-scrolling\" style=\"--awb-border-radius-top-left:0px;--awb-border-radius-top-right:0px;--awb-border-radius-bottom-right:0px;--awb-border-radius-bottom-left:0px;--awb-flex-wrap:wrap;\" ><div class=\"fusion-builder-row fusion-row\"><div class=\"fusion-layout-column fusion_builder_column fusion-builder-column-0 fusion_builder_column_1_1 1_1 fusion-one-full fusion-column-first fusion-column-last\" style=\"--awb-bg-size:cover;\"><div class=\"fusion-column-wrapper fusion-flex-column-wrapper-legacy\">\t\t\t\t\t<script type=\"text\/javascript\">\n\t\t\t\t\t\tvar map_fusion_map_69e9b7c713f22;\n\t\t\t\t\t\tvar markers = [];\n\t\t\t\t\t\tvar counter = 0;\n\t\t\t\t\t\t\t\t\t\t\t\t\t\t\t\t\t\t\t\tvar fusionMapNonce = '6416b3dc91';\n\t\t\t\t\t\t\t\t\t\t\t\tfunction fusion_run_map_fusion_map_69e9b7c713f22() {\n\t\t\t\t\t\t\tjQuery ('#fusion_map_69e9b7c713f22' ).fusion_maps( {\n\t\t\t\t\t\t\t\taddresses: [{\"address\":\"\\u00dcniversiteler, Bilkent University Main Campus Library, 06800 \\u00c7ankaya\\\/Ankara\",\"infobox_content\":\"Bilkent \\u00dcniversitesi Merkez Kamp\\u00fcs K\\u00fct\\u00fcphane, 06800 \\u00c7ankaya\\\/Ankara\",\"coordinates\":false,\"cache\":true,\"latitude\":\"39.870219\",\"longitude\":\"32.7496536\"}],\n\t\t\t\t\t\t\t\tanimations: false,\n\t\t\t\t\t\t\t\tinfobox_background_color: 'rgba(1,37,127,0.89)',\n\t\t\t\t\t\t\t\tinfobox_styling: 'custom',\n\t\t\t\t\t\t\t\tinfobox_text_color: '#ffffff',\n\t\t\t\t\t\t\t\tmap_style: 'custom',\n\t\t\t\t\t\t\t\tmap_type: 'roadmap',\n\t\t\t\t\t\t\t\tmarker_icon: '',\n\t\t\t\t\t\t\t\toverlay_color: 'rgba(96,125,139,0.16)',\n\t\t\t\t\t\t\t\toverlay_color_hsl: {\"hue\":200,\"sat\":18,\"lum\":46},\n\t\t\t\t\t\t\t\tshow_address: true,\n\t\t\t\t\t\t\t\tscale_control: true,\n\t\t\t\t\t\t\t\tscrollwheel: true,\n\t\t\t\t\t\t\t\tzoom: 17,\n\t\t\t\t\t\t\t\tzoom_control: true,\n\t\t\t\t\t\t\t} );\n\t\t\t\t\t\t}\n\n\t\t\t\t\t\tgoogle.maps.event.addDomListener(window, 'load', fusion_run_map_fusion_map_69e9b7c713f22);\n\t\t\t\t\t<\/script>\n\t\t\t\t\t<div class=\"shortcode-map fusion-google-map fusion-maps-js-type\" style=\"--awb-height:400px;\" id=\"fusion_map_69e9b7c713f22\"><\/div><div class=\"fusion-sep-clear\"><\/div><div class=\"fusion-separator fusion-full-width-sep\" style=\"margin-left: auto;margin-right: auto;margin-top:20px;width:100%;\"><\/div><div class=\"fusion-sep-clear\"><\/div><div class=\"fusion-title title fusion-title-1 sep-underline sep-dashed fusion-title-text fusion-title-size-three\" style=\"--awb-margin-top-small:0px;--awb-margin-right-small:0px;--awb-margin-bottom-small:20px;--awb-margin-left-small:0px;\"><h3 class=\"fusion-title-heading title-heading-left fusion-responsive-typography-calculated\" style=\"margin:0;--fontSize:21.6;--minFontSize:21.6;line-height:1.5;\">\u0130leti\u015fim<\/h3><\/div><div class=\"fusion-text fusion-text-1\"><div class=\"fusion-text\">\n<p class=\"address\">Bilkent \u00dcniversitesi Merkez Kamp\u00fcs K\u00fct\u00fcphane<br \/>\n06800 Bilkent<br \/>\nAnkara, T\u00fcrkiye<\/p>\n<p class=\"phone\"><strong>Telefon:<\/strong> +90 (312) 290 2167<br \/>\n+90 (312) 290 1298<br \/>\n<strong>E-posta:<\/strong>\u00a0<a href=\"mailto:library@bilkent.edu.tr\">library@bilkent.edu.tr<\/a><\/p>\n<\/div>\n<\/div><div class=\"fusion-text fusion-text-2\"><div id=\"quform-d4d50f\" class=\"quform quform-8 quform-theme-bootstrap quform-support-page-caching\"><form id=\"quform-form-d4d50f\" class=\"quform-form quform-form-8\" action=\"\/tr\/wp-json\/wp\/v2\/pages\/13159#quform-d4d50f\" method=\"post\" enctype=\"multipart\/form-data\" novalidate=\"novalidate\" data-options=\"{&quot;id&quot;:8,&quot;uniqueId&quot;:&quot;d4d50f&quot;,&quot;theme&quot;:&quot;bootstrap&quot;,&quot;ajax&quot;:true,&quot;logic&quot;:{&quot;logic&quot;:[],&quot;dependents&quot;:[],&quot;elementIds&quot;:[],&quot;dependentElementIds&quot;:[],&quot;animate&quot;:true},&quot;currentPageId&quot;:1,&quot;errorsIcon&quot;:&quot;&quot;,&quot;updateFancybox&quot;:true,&quot;hasPages&quot;:false,&quot;pages&quot;:[1],&quot;pageProgressType&quot;:&quot;numbers&quot;,&quot;tooltipsEnabled&quot;:true,&quot;tooltipClasses&quot;:&quot;qtip-quform-dark qtip-shadow&quot;,&quot;tooltipMy&quot;:&quot;left center&quot;,&quot;tooltipAt&quot;:&quot;right center&quot;,&quot;isRtl&quot;:false,&quot;scrollOffset&quot;:-50,&quot;scrollSpeed&quot;:800}\"><button class=\"quform-default-submit\" name=\"quform_submit\" type=\"submit\" value=\"submit\" aria-hidden=\"true\" tabindex=\"-1\"><\/button><div class=\"quform-form-inner quform-form-inner-8\"><input type=\"hidden\" name=\"quform_form_id\" value=\"8\" \/><input type=\"hidden\" name=\"quform_form_uid\" value=\"d4d50f\" \/><input type=\"hidden\" name=\"quform_count\" value=\"1\" \/><input type=\"hidden\" name=\"form_url\" value=\"https:\/\/library.bilkent.edu.tr\/tr\/wp-json\/wp\/v2\/pages\/13159\" \/><input type=\"hidden\" name=\"referring_url\" value=\"\" \/><input type=\"hidden\" name=\"post_id\" value=\"\" \/><input type=\"hidden\" name=\"post_title\" value=\"\" \/><input type=\"hidden\" name=\"quform_current_page_id\" value=\"1\" \/><input type=\"hidden\" name=\"quform_loaded\" value=\"1776924615|22d83aae3f120f3bd52cd35536785ccc\" \/><input type=\"hidden\" name=\"quform_csrf_token\" value=\"dvzOH63Kn2jqWT2BoRSBS5OAi1kznVe5z621SL6W\" \/><div class=\"quform-elements quform-elements-8 quform-cf quform-responsive-elements-phone-landscape\"><div class=\"quform-element quform-element-page quform-page-1 quform-page-8_1 quform-cf quform-group-style-bordered quform-first-page quform-last-page quform-current-page\"><div class=\"quform-child-elements\"><div class=\"quform-element quform-element-name quform-element-8_3 quform-cf quform-element-required\"><div class=\"quform-spacer\"><div class=\"quform-inner quform-inner-name quform-inner-8_3 quform-field-size-slim\"><div class=\"quform-input quform-input-name quform-input-8_3 quform-cf\"><div class=\"quform-element-row quform-2-columns quform-element-row-size-fixed quform-responsive-columns-phone-landscape\"><div class=\"quform-element-column\"><div class=\"quform-element quform-element-text quform-element-8_3_2 quform-cf quform-element-required\"><div class=\"quform-spacer\"><div class=\"quform-inner quform-inner-text quform-inner-8_3_2 quform-field-size-slim\"><div class=\"quform-input quform-input-text quform-input-8_3_2 quform-cf\"><input type=\"text\" id=\"quform_8_3_2_d4d50f\" name=\"quform_8_3[2]\" class=\"quform-field quform-field-text quform-field-8_3_2\" placeholder=\"Ad\" \/><\/div><\/div><\/div><\/div><\/div><div class=\"quform-element-column\"><div class=\"quform-element quform-element-text quform-element-8_3_4 quform-cf quform-element-required\"><div class=\"quform-spacer\"><div class=\"quform-inner quform-inner-text quform-inner-8_3_4 quform-field-size-slim\"><div class=\"quform-input quform-input-text quform-input-8_3_4 quform-cf\"><input type=\"text\" id=\"quform_8_3_4_d4d50f\" name=\"quform_8_3[4]\" class=\"quform-field quform-field-text quform-field-8_3_4\" placeholder=\"Soyad\" \/><\/div><\/div><\/div><\/div><\/div><\/div><\/div><\/div><\/div><\/div><div class=\"quform-element quform-element-email quform-element-8_4 quform-cf quform-labels-inside quform-element-required\"><div class=\"quform-spacer\"><div class=\"quform-label quform-label-8_4\"><label class=\"quform-label-text\" for=\"quform_8_4_d4d50f\">E-posta adresi<span class=\"quform-required\">*<\/span><\/label><\/div><div class=\"quform-inner quform-inner-email quform-inner-8_4 quform-field-size-slim\"><div class=\"quform-input quform-input-email quform-input-8_4 quform-cf quform-has-field-icon-left\"><input type=\"email\" id=\"quform_8_4_d4d50f\" name=\"quform_8_4\" class=\"quform-field quform-field-email quform-field-8_4\" \/><span class=\"quform-field-icon quform-field-icon-left\"><i class=\"fa fa-envelope-o\"><\/i><\/span><\/div><\/div><\/div><\/div><div class=\"quform-element quform-element-text quform-element-8_5 quform-cf quform-labels-inside quform-element-optional\"><div class=\"quform-spacer\"><div class=\"quform-label quform-label-8_5\"><label class=\"quform-label-text\" for=\"quform_8_5_d4d50f\">Konu<\/label><\/div><div class=\"quform-inner quform-inner-text quform-inner-8_5 quform-field-size-slim\"><div class=\"quform-input quform-input-text quform-input-8_5 quform-cf\"><input type=\"text\" id=\"quform_8_5_d4d50f\" name=\"quform_8_5\" class=\"quform-field quform-field-text quform-field-8_5\" \/><\/div><\/div><\/div><\/div><div class=\"quform-element quform-element-textarea quform-element-8_6 quform-cf quform-labels-inside quform-element-optional\"><div class=\"quform-spacer\"><div class=\"quform-label quform-label-8_6\"><label class=\"quform-label-text\" for=\"quform_8_6_d4d50f\">Mesaj<\/label><\/div><div class=\"quform-inner quform-inner-textarea quform-inner-8_6 quform-field-size-slim\"><div class=\"quform-input quform-input-textarea quform-input-8_6 quform-cf\"><textarea id=\"quform_8_6_d4d50f\" name=\"quform_8_6\" class=\"quform-field quform-field-textarea quform-field-8_6\"><\/textarea><\/div><\/div><\/div><\/div><div class=\"quform-element quform-element-textarea quform-element-8_592901 quform-sr-only quform-cf\" style=\"clip: rect(1px, 1px, 1px, 1px); clip-path: inset(50%); position: absolute !important; height: 1px; width: 1px; overflow: hidden;\"><div class=\"quform-spacer\"><div class=\"quform-label quform-label-8_592901\"><label class=\"quform-label-text\" for=\"quform_8_592901_d4d50f\">Business Email<span class=\"quform-required\">*<\/span><\/label><\/div><div class=\"quform-inner quform-inner-8_592901\"><textarea id=\"quform_8_592901_d4d50f\" name=\"quform_8_592901\" class=\"quform-field quform-field-textarea quform-field-8_592901\" tabindex=\"-1\" autocomplete=\"new-password\"><\/textarea><\/div><\/div><\/div><div class=\"quform-element quform-element-recaptcha quform-element-8_8 quform-cf quform-element-required\"><div class=\"quform-spacer\"><div class=\"quform-inner quform-inner-recaptcha quform-inner-8_8 quform-field-size-slim\"><div class=\"quform-input quform-input-recaptcha quform-input-8_8 quform-cf\"><div class=\"quform-recaptcha\" data-config=\"{&quot;sitekey&quot;:&quot;6LdmBAwUAAAAAD77NmXzKHAbaGjZ2f7dhGS0QmxU&quot;,&quot;_version&quot;:&quot;v2&quot;,&quot;size&quot;:&quot;normal&quot;,&quot;type&quot;:&quot;image&quot;,&quot;theme&quot;:&quot;light&quot;,&quot;badge&quot;:&quot;bottomright&quot;}\"><\/div><noscript><div><div style=\"width: 302px; height: 422px; position: relative;\"><div style=\"width: 302px; height: 422px; position: absolute;\"><iframe src=\"https:\/\/www.google.com\/recaptcha\/api\/fallback?k=6LdmBAwUAAAAAD77NmXzKHAbaGjZ2f7dhGS0QmxU\" frameborder=\"0\" scrolling=\"no\" style=\"width: 302px; height:422px; border-style: none;\"><\/iframe><\/div><\/div><div style=\"width: 300px; height: 60px; border-style: none; bottom: 12px; left: 25px; margin: 0px; padding: 0px; right: 25px; background: #f9f9f9; border: 1px solid #c1c1c1; border-radius: 3px;\"><textarea name=\"g-recaptcha-response\" class=\"g-recaptcha-response\" style=\"width: 250px; height: 40px; border: 1px solid #c1c1c1; margin: 10px 25px; padding: 0px; resize: none;\" aria-hidden=\"true\"><\/textarea><\/div><\/div><\/noscript><\/div><\/div><\/div><\/div><div class=\"quform-element quform-element-checkbox quform-element-8_9 quform-cf quform-element-required\"><div class=\"quform-spacer\"><div class=\"quform-inner quform-inner-checkbox quform-inner-8_9 quform-field-size-slim\"><div class=\"quform-input quform-input-checkbox quform-input-8_9 quform-cf\"><div class=\"quform-options quform-cf quform-options-block quform-options-simple\"><div class=\"quform-option\"><input type=\"checkbox\" name=\"quform_8_9[]\" id=\"quform_8_9_d4d50f_1\" class=\"quform-field quform-field-checkbox quform-field-8_9 quform-field-8_9_1\" value=\"* \u0130.D. Bilkent \u00dcniversitesi K\u00fct\u00fcphanesi &lt;a href=&quot;https:\/\/library.bilkent.edu.tr\/tr\/gizlilik\/&quot; target=&quot;_blank&quot;&gt;Ki\u015fisel Verilerin Korunmas\u0131 Kanunu Ayd\u0131nlatma Metni&lt;\/a&gt;\u2019ni okudum.\" \/><label for=\"quform_8_9_d4d50f_1\" class=\"quform-option-label quform-option-label-8_9_1\"><span class=\"quform-option-text\">* \u0130.D. Bilkent \u00dcniversitesi K\u00fct\u00fcphanesi <a href=\"https:\/\/library.bilkent.edu.tr\/tr\/gizlilik\/\" target=\"_blank\">Ki\u015fisel Verilerin Korunmas\u0131 Kanunu Ayd\u0131nlatma Metni<\/a>\u2019ni okudum.<\/span><\/label><\/div><\/div><\/div><\/div><\/div><\/div><div class=\"quform-element quform-element-checkbox quform-element-8_10 quform-cf quform-element-required\"><div class=\"quform-spacer\"><div class=\"quform-inner quform-inner-checkbox quform-inner-8_10 quform-field-size-slim\"><div class=\"quform-input quform-input-checkbox quform-input-8_10 quform-cf\"><div class=\"quform-options quform-cf quform-options-block quform-options-simple\"><div class=\"quform-option\"><input type=\"checkbox\" name=\"quform_8_10[]\" id=\"quform_8_10_d4d50f_1\" class=\"quform-field quform-field-checkbox quform-field-8_10 quform-field-8_10_1\" value=\"* Taraf\u0131ma Ki\u015fisel Verilerin Korunmas\u0131 Kanunu hakk\u0131nda ayd\u0131nlatma yap\u0131lm\u0131\u015f olup, i\u015fbu belge\/form ile vermi\u015f oldu\u011fum ki\u015fisel verilerimin; belge\/formun verilmesini gerektiren ama\u00e7lar ile ayd\u0131nlatma metni ve ilgili mevzuatta yer alan hususlarla s\u0131n\u0131rl\u0131 olmak \u00fczere i\u015flenmesini ve aktar\u0131lmas\u0131n\u0131 kabul ediyorum.\" \/><label for=\"quform_8_10_d4d50f_1\" class=\"quform-option-label quform-option-label-8_10_1\"><span class=\"quform-option-text\">* Taraf\u0131ma Ki\u015fisel Verilerin Korunmas\u0131 Kanunu hakk\u0131nda ayd\u0131nlatma yap\u0131lm\u0131\u015f olup, i\u015fbu belge\/form ile vermi\u015f oldu\u011fum ki\u015fisel verilerimin; belge\/formun verilmesini gerektiren ama\u00e7lar ile ayd\u0131nlatma metni ve ilgili mevzuatta yer alan hususlarla s\u0131n\u0131rl\u0131 olmak \u00fczere i\u015flenmesini ve aktar\u0131lmas\u0131n\u0131 kabul ediyorum.<\/span><\/label><\/div><\/div><\/div><\/div><\/div><\/div><div class=\"quform-element quform-element-submit quform-element-8_2 quform-cf quform-button-style-bootstrap-primary\"><div class=\"quform-button-submit quform-button-submit-default quform-button-submit-8_2\"><button name=\"quform_submit\" type=\"submit\" class=\"quform-submit\" value=\"submit\"><span class=\"quform-button-text quform-button-submit-text\">G\u00f6nder<\/span><\/button><\/div><div class=\"quform-loading quform-loading-position-left quform-loading-type-spinner-1\"><div class=\"quform-loading-inner\"><div class=\"quform-loading-spinner\"><div class=\"quform-loading-spinner-inner\"><\/div><\/div><\/div><\/div><\/div><\/div><\/div><\/div><\/div><\/form><\/div>\n<\/div><div class=\"fusion-clearfix\"><\/div><\/div><\/div><\/div><\/div>\n","protected":false},"excerpt":{"rendered":"","protected":false},"author":3479,"featured_media":0,"parent":0,"menu_order":0,"comment_status":"closed","ping_status":"closed","template":"","meta":{"footnotes":""},"class_list":["post-13159","page","type-page","status-publish","hentry"],"yoast_head":"<!-- This site is optimized with the Yoast SEO plugin v27.3 - https:\/\/yoast.com\/product\/yoast-seo-wordpress\/ -->\n<title>\u0130leti\u015fim - Bilkent \u00dcniversitesi K\u00fct\u00fcphanesi<\/title>\n<meta name=\"robots\" content=\"index, follow, max-snippet:-1, max-image-preview:large, max-video-preview:-1\" \/>\n<link rel=\"canonical\" href=\"https:\/\/library.bilkent.edu.tr\/tr\/iletisim\/\" \/>\n<meta property=\"og:locale\" content=\"tr_TR\" \/>\n<meta property=\"og:type\" content=\"article\" \/>\n<meta property=\"og:title\" content=\"\u0130leti\u015fim - Bilkent \u00dcniversitesi K\u00fct\u00fcphanesi\" \/>\n<meta property=\"og:url\" content=\"https:\/\/library.bilkent.edu.tr\/tr\/iletisim\/\" \/>\n<meta property=\"og:site_name\" content=\"Bilkent \u00dcniversitesi K\u00fct\u00fcphanesi\" \/>\n<meta property=\"article:modified_time\" content=\"2023-11-13T11:32:53+00:00\" \/>\n<meta name=\"twitter:card\" content=\"summary_large_image\" \/>\n<meta name=\"twitter:label1\" content=\"Tahmini okuma s\u00fcresi\" \/>\n\t<meta name=\"twitter:data1\" content=\"2 dakika\" \/>\n<script type=\"application\/ld+json\" class=\"yoast-schema-graph\">{\"@context\":\"https:\\\/\\\/schema.org\",\"@graph\":[{\"@type\":\"WebPage\",\"@id\":\"https:\\\/\\\/library.bilkent.edu.tr\\\/tr\\\/iletisim\\\/\",\"url\":\"https:\\\/\\\/library.bilkent.edu.tr\\\/tr\\\/iletisim\\\/\",\"name\":\"\u0130leti\u015fim - Bilkent \u00dcniversitesi K\u00fct\u00fcphanesi\",\"isPartOf\":{\"@id\":\"https:\\\/\\\/library.bilkent.edu.tr\\\/tr\\\/#website\"},\"datePublished\":\"2017-12-11T19:36:35+00:00\",\"dateModified\":\"2023-11-13T11:32:53+00:00\",\"breadcrumb\":{\"@id\":\"https:\\\/\\\/library.bilkent.edu.tr\\\/tr\\\/iletisim\\\/#breadcrumb\"},\"inLanguage\":\"tr\",\"potentialAction\":[{\"@type\":\"ReadAction\",\"target\":[\"https:\\\/\\\/library.bilkent.edu.tr\\\/tr\\\/iletisim\\\/\"]}]},{\"@type\":\"BreadcrumbList\",\"@id\":\"https:\\\/\\\/library.bilkent.edu.tr\\\/tr\\\/iletisim\\\/#breadcrumb\",\"itemListElement\":[{\"@type\":\"ListItem\",\"position\":1,\"name\":\"Home\",\"item\":\"https:\\\/\\\/library.bilkent.edu.tr\\\/tr\\\/\"},{\"@type\":\"ListItem\",\"position\":2,\"name\":\"\u0130leti\u015fim\"}]},{\"@type\":\"WebSite\",\"@id\":\"https:\\\/\\\/library.bilkent.edu.tr\\\/tr\\\/#website\",\"url\":\"https:\\\/\\\/library.bilkent.edu.tr\\\/tr\\\/\",\"name\":\"Bilkent \u00dcniversitesi K\u00fct\u00fcphanesi\",\"description\":\"\",\"publisher\":{\"@id\":\"https:\\\/\\\/library.bilkent.edu.tr\\\/tr\\\/#organization\"},\"potentialAction\":[{\"@type\":\"SearchAction\",\"target\":{\"@type\":\"EntryPoint\",\"urlTemplate\":\"https:\\\/\\\/library.bilkent.edu.tr\\\/tr\\\/?s={search_term_string}\"},\"query-input\":{\"@type\":\"PropertyValueSpecification\",\"valueRequired\":true,\"valueName\":\"search_term_string\"}}],\"inLanguage\":\"tr\"},{\"@type\":\"Organization\",\"@id\":\"https:\\\/\\\/library.bilkent.edu.tr\\\/tr\\\/#organization\",\"name\":\"Bilkent \u00dcniversitesi K\u00fct\u00fcphanesi\",\"url\":\"https:\\\/\\\/library.bilkent.edu.tr\\\/tr\\\/\",\"logo\":{\"@type\":\"ImageObject\",\"inLanguage\":\"tr\",\"@id\":\"https:\\\/\\\/library.bilkent.edu.tr\\\/tr\\\/#\\\/schema\\\/logo\\\/image\\\/\",\"url\":\"https:\\\/\\\/library.bilkent.edu.tr\\\/tr\\\/wp-content\\\/uploads\\\/2017\\\/12\\\/bilkent-tr-2.png\",\"contentUrl\":\"https:\\\/\\\/library.bilkent.edu.tr\\\/tr\\\/wp-content\\\/uploads\\\/2017\\\/12\\\/bilkent-tr-2.png\",\"width\":800,\"height\":172,\"caption\":\"Bilkent \u00dcniversitesi K\u00fct\u00fcphanesi\"},\"image\":{\"@id\":\"https:\\\/\\\/library.bilkent.edu.tr\\\/tr\\\/#\\\/schema\\\/logo\\\/image\\\/\"}}]}<\/script>\n<!-- \/ Yoast SEO plugin. -->","yoast_head_json":{"title":"\u0130leti\u015fim - Bilkent \u00dcniversitesi K\u00fct\u00fcphanesi","robots":{"index":"index","follow":"follow","max-snippet":"max-snippet:-1","max-image-preview":"max-image-preview:large","max-video-preview":"max-video-preview:-1"},"canonical":"https:\/\/library.bilkent.edu.tr\/tr\/iletisim\/","og_locale":"tr_TR","og_type":"article","og_title":"\u0130leti\u015fim - Bilkent \u00dcniversitesi K\u00fct\u00fcphanesi","og_url":"https:\/\/library.bilkent.edu.tr\/tr\/iletisim\/","og_site_name":"Bilkent \u00dcniversitesi K\u00fct\u00fcphanesi","article_modified_time":"2023-11-13T11:32:53+00:00","twitter_card":"summary_large_image","twitter_misc":{"Tahmini okuma s\u00fcresi":"2 dakika"},"schema":{"@context":"https:\/\/schema.org","@graph":[{"@type":"WebPage","@id":"https:\/\/library.bilkent.edu.tr\/tr\/iletisim\/","url":"https:\/\/library.bilkent.edu.tr\/tr\/iletisim\/","name":"\u0130leti\u015fim - Bilkent \u00dcniversitesi K\u00fct\u00fcphanesi","isPartOf":{"@id":"https:\/\/library.bilkent.edu.tr\/tr\/#website"},"datePublished":"2017-12-11T19:36:35+00:00","dateModified":"2023-11-13T11:32:53+00:00","breadcrumb":{"@id":"https:\/\/library.bilkent.edu.tr\/tr\/iletisim\/#breadcrumb"},"inLanguage":"tr","potentialAction":[{"@type":"ReadAction","target":["https:\/\/library.bilkent.edu.tr\/tr\/iletisim\/"]}]},{"@type":"BreadcrumbList","@id":"https:\/\/library.bilkent.edu.tr\/tr\/iletisim\/#breadcrumb","itemListElement":[{"@type":"ListItem","position":1,"name":"Home","item":"https:\/\/library.bilkent.edu.tr\/tr\/"},{"@type":"ListItem","position":2,"name":"\u0130leti\u015fim"}]},{"@type":"WebSite","@id":"https:\/\/library.bilkent.edu.tr\/tr\/#website","url":"https:\/\/library.bilkent.edu.tr\/tr\/","name":"Bilkent \u00dcniversitesi K\u00fct\u00fcphanesi","description":"","publisher":{"@id":"https:\/\/library.bilkent.edu.tr\/tr\/#organization"},"potentialAction":[{"@type":"SearchAction","target":{"@type":"EntryPoint","urlTemplate":"https:\/\/library.bilkent.edu.tr\/tr\/?s={search_term_string}"},"query-input":{"@type":"PropertyValueSpecification","valueRequired":true,"valueName":"search_term_string"}}],"inLanguage":"tr"},{"@type":"Organization","@id":"https:\/\/library.bilkent.edu.tr\/tr\/#organization","name":"Bilkent \u00dcniversitesi K\u00fct\u00fcphanesi","url":"https:\/\/library.bilkent.edu.tr\/tr\/","logo":{"@type":"ImageObject","inLanguage":"tr","@id":"https:\/\/library.bilkent.edu.tr\/tr\/#\/schema\/logo\/image\/","url":"https:\/\/library.bilkent.edu.tr\/tr\/wp-content\/uploads\/2017\/12\/bilkent-tr-2.png","contentUrl":"https:\/\/library.bilkent.edu.tr\/tr\/wp-content\/uploads\/2017\/12\/bilkent-tr-2.png","width":800,"height":172,"caption":"Bilkent \u00dcniversitesi K\u00fct\u00fcphanesi"},"image":{"@id":"https:\/\/library.bilkent.edu.tr\/tr\/#\/schema\/logo\/image\/"}}]}},"_links":{"self":[{"href":"https:\/\/library.bilkent.edu.tr\/tr\/wp-json\/wp\/v2\/pages\/13159","targetHints":{"allow":["GET"]}}],"collection":[{"href":"https:\/\/library.bilkent.edu.tr\/tr\/wp-json\/wp\/v2\/pages"}],"about":[{"href":"https:\/\/library.bilkent.edu.tr\/tr\/wp-json\/wp\/v2\/types\/page"}],"author":[{"embeddable":true,"href":"https:\/\/library.bilkent.edu.tr\/tr\/wp-json\/wp\/v2\/users\/3479"}],"replies":[{"embeddable":true,"href":"https:\/\/library.bilkent.edu.tr\/tr\/wp-json\/wp\/v2\/comments?post=13159"}],"version-history":[{"count":37,"href":"https:\/\/library.bilkent.edu.tr\/tr\/wp-json\/wp\/v2\/pages\/13159\/revisions"}],"predecessor-version":[{"id":20435,"href":"https:\/\/library.bilkent.edu.tr\/tr\/wp-json\/wp\/v2\/pages\/13159\/revisions\/20435"}],"wp:attachment":[{"href":"https:\/\/library.bilkent.edu.tr\/tr\/wp-json\/wp\/v2\/media?parent=13159"}],"curies":[{"name":"wp","href":"https:\/\/api.w.org\/{rel}","templated":true}]}}