{"id":12809,"date":"2017-12-02T16:49:24","date_gmt":"2017-12-02T13:49:24","guid":{"rendered":"https:\/\/library.bilkent.edu.tr\/tr\/?page_id=12809"},"modified":"2024-11-28T11:11:49","modified_gmt":"2024-11-28T08:11:49","slug":"personel","status":"publish","type":"page","link":"https:\/\/library.bilkent.edu.tr\/tr\/personel\/","title":{"rendered":"Personel"},"content":{"rendered":"<div class=\"fusion-fullwidth fullwidth-box fusion-builder-row-1 nonhundred-percent-fullwidth non-hundred-percent-height-scrolling\" style=\"--awb-border-radius-top-left:0px;--awb-border-radius-top-right:0px;--awb-border-radius-bottom-right:0px;--awb-border-radius-bottom-left:0px;--awb-flex-wrap:wrap;\" ><div class=\"fusion-builder-row fusion-row\"><div class=\"fusion-layout-column fusion_builder_column fusion-builder-column-0 fusion_builder_column_1_1 1_1 fusion-one-full fusion-column-first fusion-column-last\" style=\"--awb-bg-blend:overlay;--awb-bg-size:cover;\"><div class=\"fusion-column-wrapper fusion-flex-column-wrapper-legacy\"><div class=\"fusion-title title fusion-title-1 fusion-sep-none fusion-title-text fusion-title-size-six\" style=\"--awb-margin-top-small:0px;--awb-margin-right-small:0px;--awb-margin-bottom-small:20px;--awb-margin-left-small:0px;--awb-sep-color:#cccccc;\"><h6 class=\"fusion-title-heading title-heading-right fusion-responsive-typography-calculated\" style=\"margin:0;--fontSize:18;--minFontSize:18;line-height:1.5;\"><em><a style=\"color: #000;\" href=\"https:\/\/library.bilkent.edu.tr\/staff\">English<\/a><\/em><\/h6><\/div><!DOCTYPE html>\n<html lang=\"tr\">\n<head>\n  <meta charset=\"UTF-8\">\n  <meta name=\"viewport\" content=\"width=device-width, initial-scale=1.0\">\n  <style>\n    .post-content h6  {\n      margin-top: 20px;\n    }\n    .staff-filter-container {\n      text-align: left;\n      margin-bottom: 20px;\n    }\n\n    select.staff-dropdown, input#name-search {\n      padding: 5px 10px;\n      font-size: 0.9em;\n      border-radius: 8px;\n      border: 1px solid #3498db;\n      width: 100%;\n      max-width: 470px;\n      height: 57px;\n      margin: 0 auto 10px;\n      background-color: #f8f9fa;\n      color: #333;\n      appearance: none;\n      box-shadow: 0px 4px 6px rgba(0, 0, 0, 0.1);\n      position: relative;\n    }\n\n    .dropdown-container {\n      position: relative;\n      display: inline-block;\n      width: 100%;\n      max-width: 470px;\n    }\n\n    .dropdown-container i.fa-caret-down {\n      position: absolute;\n      right: 15px;\n      top: 40%;\n      transform: translateY(-50%);\n      pointer-events: none;\n      color: #333;\n    }\n\n    .alphabet-filter {\n      display: flex;\n      flex-wrap: wrap;\n      justify-content: flex-start;\n      margin-bottom: 10px;\n    }\n\n    .alphabet-filter button {\n      padding: 5px 10px;\n      margin: 2px;\n      font-size: 0.9em;\n      border-radius: 8px;\n      border: 1px solid #3498db;\n      background-color: #f8f9fa;\n      color: #333;\n      cursor: pointer;\n    }\n\n    .staff-container {\n      display: flex;\n      flex-direction: column;\n      width: 100%;\n      max-width: 100%;\n    }\n\n    .staff-row {\n      display: flex;\n      flex-direction: row;\n      align-items: flex-start;\n      padding: 10px;\n      margin-bottom: 10px;\n      border-bottom: 1px solid #ddd;\n    }\n\n    .staff-row:nth-child(even) {\n      background-color: #fff;\n    }\n\n    .staff-row:hover {\n      background-color: #fff;\n    }\n\n    .profile-image {\n      width: 120px;\n      height: 120px;\n      object-fit: cover;\n      border-radius: 50%;\n      margin-right: 30px;\n    }\n\n    .staff-info {\n      display: flex;\n      flex-direction: column;\n    }\n\n    .staff-info a {\n      color: #005a9c;\n      font-weight: 700;\n      text-decoration: none;\n    }\n\n    .staff-info a:hover {\n      text-decoration: underline;\n    }\n\n    .contact-phone {\n      text-decoration: none;\n      font-weight: normal !important;\n    }\n\n    .contact-email {\n      text-decoration: none;\n      font-weight: normal !important;\n    }\n\n    .department-header {\n      background-color: #f2f2f2;\n      border-bottom: 1px solid #ddd;\n      font-size: 1em;\n      font-weight: bold;\n      padding: 10px 15px;\n    }\n\n    .special-department-header {\n      background-color: #e6f7ff;\n      border-bottom: 1px solid #ddd;\n      font-size: 0.9em;\n      padding: 5px 25px;\n      font-style: italic;\n      margin-left: 20px;\n      font-weight: normal;\n    }\n\n    @media screen and (max-width: 768px) {\n      .staff-row {\n        flex-direction: column;\n        align-items: center;\n        text-align: center;\n      }\n\n      .profile-image {\n        margin-right: 0;\n        margin-bottom: 10px;\n      }\n    }\n  <\/style>\n<\/head>\n<body data-rsssl=1>\n\n  <div class=\"staff-filter-container\">\n    <div class=\"dropdown-container\">\n      <select id=\"staff-department-filter\" class=\"staff-dropdown\">\n        <option value=\"all\">T\u00fcm Departmanlar<\/option>\n      <\/select>\n      <i class=\"fa fa-caret-down\" aria-hidden=\"true\"><\/i>\n    <\/div>\n\n    <input type=\"text\" id=\"name-search\" placeholder=\"Personel ara\" \/>\n    <h6>\u0130smin ilk harfini se\u00e7in<\/h6>\n    <!-- A'dan Z'ye butonlar ve All butonu -->\n    <div id=\"alphabet-filter\" class=\"alphabet-filter\"><\/div>\n  <\/div>\n\n  <div id=\"staff-data-container\" class=\"staff-container\"><\/div>\n\n  <script>\n    const url = 'https:\/\/library.bilkent.edu.tr\/api\/staff\/data'; \n\n    const departmentFilter = document.getElementById(\"staff-department-filter\");\n    const nameSearch = document.getElementById(\"name-search\");\n    const staffContainer = document.getElementById(\"staff-data-container\");\n    const alphabetFilter = document.getElementById(\"alphabet-filter\");\n\n    let allRows = [];\n\t\n\tconst titles = [\"Dr.\", \"Prof.\", \"Do\u00e7.\", \"Yrd. Do\u00e7.\", \"Ar\u015f. G\u00f6r.\", \"Uzman\"]; \/\/ Unvanlar listesi\n\n    const nameDictionary = {\n      \"Acquisitions\": \"Sa\u011flama\",\n      \"Administrative Services\": \"\u0130dari Hizmetler\",\n      \"Art Room\": \"Sanat Odas\u0131\",\n      \"Automation\": \"Otomasyon\",\n      \"Cataloging\": \"Kataloglama\",\n      \"Circulation Desk (Main Campus)\": \"\u00d6d\u00fcn\u00e7 Verme (Merkez Kamp\u00fcs)\",\n      \"East Campus Library\": \"Do\u011fu Kamp\u00fcs K\u00fct\u00fcphanesi\",\n      \"Electronic Resources and Periodicals\": \"Elektronik Kaynaklar ve S\u00fcreli Yay\u0131nlar\",\n      \"Inter-Library Loan\": \"K\u00fct\u00fcphaneleraras\u0131 \u00d6d\u00fcn\u00e7 Verme\",\n      \"Library Security\": \"G\u00fcvenlik\",\n      \"Multimedia Room\": \"Multimedya Odas\u0131\",\n      \"Office of the University Librarian\": \"K\u00fct\u00fcphane M\u00fcd\u00fcrl\u00fc\u011f\u00fc\",\n      \"Reserve Collection\": \"Rezerv Koleksiyonu\",\n      \"Special Collections\": \"\u00d6zel Koleksiyonlar\",\n      \"Stationery Shop (Main Campus)\": \"K\u0131rtasiye (Merkez Kamp\u00fcs)\",\n      \"User and Access Services\": \"Kullan\u0131c\u0131 ve Eri\u015fim Hizmetleri\"\n    };\n\n    const departmentDictionary = {\n      \"Office of the University Librarian\": \"K\u00fct\u00fcphane M\u00fcd\u00fcrl\u00fc\u011f\u00fc\",\n      \"Administrative Services and Institutional Communications\": \"\u0130dari Hizmetler ve Kurumsal \u0130leti\u015fim Birimi\",\n      \"User and Access Services\": \"Kullan\u0131c\u0131 ve Eri\u015fim Hizmetleri\",\n      \"Inter-Library Loan\": \"K\u00fct\u00fcphaneler Aras\u0131 \u00d6d\u00fcn\u00e7 Verme\",\n      \"Faculty Librarianship\": \"Fak\u00fclte K\u00fct\u00fcphanecili\u011fi\",\n      \"Electronic Resources and Periodicals\": \"Elektronik Kaynaklar ve S\u00fcreli Yay\u0131nlar\",\n      \"Acquisitions\": \"Sa\u011flama\",\n      \"Cataloging\": \"Kataloglama\",\n      \"Technical Services (Acquisitions - Cataloging - ERM)\": \"Teknik Hizmetler (Sa\u011flama, Kataloglama, ERM)\",\n      \"Automation\": \"Otomasyon\",\n      \"Facilities\/Services\": \"Birimler\/Hizmetler\"\n    };\n\n    const titleDictionary = {\n      \"Director\": \"M\u00fcd\u00fcr\",\n      \"Administrative Assistant\": \"\u0130dari Asistan\",\n      \"Head of Administrative Services and Institutional Communications\": \"\u0130dari Hizmetler ve Kurumsal \u0130leti\u015fim Birimi Sorumlusu\",\n      \"Administrative Staff\": \"Memur\",\n      \"Librarian\": \"K\u00fct\u00fcphaneci\",\n      \"Head of User and Access Services\": \"Kullan\u0131c\u0131 ve Eri\u015fim Hizmetleri Sorumlusu\",\n      \"Library Staff\": \"K\u00fct\u00fcphane G\u00f6revlisi\",\n      \"Head of Electronic Resources\": \"Elektronik Kaynaklar Sorumlusu\",\n      \"Head of Technical Services\": \"Teknik Hizmetler Sorumlusu\"\n    };\n\n    \/\/ Profil linkini kontrol edip \"phonedir\" yerine \"rehber\" kullanacak fonksiyon\n    function generateProfileLink(profileLink) {\n      if (profileLink.includes('phonedir')) {\n        return profileLink.replace('phonedir', 'rehber');\n      }\n      return profileLink;\n    }\n\n    fetch(url)\n      .then(response => response.json())\n      .then(data => {\n        allRows = data.values || data.data;\n        translateAndPopulateStaff(allRows);\n        populateDepartmentFilter(allRows);\n        createAlphabetButtons();\n      })\n      .catch(error => console.error('Hata olu\u015ftu:', error));\n\t  \n\t    function stripTitle(name) {\n      \/\/ \u0130smin ba\u015f\u0131ndaki unvan\u0131 kald\u0131r\n      for (const title of titles) {\n        if (name.startsWith(title)) {\n          return name.substring(title.length).trim();\n        }\n      }\n      return name;\n    }\n\n    function translateData(row) {\n      row[1] = nameDictionary[row[1]] || row[1];\n      row[2] = departmentDictionary[row[2]] || row[2];\n      row[3] = titleDictionary[row[3]] || row[3];\n\t\t\t\t\t\t\t\t\t\t\t\t\t \n\t\t \n\t   \n      return row;\n    }\n\n    function translateAndPopulateStaff(rows) {\n      staffContainer.innerHTML = ''; \n      let previousDepartment = '';\n\n      rows.forEach(row => {\n        row = translateData(row);\n\n        const currentDepartment = row[2];\n\n        if (currentDepartment !== previousDepartment) {\n          const departmentHeader = document.createElement('div');\n          departmentHeader.classList.add('department-header');\n          departmentHeader.style.fontWeight = 'bold';\n          departmentHeader.style.margin = '10px 0';\n\n      if (['Sa\u011flama', 'Kataloglama', 'Elektronik Kaynaklar ve S\u00fcreli Yay\u0131nlar'].includes(currentDepartment)) {\n              departmentHeader.classList.add('special-department-header');\n            }\n\n          departmentHeader.textContent = currentDepartment;\n          staffContainer.appendChild(departmentHeader);\n\n          previousDepartment = currentDepartment;\n        }\n\n        const staffRow = document.createElement('div');\n        staffRow.classList.add('staff-row');\n\n        const profileImg = document.createElement('img');\n        profileImg.classList.add('profile-image');\n        profileImg.src = row[6];  \n        profileImg.alt = `${row[1]} Profile`;\n\n        const staffInfo = document.createElement('div');\n        staffInfo.classList.add('staff-info');\n\n        const nameLink = document.createElement('a');\n        nameLink.href = generateProfileLink(row[0]);\n        nameLink.textContent = row[1];\n        nameLink.target = \"_blank\";\n\n        const title = document.createElement('p');\n        title.textContent = row[3];\n\n        const phoneLink = document.createElement('a');\n        phoneLink.href = `tel:${row[4]}`;\n        phoneLink.textContent = row[4];\n        phoneLink.classList.add('contact-phone');\n\n        const emailLink = document.createElement('a');\n        emailLink.href = `mailto:${row[5]}`;\n        emailLink.textContent = row[5];\n        emailLink.classList.add('contact-email');\n\n        staffInfo.appendChild(nameLink);\n        staffInfo.appendChild(title);\n        staffInfo.appendChild(phoneLink);\n        staffInfo.appendChild(emailLink);\n\n        staffRow.appendChild(profileImg);\n        staffRow.appendChild(staffInfo);\n\n        staffContainer.appendChild(staffRow);\n      });\n    }\n\n    function populateDepartmentFilter(rows) {\n      const departments = new Set();\n\n      rows.forEach(row => {\n        departments.add(row[2]);\n      });\n\n      departments.forEach(department => {\n        const option = document.createElement('option');\n        option.value = department;\n        option.textContent = department;\n        departmentFilter.appendChild(option);\n      });\n    }\n\n    function createAlphabetButtons() {\n      const alphabet = \"ABC\u00c7DEFGHI\u0130JKLMNO\u00d6PQRS\u015eTU\u00dcVWXYZ\".split('');\n\n      \/\/ \"All\" butonunu ekleyelim\n      const allButton = document.createElement('button');\n      allButton.textContent = 'T\u00fcm\u00fc';\n      allButton.addEventListener('click', () => translateAndPopulateStaff(allRows));\n      alphabetFilter.appendChild(allButton);\n\n      \/\/ A'dan Z'ye butonlar\u0131 ekleyelim\n      alphabet.forEach(letter => {\n        const button = document.createElement('button');\n        button.textContent = letter;\n        button.addEventListener('click', () => filterByLetter(letter));\n        alphabetFilter.appendChild(button);\n      });\n    }\n\n    departmentFilter.addEventListener('change', function () {\n      filterStaff();\n    });\n\n    nameSearch.addEventListener('input', function () {\n      filterStaff();\n    });\n\n    function filterByLetter(letter) {\n      const filteredRows = allRows.filter(row => {\n        const nameParts = stripTitle(row[1]).split(\" \");\n        \/\/ Sadece soyisim d\u0131\u015f\u0131ndaki isimlerin ilk harfini kontrol et\n        return nameParts.slice(0, -1).some(part => part.startsWith(letter));\n      });\n      translateAndPopulateStaff(filteredRows);\n    }\n\n    function filterStaff() {\n      const selectedDepartment = departmentFilter.value;\n      const searchTerm = nameSearch.value.toLowerCase();\n\n      const filteredRows = allRows.filter(row => {\n        const currentDepartment = row[2];\n\n        \/\/ Technical Services se\u00e7ildi\u011finde ilgili alt departmanlar\u0131 dahil et\n        const matchesDepartment = selectedDepartment === 'all' ||\n          currentDepartment === selectedDepartment ||\n          (selectedDepartment === 'Teknik Hizmetler (Sa\u011flama, Kataloglama, ERM)' && \n          ['Teknik Hizmetler (Sa\u011flama, Kataloglama, ERM)', 'Sa\u011flama', 'Kataloglama', 'Elektronik Kaynaklar ve S\u00fcreli Yay\u0131nlar'].includes(currentDepartment));\n\n        const matchesName = stripTitle(row[1]).toLowerCase().includes(searchTerm);\n        return matchesDepartment && matchesName;\n      });\n\n      translateAndPopulateStaff(filteredRows);\n    }\n  <\/script>\n  \n<\/body>\n<\/html>\n<div class=\"fusion-clearfix\"><\/div><\/div><\/div><\/div><\/div>\n","protected":false},"excerpt":{"rendered":"","protected":false},"author":3479,"featured_media":0,"parent":0,"menu_order":0,"comment_status":"closed","ping_status":"closed","template":"","meta":{"footnotes":""},"class_list":["post-12809","page","type-page","status-publish","hentry"],"yoast_head":"<!-- This site is optimized with the Yoast SEO plugin v27.1.1 - https:\/\/yoast.com\/product\/yoast-seo-wordpress\/ -->\n<title>Personel - Bilkent \u00dcniversitesi K\u00fct\u00fcphanesi<\/title>\n<meta name=\"robots\" content=\"index, follow, max-snippet:-1, max-image-preview:large, max-video-preview:-1\" \/>\n<link rel=\"canonical\" href=\"https:\/\/library.bilkent.edu.tr\/tr\/personel\/\" \/>\n<meta property=\"og:locale\" content=\"tr_TR\" \/>\n<meta property=\"og:type\" content=\"article\" \/>\n<meta property=\"og:title\" content=\"Personel - Bilkent \u00dcniversitesi K\u00fct\u00fcphanesi\" \/>\n<meta property=\"og:url\" content=\"https:\/\/library.bilkent.edu.tr\/tr\/personel\/\" \/>\n<meta property=\"og:site_name\" content=\"Bilkent \u00dcniversitesi K\u00fct\u00fcphanesi\" \/>\n<meta property=\"article:modified_time\" content=\"2024-11-28T08:11:49+00:00\" \/>\n<meta name=\"twitter:card\" content=\"summary_large_image\" \/>\n<meta name=\"twitter:label1\" content=\"Tahmini okuma s\u00fcresi\" \/>\n\t<meta name=\"twitter:data1\" content=\"9 dakika\" \/>\n<script type=\"application\/ld+json\" class=\"yoast-schema-graph\">{\"@context\":\"https:\/\/schema.org\",\"@graph\":[{\"@type\":\"WebPage\",\"@id\":\"https:\/\/library.bilkent.edu.tr\/tr\/personel\/\",\"url\":\"https:\/\/library.bilkent.edu.tr\/tr\/personel\/\",\"name\":\"Personel - Bilkent \u00dcniversitesi K\u00fct\u00fcphanesi\",\"isPartOf\":{\"@id\":\"https:\/\/library.bilkent.edu.tr\/tr\/#website\"},\"datePublished\":\"2017-12-02T13:49:24+00:00\",\"dateModified\":\"2024-11-28T08:11:49+00:00\",\"breadcrumb\":{\"@id\":\"https:\/\/library.bilkent.edu.tr\/tr\/personel\/#breadcrumb\"},\"inLanguage\":\"tr\",\"potentialAction\":[{\"@type\":\"ReadAction\",\"target\":[\"https:\/\/library.bilkent.edu.tr\/tr\/personel\/\"]}]},{\"@type\":\"BreadcrumbList\",\"@id\":\"https:\/\/library.bilkent.edu.tr\/tr\/personel\/#breadcrumb\",\"itemListElement\":[{\"@type\":\"ListItem\",\"position\":1,\"name\":\"Home\",\"item\":\"https:\/\/library.bilkent.edu.tr\/tr\/\"},{\"@type\":\"ListItem\",\"position\":2,\"name\":\"Personel\"}]},{\"@type\":\"WebSite\",\"@id\":\"https:\/\/library.bilkent.edu.tr\/tr\/#website\",\"url\":\"https:\/\/library.bilkent.edu.tr\/tr\/\",\"name\":\"Bilkent \u00dcniversitesi K\u00fct\u00fcphanesi\",\"description\":\"\",\"publisher\":{\"@id\":\"https:\/\/library.bilkent.edu.tr\/tr\/#organization\"},\"potentialAction\":[{\"@type\":\"SearchAction\",\"target\":{\"@type\":\"EntryPoint\",\"urlTemplate\":\"https:\/\/library.bilkent.edu.tr\/tr\/?s={search_term_string}\"},\"query-input\":{\"@type\":\"PropertyValueSpecification\",\"valueRequired\":true,\"valueName\":\"search_term_string\"}}],\"inLanguage\":\"tr\"},{\"@type\":\"Organization\",\"@id\":\"https:\/\/library.bilkent.edu.tr\/tr\/#organization\",\"name\":\"Bilkent \u00dcniversitesi K\u00fct\u00fcphanesi\",\"url\":\"https:\/\/library.bilkent.edu.tr\/tr\/\",\"logo\":{\"@type\":\"ImageObject\",\"inLanguage\":\"tr\",\"@id\":\"https:\/\/library.bilkent.edu.tr\/tr\/#\/schema\/logo\/image\/\",\"url\":\"https:\/\/library.bilkent.edu.tr\/tr\/wp-content\/uploads\/2017\/12\/bilkent-tr-2.png\",\"contentUrl\":\"https:\/\/library.bilkent.edu.tr\/tr\/wp-content\/uploads\/2017\/12\/bilkent-tr-2.png\",\"width\":800,\"height\":172,\"caption\":\"Bilkent \u00dcniversitesi K\u00fct\u00fcphanesi\"},\"image\":{\"@id\":\"https:\/\/library.bilkent.edu.tr\/tr\/#\/schema\/logo\/image\/\"}}]}<\/script>\n<!-- \/ Yoast SEO plugin. -->","yoast_head_json":{"title":"Personel - Bilkent \u00dcniversitesi K\u00fct\u00fcphanesi","robots":{"index":"index","follow":"follow","max-snippet":"max-snippet:-1","max-image-preview":"max-image-preview:large","max-video-preview":"max-video-preview:-1"},"canonical":"https:\/\/library.bilkent.edu.tr\/tr\/personel\/","og_locale":"tr_TR","og_type":"article","og_title":"Personel - Bilkent \u00dcniversitesi K\u00fct\u00fcphanesi","og_url":"https:\/\/library.bilkent.edu.tr\/tr\/personel\/","og_site_name":"Bilkent \u00dcniversitesi K\u00fct\u00fcphanesi","article_modified_time":"2024-11-28T08:11:49+00:00","twitter_card":"summary_large_image","twitter_misc":{"Tahmini okuma s\u00fcresi":"9 dakika"},"schema":{"@context":"https:\/\/schema.org","@graph":[{"@type":"WebPage","@id":"https:\/\/library.bilkent.edu.tr\/tr\/personel\/","url":"https:\/\/library.bilkent.edu.tr\/tr\/personel\/","name":"Personel - Bilkent \u00dcniversitesi K\u00fct\u00fcphanesi","isPartOf":{"@id":"https:\/\/library.bilkent.edu.tr\/tr\/#website"},"datePublished":"2017-12-02T13:49:24+00:00","dateModified":"2024-11-28T08:11:49+00:00","breadcrumb":{"@id":"https:\/\/library.bilkent.edu.tr\/tr\/personel\/#breadcrumb"},"inLanguage":"tr","potentialAction":[{"@type":"ReadAction","target":["https:\/\/library.bilkent.edu.tr\/tr\/personel\/"]}]},{"@type":"BreadcrumbList","@id":"https:\/\/library.bilkent.edu.tr\/tr\/personel\/#breadcrumb","itemListElement":[{"@type":"ListItem","position":1,"name":"Home","item":"https:\/\/library.bilkent.edu.tr\/tr\/"},{"@type":"ListItem","position":2,"name":"Personel"}]},{"@type":"WebSite","@id":"https:\/\/library.bilkent.edu.tr\/tr\/#website","url":"https:\/\/library.bilkent.edu.tr\/tr\/","name":"Bilkent \u00dcniversitesi K\u00fct\u00fcphanesi","description":"","publisher":{"@id":"https:\/\/library.bilkent.edu.tr\/tr\/#organization"},"potentialAction":[{"@type":"SearchAction","target":{"@type":"EntryPoint","urlTemplate":"https:\/\/library.bilkent.edu.tr\/tr\/?s={search_term_string}"},"query-input":{"@type":"PropertyValueSpecification","valueRequired":true,"valueName":"search_term_string"}}],"inLanguage":"tr"},{"@type":"Organization","@id":"https:\/\/library.bilkent.edu.tr\/tr\/#organization","name":"Bilkent \u00dcniversitesi K\u00fct\u00fcphanesi","url":"https:\/\/library.bilkent.edu.tr\/tr\/","logo":{"@type":"ImageObject","inLanguage":"tr","@id":"https:\/\/library.bilkent.edu.tr\/tr\/#\/schema\/logo\/image\/","url":"https:\/\/library.bilkent.edu.tr\/tr\/wp-content\/uploads\/2017\/12\/bilkent-tr-2.png","contentUrl":"https:\/\/library.bilkent.edu.tr\/tr\/wp-content\/uploads\/2017\/12\/bilkent-tr-2.png","width":800,"height":172,"caption":"Bilkent \u00dcniversitesi K\u00fct\u00fcphanesi"},"image":{"@id":"https:\/\/library.bilkent.edu.tr\/tr\/#\/schema\/logo\/image\/"}}]}},"_links":{"self":[{"href":"https:\/\/library.bilkent.edu.tr\/tr\/wp-json\/wp\/v2\/pages\/12809","targetHints":{"allow":["GET"]}}],"collection":[{"href":"https:\/\/library.bilkent.edu.tr\/tr\/wp-json\/wp\/v2\/pages"}],"about":[{"href":"https:\/\/library.bilkent.edu.tr\/tr\/wp-json\/wp\/v2\/types\/page"}],"author":[{"embeddable":true,"href":"https:\/\/library.bilkent.edu.tr\/tr\/wp-json\/wp\/v2\/users\/3479"}],"replies":[{"embeddable":true,"href":"https:\/\/library.bilkent.edu.tr\/tr\/wp-json\/wp\/v2\/comments?post=12809"}],"version-history":[{"count":388,"href":"https:\/\/library.bilkent.edu.tr\/tr\/wp-json\/wp\/v2\/pages\/12809\/revisions"}],"predecessor-version":[{"id":21926,"href":"https:\/\/library.bilkent.edu.tr\/tr\/wp-json\/wp\/v2\/pages\/12809\/revisions\/21926"}],"wp:attachment":[{"href":"https:\/\/library.bilkent.edu.tr\/tr\/wp-json\/wp\/v2\/media?parent=12809"}],"curies":[{"name":"wp","href":"https:\/\/api.w.org\/{rel}","templated":true}]}}