{"id":11907,"date":"2017-11-25T12:05:10","date_gmt":"2017-11-25T12:05:10","guid":{"rendered":"https:\/\/library.bilkent.edu.tr\/tr\/?page_id=11907"},"modified":"2023-08-21T10:45:09","modified_gmt":"2023-08-21T07:45:09","slug":"gorme-engelliler-odasi","status":"publish","type":"page","link":"https:\/\/library.bilkent.edu.tr\/tr\/gorme-engelliler-odasi\/","title":{"rendered":"G\u00f6rme Engelliler Odas\u0131"},"content":{"rendered":"<p><div class=\"fusion-fullwidth fullwidth-box fusion-builder-row-1 nonhundred-percent-fullwidth non-hundred-percent-height-scrolling\" style=\"--awb-border-radius-top-left:0px;--awb-border-radius-top-right:0px;--awb-border-radius-bottom-right:0px;--awb-border-radius-bottom-left:0px;--awb-flex-wrap:wrap;\" ><div class=\"fusion-builder-row fusion-row\"><div class=\"fusion-layout-column fusion_builder_column fusion-builder-column-0 fusion_builder_column_1_1 1_1 fusion-one-full fusion-column-first fusion-column-last\" style=\"--awb-bg-size:cover;\"><div class=\"fusion-column-wrapper fusion-flex-column-wrapper-legacy\"><div class=\"fusion-title title fusion-title-1 fusion-sep-none fusion-title-text fusion-title-size-six\" style=\"--awb-margin-top-small:0px;--awb-margin-right-small:0px;--awb-margin-bottom-small:20px;--awb-margin-left-small:0px;--awb-sep-color:#cccccc;\"><h6 class=\"fusion-title-heading title-heading-right fusion-responsive-typography-calculated\" style=\"margin:0;--fontSize:18;--minFontSize:18;line-height:1.5;\"><em><a style=\"color: #000;\" href=\"https:\/\/library.bilkent.edu.tr\/visually-handicapped-room\/\">English<\/a><\/em><\/h6><\/div><div class=\"fusion-text fusion-text-1\"><p>G\u00f6rme Engelliler Odas\u0131, 25 Aral\u0131k 2008 tarihinde Bilkent \u00dcniversitesi Mezunlar Derne\u011fi (B\u0130LMED) ve Mezunlar Merkezi\u2019nin katk\u0131lar\u0131yla a\u00e7\u0131lm\u0131\u015ft\u0131r. Halen Merkez K\u00fct\u00fcphane, A-Blok giri\u015f katta hizmet vermektedir. Bu odada, g\u00f6rme engelli kullan\u0131c\u0131lar i\u00e7in \u00e7e\u015fitli braille kaynaklar ile g\u00f6rme engelli kullan\u0131c\u0131lar\u0131n ihtiyac\u0131n\u0131 kar\u015f\u0131layacak nitelikte donan\u0131ma sahip bilgisayar, Pearl kameral\u0131 okuma sistemi, Jaws ekran okuma program\u0131n\u0131n sonu s\u00fcr\u00fcm\u00fc ile kaset\u00e7alar ve yaz\u0131c\u0131 bulunmaktad\u0131r. Kullan\u0131c\u0131lar, bu bilgisayardan tarama yapabilir, olu\u015fturduklar\u0131 bir metinden \u00e7\u0131kt\u0131 alabilir ve internet hizmetlerinden yararlanabilirler. G\u00f6rme Engelliler Odas\u0131, hafta i\u00e7i 08:30-17:00, hafta sonu 09:00- 17:00 saatleri aras\u0131nda Referans K\u00fct\u00fcphanecilerinin kontrol\u00fcnde hizmet vermektedir.<\/p>\n<p>Ayr\u0131nt\u0131l\u0131 bilgi i\u00e7in l\u00fctfen +90 (312) 290 16 98 numaral\u0131 telefonu aray\u0131n\u0131z.<\/p>\n<p>\u00bb\u00a0<a href=\"https:\/\/library.bilkent.edu.tr\/tr\/kurallar#gormeengelliler\" target=\"_parent\" rel=\"noopener noreferrer\">G\u00f6rme Engelliler Odas\u0131 Kullan\u0131m Kurallar\u0131<\/a><\/p>\n<p>\u00bb\u00a0<a href=\"https:\/\/library.bilkent.edu.tr\/tr\/planlar\/ABlok-giris-kat.jpg\" target=\"_parent\" rel=\"noopener noreferrer\">K\u00fct\u00fcphane Plan\u0131<\/a><\/p>\n<\/div><div class=\"fusion-clearfix\"><\/div><\/div><\/div><\/div><\/div><div class=\"fusion-fullwidth fullwidth-box fusion-builder-row-2 nonhundred-percent-fullwidth non-hundred-percent-height-scrolling\" style=\"--awb-border-radius-top-left:0px;--awb-border-radius-top-right:0px;--awb-border-radius-bottom-right:0px;--awb-border-radius-bottom-left:0px;--awb-flex-wrap:wrap;\" ><div class=\"fusion-builder-row fusion-row\"><div class=\"fusion-layout-column fusion_builder_column fusion-builder-column-1 fusion_builder_column_1_2 1_2 fusion-one-half fusion-column-first\" style=\"--awb-bg-size:cover;width:50%;width:calc(50% - ( ( 4% ) * 0.5 ) );margin-right: 4%;\"><div class=\"fusion-column-wrapper fusion-flex-column-wrapper-legacy\"><div class=\"fusion-image-element in-legacy-container\" style=\"--awb-caption-title-font-family:var(--h2_typography-font-family);--awb-caption-title-font-weight:var(--h2_typography-font-weight);--awb-caption-title-font-style:var(--h2_typography-font-style);--awb-caption-title-size:var(--h2_typography-font-size);--awb-caption-title-transform:var(--h2_typography-text-transform);--awb-caption-title-line-height:var(--h2_typography-line-height);--awb-caption-title-letter-spacing:var(--h2_typography-letter-spacing);\"><span class=\" fusion-imageframe imageframe-none imageframe-1 hover-type-none\"><img decoding=\"async\" width=\"768\" height=\"512\" title=\"pearl_websayfasi\" src=\"https:\/\/library.bilkent.edu.tr\/tr\/wp-content\/uploads\/2021\/04\/pearl_websayfasi.jpeg\" alt class=\"img-responsive wp-image-18597\"\/><\/span><\/div><div class=\"fusion-clearfix\"><\/div><\/div><\/div><div class=\"fusion-layout-column fusion_builder_column fusion-builder-column-2 fusion_builder_column_1_2 1_2 fusion-one-half fusion-column-last\" style=\"--awb-bg-size:cover;width:50%;width:calc(50% - ( ( 4% ) * 0.5 ) );\"><div class=\"fusion-column-wrapper fusion-flex-column-wrapper-legacy\"><div class=\"fusion-image-element in-legacy-container\" style=\"--awb-caption-title-font-family:var(--h2_typography-font-family);--awb-caption-title-font-weight:var(--h2_typography-font-weight);--awb-caption-title-font-style:var(--h2_typography-font-style);--awb-caption-title-size:var(--h2_typography-font-size);--awb-caption-title-transform:var(--h2_typography-text-transform);--awb-caption-title-line-height:var(--h2_typography-line-height);--awb-caption-title-letter-spacing:var(--h2_typography-letter-spacing);\"><span class=\" fusion-imageframe imageframe-none imageframe-2 hover-type-none\"><img decoding=\"async\" width=\"1200\" height=\"800\" title=\"visually handicapped room\" src=\"https:\/\/library.bilkent.edu.tr\/tr\/wp-content\/uploads\/2017\/11\/visually-handicapped-room-02.jpg\" alt class=\"img-responsive wp-image-11910\"\/><\/span><\/div><div class=\"fusion-clearfix\"><\/div><\/div><\/div><\/div><\/div><\/p>\n","protected":false},"excerpt":{"rendered":"","protected":false},"author":3479,"featured_media":0,"parent":0,"menu_order":0,"comment_status":"closed","ping_status":"closed","template":"","meta":{"footnotes":""},"class_list":["post-11907","page","type-page","status-publish","hentry"],"yoast_head":"<!-- This site is optimized with the Yoast SEO plugin v27.1.1 - https:\/\/yoast.com\/product\/yoast-seo-wordpress\/ -->\n<title>G\u00f6rme Engelliler Odas\u0131 - Bilkent \u00dcniversitesi K\u00fct\u00fcphanesi<\/title>\n<meta name=\"robots\" content=\"index, follow, max-snippet:-1, max-image-preview:large, max-video-preview:-1\" \/>\n<link rel=\"canonical\" href=\"https:\/\/library.bilkent.edu.tr\/tr\/gorme-engelliler-odasi\/\" \/>\n<meta property=\"og:locale\" content=\"tr_TR\" \/>\n<meta property=\"og:type\" content=\"article\" \/>\n<meta property=\"og:title\" content=\"G\u00f6rme Engelliler Odas\u0131 - Bilkent \u00dcniversitesi K\u00fct\u00fcphanesi\" \/>\n<meta property=\"og:url\" content=\"https:\/\/library.bilkent.edu.tr\/tr\/gorme-engelliler-odasi\/\" \/>\n<meta property=\"og:site_name\" content=\"Bilkent \u00dcniversitesi K\u00fct\u00fcphanesi\" \/>\n<meta property=\"article:modified_time\" content=\"2023-08-21T07:45:09+00:00\" \/>\n<meta name=\"twitter:card\" content=\"summary_large_image\" \/>\n<meta name=\"twitter:label1\" content=\"Tahmini okuma s\u00fcresi\" \/>\n\t<meta name=\"twitter:data1\" content=\"5 dakika\" \/>\n<script type=\"application\/ld+json\" class=\"yoast-schema-graph\">{\"@context\":\"https:\/\/schema.org\",\"@graph\":[{\"@type\":\"WebPage\",\"@id\":\"https:\/\/library.bilkent.edu.tr\/tr\/gorme-engelliler-odasi\/\",\"url\":\"https:\/\/library.bilkent.edu.tr\/tr\/gorme-engelliler-odasi\/\",\"name\":\"G\u00f6rme Engelliler Odas\u0131 - Bilkent \u00dcniversitesi K\u00fct\u00fcphanesi\",\"isPartOf\":{\"@id\":\"https:\/\/library.bilkent.edu.tr\/tr\/#website\"},\"datePublished\":\"2017-11-25T12:05:10+00:00\",\"dateModified\":\"2023-08-21T07:45:09+00:00\",\"breadcrumb\":{\"@id\":\"https:\/\/library.bilkent.edu.tr\/tr\/gorme-engelliler-odasi\/#breadcrumb\"},\"inLanguage\":\"tr\",\"potentialAction\":[{\"@type\":\"ReadAction\",\"target\":[\"https:\/\/library.bilkent.edu.tr\/tr\/gorme-engelliler-odasi\/\"]}]},{\"@type\":\"BreadcrumbList\",\"@id\":\"https:\/\/library.bilkent.edu.tr\/tr\/gorme-engelliler-odasi\/#breadcrumb\",\"itemListElement\":[{\"@type\":\"ListItem\",\"position\":1,\"name\":\"Home\",\"item\":\"https:\/\/library.bilkent.edu.tr\/tr\/\"},{\"@type\":\"ListItem\",\"position\":2,\"name\":\"G\u00f6rme Engelliler Odas\u0131\"}]},{\"@type\":\"WebSite\",\"@id\":\"https:\/\/library.bilkent.edu.tr\/tr\/#website\",\"url\":\"https:\/\/library.bilkent.edu.tr\/tr\/\",\"name\":\"Bilkent \u00dcniversitesi K\u00fct\u00fcphanesi\",\"description\":\"\",\"publisher\":{\"@id\":\"https:\/\/library.bilkent.edu.tr\/tr\/#organization\"},\"potentialAction\":[{\"@type\":\"SearchAction\",\"target\":{\"@type\":\"EntryPoint\",\"urlTemplate\":\"https:\/\/library.bilkent.edu.tr\/tr\/?s={search_term_string}\"},\"query-input\":{\"@type\":\"PropertyValueSpecification\",\"valueRequired\":true,\"valueName\":\"search_term_string\"}}],\"inLanguage\":\"tr\"},{\"@type\":\"Organization\",\"@id\":\"https:\/\/library.bilkent.edu.tr\/tr\/#organization\",\"name\":\"Bilkent \u00dcniversitesi K\u00fct\u00fcphanesi\",\"url\":\"https:\/\/library.bilkent.edu.tr\/tr\/\",\"logo\":{\"@type\":\"ImageObject\",\"inLanguage\":\"tr\",\"@id\":\"https:\/\/library.bilkent.edu.tr\/tr\/#\/schema\/logo\/image\/\",\"url\":\"https:\/\/library.bilkent.edu.tr\/tr\/wp-content\/uploads\/2017\/12\/bilkent-tr-2.png\",\"contentUrl\":\"https:\/\/library.bilkent.edu.tr\/tr\/wp-content\/uploads\/2017\/12\/bilkent-tr-2.png\",\"width\":800,\"height\":172,\"caption\":\"Bilkent \u00dcniversitesi K\u00fct\u00fcphanesi\"},\"image\":{\"@id\":\"https:\/\/library.bilkent.edu.tr\/tr\/#\/schema\/logo\/image\/\"}}]}<\/script>\n<!-- \/ Yoast SEO plugin. -->","yoast_head_json":{"title":"G\u00f6rme Engelliler Odas\u0131 - Bilkent \u00dcniversitesi K\u00fct\u00fcphanesi","robots":{"index":"index","follow":"follow","max-snippet":"max-snippet:-1","max-image-preview":"max-image-preview:large","max-video-preview":"max-video-preview:-1"},"canonical":"https:\/\/library.bilkent.edu.tr\/tr\/gorme-engelliler-odasi\/","og_locale":"tr_TR","og_type":"article","og_title":"G\u00f6rme Engelliler Odas\u0131 - Bilkent \u00dcniversitesi K\u00fct\u00fcphanesi","og_url":"https:\/\/library.bilkent.edu.tr\/tr\/gorme-engelliler-odasi\/","og_site_name":"Bilkent \u00dcniversitesi K\u00fct\u00fcphanesi","article_modified_time":"2023-08-21T07:45:09+00:00","twitter_card":"summary_large_image","twitter_misc":{"Tahmini okuma s\u00fcresi":"5 dakika"},"schema":{"@context":"https:\/\/schema.org","@graph":[{"@type":"WebPage","@id":"https:\/\/library.bilkent.edu.tr\/tr\/gorme-engelliler-odasi\/","url":"https:\/\/library.bilkent.edu.tr\/tr\/gorme-engelliler-odasi\/","name":"G\u00f6rme Engelliler Odas\u0131 - Bilkent \u00dcniversitesi K\u00fct\u00fcphanesi","isPartOf":{"@id":"https:\/\/library.bilkent.edu.tr\/tr\/#website"},"datePublished":"2017-11-25T12:05:10+00:00","dateModified":"2023-08-21T07:45:09+00:00","breadcrumb":{"@id":"https:\/\/library.bilkent.edu.tr\/tr\/gorme-engelliler-odasi\/#breadcrumb"},"inLanguage":"tr","potentialAction":[{"@type":"ReadAction","target":["https:\/\/library.bilkent.edu.tr\/tr\/gorme-engelliler-odasi\/"]}]},{"@type":"BreadcrumbList","@id":"https:\/\/library.bilkent.edu.tr\/tr\/gorme-engelliler-odasi\/#breadcrumb","itemListElement":[{"@type":"ListItem","position":1,"name":"Home","item":"https:\/\/library.bilkent.edu.tr\/tr\/"},{"@type":"ListItem","position":2,"name":"G\u00f6rme Engelliler Odas\u0131"}]},{"@type":"WebSite","@id":"https:\/\/library.bilkent.edu.tr\/tr\/#website","url":"https:\/\/library.bilkent.edu.tr\/tr\/","name":"Bilkent \u00dcniversitesi K\u00fct\u00fcphanesi","description":"","publisher":{"@id":"https:\/\/library.bilkent.edu.tr\/tr\/#organization"},"potentialAction":[{"@type":"SearchAction","target":{"@type":"EntryPoint","urlTemplate":"https:\/\/library.bilkent.edu.tr\/tr\/?s={search_term_string}"},"query-input":{"@type":"PropertyValueSpecification","valueRequired":true,"valueName":"search_term_string"}}],"inLanguage":"tr"},{"@type":"Organization","@id":"https:\/\/library.bilkent.edu.tr\/tr\/#organization","name":"Bilkent \u00dcniversitesi K\u00fct\u00fcphanesi","url":"https:\/\/library.bilkent.edu.tr\/tr\/","logo":{"@type":"ImageObject","inLanguage":"tr","@id":"https:\/\/library.bilkent.edu.tr\/tr\/#\/schema\/logo\/image\/","url":"https:\/\/library.bilkent.edu.tr\/tr\/wp-content\/uploads\/2017\/12\/bilkent-tr-2.png","contentUrl":"https:\/\/library.bilkent.edu.tr\/tr\/wp-content\/uploads\/2017\/12\/bilkent-tr-2.png","width":800,"height":172,"caption":"Bilkent \u00dcniversitesi K\u00fct\u00fcphanesi"},"image":{"@id":"https:\/\/library.bilkent.edu.tr\/tr\/#\/schema\/logo\/image\/"}}]}},"_links":{"self":[{"href":"https:\/\/library.bilkent.edu.tr\/tr\/wp-json\/wp\/v2\/pages\/11907","targetHints":{"allow":["GET"]}}],"collection":[{"href":"https:\/\/library.bilkent.edu.tr\/tr\/wp-json\/wp\/v2\/pages"}],"about":[{"href":"https:\/\/library.bilkent.edu.tr\/tr\/wp-json\/wp\/v2\/types\/page"}],"author":[{"embeddable":true,"href":"https:\/\/library.bilkent.edu.tr\/tr\/wp-json\/wp\/v2\/users\/3479"}],"replies":[{"embeddable":true,"href":"https:\/\/library.bilkent.edu.tr\/tr\/wp-json\/wp\/v2\/comments?post=11907"}],"version-history":[{"count":20,"href":"https:\/\/library.bilkent.edu.tr\/tr\/wp-json\/wp\/v2\/pages\/11907\/revisions"}],"predecessor-version":[{"id":20338,"href":"https:\/\/library.bilkent.edu.tr\/tr\/wp-json\/wp\/v2\/pages\/11907\/revisions\/20338"}],"wp:attachment":[{"href":"https:\/\/library.bilkent.edu.tr\/tr\/wp-json\/wp\/v2\/media?parent=11907"}],"curies":[{"name":"wp","href":"https:\/\/api.w.org\/{rel}","templated":true}]}}