{"id":11903,"date":"2017-11-25T12:01:46","date_gmt":"2017-11-25T12:01:46","guid":{"rendered":"https:\/\/library.bilkent.edu.tr\/tr\/?page_id=11903"},"modified":"2025-01-17T16:33:22","modified_gmt":"2025-01-17T13:33:22","slug":"materyal-istegi","status":"publish","type":"page","link":"https:\/\/library.bilkent.edu.tr\/tr\/materyal-istegi\/","title":{"rendered":"Materyal \u0130ste\u011fi"},"content":{"rendered":"<div class=\"fusion-fullwidth fullwidth-box fusion-builder-row-1 nonhundred-percent-fullwidth non-hundred-percent-height-scrolling\" style=\"--awb-border-radius-top-left:0px;--awb-border-radius-top-right:0px;--awb-border-radius-bottom-right:0px;--awb-border-radius-bottom-left:0px;--awb-flex-wrap:wrap;\" ><div class=\"fusion-builder-row fusion-row\"><div class=\"fusion-layout-column fusion_builder_column fusion-builder-column-0 fusion_builder_column_1_1 1_1 fusion-one-full fusion-column-first fusion-column-last\" style=\"--awb-bg-size:cover;\"><div class=\"fusion-column-wrapper fusion-flex-column-wrapper-legacy\"><div class=\"fusion-title title fusion-title-1 fusion-sep-none fusion-title-text fusion-title-size-six\" style=\"--awb-margin-top-small:0px;--awb-margin-right-small:0px;--awb-margin-bottom-small:20px;--awb-margin-left-small:0px;--awb-sep-color:#cccccc;\"><h6 class=\"fusion-title-heading title-heading-right fusion-responsive-typography-calculated\" style=\"margin:0;--fontSize:18;--minFontSize:18;line-height:1.5;\"><em><a style=\"color: #000;\" href=\"https:\/\/library.bilkent.edu.tr\/material-request\/\">English<\/a><\/em><\/h6><\/div><div class=\"fusion-title title fusion-title-2 fusion-title-text fusion-title-size-one\" style=\"--awb-text-color:#000000;--awb-margin-top-small:0px;--awb-margin-right-small:0px;--awb-margin-bottom-small:20px;--awb-margin-left-small:0px;--awb-font-size:30px;\"><h1 class=\"fusion-title-heading title-heading-left fusion-responsive-typography-calculated\" style=\"margin:0;font-size:1em;--fontSize:30;--minFontSize:30;line-height:1.5;\"><h3>Materyal \u0130ste\u011fi<\/h3><\/h1><span class=\"awb-title-spacer\"><\/span><div class=\"title-sep-container\"><div class=\"title-sep sep-single sep-solid\" style=\"border-color:#e0dede;\"><\/div><\/div><\/div><div class=\"fusion-text fusion-text-1\"><p><span style=\"font-weight: 400;\">Bilkent \u00dcniversitesi K\u00fct\u00fcphanesi mensuplar\u0131, k\u00fct\u00fcphane koleksiyonuna yeni materyallerin eklenmesi konusunda \u00f6neride bulunabilirler. Bu hizmetten yaln\u0131zca \u00fcniversitemizin akademik ve idari personeli ile \u00f6\u011frencileri yararlanabilir.<\/span><\/p>\n<p><b>\u0130steklerin \u0130letilmesi<\/b><\/p>\n<ul>\n<li style=\"font-weight: 400;\" aria-level=\"1\"><span style=\"font-weight: 400;\">Materyal iste\u011finde bulunmadan \u00f6nce<\/span><span style=\"font-weight: 400;\"> k\u00fct\u00fcphane katalo\u011fu<\/span><span style=\"font-weight: 400;\"> ve abonelikler kapsam\u0131ndaki <\/span><span style=\"font-weight: 400;\">veri tabanlar\u0131<\/span><span style=\"font-weight: 400;\"> taranarak talep edilecek kayna\u011f\u0131n k\u00fct\u00fcphanedeki mevcudiyeti kontrol edilmelidir.\u00a0<\/span><\/li>\n<li style=\"font-weight: 400;\" aria-level=\"1\"><span style=\"font-weight: 400;\">Ayn\u0131 materyalin birden fazla veya farkl\u0131 formattaki bir kopyas\u0131n\u0131n al\u0131nmas\u0131 talep ediliyorsa gerek\u00e7e belirtilmelidir.\u00a0<\/span><\/li>\n<li style=\"font-weight: 400;\" aria-level=\"1\"><span style=\"font-weight: 400;\">Materyal istekleri; <\/span><a href=\"https:\/\/librarycatalog.bilkent.edu.tr\/client\/en_GB\/default\/search\/patronlogin\/http:$002f$002flibrarycatalog.bilkent.edu.tr$002fclient$002fen_GB$002fdefault$002frequests$003f\/\"><span style=\"font-weight: 400;\">Materyal \u0130stek Formu<\/span><\/a><span style=\"font-weight: 400;\">, <\/span><span style=\"font-weight: 400;\">e-posta,<\/span><span style=\"font-weight: 400;\"> resm\u00ee yaz\u0131 veya ilgili <\/span><span style=\"font-weight: 400;\">fak\u00fclte k\u00fct\u00fcphanecisi <\/span><span style=\"font-weight: 400;\">arac\u0131l\u0131\u011f\u0131yla k\u00fct\u00fcphaneye iletilebilir.<\/span><\/li>\n<\/ul>\n<p><b>De\u011ferlendirme S\u00fcreci<\/b><\/p>\n<ul>\n<li style=\"font-weight: 400;\" aria-level=\"1\"><span style=\"font-weight: 400;\">Kitap, dergi ve elektronik materyal istekleri, k\u00fct\u00fcphanenin koleksiyon geli\u015ftirme politikas\u0131 g\u00f6z \u00f6n\u00fcnde bulundurularak de\u011ferlendirilir.<\/span><\/li>\n<li style=\"font-weight: 400;\" aria-level=\"1\"><span style=\"font-weight: 400;\">De\u011ferlendirme sonucu, istek sahiplerine k\u00fct\u00fcphane hesab\u0131 veya e-posta arac\u0131l\u0131\u011f\u0131yla bildirilir.<\/span><\/li>\n<li style=\"font-weight: 400;\" aria-level=\"1\"><span style=\"font-weight: 400;\">Dergi ve veri taban\u0131 abonelikleri genellikle y\u0131l sonunda yap\u0131lmaktad\u0131r.<\/span><\/li>\n<li style=\"font-weight: 400;\" aria-level=\"1\"><span style=\"font-weight: 400;\">Materyallerin koleksiyona eklenmesine y\u00f6nelik nihai karar, koleksiyon geli\u015ftirme ekibine ve\/veya k\u00fct\u00fcphane y\u00f6netimine aittir.<\/span><\/li>\n<\/ul>\n<p><span style=\"font-weight: 400;\">Materyal istekleri hakk\u0131nda ayr\u0131nt\u0131l\u0131 bilgi almak i\u00e7in <\/span><span style=\"font-weight: 400;\"><a href=\"https:\/\/library.bilkent.edu.tr\/tr\/fakulte-kutuphaneciligi\/\">fak\u00fclte k\u00fct\u00fcphaneciniz<\/a>le <\/span><span style=\"font-weight: 400;\">ileti\u015fime ge\u00e7ebilirsiniz.\u00a0<\/span><\/p>\n<\/div><div class=\"fusion-alignleft\"><a class=\"fusion-button button-3d fusion-button-default-size button-custom fusion-button-default button-1 fusion-button-span-no \" style=\"--button_bevel_color:rgba(0,0,0,0.78);--button_bevel_color_hover:rgba(0,0,0,0.78);--button_accent_color:#ffffff;--button_border_color:#ffffff;--button_accent_hover_color:#ffffff;--button_border_hover_color:rgba(255,255,255,0.9);--button-border-radius-top-left:10px;--button-border-radius-top-right:10px;--button-border-radius-bottom-right:10px;--button-border-radius-bottom-left:10px;--button_gradient_angle:50deg;--button_gradient_start:6%;--button_gradient_top_color:#1967d2;--button_gradient_bottom_color:#1967d2;--button_gradient_top_color_hover:#b70303;--button_gradient_bottom_color_hover:#b70303;--button_font_size:16px;\" target=\"_blank\" rel=\"noopener noreferrer\" href=\"https:\/\/librarycatalog.bilkent.edu.tr\/client\/en_GB\/default\/search\/patronlogin\/http:$002f$002flibrarycatalog.bilkent.edu.tr$002fclient$002fen_GB$002fdefault$002frequests$003f\/\"><span class=\"fusion-button-text awb-button__text awb-button__text--default\">Materyal \u0130stek Formu<\/span><\/a><\/div><div class=\"fusion-clearfix\"><\/div><\/div><\/div><\/div><\/div>\n","protected":false},"excerpt":{"rendered":"","protected":false},"author":3479,"featured_media":0,"parent":0,"menu_order":0,"comment_status":"closed","ping_status":"closed","template":"","meta":{"footnotes":""},"class_list":["post-11903","page","type-page","status-publish","hentry"],"yoast_head":"<!-- This site is optimized with the Yoast SEO plugin v27.1.1 - https:\/\/yoast.com\/product\/yoast-seo-wordpress\/ -->\n<title>Materyal \u0130ste\u011fi - Bilkent \u00dcniversitesi K\u00fct\u00fcphanesi<\/title>\n<meta name=\"robots\" content=\"index, follow, max-snippet:-1, max-image-preview:large, max-video-preview:-1\" \/>\n<link rel=\"canonical\" href=\"https:\/\/library.bilkent.edu.tr\/tr\/materyal-istegi\/\" \/>\n<meta property=\"og:locale\" content=\"tr_TR\" \/>\n<meta property=\"og:type\" content=\"article\" \/>\n<meta property=\"og:title\" content=\"Materyal \u0130ste\u011fi - Bilkent \u00dcniversitesi K\u00fct\u00fcphanesi\" \/>\n<meta property=\"og:url\" content=\"https:\/\/library.bilkent.edu.tr\/tr\/materyal-istegi\/\" \/>\n<meta property=\"og:site_name\" content=\"Bilkent \u00dcniversitesi K\u00fct\u00fcphanesi\" \/>\n<meta property=\"article:modified_time\" content=\"2025-01-17T13:33:22+00:00\" \/>\n<meta name=\"twitter:card\" content=\"summary_large_image\" \/>\n<meta name=\"twitter:label1\" content=\"Tahmini okuma s\u00fcresi\" \/>\n\t<meta name=\"twitter:data1\" content=\"5 dakika\" \/>\n<script type=\"application\/ld+json\" class=\"yoast-schema-graph\">{\"@context\":\"https:\/\/schema.org\",\"@graph\":[{\"@type\":\"WebPage\",\"@id\":\"https:\/\/library.bilkent.edu.tr\/tr\/materyal-istegi\/\",\"url\":\"https:\/\/library.bilkent.edu.tr\/tr\/materyal-istegi\/\",\"name\":\"Materyal \u0130ste\u011fi - Bilkent \u00dcniversitesi K\u00fct\u00fcphanesi\",\"isPartOf\":{\"@id\":\"https:\/\/library.bilkent.edu.tr\/tr\/#website\"},\"datePublished\":\"2017-11-25T12:01:46+00:00\",\"dateModified\":\"2025-01-17T13:33:22+00:00\",\"breadcrumb\":{\"@id\":\"https:\/\/library.bilkent.edu.tr\/tr\/materyal-istegi\/#breadcrumb\"},\"inLanguage\":\"tr\",\"potentialAction\":[{\"@type\":\"ReadAction\",\"target\":[\"https:\/\/library.bilkent.edu.tr\/tr\/materyal-istegi\/\"]}]},{\"@type\":\"BreadcrumbList\",\"@id\":\"https:\/\/library.bilkent.edu.tr\/tr\/materyal-istegi\/#breadcrumb\",\"itemListElement\":[{\"@type\":\"ListItem\",\"position\":1,\"name\":\"Home\",\"item\":\"https:\/\/library.bilkent.edu.tr\/tr\/\"},{\"@type\":\"ListItem\",\"position\":2,\"name\":\"Materyal \u0130ste\u011fi\"}]},{\"@type\":\"WebSite\",\"@id\":\"https:\/\/library.bilkent.edu.tr\/tr\/#website\",\"url\":\"https:\/\/library.bilkent.edu.tr\/tr\/\",\"name\":\"Bilkent \u00dcniversitesi K\u00fct\u00fcphanesi\",\"description\":\"\",\"publisher\":{\"@id\":\"https:\/\/library.bilkent.edu.tr\/tr\/#organization\"},\"potentialAction\":[{\"@type\":\"SearchAction\",\"target\":{\"@type\":\"EntryPoint\",\"urlTemplate\":\"https:\/\/library.bilkent.edu.tr\/tr\/?s={search_term_string}\"},\"query-input\":{\"@type\":\"PropertyValueSpecification\",\"valueRequired\":true,\"valueName\":\"search_term_string\"}}],\"inLanguage\":\"tr\"},{\"@type\":\"Organization\",\"@id\":\"https:\/\/library.bilkent.edu.tr\/tr\/#organization\",\"name\":\"Bilkent \u00dcniversitesi K\u00fct\u00fcphanesi\",\"url\":\"https:\/\/library.bilkent.edu.tr\/tr\/\",\"logo\":{\"@type\":\"ImageObject\",\"inLanguage\":\"tr\",\"@id\":\"https:\/\/library.bilkent.edu.tr\/tr\/#\/schema\/logo\/image\/\",\"url\":\"https:\/\/library.bilkent.edu.tr\/tr\/wp-content\/uploads\/2017\/12\/bilkent-tr-2.png\",\"contentUrl\":\"https:\/\/library.bilkent.edu.tr\/tr\/wp-content\/uploads\/2017\/12\/bilkent-tr-2.png\",\"width\":800,\"height\":172,\"caption\":\"Bilkent \u00dcniversitesi K\u00fct\u00fcphanesi\"},\"image\":{\"@id\":\"https:\/\/library.bilkent.edu.tr\/tr\/#\/schema\/logo\/image\/\"}}]}<\/script>\n<!-- \/ Yoast SEO plugin. -->","yoast_head_json":{"title":"Materyal \u0130ste\u011fi - Bilkent \u00dcniversitesi K\u00fct\u00fcphanesi","robots":{"index":"index","follow":"follow","max-snippet":"max-snippet:-1","max-image-preview":"max-image-preview:large","max-video-preview":"max-video-preview:-1"},"canonical":"https:\/\/library.bilkent.edu.tr\/tr\/materyal-istegi\/","og_locale":"tr_TR","og_type":"article","og_title":"Materyal \u0130ste\u011fi - Bilkent \u00dcniversitesi K\u00fct\u00fcphanesi","og_url":"https:\/\/library.bilkent.edu.tr\/tr\/materyal-istegi\/","og_site_name":"Bilkent \u00dcniversitesi K\u00fct\u00fcphanesi","article_modified_time":"2025-01-17T13:33:22+00:00","twitter_card":"summary_large_image","twitter_misc":{"Tahmini okuma s\u00fcresi":"5 dakika"},"schema":{"@context":"https:\/\/schema.org","@graph":[{"@type":"WebPage","@id":"https:\/\/library.bilkent.edu.tr\/tr\/materyal-istegi\/","url":"https:\/\/library.bilkent.edu.tr\/tr\/materyal-istegi\/","name":"Materyal \u0130ste\u011fi - Bilkent \u00dcniversitesi K\u00fct\u00fcphanesi","isPartOf":{"@id":"https:\/\/library.bilkent.edu.tr\/tr\/#website"},"datePublished":"2017-11-25T12:01:46+00:00","dateModified":"2025-01-17T13:33:22+00:00","breadcrumb":{"@id":"https:\/\/library.bilkent.edu.tr\/tr\/materyal-istegi\/#breadcrumb"},"inLanguage":"tr","potentialAction":[{"@type":"ReadAction","target":["https:\/\/library.bilkent.edu.tr\/tr\/materyal-istegi\/"]}]},{"@type":"BreadcrumbList","@id":"https:\/\/library.bilkent.edu.tr\/tr\/materyal-istegi\/#breadcrumb","itemListElement":[{"@type":"ListItem","position":1,"name":"Home","item":"https:\/\/library.bilkent.edu.tr\/tr\/"},{"@type":"ListItem","position":2,"name":"Materyal \u0130ste\u011fi"}]},{"@type":"WebSite","@id":"https:\/\/library.bilkent.edu.tr\/tr\/#website","url":"https:\/\/library.bilkent.edu.tr\/tr\/","name":"Bilkent \u00dcniversitesi K\u00fct\u00fcphanesi","description":"","publisher":{"@id":"https:\/\/library.bilkent.edu.tr\/tr\/#organization"},"potentialAction":[{"@type":"SearchAction","target":{"@type":"EntryPoint","urlTemplate":"https:\/\/library.bilkent.edu.tr\/tr\/?s={search_term_string}"},"query-input":{"@type":"PropertyValueSpecification","valueRequired":true,"valueName":"search_term_string"}}],"inLanguage":"tr"},{"@type":"Organization","@id":"https:\/\/library.bilkent.edu.tr\/tr\/#organization","name":"Bilkent \u00dcniversitesi K\u00fct\u00fcphanesi","url":"https:\/\/library.bilkent.edu.tr\/tr\/","logo":{"@type":"ImageObject","inLanguage":"tr","@id":"https:\/\/library.bilkent.edu.tr\/tr\/#\/schema\/logo\/image\/","url":"https:\/\/library.bilkent.edu.tr\/tr\/wp-content\/uploads\/2017\/12\/bilkent-tr-2.png","contentUrl":"https:\/\/library.bilkent.edu.tr\/tr\/wp-content\/uploads\/2017\/12\/bilkent-tr-2.png","width":800,"height":172,"caption":"Bilkent \u00dcniversitesi K\u00fct\u00fcphanesi"},"image":{"@id":"https:\/\/library.bilkent.edu.tr\/tr\/#\/schema\/logo\/image\/"}}]}},"_links":{"self":[{"href":"https:\/\/library.bilkent.edu.tr\/tr\/wp-json\/wp\/v2\/pages\/11903","targetHints":{"allow":["GET"]}}],"collection":[{"href":"https:\/\/library.bilkent.edu.tr\/tr\/wp-json\/wp\/v2\/pages"}],"about":[{"href":"https:\/\/library.bilkent.edu.tr\/tr\/wp-json\/wp\/v2\/types\/page"}],"author":[{"embeddable":true,"href":"https:\/\/library.bilkent.edu.tr\/tr\/wp-json\/wp\/v2\/users\/3479"}],"replies":[{"embeddable":true,"href":"https:\/\/library.bilkent.edu.tr\/tr\/wp-json\/wp\/v2\/comments?post=11903"}],"version-history":[{"count":19,"href":"https:\/\/library.bilkent.edu.tr\/tr\/wp-json\/wp\/v2\/pages\/11903\/revisions"}],"predecessor-version":[{"id":21988,"href":"https:\/\/library.bilkent.edu.tr\/tr\/wp-json\/wp\/v2\/pages\/11903\/revisions\/21988"}],"wp:attachment":[{"href":"https:\/\/library.bilkent.edu.tr\/tr\/wp-json\/wp\/v2\/media?parent=11903"}],"curies":[{"name":"wp","href":"https:\/\/api.w.org\/{rel}","templated":true}]}}