{"id":11873,"date":"2017-11-25T11:30:35","date_gmt":"2017-11-25T11:30:35","guid":{"rendered":"https:\/\/library.bilkent.edu.tr\/tr\/?page_id=11873"},"modified":"2025-11-04T16:56:11","modified_gmt":"2025-11-04T13:56:11","slug":"fakulte-kutuphaneciligi","status":"publish","type":"page","link":"https:\/\/library.bilkent.edu.tr\/tr\/fakulte-kutuphaneciligi\/","title":{"rendered":"Fak\u00fclte K\u00fct\u00fcphanecili\u011fi"},"content":{"rendered":"<div class=\"fusion-fullwidth fullwidth-box fusion-builder-row-1 nonhundred-percent-fullwidth non-hundred-percent-height-scrolling\" style=\"--awb-border-radius-top-left:0px;--awb-border-radius-top-right:0px;--awb-border-radius-bottom-right:0px;--awb-border-radius-bottom-left:0px;--awb-flex-wrap:wrap;\" ><div class=\"fusion-builder-row fusion-row\"><div class=\"fusion-layout-column fusion_builder_column fusion-builder-column-0 fusion_builder_column_1_1 1_1 fusion-one-full fusion-column-first fusion-column-last fusion-column-no-min-height\" style=\"--awb-bg-size:cover;--awb-margin-bottom:0px;\"><div class=\"fusion-column-wrapper fusion-flex-column-wrapper-legacy\"><div class=\"fusion-title title fusion-title-1 fusion-sep-none fusion-title-text fusion-title-size-six\" style=\"--awb-margin-top-small:0px;--awb-margin-right-small:0px;--awb-margin-bottom-small:20px;--awb-margin-left-small:0px;--awb-sep-color:#cccccc;\"><h6 class=\"fusion-title-heading title-heading-right fusion-responsive-typography-calculated\" style=\"margin:0;--fontSize:18;--minFontSize:18;line-height:1.5;\"><em><a style=\"color: #000;\" href=\"https:\/\/library.bilkent.edu.tr\/faculty-librarianship\/\">English<\/a><\/em><\/h6><\/div><div class=\"fusion-title title fusion-title-2 fusion-title-text fusion-title-size-one\" style=\"--awb-text-color:#000000;--awb-margin-top-small:0px;--awb-margin-right-small:0px;--awb-margin-bottom-small:20px;--awb-margin-left-small:0px;--awb-font-size:30px;\"><h1 class=\"fusion-title-heading title-heading-left fusion-responsive-typography-calculated\" style=\"margin:0;font-size:1em;--fontSize:30;--minFontSize:30;line-height:1.5;\"><h3>Fak\u00fclte K\u00fct\u00fcphanecili\u011fi<\/h3><\/h1><span class=\"awb-title-spacer\"><\/span><div class=\"title-sep-container\"><div class=\"title-sep sep-single sep-solid\" style=\"border-color:#e0dede;\"><\/div><\/div><\/div><div class=\"fusion-text fusion-text-1\"><p>Bilkent \u00dcniversitesi b\u00fcnyesinde her fak\u00fclte i\u00e7in, \u00f6\u011frencilerin ve \u00f6\u011fretim \u00fcyelerinin e\u011fitim, \u00f6\u011fretim ve ara\u015ft\u0131rma faaliyetlerine destek olmakla sorumlu k\u00fct\u00fcphaneciler bulunmaktad\u0131r. Bilgiye eri\u015fim becerisine sahip bu bilgi uzmanlar\u0131, temsil ettikleri fak\u00fclte ile k\u00fct\u00fcphane aras\u0131ndaki ileti\u015fimi sa\u011flarlar.<\/p>\n<p><strong>Hizmetler:<\/strong><\/p>\n<ul>\n<li><strong><em>Bilgiye Eri\u015fim:<\/em><\/strong> Ara\u015ft\u0131rmalar\u0131n\u0131z kapsam\u0131nda do\u011fru kaynaklara daha h\u0131zl\u0131 ve etkin bir \u015fekilde ula\u015fmak i\u00e7in bilgi gereksinimlerinizi fak\u00fclte k\u00fct\u00fcphanecinize aktararak destek talep edebilirsiniz. Fak\u00fclte k\u00fct\u00fcphaneciniz bilgiye er\u015fiminizi h\u0131zland\u0131rarak k\u00fct\u00fcphane kaynaklar\u0131n\u0131 tan\u0131man\u0131za, do\u011fru kaynaklar\u0131 se\u00e7menize ve ara\u015ft\u0131rmalar\u0131n\u0131z\u0131n kalitesini y\u00fckseltmenize katk\u0131da bulunur.<\/li>\n<li><strong><em>Bilgi Okuryazarl\u0131\u011f\u0131 Deste\u011fi:<\/em><\/strong> Fak\u00fclte k\u00fct\u00fcphanecileri, e\u011fitim-\u00f6\u011fretim ve ara\u015ft\u0131rma faaliyetleri kapsam\u0131nda ihtiya\u00e7 duyulan bilgi kaynaklar\u0131n\u0131n tespiti, kullan\u0131m\u0131 ve y\u00f6netimi ile bilgi ve becerileri geli\u015ftirme konular\u0131nda bire bir destek ve dan\u0131\u015fmanl\u0131k hizmeti sunar ve mevcut kaynaklardan etkin bir \u015fekilde yararlanman\u0131z i\u00e7in profesyonel tavsiyeler sa\u011flar.<\/li>\n<li><strong><em>Koleksiyon Geli\u015fimi: <\/em><\/strong>Fak\u00fclte k\u00fct\u00fcphaneciniz, ba\u011fl\u0131 oldu\u011funuz fak\u00fcltenin ihtiya\u00e7lar\u0131na uygun materyallerin koleksiyona eklenmesine katk\u0131da bulunur. K\u00fct\u00fcphane koleksiyonunun geli\u015fimini desteklemek i\u00e7in fak\u00fclte k\u00fct\u00fcphanecinize yeni kaynak \u00f6nerilerinde bulunabilirsiniz.<\/li>\n<li><strong><em>Bire bir Kullan\u0131c\u0131 E\u011fitimi:<\/em><\/strong> K\u00fct\u00fcphaneciler, k\u00fct\u00fcphanede veya fak\u00fcltede bire bir e\u011fitimler vererek ihtiya\u00e7lar\u0131n\u0131za yan\u0131t sa\u011flar. Ayr\u0131ca telefon ve e-posta ile sorular\u0131n\u0131z\u0131 yan\u0131tlar.<\/li>\n<li><strong><em>Fak\u00fclteler Aras\u0131 \u0130leti\u015fim: <\/em><\/strong>Fak\u00fclte k\u00fct\u00fcphanecileri, k\u00fct\u00fcphane ile fak\u00fclteler aras\u0131nda s\u00fcrekli bir ileti\u015fim a\u011f\u0131 kurarak, her iki taraf\u0131n da ihtiya\u00e7 ve beklentilerini kar\u015f\u0131lamak \u00fczere i\u015fbirli\u011fi yaparlar.<\/li>\n<\/ul>\n<p>Fak\u00fclte k\u00fct\u00fcphanecileri, \u00fcniversite toplulu\u011funun bilgi ihtiya\u00e7lar\u0131n\u0131 kar\u015f\u0131lamak ve akademik ba\u015far\u0131ya katk\u0131da bulunmak i\u00e7in her zaman haz\u0131rd\u0131r.<\/p>\n<\/div><!DOCTYPE html>\n<html lang=\"en\">\n<head>\n    <meta charset=\"UTF-8\">\n    <meta name=\"viewport\" content=\"width=device-width, initial-scale=1.0\">\n    <title>Faculty Librarians<\/title>\n    <style>\n        h1 {\n            text-align: center;\n            color:#000!important;\n        }\n    \n        .card-container {\n        display: flex;\n        flex-wrap: wrap;\n        justify-content: space-around;\n    }\n\n    .card {\n        background-color: #fff;\n        border-radius: 10px;\n        box-shadow: 1px 1px 9px 2px rgba(0, 0, 0, 0.1);\n        padding: 20px;\n        text-align: center;\n        transition: transform 0.3s ease-in-out, box-shadow 0.3s ease-in-out;\n        width: calc(33% - 40px);\n        margin: 20px;\n        display: flex; \/* De\u011fi\u015fiklik *\/\n        flex-direction: column; \/* De\u011fi\u015fiklik *\/\n    }\n\n    .card-inner {\n        flex-grow: 1; \/* De\u011fi\u015fiklik *\/\n    }\n\n    .card img {\n        width: 140px;\n        height: 140px;\n        border-radius: 50%;\n        margin-bottom: 20px;\n    }\n    \n        .card h2 {\n            margin: 0 0 10px;\n            color: #2276ac;\n            font-size: 1.2em;\n        }\n    \n        .card p {\n            margin: 5px 0;\n        }\n    \n        .card a {\n            text-decoration: none;\n            color: #007bff;\n            transition: color 0.3s ease-in-out;\n        }\n    \n        .card a:hover {\n            color: #0056b3;\n        }\n    \n        @media screen and (max-width: 768px) {\n            .card {\n                \/* max-width: calc(50% - 40px); *\/\n                width: calc(50% - 40px); \/* De\u011fi\u015fiklik *\/\n            }\n        }\n    \n        @media screen and (max-width: 576px) {\n            .card {\n                \/* max-width: calc(100% - 40px); *\/\n                width: calc(100% - 40px); \/* De\u011fi\u015fiklik *\/\n            }\n        }\n    <\/style>\n<\/head>\n<body data-rsssl=1>\n    \n       <h1>Fak\u00fclte K\u00fct\u00fcphanecileri<\/h1>\n    <div class=\"card-container\" id=\"personelCards\"><\/div>\n    <script>\n        function getHeadshotFull(email) {\n            const nameId = email.split(\"@\");\n            const libImage = \"_\" + nameId[0];\n            const headshotLarge = `\"..\/..\/research-guides\/assets\/users\/${libImage}\/headshot_large.jpg\"`;\n            return headshotLarge;\n        }\n\n        function getExpertProfileLink(email) {\n            const nameId = email.split(\"@\");\n            const profileLink = nameId[0];\n            const ExpertProfileLink = `\"https:\/\/library.bilkent.edu.tr\/research-guides\/subjects\/staff_details.php?name=${profileLink}\"`;\n            return ExpertProfileLink;\n        }\n\t\tconst facultyDictionary = {\n  \"Business Administration\": \"\u0130\u015fletme Fak\u00fcltesi\",\n  \"Music and Performing Arts\": \"M\u00fczik ve Sahne Sanatlar\u0131 Fak\u00fcltesi\",\n  \"Law\": \"Hukuk Fak\u00fcltesi\",\n  \"Science\": \"Fen Fak\u00fcltesi\",\n  \"Art, Design, and Architecture\": \"G\u00fczel Sanatlar, Tasar\u0131m ve Mimarl\u0131k Fak\u00fcltesi\",\n  \"Education\": \"E\u011fitim Fak\u00fcltesi\",\n  \"Engineering\": \"M\u00fchendislik Fak\u00fcltesi\",\n  \"Academic English Program (ENG)\": \"\u0130ngiliz Dili Meslek Y\u00fcksekokulu\",\n  \"Applied Sciences\": \"Uygulamal\u0131 Bilimler Fak\u00fcltesi\",\n  \"Economics, Administrative, and Social Sciences\": \"\u0130ktisadi, \u0130dari ve Sosyal Bilimler Fak\u00fcltesi\",\n  \"Humanities and Letters\": \"\u0130nsani Bilimler ve Edebiyat Fak\u00fcltesi\"\n};\n        \/\/ Fonksiyon: Personellerin sorumlu oldu\u011fu konu ba\u015fl\u0131klar\u0131n\u0131n koleksiyon ba\u015fl\u0131klar\u0131n\u0131 getirir\n        function getCollectionTitlesForStaff(staffData, collectionData) {\n            var result = {};\n            staffData.forEach(function(staff) {\n                var staffSubjects = staff.librarian_subject_areas.split(', ');\n                result[staff.fname + ' ' + staff.lname] = new Set(); \/\/ Tekrarlanan ba\u015fl\u0131klar\u0131 \u00f6nlemek i\u00e7in set kullan\u0131ld\u0131\n                staffSubjects.forEach(function(subject) {\n                    collectionData.forEach(function(collection) {\n                        collection.subjects.forEach(function(collectionSubject) {\n                            if (collectionSubject.subject === subject.trim()) {\n                                result[staff.fname + ' ' + staff.lname].add(facultyDictionary[collection.title]); \/\/ Ba\u015fl\u0131k \u00f6n\u00fcne \"Faculty of \" eklendi\n                            }\n                        });\n                    });\n                });\n            });\n            return result;\n        }\n\n        \/\/ API linkini tan\u0131mla\n        const apiUrl = \"https:\/\/library.bilkent.edu.tr\/research-guides\/\/api\/staff\/personnel\/all\/key\/pU4p8qiBQHNoQKq8LuNd\";\n\n        \/\/ Veriyi al ve kartlara d\u00f6n\u00fc\u015ft\u00fcr\n        fetch(apiUrl)\n            .then(response => response.json())\n            .then(data => {\n                const personelCardsDiv = document.getElementById('personelCards');\n\n                \/\/ \u0130kinci API'den koleksiyon verilerini al\n                fetch('https:\/\/library.bilkent.edu.tr\/research-guides\/api\/guides\/type\/Subject\/collection\/1\/key\/pU4p8qiBQHNoQKq8LuNd')\n                    .then(response => response.json())\n                    .then(collectionData => {\n                        const staffData = data[\"staff-member\"];\n                        const staffCollections = getCollectionTitlesForStaff(staffData, collectionData.collections);\n\n                        \/\/ E-posta isminden kartlar\u0131 alfabetik olarak s\u0131rala\n                        staffData.sort((a, b) => {\n                            const emailNameA = a.email.split('@')[0];\n                            const emailNameB = b.email.split('@')[0];\n                            return emailNameA.localeCompare(emailNameB);\n                        });\n\n                        staffData.forEach(member => {\n                            const cardDiv = document.createElement('div');\n                            cardDiv.classList.add('card');\n                            const imglink = getHeadshotFull(member.email); \n                            const expertLink = getExpertProfileLink(member.email);\n                            const mailtoLink = \"mailto:\" + member.email;\n\n                            \/\/ Kart i\u00e7eri\u011fi olu\u015ftur\n                            let cardContent = `\n                                <a href=${expertLink}><img src=${imglink}><\/a>\n                                <a href=${expertLink}><h2>${member.fname} ${member.lname}<\/h2><\/a>\n                                <p> ${[...staffCollections[member.fname + ' ' + member.lname]].join(', ')}<\/p>\n                            `;\n\n                            cardDiv.innerHTML = cardContent;\n                            personelCardsDiv.appendChild(cardDiv);\n                        });\n                    })\n                    .catch(error => {\n                        console.error('Error fetching collection data:', error);\n                    });\n            })\n            .catch(error => {\n                console.error('Veri al\u0131namad\u0131:', error);\n            });\n    <\/script>\n<\/body>\n<\/html>\n<div class=\"fusion-clearfix\"><\/div><\/div><\/div><\/div><\/div>\n","protected":false},"excerpt":{"rendered":"","protected":false},"author":3479,"featured_media":0,"parent":0,"menu_order":0,"comment_status":"closed","ping_status":"closed","template":"","meta":{"footnotes":""},"class_list":["post-11873","page","type-page","status-publish","hentry"],"yoast_head":"<!-- This site is optimized with the Yoast SEO plugin v27.3 - https:\/\/yoast.com\/product\/yoast-seo-wordpress\/ -->\n<title>Fak\u00fclte K\u00fct\u00fcphanecili\u011fi - Bilkent \u00dcniversitesi K\u00fct\u00fcphanesi<\/title>\n<meta name=\"robots\" content=\"index, follow, max-snippet:-1, max-image-preview:large, max-video-preview:-1\" \/>\n<link rel=\"canonical\" href=\"https:\/\/library.bilkent.edu.tr\/tr\/fakulte-kutuphaneciligi\/\" \/>\n<meta property=\"og:locale\" content=\"tr_TR\" \/>\n<meta property=\"og:type\" content=\"article\" \/>\n<meta property=\"og:title\" content=\"Fak\u00fclte K\u00fct\u00fcphanecili\u011fi - Bilkent \u00dcniversitesi K\u00fct\u00fcphanesi\" \/>\n<meta property=\"og:url\" content=\"https:\/\/library.bilkent.edu.tr\/tr\/fakulte-kutuphaneciligi\/\" \/>\n<meta property=\"og:site_name\" content=\"Bilkent \u00dcniversitesi K\u00fct\u00fcphanesi\" \/>\n<meta property=\"article:modified_time\" content=\"2025-11-04T13:56:11+00:00\" \/>\n<meta name=\"twitter:card\" content=\"summary_large_image\" \/>\n<meta name=\"twitter:label1\" content=\"Tahmini okuma s\u00fcresi\" \/>\n\t<meta name=\"twitter:data1\" content=\"9 dakika\" \/>\n<script type=\"application\/ld+json\" class=\"yoast-schema-graph\">{\"@context\":\"https:\\\/\\\/schema.org\",\"@graph\":[{\"@type\":\"WebPage\",\"@id\":\"https:\\\/\\\/library.bilkent.edu.tr\\\/tr\\\/fakulte-kutuphaneciligi\\\/\",\"url\":\"https:\\\/\\\/library.bilkent.edu.tr\\\/tr\\\/fakulte-kutuphaneciligi\\\/\",\"name\":\"Fak\u00fclte K\u00fct\u00fcphanecili\u011fi - Bilkent \u00dcniversitesi K\u00fct\u00fcphanesi\",\"isPartOf\":{\"@id\":\"https:\\\/\\\/library.bilkent.edu.tr\\\/tr\\\/#website\"},\"datePublished\":\"2017-11-25T11:30:35+00:00\",\"dateModified\":\"2025-11-04T13:56:11+00:00\",\"breadcrumb\":{\"@id\":\"https:\\\/\\\/library.bilkent.edu.tr\\\/tr\\\/fakulte-kutuphaneciligi\\\/#breadcrumb\"},\"inLanguage\":\"tr\",\"potentialAction\":[{\"@type\":\"ReadAction\",\"target\":[\"https:\\\/\\\/library.bilkent.edu.tr\\\/tr\\\/fakulte-kutuphaneciligi\\\/\"]}]},{\"@type\":\"BreadcrumbList\",\"@id\":\"https:\\\/\\\/library.bilkent.edu.tr\\\/tr\\\/fakulte-kutuphaneciligi\\\/#breadcrumb\",\"itemListElement\":[{\"@type\":\"ListItem\",\"position\":1,\"name\":\"Home\",\"item\":\"https:\\\/\\\/library.bilkent.edu.tr\\\/tr\\\/\"},{\"@type\":\"ListItem\",\"position\":2,\"name\":\"Fak\u00fclte K\u00fct\u00fcphanecili\u011fi\"}]},{\"@type\":\"WebSite\",\"@id\":\"https:\\\/\\\/library.bilkent.edu.tr\\\/tr\\\/#website\",\"url\":\"https:\\\/\\\/library.bilkent.edu.tr\\\/tr\\\/\",\"name\":\"Bilkent \u00dcniversitesi K\u00fct\u00fcphanesi\",\"description\":\"\",\"publisher\":{\"@id\":\"https:\\\/\\\/library.bilkent.edu.tr\\\/tr\\\/#organization\"},\"potentialAction\":[{\"@type\":\"SearchAction\",\"target\":{\"@type\":\"EntryPoint\",\"urlTemplate\":\"https:\\\/\\\/library.bilkent.edu.tr\\\/tr\\\/?s={search_term_string}\"},\"query-input\":{\"@type\":\"PropertyValueSpecification\",\"valueRequired\":true,\"valueName\":\"search_term_string\"}}],\"inLanguage\":\"tr\"},{\"@type\":\"Organization\",\"@id\":\"https:\\\/\\\/library.bilkent.edu.tr\\\/tr\\\/#organization\",\"name\":\"Bilkent \u00dcniversitesi K\u00fct\u00fcphanesi\",\"url\":\"https:\\\/\\\/library.bilkent.edu.tr\\\/tr\\\/\",\"logo\":{\"@type\":\"ImageObject\",\"inLanguage\":\"tr\",\"@id\":\"https:\\\/\\\/library.bilkent.edu.tr\\\/tr\\\/#\\\/schema\\\/logo\\\/image\\\/\",\"url\":\"https:\\\/\\\/library.bilkent.edu.tr\\\/tr\\\/wp-content\\\/uploads\\\/2017\\\/12\\\/bilkent-tr-2.png\",\"contentUrl\":\"https:\\\/\\\/library.bilkent.edu.tr\\\/tr\\\/wp-content\\\/uploads\\\/2017\\\/12\\\/bilkent-tr-2.png\",\"width\":800,\"height\":172,\"caption\":\"Bilkent \u00dcniversitesi K\u00fct\u00fcphanesi\"},\"image\":{\"@id\":\"https:\\\/\\\/library.bilkent.edu.tr\\\/tr\\\/#\\\/schema\\\/logo\\\/image\\\/\"}}]}<\/script>\n<!-- \/ Yoast SEO plugin. -->","yoast_head_json":{"title":"Fak\u00fclte K\u00fct\u00fcphanecili\u011fi - Bilkent \u00dcniversitesi K\u00fct\u00fcphanesi","robots":{"index":"index","follow":"follow","max-snippet":"max-snippet:-1","max-image-preview":"max-image-preview:large","max-video-preview":"max-video-preview:-1"},"canonical":"https:\/\/library.bilkent.edu.tr\/tr\/fakulte-kutuphaneciligi\/","og_locale":"tr_TR","og_type":"article","og_title":"Fak\u00fclte K\u00fct\u00fcphanecili\u011fi - Bilkent \u00dcniversitesi K\u00fct\u00fcphanesi","og_url":"https:\/\/library.bilkent.edu.tr\/tr\/fakulte-kutuphaneciligi\/","og_site_name":"Bilkent \u00dcniversitesi K\u00fct\u00fcphanesi","article_modified_time":"2025-11-04T13:56:11+00:00","twitter_card":"summary_large_image","twitter_misc":{"Tahmini okuma s\u00fcresi":"9 dakika"},"schema":{"@context":"https:\/\/schema.org","@graph":[{"@type":"WebPage","@id":"https:\/\/library.bilkent.edu.tr\/tr\/fakulte-kutuphaneciligi\/","url":"https:\/\/library.bilkent.edu.tr\/tr\/fakulte-kutuphaneciligi\/","name":"Fak\u00fclte K\u00fct\u00fcphanecili\u011fi - Bilkent \u00dcniversitesi K\u00fct\u00fcphanesi","isPartOf":{"@id":"https:\/\/library.bilkent.edu.tr\/tr\/#website"},"datePublished":"2017-11-25T11:30:35+00:00","dateModified":"2025-11-04T13:56:11+00:00","breadcrumb":{"@id":"https:\/\/library.bilkent.edu.tr\/tr\/fakulte-kutuphaneciligi\/#breadcrumb"},"inLanguage":"tr","potentialAction":[{"@type":"ReadAction","target":["https:\/\/library.bilkent.edu.tr\/tr\/fakulte-kutuphaneciligi\/"]}]},{"@type":"BreadcrumbList","@id":"https:\/\/library.bilkent.edu.tr\/tr\/fakulte-kutuphaneciligi\/#breadcrumb","itemListElement":[{"@type":"ListItem","position":1,"name":"Home","item":"https:\/\/library.bilkent.edu.tr\/tr\/"},{"@type":"ListItem","position":2,"name":"Fak\u00fclte K\u00fct\u00fcphanecili\u011fi"}]},{"@type":"WebSite","@id":"https:\/\/library.bilkent.edu.tr\/tr\/#website","url":"https:\/\/library.bilkent.edu.tr\/tr\/","name":"Bilkent \u00dcniversitesi K\u00fct\u00fcphanesi","description":"","publisher":{"@id":"https:\/\/library.bilkent.edu.tr\/tr\/#organization"},"potentialAction":[{"@type":"SearchAction","target":{"@type":"EntryPoint","urlTemplate":"https:\/\/library.bilkent.edu.tr\/tr\/?s={search_term_string}"},"query-input":{"@type":"PropertyValueSpecification","valueRequired":true,"valueName":"search_term_string"}}],"inLanguage":"tr"},{"@type":"Organization","@id":"https:\/\/library.bilkent.edu.tr\/tr\/#organization","name":"Bilkent \u00dcniversitesi K\u00fct\u00fcphanesi","url":"https:\/\/library.bilkent.edu.tr\/tr\/","logo":{"@type":"ImageObject","inLanguage":"tr","@id":"https:\/\/library.bilkent.edu.tr\/tr\/#\/schema\/logo\/image\/","url":"https:\/\/library.bilkent.edu.tr\/tr\/wp-content\/uploads\/2017\/12\/bilkent-tr-2.png","contentUrl":"https:\/\/library.bilkent.edu.tr\/tr\/wp-content\/uploads\/2017\/12\/bilkent-tr-2.png","width":800,"height":172,"caption":"Bilkent \u00dcniversitesi K\u00fct\u00fcphanesi"},"image":{"@id":"https:\/\/library.bilkent.edu.tr\/tr\/#\/schema\/logo\/image\/"}}]}},"_links":{"self":[{"href":"https:\/\/library.bilkent.edu.tr\/tr\/wp-json\/wp\/v2\/pages\/11873","targetHints":{"allow":["GET"]}}],"collection":[{"href":"https:\/\/library.bilkent.edu.tr\/tr\/wp-json\/wp\/v2\/pages"}],"about":[{"href":"https:\/\/library.bilkent.edu.tr\/tr\/wp-json\/wp\/v2\/types\/page"}],"author":[{"embeddable":true,"href":"https:\/\/library.bilkent.edu.tr\/tr\/wp-json\/wp\/v2\/users\/3479"}],"replies":[{"embeddable":true,"href":"https:\/\/library.bilkent.edu.tr\/tr\/wp-json\/wp\/v2\/comments?post=11873"}],"version-history":[{"count":145,"href":"https:\/\/library.bilkent.edu.tr\/tr\/wp-json\/wp\/v2\/pages\/11873\/revisions"}],"predecessor-version":[{"id":22413,"href":"https:\/\/library.bilkent.edu.tr\/tr\/wp-json\/wp\/v2\/pages\/11873\/revisions\/22413"}],"wp:attachment":[{"href":"https:\/\/library.bilkent.edu.tr\/tr\/wp-json\/wp\/v2\/media?parent=11873"}],"curies":[{"name":"wp","href":"https:\/\/api.w.org\/{rel}","templated":true}]}}