{"id":11824,"date":"2017-11-25T10:20:36","date_gmt":"2017-11-25T10:20:36","guid":{"rendered":"https:\/\/library.bilkent.edu.tr\/tr\/?page_id=11824"},"modified":"2025-01-17T16:34:23","modified_gmt":"2025-01-17T13:34:23","slug":"referans-tanitim-hizmetleri","status":"publish","type":"page","link":"https:\/\/library.bilkent.edu.tr\/tr\/referans-tanitim-hizmetleri\/","title":{"rendered":"Referans ve Tan\u0131t\u0131m Hizmetleri"},"content":{"rendered":"<div class=\"fusion-fullwidth fullwidth-box fusion-builder-row-1 nonhundred-percent-fullwidth non-hundred-percent-height-scrolling\" style=\"--awb-border-radius-top-left:0px;--awb-border-radius-top-right:0px;--awb-border-radius-bottom-right:0px;--awb-border-radius-bottom-left:0px;--awb-flex-wrap:wrap;\" ><div class=\"fusion-builder-row fusion-row\"><div class=\"fusion-layout-column fusion_builder_column fusion-builder-column-0 fusion_builder_column_1_1 1_1 fusion-one-full fusion-column-first fusion-column-last\" style=\"--awb-bg-size:cover;\"><div class=\"fusion-column-wrapper fusion-flex-column-wrapper-legacy\"><div class=\"fusion-title title fusion-title-1 fusion-sep-none fusion-title-text fusion-title-size-six\" style=\"--awb-margin-top-small:0px;--awb-margin-right-small:0px;--awb-margin-bottom-small:20px;--awb-margin-left-small:0px;--awb-sep-color:#cccccc;\"><h6 class=\"fusion-title-heading title-heading-right fusion-responsive-typography-calculated\" style=\"margin:0;--fontSize:18;--minFontSize:18;line-height:1.5;\"><em><a style=\"color: #000;\" href=\"https:\/\/library.bilkent.edu.tr\/reference-introductory-services\/\">English<\/a><\/em><\/h6><\/div><div class=\"fusion-title title fusion-title-2 fusion-title-text fusion-title-size-one\" style=\"--awb-text-color:#000000;--awb-margin-top-small:0px;--awb-margin-right-small:0px;--awb-margin-bottom-small:20px;--awb-margin-left-small:0px;--awb-font-size:30px;\"><h1 class=\"fusion-title-heading title-heading-left fusion-responsive-typography-calculated\" style=\"margin:0;font-size:1em;--fontSize:30;--minFontSize:30;line-height:1.5;\"><h3>Referans ve Tan\u0131t\u0131m Hizmetleri<\/h3><\/h1><span class=\"awb-title-spacer\"><\/span><div class=\"title-sep-container\"><div class=\"title-sep sep-single sep-solid\" style=\"border-color:#e0dede;\"><\/div><\/div><\/div><div class=\"fusion-text fusion-text-1\"><p><span style=\"font-weight: 400;\">Bilkent \u00dcniversitesi K\u00fct\u00fcphanesi, kullan\u0131c\u0131lar\u0131na hizmetlerini, kullan\u0131m kurallar\u0131n\u0131 ve koleksiyonunu tan\u0131tmak; kaynaklar\u0131n etkin kullan\u0131m\u0131n\u0131 \u00f6\u011fretmek amac\u0131yla \u00e7e\u015fitli oryantasyonlar ve tan\u0131t\u0131m faaliyetleri d\u00fczenlemektedir. Bu faaliyetler, farkl\u0131 kullan\u0131c\u0131 gruplar\u0131n\u0131n ihtiya\u00e7lar\u0131na g\u00f6re \u00f6zelle\u015ftirilmi\u015ftir. K\u00fct\u00fcphane turlar\u0131 ve oryantasyonlar:<\/span><\/p>\n<ul>\n<li style=\"font-weight: 400;\" aria-level=\"1\"><b><i>D\u0131\u015f Kullan\u0131c\u0131lar \u0130\u00e7in K\u00fct\u00fcphane Turlar\u0131: <\/i><\/b><span style=\"font-weight: 400;\">\u00dcniversite d\u0131\u015f\u0131ndan gelen ziyaret\u00e7ilere y\u00f6nelik k\u00fct\u00fcphane turlar\u0131 d\u00fczenlenmektedir. Bu turlar kapsam\u0131nda, k\u00fct\u00fcphanenin genel yap\u0131s\u0131 ve hizmetleri tan\u0131t\u0131lmaktad\u0131r.<\/span><\/li>\n<li style=\"font-weight: 400;\" aria-level=\"1\"><b><i>\u00d6\u011frenci Oryantasyonlar\u0131: <\/i><\/b><span style=\"font-weight: 400;\">Lisans, y\u00fcksek lisans ve doktora \u00f6\u011frencileri i\u00e7in \u00f6zel oryantasyon programlar\u0131 sunulmaktad\u0131r.<\/span>\n<ul>\n<li style=\"font-weight: 400;\" aria-level=\"2\"><b><i>Lisans \u00d6\u011frencileri: <\/i><\/b><span style=\"font-weight: 400;\">Genel k\u00fct\u00fcphane koleksiyonu, katalog taramas\u0131, koleksiyon kullan\u0131m\u0131 ve kurallar\u0131 hakk\u0131nda bilgilendirme yap\u0131lmaktad\u0131r.<\/span><\/li>\n<li style=\"font-weight: 400;\" aria-level=\"2\"><b><i>Y\u00fcksek Lisans ve Doktora \u00d6\u011frencileri:<\/i><\/b> <span style=\"font-weight: 400;\">Veritabanlar\u0131 kullan\u0131m\u0131, ileri d\u00fczey ara\u015ft\u0131rma teknikleri ve akademik kaynaklara eri\u015fim konusunda e\u011fitimler verilmektedir.<\/span><\/li>\n<\/ul>\n<\/li>\n<li style=\"font-weight: 400;\" aria-level=\"1\"><b><i>\u00d6zel Misafirler ve Akademik Personel: <\/i><\/b><span style=\"font-weight: 400;\">Akademik ve profesyonel ihtiya\u00e7lara y\u00f6nelik \u00f6zel i\u00e7erikli sunumlar ve e\u011fitimler d\u00fczenlenmektedir.<\/span><\/li>\n<\/ul>\n<p><span style=\"font-weight: 400;\">Bilkent \u00dcniversitesi K\u00fct\u00fcphanesi, hizmet yenilikleri hakk\u0131nda bilgi vermek amac\u0131yla \u00e7e\u015fitli tan\u0131t\u0131m faaliyetleri y\u00fcr\u00fctmektedir. \u00dcniversite b\u00fcnyesinde haftal\u0131k olarak bas\u0131lan &#8220;<a href=\"https:\/\/bilkentnews.bilkent.edu.tr\/\">Bilkent News<\/a>&#8221; gazetesinde, ayda bir defa k\u00fct\u00fcphaneye ayr\u0131lan k\u00f6\u015fede kullan\u0131c\u0131lara ula\u015f\u0131lmakta, ayr\u0131ca k\u00fct\u00fcphane hizmetleri ve yenilikleri hakk\u0131nda bilgi vermek amac\u0131yla web sitesi ve sosyal medya platformlar\u0131 \u00fczerinde d\u00fczenli olarak tan\u0131t\u0131m faaliyetleri yap\u0131lmaktad\u0131r.<\/span><\/p>\n<p><span style=\"font-weight: 400;\">K\u00fct\u00fcphane oryantasyonlar\u0131 hakk\u0131nda ayr\u0131nt\u0131l\u0131 bilgi almak veya <\/span><span style=\"font-weight: 400;\">oryantasyon iste\u011finde <\/span><span style=\"font-weight: 400;\">bulunmak i\u00e7in bizimle<\/span><a href=\"https:\/\/library.bilkent.edu.tr\/tr\/iletisim\/\"><span style=\"font-weight: 400;\"> ileti\u015fime ge\u00e7ebilirsiniz.<\/span><\/a><\/p>\n<\/div><div class=\"fusion-alignleft\"><a class=\"fusion-button button-3d fusion-button-default-size button-custom fusion-button-default button-1 fusion-button-span-no \" style=\"--button_bevel_color:rgba(0,0,0,0.78);--button_bevel_color_hover:rgba(0,0,0,0.78);--button_accent_color:#ffffff;--button_border_color:#ffffff;--button_accent_hover_color:#ffffff;--button_border_hover_color:rgba(255,255,255,0.9);--button-border-radius-top-left:10px;--button-border-radius-top-right:10px;--button-border-radius-bottom-right:10px;--button-border-radius-bottom-left:10px;--button_gradient_angle:50deg;--button_gradient_start:6%;--button_gradient_top_color:#1967d2;--button_gradient_bottom_color:#1967d2;--button_gradient_top_color_hover:#b70303;--button_gradient_bottom_color_hover:#b70303;--button_font_size:16px;\" target=\"_blank\" rel=\"noopener noreferrer\" href=\"https:\/\/library.bilkent.edu.tr\/tr\/oryantasyon-istek-formu\/\"><span class=\"fusion-button-text awb-button__text awb-button__text--default\">Oryantasyon \u0130stek Formu<\/span><\/a><\/div><div class=\"fusion-clearfix\"><\/div><\/div><\/div><\/div><\/div>\n","protected":false},"excerpt":{"rendered":"","protected":false},"author":3479,"featured_media":0,"parent":0,"menu_order":0,"comment_status":"closed","ping_status":"closed","template":"","meta":{"footnotes":""},"class_list":["post-11824","page","type-page","status-publish","hentry"],"yoast_head":"<!-- This site is optimized with the Yoast SEO plugin v27.3 - https:\/\/yoast.com\/product\/yoast-seo-wordpress\/ -->\n<title>Referans ve Tan\u0131t\u0131m Hizmetleri - Bilkent \u00dcniversitesi K\u00fct\u00fcphanesi<\/title>\n<meta name=\"robots\" content=\"index, follow, max-snippet:-1, max-image-preview:large, max-video-preview:-1\" \/>\n<link rel=\"canonical\" href=\"https:\/\/library.bilkent.edu.tr\/tr\/referans-tanitim-hizmetleri\/\" \/>\n<meta property=\"og:locale\" content=\"tr_TR\" \/>\n<meta property=\"og:type\" content=\"article\" \/>\n<meta property=\"og:title\" content=\"Referans ve Tan\u0131t\u0131m Hizmetleri - Bilkent \u00dcniversitesi K\u00fct\u00fcphanesi\" \/>\n<meta property=\"og:url\" content=\"https:\/\/library.bilkent.edu.tr\/tr\/referans-tanitim-hizmetleri\/\" \/>\n<meta property=\"og:site_name\" content=\"Bilkent \u00dcniversitesi K\u00fct\u00fcphanesi\" \/>\n<meta property=\"article:modified_time\" content=\"2025-01-17T13:34:23+00:00\" \/>\n<meta name=\"twitter:card\" content=\"summary_large_image\" \/>\n<meta name=\"twitter:label1\" content=\"Tahmini okuma s\u00fcresi\" \/>\n\t<meta name=\"twitter:data1\" content=\"5 dakika\" \/>\n<script type=\"application\/ld+json\" class=\"yoast-schema-graph\">{\"@context\":\"https:\\\/\\\/schema.org\",\"@graph\":[{\"@type\":\"WebPage\",\"@id\":\"https:\\\/\\\/library.bilkent.edu.tr\\\/tr\\\/referans-tanitim-hizmetleri\\\/\",\"url\":\"https:\\\/\\\/library.bilkent.edu.tr\\\/tr\\\/referans-tanitim-hizmetleri\\\/\",\"name\":\"Referans ve Tan\u0131t\u0131m Hizmetleri - Bilkent \u00dcniversitesi K\u00fct\u00fcphanesi\",\"isPartOf\":{\"@id\":\"https:\\\/\\\/library.bilkent.edu.tr\\\/tr\\\/#website\"},\"datePublished\":\"2017-11-25T10:20:36+00:00\",\"dateModified\":\"2025-01-17T13:34:23+00:00\",\"breadcrumb\":{\"@id\":\"https:\\\/\\\/library.bilkent.edu.tr\\\/tr\\\/referans-tanitim-hizmetleri\\\/#breadcrumb\"},\"inLanguage\":\"tr\",\"potentialAction\":[{\"@type\":\"ReadAction\",\"target\":[\"https:\\\/\\\/library.bilkent.edu.tr\\\/tr\\\/referans-tanitim-hizmetleri\\\/\"]}]},{\"@type\":\"BreadcrumbList\",\"@id\":\"https:\\\/\\\/library.bilkent.edu.tr\\\/tr\\\/referans-tanitim-hizmetleri\\\/#breadcrumb\",\"itemListElement\":[{\"@type\":\"ListItem\",\"position\":1,\"name\":\"Home\",\"item\":\"https:\\\/\\\/library.bilkent.edu.tr\\\/tr\\\/\"},{\"@type\":\"ListItem\",\"position\":2,\"name\":\"Referans ve Tan\u0131t\u0131m Hizmetleri\"}]},{\"@type\":\"WebSite\",\"@id\":\"https:\\\/\\\/library.bilkent.edu.tr\\\/tr\\\/#website\",\"url\":\"https:\\\/\\\/library.bilkent.edu.tr\\\/tr\\\/\",\"name\":\"Bilkent \u00dcniversitesi K\u00fct\u00fcphanesi\",\"description\":\"\",\"publisher\":{\"@id\":\"https:\\\/\\\/library.bilkent.edu.tr\\\/tr\\\/#organization\"},\"potentialAction\":[{\"@type\":\"SearchAction\",\"target\":{\"@type\":\"EntryPoint\",\"urlTemplate\":\"https:\\\/\\\/library.bilkent.edu.tr\\\/tr\\\/?s={search_term_string}\"},\"query-input\":{\"@type\":\"PropertyValueSpecification\",\"valueRequired\":true,\"valueName\":\"search_term_string\"}}],\"inLanguage\":\"tr\"},{\"@type\":\"Organization\",\"@id\":\"https:\\\/\\\/library.bilkent.edu.tr\\\/tr\\\/#organization\",\"name\":\"Bilkent \u00dcniversitesi K\u00fct\u00fcphanesi\",\"url\":\"https:\\\/\\\/library.bilkent.edu.tr\\\/tr\\\/\",\"logo\":{\"@type\":\"ImageObject\",\"inLanguage\":\"tr\",\"@id\":\"https:\\\/\\\/library.bilkent.edu.tr\\\/tr\\\/#\\\/schema\\\/logo\\\/image\\\/\",\"url\":\"https:\\\/\\\/library.bilkent.edu.tr\\\/tr\\\/wp-content\\\/uploads\\\/2017\\\/12\\\/bilkent-tr-2.png\",\"contentUrl\":\"https:\\\/\\\/library.bilkent.edu.tr\\\/tr\\\/wp-content\\\/uploads\\\/2017\\\/12\\\/bilkent-tr-2.png\",\"width\":800,\"height\":172,\"caption\":\"Bilkent \u00dcniversitesi K\u00fct\u00fcphanesi\"},\"image\":{\"@id\":\"https:\\\/\\\/library.bilkent.edu.tr\\\/tr\\\/#\\\/schema\\\/logo\\\/image\\\/\"}}]}<\/script>\n<!-- \/ Yoast SEO plugin. -->","yoast_head_json":{"title":"Referans ve Tan\u0131t\u0131m Hizmetleri - Bilkent \u00dcniversitesi K\u00fct\u00fcphanesi","robots":{"index":"index","follow":"follow","max-snippet":"max-snippet:-1","max-image-preview":"max-image-preview:large","max-video-preview":"max-video-preview:-1"},"canonical":"https:\/\/library.bilkent.edu.tr\/tr\/referans-tanitim-hizmetleri\/","og_locale":"tr_TR","og_type":"article","og_title":"Referans ve Tan\u0131t\u0131m Hizmetleri - Bilkent \u00dcniversitesi K\u00fct\u00fcphanesi","og_url":"https:\/\/library.bilkent.edu.tr\/tr\/referans-tanitim-hizmetleri\/","og_site_name":"Bilkent \u00dcniversitesi K\u00fct\u00fcphanesi","article_modified_time":"2025-01-17T13:34:23+00:00","twitter_card":"summary_large_image","twitter_misc":{"Tahmini okuma s\u00fcresi":"5 dakika"},"schema":{"@context":"https:\/\/schema.org","@graph":[{"@type":"WebPage","@id":"https:\/\/library.bilkent.edu.tr\/tr\/referans-tanitim-hizmetleri\/","url":"https:\/\/library.bilkent.edu.tr\/tr\/referans-tanitim-hizmetleri\/","name":"Referans ve Tan\u0131t\u0131m Hizmetleri - Bilkent \u00dcniversitesi K\u00fct\u00fcphanesi","isPartOf":{"@id":"https:\/\/library.bilkent.edu.tr\/tr\/#website"},"datePublished":"2017-11-25T10:20:36+00:00","dateModified":"2025-01-17T13:34:23+00:00","breadcrumb":{"@id":"https:\/\/library.bilkent.edu.tr\/tr\/referans-tanitim-hizmetleri\/#breadcrumb"},"inLanguage":"tr","potentialAction":[{"@type":"ReadAction","target":["https:\/\/library.bilkent.edu.tr\/tr\/referans-tanitim-hizmetleri\/"]}]},{"@type":"BreadcrumbList","@id":"https:\/\/library.bilkent.edu.tr\/tr\/referans-tanitim-hizmetleri\/#breadcrumb","itemListElement":[{"@type":"ListItem","position":1,"name":"Home","item":"https:\/\/library.bilkent.edu.tr\/tr\/"},{"@type":"ListItem","position":2,"name":"Referans ve Tan\u0131t\u0131m Hizmetleri"}]},{"@type":"WebSite","@id":"https:\/\/library.bilkent.edu.tr\/tr\/#website","url":"https:\/\/library.bilkent.edu.tr\/tr\/","name":"Bilkent \u00dcniversitesi K\u00fct\u00fcphanesi","description":"","publisher":{"@id":"https:\/\/library.bilkent.edu.tr\/tr\/#organization"},"potentialAction":[{"@type":"SearchAction","target":{"@type":"EntryPoint","urlTemplate":"https:\/\/library.bilkent.edu.tr\/tr\/?s={search_term_string}"},"query-input":{"@type":"PropertyValueSpecification","valueRequired":true,"valueName":"search_term_string"}}],"inLanguage":"tr"},{"@type":"Organization","@id":"https:\/\/library.bilkent.edu.tr\/tr\/#organization","name":"Bilkent \u00dcniversitesi K\u00fct\u00fcphanesi","url":"https:\/\/library.bilkent.edu.tr\/tr\/","logo":{"@type":"ImageObject","inLanguage":"tr","@id":"https:\/\/library.bilkent.edu.tr\/tr\/#\/schema\/logo\/image\/","url":"https:\/\/library.bilkent.edu.tr\/tr\/wp-content\/uploads\/2017\/12\/bilkent-tr-2.png","contentUrl":"https:\/\/library.bilkent.edu.tr\/tr\/wp-content\/uploads\/2017\/12\/bilkent-tr-2.png","width":800,"height":172,"caption":"Bilkent \u00dcniversitesi K\u00fct\u00fcphanesi"},"image":{"@id":"https:\/\/library.bilkent.edu.tr\/tr\/#\/schema\/logo\/image\/"}}]}},"_links":{"self":[{"href":"https:\/\/library.bilkent.edu.tr\/tr\/wp-json\/wp\/v2\/pages\/11824","targetHints":{"allow":["GET"]}}],"collection":[{"href":"https:\/\/library.bilkent.edu.tr\/tr\/wp-json\/wp\/v2\/pages"}],"about":[{"href":"https:\/\/library.bilkent.edu.tr\/tr\/wp-json\/wp\/v2\/types\/page"}],"author":[{"embeddable":true,"href":"https:\/\/library.bilkent.edu.tr\/tr\/wp-json\/wp\/v2\/users\/3479"}],"replies":[{"embeddable":true,"href":"https:\/\/library.bilkent.edu.tr\/tr\/wp-json\/wp\/v2\/comments?post=11824"}],"version-history":[{"count":26,"href":"https:\/\/library.bilkent.edu.tr\/tr\/wp-json\/wp\/v2\/pages\/11824\/revisions"}],"predecessor-version":[{"id":21990,"href":"https:\/\/library.bilkent.edu.tr\/tr\/wp-json\/wp\/v2\/pages\/11824\/revisions\/21990"}],"wp:attachment":[{"href":"https:\/\/library.bilkent.edu.tr\/tr\/wp-json\/wp\/v2\/media?parent=11824"}],"curies":[{"name":"wp","href":"https:\/\/api.w.org\/{rel}","templated":true}]}}