{"id":11794,"date":"2017-11-25T09:54:46","date_gmt":"2017-11-25T09:54:46","guid":{"rendered":"https:\/\/library.bilkent.edu.tr\/tr\/?page_id=11794"},"modified":"2025-01-17T16:33:50","modified_gmt":"2025-01-17T13:33:50","slug":"erezerv-servis","status":"publish","type":"page","link":"https:\/\/library.bilkent.edu.tr\/tr\/erezerv-servis\/","title":{"rendered":"Rezerv ve E-Rezerv Hizmetleri"},"content":{"rendered":"<div class=\"fusion-fullwidth fullwidth-box fusion-builder-row-1 nonhundred-percent-fullwidth non-hundred-percent-height-scrolling\" style=\"--awb-border-radius-top-left:0px;--awb-border-radius-top-right:0px;--awb-border-radius-bottom-right:0px;--awb-border-radius-bottom-left:0px;--awb-flex-wrap:wrap;\" ><div class=\"fusion-builder-row fusion-row\"><div class=\"fusion-layout-column fusion_builder_column fusion-builder-column-0 fusion_builder_column_1_1 1_1 fusion-one-full fusion-column-first fusion-column-last\" style=\"--awb-bg-size:cover;\"><div class=\"fusion-column-wrapper fusion-flex-column-wrapper-legacy\"><div class=\"fusion-title title fusion-title-1 fusion-sep-none fusion-title-text fusion-title-size-six\" style=\"--awb-margin-top-small:0px;--awb-margin-right-small:0px;--awb-margin-bottom-small:20px;--awb-margin-left-small:0px;--awb-sep-color:#cccccc;\"><h6 class=\"fusion-title-heading title-heading-right fusion-responsive-typography-calculated\" style=\"margin:0;--fontSize:18;--minFontSize:18;line-height:1.5;\"><em><a style=\"color: #000;\" href=\"https:\/\/library.bilkent.edu.tr\/electronic-reserve-service\/\">English<\/a><\/em><\/h6><\/div><div class=\"fusion-title title fusion-title-2 fusion-title-text fusion-title-size-one\" style=\"--awb-text-color:#000000;--awb-margin-top-small:0px;--awb-margin-right-small:0px;--awb-margin-bottom-small:20px;--awb-margin-left-small:0px;--awb-font-size:30px;\"><h1 class=\"fusion-title-heading title-heading-left fusion-responsive-typography-calculated\" style=\"margin:0;font-size:1em;--fontSize:30;--minFontSize:30;line-height:1.5;\"><h3>Rezerv ve E-Rezerv Hizmetleri<\/h3><\/h1><span class=\"awb-title-spacer\"><\/span><div class=\"title-sep-container\"><div class=\"title-sep sep-single sep-solid\" style=\"border-color:#e0dede;\"><\/div><\/div><\/div><div class=\"fusion-text fusion-text-1\" style=\"--awb-text-transform:none;\"><div class=\"designers-nine alpha\">\n<div class=\"content\">\n<div id=\"content_div_146166\">\n<p><b>Rezerv Nedir?<\/b><\/p>\n<p><span style=\"font-weight: 400;\">Rezerv hizmeti, \u00f6\u011fretim \u00fcyelerimizin belirledi\u011fi, dersler i\u00e7in gerekli bas\u0131l\u0131 materyallerin ge\u00e7ici olarak rezerve edilmesini sa\u011flar. Bu materyaller, k\u0131sa s\u00fcreli kullan\u0131mlar i\u00e7in k\u00fct\u00fcphanenin \u00f6d\u00fcn\u00e7 verme bankosunda hizmete sunulmaktad\u0131r.<\/span><\/p>\n<p><b>E-Reserve (Elektronik Rezerv) Nedir?<\/b><\/p>\n<p><span style=\"font-weight: 400;\">E-Rezerv hizmeti, dijital formatta sunulan ders materyallerinin Bilkent kamp\u00fcs a\u011f\u0131 \u00fczerinden 7\/24 eri\u015filebilmesini sa\u011flar. Telif hakk\u0131 k\u0131s\u0131tlamalar\u0131 nedeniyle, bu materyallere yaln\u0131zca kamp\u00fcs a\u011f\u0131 \u00fczerinden veya VPN ba\u011flant\u0131s\u0131 arac\u0131l\u0131\u011f\u0131yla eri\u015fim sa\u011flanabilir.<\/span><\/p>\n<p><span style=\"font-weight: 400;\">Rezerv ve E-Rezerv hizmetleri ile ilgili sorular\u0131n\u0131z i\u00e7in <a href=\"mailto:e-reserve@bilkent.edu.tr\">e-reserve@bilkent.edu.tr<\/a> adresine e-posta g\u00f6nderebilirsiniz.<\/span><\/p>\n<p><b>Rezerv ve E-Rezerv Hizmetinden Nas\u0131l Yararlan\u0131l\u0131r?<\/b><\/p>\n<\/div>\n<\/div>\n<\/div>\n<\/div><div class=\"fusion-tabs-sticky-helper\" style=\"height:1px;\"><\/div><div class=\"fusion-tabs fusion-tabs-1 classic nav-is-justified sticky-tabs horizontal-tabs icon-position-right mobile-mode-accordion\" style=\"--icon-color:#000000;--awb-title-border-radius-top-left:0px;--awb-title-border-radius-top-right:0px;--awb-title-border-radius-bottom-right:0px;--awb-title-border-radius-bottom-left:0px;--awb-alignment:start;--awb-inactive-color:#f1f2f2;--awb-background-color:#ffffff;--awb-border-color:#ebeaea;--awb-active-border-color:#005a9c;\"><div class=\"nav\"><ul class=\"nav-tabs nav-justified\" role=\"tablist\"><li class=\"active\" role=\"presentation\"><a class=\"tab-link\" data-toggle=\"tab\" role=\"tab\" aria-controls=\"tab-b8f9e6c7023e3d14a68\" aria-selected=\"true\" id=\"fusion-tab-\u00d6\u011fretim\u00dcyeleri\u0130\u00e7in\" href=\"#tab-b8f9e6c7023e3d14a68\"><h4 class=\"fusion-tab-heading\">\u00d6\u011fretim \u00dcyeleri \u0130\u00e7in<i class=\"fontawesome-icon fa-angle-down fal\" aria-hidden=\"true\" style=\"font-size:20px; --icon-color:#000000;\"><\/i><\/h4><\/a><\/li><li role=\"presentation\"><a class=\"tab-link\" data-toggle=\"tab\" role=\"tab\" aria-controls=\"tab-0249dfc9c83babf7c8b\" aria-selected=\"false\" tabindex=\"-1\" id=\"fusion-tab-\u00d6\u011frenciler\u0130\u00e7in\" href=\"#tab-0249dfc9c83babf7c8b\"><h4 class=\"fusion-tab-heading\">\u00d6\u011frenciler \u0130\u00e7in<i class=\"fontawesome-icon fa-angle-down fal\" aria-hidden=\"true\" style=\"font-size:20px; --icon-color:#000000;\"><\/i><\/h4><\/a><\/li><\/ul><\/div><div class=\"tab-content\"><div class=\"nav fusion-mobile-tab-nav\"><ul class=\"nav-tabs nav-justified\" role=\"tablist\"><li class=\"active\" role=\"presentation\"><a class=\"tab-link\" data-toggle=\"tab\" role=\"tab\" aria-controls=\"tab-b8f9e6c7023e3d14a68\" aria-selected=\"true\" id=\"mobile-fusion-tab-\u00d6\u011fretim\u00dcyeleri\u0130\u00e7in\" href=\"#tab-b8f9e6c7023e3d14a68\"><h4 class=\"fusion-tab-heading\">\u00d6\u011fretim \u00dcyeleri \u0130\u00e7in<i class=\"fontawesome-icon fa-angle-down fal\" aria-hidden=\"true\" style=\"font-size:20px; --icon-color:#000000;\"><\/i><\/h4><\/a><\/li><\/ul><\/div><div class=\"tab-pane fade fusion-clearfix in active\" role=\"tabpanel\" tabindex=\"0\" aria-labelledby=\"fusion-tab-\u00d6\u011fretim\u00dcyeleri\u0130\u00e7in\" id=\"tab-b8f9e6c7023e3d14a68\">\n<p><b>Materyallerin Rezerv Edilmesi:<\/b><\/p>\n<ul>\n<li><b><i>Bas\u0131l\u0131 Materyaller:<\/i><\/b><span style=\"font-weight: 400;\"> Bas\u0131l\u0131 materyaller i\u00e7in, materyaller \u00f6d\u00fcn\u00e7 verme bankosuna teslim edilmeli ve <\/span><a href=\"https:\/\/library.bilkent.edu.tr\/tr\/rezerv-istek-formu\/\"><span style=\"font-weight: 400;\">Rezerv \u0130stek Formu <\/span><\/a><span style=\"font-weight: 400;\">doldurulmal\u0131d\u0131r. Bas\u0131l\u0131 materyallerin d\u00f6nemlik veya daimi olarak rezerv edilmesi talep edilebilir. Materyaller k\u00fct\u00fcphanenin \u00f6d\u00fcn\u00e7 verme bankosunda \u00f6\u011frencilere sunulacakt\u0131r.<\/span><\/li>\n<li><b><i>Elektronik Materyaller: <\/i><\/b>Elektronik materyaller i\u00e7in, <a href=\"https:\/\/library.bilkent.edu.tr\/tr\/rezerv-istek-formu\/\">Rezerv \u0130stek Formu<\/a> doldurulmal\u0131d\u0131r. Form \u00fczerinden, e-rezerv koleksiyonuna eklenmesi istenen elektronik materyal ve payla\u015f\u0131m takvimi iletilmelidir.<\/li>\n<\/ul>\n<p><b>Materyallerin Eklenmesi:<\/b><\/p>\n<ul>\n<li><span style=\"font-weight: 400;\">K\u00fct\u00fcphane, talep edilen materyalleri rezerv koleksiyonuna ekler ve ilgili materyaller, k\u00fct\u00fcphanenin \u00f6d\u00fcn\u00e7 verme bankosunda veya <a href=\"https:\/\/repository.bilkent.edu.tr\/search?query=dc.type:(%22Course%20Note%22)&amp;spc.page=1&amp;spc.sf=dc.date.accessioned&amp;spc.sd=DESC\">Bilkent \u00dcniversitesi Kurumsal Ar\u015fiv Sistemi<\/a>nde eri\u015fime a\u00e7\u0131l\u0131r.<\/span><\/li>\n<\/ul>\n<\/div><div class=\"nav fusion-mobile-tab-nav\"><ul class=\"nav-tabs nav-justified\" role=\"tablist\"><li role=\"presentation\"><a class=\"tab-link\" data-toggle=\"tab\" role=\"tab\" aria-controls=\"tab-0249dfc9c83babf7c8b\" aria-selected=\"false\" tabindex=\"-1\" id=\"mobile-fusion-tab-\u00d6\u011frenciler\u0130\u00e7in\" href=\"#tab-0249dfc9c83babf7c8b\"><h4 class=\"fusion-tab-heading\">\u00d6\u011frenciler \u0130\u00e7in<i class=\"fontawesome-icon fa-angle-down fal\" aria-hidden=\"true\" style=\"font-size:20px; --icon-color:#000000;\"><\/i><\/h4><\/a><\/li><\/ul><\/div><div class=\"tab-pane fade fusion-clearfix\" role=\"tabpanel\" tabindex=\"0\" aria-labelledby=\"fusion-tab-\u00d6\u011frenciler\u0130\u00e7in\" id=\"tab-0249dfc9c83babf7c8b\">\n<p><b>Bas\u0131l\u0131 Rezerv Materyaller:<\/b><\/p>\n<ul>\n<li><span style=\"font-weight: 400;\">Bas\u0131l\u0131 rezerv materyalleri, k\u00fct\u00fcphanenin \u00f6d\u00fcn\u00e7 verme bankosundan \u00f6d\u00fcn\u00e7 al\u0131nabilir ve 2 saat s\u00fcreyle k\u00fct\u00fcphane i\u00e7erisinde kullan\u0131labilir. Rezerv materyaller i\u00e7in gecikme \u00fccreti <\/span><i><span style=\"font-weight: 400;\">saatlik<\/span><\/i><span style=\"font-weight: 400;\"> 1.5\u20ba\u2019dir.<\/span><\/li>\n<\/ul>\n<p><b>Elektronik Rezerv Materyaller:<\/b><\/p>\n<ul>\n<li><span style=\"font-weight: 400;\">Elektronik rezerv materyallerine eri\u015febilmek i\u00e7in <a href=\"https:\/\/repository.bilkent.edu.tr\/search?query=dc.type:(%22Course%20Note%22)&amp;spc.page=1&amp;spc.sf=dc.date.accessioned&amp;spc.sd=DESC\">Bilkent \u00dcniversitesi Kurumsal Ar\u015fiv Sistemi<\/a> \u00fczerinden ders ad\u0131, akademik personel ad\u0131 veya ders kodu ile arama yapabilirsiniz. Bu materyallere, Bilkent kamp\u00fcs a\u011f\u0131 \u00fczerinden 7\/24 eri\u015fim sa\u011flanabilir.<\/span><\/li>\n<\/ul>\n<p><span style=\"font-weight: 400;\">E-Rezerv hizmeti ile ilgili sorular\u0131n\u0131z i\u00e7in <a href=\"mailto:e-reserve@bilkent.edu.tr\">e-reserve@bilkent.edu.tr<\/a> adresine e-posta g\u00f6nderebilirsiniz.<\/span><\/p>\n<\/div><\/div><\/div><div class=\"fusion-alignleft\"><a class=\"fusion-button button-3d fusion-button-default-size button-custom fusion-button-default button-1 fusion-button-span-no \" style=\"--button_bevel_color:rgba(0,0,0,0.78);--button_bevel_color_hover:rgba(0,0,0,0.78);--button_accent_color:#ffffff;--button_border_color:#ffffff;--button_accent_hover_color:#ffffff;--button_border_hover_color:rgba(255,255,255,0.9);--button-border-radius-top-left:10px;--button-border-radius-top-right:10px;--button-border-radius-bottom-right:10px;--button-border-radius-bottom-left:10px;--button_gradient_angle:50deg;--button_gradient_start:6%;--button_gradient_top_color:#1967d2;--button_gradient_bottom_color:#1967d2;--button_gradient_top_color_hover:#b70303;--button_gradient_bottom_color_hover:#b70303;--button_font_size:16px;\" target=\"_blank\" rel=\"noopener noreferrer\" href=\"https:\/\/library.bilkent.edu.tr\/tr\/rezerv-istek-formu\/\"><span class=\"fusion-button-text awb-button__text awb-button__text--default\">Rezerv \u0130stek Formu<\/span><\/a><\/div><div class=\"fusion-clearfix\"><\/div><\/div><\/div><\/div><\/div>\n","protected":false},"excerpt":{"rendered":"","protected":false},"author":3479,"featured_media":0,"parent":0,"menu_order":0,"comment_status":"closed","ping_status":"closed","template":"","meta":{"footnotes":""},"class_list":["post-11794","page","type-page","status-publish","hentry"],"yoast_head":"<!-- This site is optimized with the Yoast SEO plugin v27.3 - https:\/\/yoast.com\/product\/yoast-seo-wordpress\/ -->\n<title>Rezerv ve E-Rezerv Hizmetleri - Bilkent \u00dcniversitesi K\u00fct\u00fcphanesi<\/title>\n<meta name=\"robots\" content=\"index, follow, max-snippet:-1, max-image-preview:large, max-video-preview:-1\" \/>\n<link rel=\"canonical\" href=\"https:\/\/library.bilkent.edu.tr\/tr\/erezerv-servis\/\" \/>\n<meta property=\"og:locale\" content=\"tr_TR\" \/>\n<meta property=\"og:type\" content=\"article\" \/>\n<meta property=\"og:title\" content=\"Rezerv ve E-Rezerv Hizmetleri - Bilkent \u00dcniversitesi K\u00fct\u00fcphanesi\" \/>\n<meta property=\"og:url\" content=\"https:\/\/library.bilkent.edu.tr\/tr\/erezerv-servis\/\" \/>\n<meta property=\"og:site_name\" content=\"Bilkent \u00dcniversitesi K\u00fct\u00fcphanesi\" \/>\n<meta property=\"article:modified_time\" content=\"2025-01-17T13:33:50+00:00\" \/>\n<meta name=\"twitter:card\" content=\"summary_large_image\" \/>\n<meta name=\"twitter:label1\" content=\"Tahmini okuma s\u00fcresi\" \/>\n\t<meta name=\"twitter:data1\" content=\"7 dakika\" \/>\n<script type=\"application\/ld+json\" class=\"yoast-schema-graph\">{\"@context\":\"https:\\\/\\\/schema.org\",\"@graph\":[{\"@type\":\"WebPage\",\"@id\":\"https:\\\/\\\/library.bilkent.edu.tr\\\/tr\\\/erezerv-servis\\\/\",\"url\":\"https:\\\/\\\/library.bilkent.edu.tr\\\/tr\\\/erezerv-servis\\\/\",\"name\":\"Rezerv ve E-Rezerv Hizmetleri - Bilkent \u00dcniversitesi K\u00fct\u00fcphanesi\",\"isPartOf\":{\"@id\":\"https:\\\/\\\/library.bilkent.edu.tr\\\/tr\\\/#website\"},\"datePublished\":\"2017-11-25T09:54:46+00:00\",\"dateModified\":\"2025-01-17T13:33:50+00:00\",\"breadcrumb\":{\"@id\":\"https:\\\/\\\/library.bilkent.edu.tr\\\/tr\\\/erezerv-servis\\\/#breadcrumb\"},\"inLanguage\":\"tr\",\"potentialAction\":[{\"@type\":\"ReadAction\",\"target\":[\"https:\\\/\\\/library.bilkent.edu.tr\\\/tr\\\/erezerv-servis\\\/\"]}]},{\"@type\":\"BreadcrumbList\",\"@id\":\"https:\\\/\\\/library.bilkent.edu.tr\\\/tr\\\/erezerv-servis\\\/#breadcrumb\",\"itemListElement\":[{\"@type\":\"ListItem\",\"position\":1,\"name\":\"Home\",\"item\":\"https:\\\/\\\/library.bilkent.edu.tr\\\/tr\\\/\"},{\"@type\":\"ListItem\",\"position\":2,\"name\":\"Rezerv ve E-Rezerv Hizmetleri\"}]},{\"@type\":\"WebSite\",\"@id\":\"https:\\\/\\\/library.bilkent.edu.tr\\\/tr\\\/#website\",\"url\":\"https:\\\/\\\/library.bilkent.edu.tr\\\/tr\\\/\",\"name\":\"Bilkent \u00dcniversitesi K\u00fct\u00fcphanesi\",\"description\":\"\",\"publisher\":{\"@id\":\"https:\\\/\\\/library.bilkent.edu.tr\\\/tr\\\/#organization\"},\"potentialAction\":[{\"@type\":\"SearchAction\",\"target\":{\"@type\":\"EntryPoint\",\"urlTemplate\":\"https:\\\/\\\/library.bilkent.edu.tr\\\/tr\\\/?s={search_term_string}\"},\"query-input\":{\"@type\":\"PropertyValueSpecification\",\"valueRequired\":true,\"valueName\":\"search_term_string\"}}],\"inLanguage\":\"tr\"},{\"@type\":\"Organization\",\"@id\":\"https:\\\/\\\/library.bilkent.edu.tr\\\/tr\\\/#organization\",\"name\":\"Bilkent \u00dcniversitesi K\u00fct\u00fcphanesi\",\"url\":\"https:\\\/\\\/library.bilkent.edu.tr\\\/tr\\\/\",\"logo\":{\"@type\":\"ImageObject\",\"inLanguage\":\"tr\",\"@id\":\"https:\\\/\\\/library.bilkent.edu.tr\\\/tr\\\/#\\\/schema\\\/logo\\\/image\\\/\",\"url\":\"https:\\\/\\\/library.bilkent.edu.tr\\\/tr\\\/wp-content\\\/uploads\\\/2017\\\/12\\\/bilkent-tr-2.png\",\"contentUrl\":\"https:\\\/\\\/library.bilkent.edu.tr\\\/tr\\\/wp-content\\\/uploads\\\/2017\\\/12\\\/bilkent-tr-2.png\",\"width\":800,\"height\":172,\"caption\":\"Bilkent \u00dcniversitesi K\u00fct\u00fcphanesi\"},\"image\":{\"@id\":\"https:\\\/\\\/library.bilkent.edu.tr\\\/tr\\\/#\\\/schema\\\/logo\\\/image\\\/\"}}]}<\/script>\n<!-- \/ Yoast SEO plugin. -->","yoast_head_json":{"title":"Rezerv ve E-Rezerv Hizmetleri - Bilkent \u00dcniversitesi K\u00fct\u00fcphanesi","robots":{"index":"index","follow":"follow","max-snippet":"max-snippet:-1","max-image-preview":"max-image-preview:large","max-video-preview":"max-video-preview:-1"},"canonical":"https:\/\/library.bilkent.edu.tr\/tr\/erezerv-servis\/","og_locale":"tr_TR","og_type":"article","og_title":"Rezerv ve E-Rezerv Hizmetleri - Bilkent \u00dcniversitesi K\u00fct\u00fcphanesi","og_url":"https:\/\/library.bilkent.edu.tr\/tr\/erezerv-servis\/","og_site_name":"Bilkent \u00dcniversitesi K\u00fct\u00fcphanesi","article_modified_time":"2025-01-17T13:33:50+00:00","twitter_card":"summary_large_image","twitter_misc":{"Tahmini okuma s\u00fcresi":"7 dakika"},"schema":{"@context":"https:\/\/schema.org","@graph":[{"@type":"WebPage","@id":"https:\/\/library.bilkent.edu.tr\/tr\/erezerv-servis\/","url":"https:\/\/library.bilkent.edu.tr\/tr\/erezerv-servis\/","name":"Rezerv ve E-Rezerv Hizmetleri - Bilkent \u00dcniversitesi K\u00fct\u00fcphanesi","isPartOf":{"@id":"https:\/\/library.bilkent.edu.tr\/tr\/#website"},"datePublished":"2017-11-25T09:54:46+00:00","dateModified":"2025-01-17T13:33:50+00:00","breadcrumb":{"@id":"https:\/\/library.bilkent.edu.tr\/tr\/erezerv-servis\/#breadcrumb"},"inLanguage":"tr","potentialAction":[{"@type":"ReadAction","target":["https:\/\/library.bilkent.edu.tr\/tr\/erezerv-servis\/"]}]},{"@type":"BreadcrumbList","@id":"https:\/\/library.bilkent.edu.tr\/tr\/erezerv-servis\/#breadcrumb","itemListElement":[{"@type":"ListItem","position":1,"name":"Home","item":"https:\/\/library.bilkent.edu.tr\/tr\/"},{"@type":"ListItem","position":2,"name":"Rezerv ve E-Rezerv Hizmetleri"}]},{"@type":"WebSite","@id":"https:\/\/library.bilkent.edu.tr\/tr\/#website","url":"https:\/\/library.bilkent.edu.tr\/tr\/","name":"Bilkent \u00dcniversitesi K\u00fct\u00fcphanesi","description":"","publisher":{"@id":"https:\/\/library.bilkent.edu.tr\/tr\/#organization"},"potentialAction":[{"@type":"SearchAction","target":{"@type":"EntryPoint","urlTemplate":"https:\/\/library.bilkent.edu.tr\/tr\/?s={search_term_string}"},"query-input":{"@type":"PropertyValueSpecification","valueRequired":true,"valueName":"search_term_string"}}],"inLanguage":"tr"},{"@type":"Organization","@id":"https:\/\/library.bilkent.edu.tr\/tr\/#organization","name":"Bilkent \u00dcniversitesi K\u00fct\u00fcphanesi","url":"https:\/\/library.bilkent.edu.tr\/tr\/","logo":{"@type":"ImageObject","inLanguage":"tr","@id":"https:\/\/library.bilkent.edu.tr\/tr\/#\/schema\/logo\/image\/","url":"https:\/\/library.bilkent.edu.tr\/tr\/wp-content\/uploads\/2017\/12\/bilkent-tr-2.png","contentUrl":"https:\/\/library.bilkent.edu.tr\/tr\/wp-content\/uploads\/2017\/12\/bilkent-tr-2.png","width":800,"height":172,"caption":"Bilkent \u00dcniversitesi K\u00fct\u00fcphanesi"},"image":{"@id":"https:\/\/library.bilkent.edu.tr\/tr\/#\/schema\/logo\/image\/"}}]}},"_links":{"self":[{"href":"https:\/\/library.bilkent.edu.tr\/tr\/wp-json\/wp\/v2\/pages\/11794","targetHints":{"allow":["GET"]}}],"collection":[{"href":"https:\/\/library.bilkent.edu.tr\/tr\/wp-json\/wp\/v2\/pages"}],"about":[{"href":"https:\/\/library.bilkent.edu.tr\/tr\/wp-json\/wp\/v2\/types\/page"}],"author":[{"embeddable":true,"href":"https:\/\/library.bilkent.edu.tr\/tr\/wp-json\/wp\/v2\/users\/3479"}],"replies":[{"embeddable":true,"href":"https:\/\/library.bilkent.edu.tr\/tr\/wp-json\/wp\/v2\/comments?post=11794"}],"version-history":[{"count":34,"href":"https:\/\/library.bilkent.edu.tr\/tr\/wp-json\/wp\/v2\/pages\/11794\/revisions"}],"predecessor-version":[{"id":21989,"href":"https:\/\/library.bilkent.edu.tr\/tr\/wp-json\/wp\/v2\/pages\/11794\/revisions\/21989"}],"wp:attachment":[{"href":"https:\/\/library.bilkent.edu.tr\/tr\/wp-json\/wp\/v2\/media?parent=11794"}],"curies":[{"name":"wp","href":"https:\/\/api.w.org\/{rel}","templated":true}]}}