{"id":11793,"date":"2017-11-25T09:53:49","date_gmt":"2017-11-25T09:53:49","guid":{"rendered":"https:\/\/library.bilkent.edu.tr\/tr\/?page_id=11793"},"modified":"2025-08-01T10:52:20","modified_gmt":"2025-08-01T07:52:20","slug":"kutuphanelerarasi-odunc-verme","status":"publish","type":"page","link":"https:\/\/library.bilkent.edu.tr\/tr\/kutuphanelerarasi-odunc-verme\/","title":{"rendered":"K\u00fct\u00fcphaneleraras\u0131 \u00d6d\u00fcn\u00e7 Verme ve Dok\u00fcman Sa\u011flama"},"content":{"rendered":"<div class=\"fusion-fullwidth fullwidth-box fusion-builder-row-1 nonhundred-percent-fullwidth non-hundred-percent-height-scrolling\" style=\"--awb-border-radius-top-left:0px;--awb-border-radius-top-right:0px;--awb-border-radius-bottom-right:0px;--awb-border-radius-bottom-left:0px;--awb-flex-wrap:wrap;\" ><div class=\"fusion-builder-row fusion-row\"><div class=\"fusion-layout-column fusion_builder_column fusion-builder-column-0 fusion_builder_column_1_1 1_1 fusion-one-full fusion-column-first fusion-column-last\" style=\"--awb-bg-size:cover;\"><div class=\"fusion-column-wrapper fusion-flex-column-wrapper-legacy\"><div class=\"fusion-title title fusion-title-1 fusion-sep-none fusion-title-text fusion-title-size-six\" style=\"--awb-margin-top-small:0px;--awb-margin-right-small:0px;--awb-margin-bottom-small:20px;--awb-margin-left-small:0px;--awb-sep-color:#cccccc;\"><h6 class=\"fusion-title-heading title-heading-right fusion-responsive-typography-calculated\" style=\"margin:0;--fontSize:18;--minFontSize:18;line-height:1.5;\"><em><a style=\"color: #000;\" href=\"https:\/\/library.bilkent.edu.tr\/interlibrary-loan-document-supply-services\/\">English<\/a><\/em><\/h6><\/div><div class=\"fusion-title title fusion-title-2 fusion-title-text fusion-title-size-one\" style=\"--awb-text-color:#000000;--awb-margin-top-small:0px;--awb-margin-right-small:0px;--awb-margin-bottom-small:20px;--awb-margin-left-small:0px;--awb-font-size:30px;\"><h1 class=\"fusion-title-heading title-heading-left fusion-responsive-typography-calculated\" style=\"margin:0;font-size:1em;--fontSize:30;--minFontSize:30;line-height:1.5;\"><h3>K\u00fct\u00fcphaneleraras\u0131 \u00d6d\u00fcn\u00e7 Verme ve Dok\u00fcman Sa\u011flama (ILL) Hizmeti<\/h3><\/h1><span class=\"awb-title-spacer\"><\/span><div class=\"title-sep-container\"><div class=\"title-sep sep-single sep-solid\" style=\"border-color:#e0dede;\"><\/div><\/div><\/div><div class=\"fusion-text fusion-text-1\"><p><span style=\"font-weight: 400;\">K\u00fct\u00fcphaneleraras\u0131 \u00d6d\u00fcn\u00e7 Verme ve Dok\u00fcman Sa\u011flama (Interlibrary Loan\/ILL) hizmetinin amac\u0131, Bilkent \u00dcniversitesi K\u00fct\u00fcphanesi koleksiyonunda bulunmayan kitap ve makalelerin yurt i\u00e7i veya yurt d\u0131\u015f\u0131ndaki \u00fcniversitelerden sa\u011flanarak \u00fcniversitemizdeki akademik \u00e7al\u0131\u015fmalar\u0131n s\u00fcrd\u00fcr\u00fclebilirli\u011fini sa\u011flamakt\u0131r. Bu hizmetten, akademisyenler, doktora ve y\u00fcksek lisans \u00f6\u011frencileri yararlanabilmektedir.<\/span><\/p>\n<p><span style=\"font-weight: 400;\">K\u00fct\u00fcphaneleraras\u0131 \u00d6d\u00fcn\u00e7 Verme (ILL) <\/span><span style=\"font-weight: 400;\">hakk\u0131nda ayr\u0131nt\u0131l\u0131 bilgi almak i\u00e7in <\/span><span style=\"font-weight: 400;\">\u00f6d\u00fcn\u00e7 verme bankosuna ba\u015fvurabilir ya da bizimle <\/span><span style=\"font-weight: 400;\"><a href=\"https:\/\/library.bilkent.edu.tr\/tr\/iletisim\/\">ileti\u015fime<\/a> ge\u00e7ebilirsiniz.<\/span><\/p>\n<\/div><div class=\"accordian fusion-accordian\" style=\"--awb-border-size:2px;--awb-icon-size:18px;--awb-content-font-size:1rem;--awb-icon-alignment:right;--awb-hover-color:#f9f9f9;--awb-border-color:#ffffff;--awb-background-color:#f5f5f5;--awb-divider-color:#ffffff;--awb-divider-hover-color:#ffffff;--awb-icon-color:#2276ac;--awb-title-color:#2276ac;--awb-content-color:#000000;--awb-icon-box-color:#333333;--awb-toggle-hover-accent-color:#ed2225;--awb-toggle-active-accent-color:#2276ac;--awb-title-font-family:&quot;Open Sans&quot;;--awb-title-font-weight:600;--awb-title-font-style:normal;--awb-title-font-size:1em;--awb-content-font-family:&quot;Open Sans&quot;;--awb-content-font-style:normal;--awb-content-font-weight:regular;\"><div class=\"panel-group fusion-toggle-icon-right fusion-toggle-icon-unboxed\" id=\"accordion-11793-1\"><div class=\"fusion-panel panel-default panel-57b88304f63df44be fusion-toggle-no-divider fusion-toggle-boxed-mode\" style=\"--awb-title-color:#2276ac;--awb-content-color:#000000;\"><div class=\"panel-heading\"><h4 class=\"panel-title toggle\" id=\"toggle_57b88304f63df44be\"><a aria-expanded=\"false\" aria-controls=\"57b88304f63df44be\" role=\"button\" data-toggle=\"collapse\" data-parent=\"#accordion-11793-1\" data-target=\"#57b88304f63df44be\" href=\"#57b88304f63df44be\"><span class=\"fusion-toggle-icon-wrapper\" aria-hidden=\"true\"><i class=\"fa-fusion-box active-icon fa-angle-up fal\" aria-hidden=\"true\"><\/i><i class=\"fa-fusion-box inactive-icon fa-angle-down fal\" aria-hidden=\"true\"><\/i><\/span><span class=\"fusion-toggle-heading\">Bilkent \u00dcniversitesi Mensuplar\u0131n\u0131n Yararlanma Ko\u015fullar\u0131<\/span><\/a><\/h4><\/div><div id=\"57b88304f63df44be\" class=\"panel-collapse collapse \" aria-labelledby=\"toggle_57b88304f63df44be\"><div class=\"panel-body toggle-content fusion-clearfix\">\n<ul>\n<li aria-level=\"1\"><span style=\"font-weight: 400;\">\u0130stekler, \u201c<\/span><span style=\"font-weight: 400;\">ILL \u0130stek Formu<\/span><span style=\"font-weight: 400;\">\u201d doldurularak veya fak\u00fclte k\u00fct\u00fcphanecisi arac\u0131l\u0131\u011f\u0131yla yap\u0131labilir.<\/span><\/li>\n<li aria-level=\"1\"><span style=\"font-weight: 400;\">Yaln\u0131zca kitap, kitap b\u00f6l\u00fcm\u00fc, makale ve tez t\u00fcr\u00fcndeki kaynaklar sa\u011flan\u0131r.<\/span><\/li>\n<li aria-level=\"1\"><span style=\"font-weight: 400;\">Kullan\u0131c\u0131 bir seferde en fazla 5 (be\u015f) kaynak iste\u011finde bulunabilir. ILL hizmeti, bir ki\u015fi i\u00e7in y\u0131lda toplam 25 (yirmi be\u015f)\u00a0 kitap ve\/veya 25 (yirmi be\u015f) makale iste\u011fi ile s\u0131n\u0131rl\u0131d\u0131r. Bu say\u0131n\u0131n a\u015f\u0131lmas\u0131 halinde, ilgili iste\u011fin posta masraflar\u0131 istekte bulunan ki\u015fiden talep edilir.<\/span><\/li>\n<li aria-level=\"1\"><span style=\"font-weight: 400;\">Ankara i\u00e7inde, Bilkent \u00dcniversitesi K\u00fct\u00fcphanesi ile protokol anla\u015fmas\u0131 olan k\u00fct\u00fcphanelerde bulunan kaynaklar, kullan\u0131c\u0131 taraf\u0131ndan protokol belgesiyle birlikte ilgili k\u00fct\u00fcphaneden \u00f6d\u00fcn\u00e7 al\u0131n\u0131r. Ankara d\u0131\u015f\u0131ndaki k\u00fct\u00fcphanelerde bulunan kaynaklar Bilkent \u00dcniversitesi K\u00fct\u00fcphanesi taraf\u0131ndan sa\u011flan\u0131r.<\/span><\/li>\n<li aria-level=\"1\"><span style=\"font-weight: 400;\">Kaynak istekleri, kayna\u011f\u0131n bulundu\u011fu k\u00fct\u00fcphaneden fotokopi veya elektronik formatta (PDF) olarak sa\u011flan\u0131r.<\/span><\/li>\n<li aria-level=\"1\"><span style=\"font-weight: 400;\">\u015eehir d\u0131\u015f\u0131ndaki k\u00fct\u00fcphanelerden sa\u011flanan kaynaklar, yurt i\u00e7inden 3 (\u00fc\u00e7)\u00a0 g\u00fcn, yurt d\u0131\u015f\u0131ndan ise 15-20 (on be\u015f-yirmi)) g\u00fcn i\u00e7inde ILL Ofisi\u2019ne ula\u015f\u0131r. Bu s\u00fcre, \u00e7e\u015fitli d\u0131\u015f fakt\u00f6rlere ba\u011fl\u0131 olarak de\u011fi\u015febilir.<\/span><\/li>\n<li aria-level=\"1\"><span style=\"font-weight: 400;\">Sa\u011flanan kaynaklar\u0131n kullan\u0131m s\u00fcresi 15 (on be\u015f) g\u00fcnd\u00fcr.\u00a0<\/span><\/li>\n<li aria-level=\"1\"><span style=\"font-weight: 400;\">\u0130stek sahibinin, kayna\u011f\u0131n k\u00fct\u00fcphaneye ula\u015ft\u0131\u011f\u0131 bilgisini ald\u0131ktan sonra en ge\u00e7 3 (\u00fc\u00e7) ) g\u00fcn i\u00e7inde ILL Ofisi\u2019ne gidip imza kar\u015f\u0131l\u0131\u011f\u0131nda kayna\u011f\u0131 teslim almas\u0131 gerekmektedir. \u0130lgili kaynak \u00f6d\u00fcn\u00e7 alma s\u00fcresi i\u00e7inde teslim al\u0131nmazsa, iade s\u00fcreci ba\u015flat\u0131l\u0131r ve ayn\u0131 kaynak i\u00e7in tekrar istekte bulunulamaz.<\/span><\/li>\n<li aria-level=\"1\"><span style=\"font-weight: 400;\">\u0130stek sahibi, \u00f6d\u00fcn\u00e7 al\u0131nan kayna\u011f\u0131 telif hakk\u0131 yasalar\u0131na uygun \u015fekilde kullanmay\u0131 kabul eder.<\/span><\/li>\n<li aria-level=\"1\"><span style=\"font-weight: 400;\">\u00d6d\u00fcn\u00e7 al\u0131nan kayna\u011f\u0131n s\u00fcresini uzatmak i\u00e7in, iade tarihinden en az 5 (be\u015f)\u00a0 g\u00fcn \u00f6nce ILL k\u00fct\u00fcphanecisine bilgi verilmelidir. Uzatma s\u00fcresi ve say\u0131s\u0131, kayna\u011f\u0131n \u00f6d\u00fcn\u00e7 al\u0131nd\u0131\u011f\u0131 k\u00fct\u00fcphanenin ILL politikas\u0131na g\u00f6re de\u011fi\u015fir.<\/span><\/li>\n<li aria-level=\"1\"><span style=\"font-weight: 400;\">\u00d6d\u00fcn\u00e7 al\u0131nan kayna\u011f\u0131n kaybolmas\u0131, hasar g\u00f6rmesi veya ge\u00e7 iade edilmesi durumunda sorumluluk istekte bulunan ki\u015fiye aittir. Bu durumda, sa\u011flay\u0131c\u0131 k\u00fct\u00fcphanenin kurallar\u0131 ge\u00e7erlidir.<\/span><\/li>\n<li aria-level=\"1\"><span style=\"font-weight: 400;\">Sa\u011flay\u0131c\u0131 k\u00fct\u00fcphane, kayna\u011f\u0131 iade tarihinden \u00f6nce geri \u00e7a\u011f\u0131rma hakk\u0131n\u0131 sakl\u0131 tutar.<\/span><\/li>\n<\/ul>\n<\/div><\/div><\/div><div class=\"fusion-panel panel-default panel-0b9b4bc642a883758 fusion-toggle-no-divider fusion-toggle-boxed-mode\" style=\"--awb-title-color:#2276ac;--awb-content-color:#000000;\"><div class=\"panel-heading\"><h4 class=\"panel-title toggle\" id=\"toggle_0b9b4bc642a883758\"><a aria-expanded=\"false\" aria-controls=\"0b9b4bc642a883758\" role=\"button\" data-toggle=\"collapse\" data-parent=\"#accordion-11793-1\" data-target=\"#0b9b4bc642a883758\" href=\"#0b9b4bc642a883758\"><span class=\"fusion-toggle-icon-wrapper\" aria-hidden=\"true\"><i class=\"fa-fusion-box active-icon fa-angle-up fal\" aria-hidden=\"true\"><\/i><i class=\"fa-fusion-box inactive-icon fa-angle-down fal\" aria-hidden=\"true\"><\/i><\/span><span class=\"fusion-toggle-heading\">Di\u011fer K\u00fct\u00fcphanelerin Yararlanma Ko\u015fullar\u0131<\/span><\/a><\/h4><\/div><div id=\"0b9b4bc642a883758\" class=\"panel-collapse collapse \" aria-labelledby=\"toggle_0b9b4bc642a883758\"><div class=\"panel-body toggle-content fusion-clearfix\">\n<p><b>Yurt \u0130\u00e7i:<\/b><\/p>\n<ul>\n<li style=\"font-weight: 400;\" aria-level=\"1\"><span style=\"font-weight: 400;\">Bilkent \u00dcniversitesi K\u00fct\u00fcphanesi K\u00fct\u00fcphaneleraras\u0131 \u00d6d\u00fcn\u00e7 Verme ve Dok\u00fcman Sa\u011flama Hizmeti\u2019nden di\u011fer \u00fcniversitelerin akademik personeli, lisans\u00fcst\u00fc \u00f6\u011frencileri ve k\u00fct\u00fcphanesi bulunan resm\u00ee ve\/ya \u00f6zel kurumlar yararlanabilir.<\/span><\/li>\n<li style=\"font-weight: 400;\" aria-level=\"1\"><span style=\"font-weight: 400;\">Ankara d\u0131\u015f\u0131ndaki k\u00fct\u00fcphaneler, makale ve kitap isteklerini K\u00fct\u00fcphaneleraras\u0131 \u0130stek Takip Sistemi (KITS) veya T\u00fcrkiye Belge Sa\u011flama Sistemi (T\u00dcBESS) \u00fczerinden yapmal\u0131d\u0131r. Do\u011frudan telefon veya e-posta ile yap\u0131lan bireysel kullan\u0131c\u0131 istekleri kabul edilmez ve ilgili k\u00fct\u00fcphaneye y\u00f6nlendirilir.<\/span><\/li>\n<li style=\"font-weight: 400;\" aria-level=\"1\"><span style=\"font-weight: 400;\">Ankara i\u00e7indeki resm\u00ee ve \u00f6zel kurum \u00fcyeleri, isteklerini kurum k\u00fct\u00fcphanecisi arac\u0131l\u0131\u011f\u0131yla iletmelidir. Kaynak istekleri yaln\u0131zca posta yolu ile, al\u0131c\u0131 kurum ad\u0131na \u00f6demeli olarak g\u00f6nderilir.<\/span><\/li>\n<li style=\"font-weight: 400;\" aria-level=\"1\"><span style=\"font-weight: 400;\">Referans Koleksiyonu, Rezerv Koleksiyonu, Halil \u0130nalc\u0131k Koleksiyonu, \u00d6zel Koleksiyon, Hasan \u00c2li Y\u00fccel Koleksiyonu, Avrupa Birli\u011fi Bilgi Merkezi Koleksiyonu ve ABD Devlet Yay\u0131nlar\u0131 Matbaas\u0131 (GPO) Koleksiyonu\u2019ndaki materyaller ile easy kitaplar, haftal\u0131k kitaplar ve kitap d\u0131\u015f\u0131 materyaller \u00f6d\u00fcn\u00e7 verilmez.<\/span><\/li>\n<li style=\"font-weight: 400;\" aria-level=\"1\"><span style=\"font-weight: 400;\">Bir k\u00fct\u00fcphane tek seferde en fazla 5 (be\u015f) kitap\/makale iste\u011finde bulunabilir.<\/span><\/li>\n<li style=\"font-weight: 400;\" aria-level=\"1\"><span style=\"font-weight: 400;\">\u00d6d\u00fcn\u00e7 al\u0131nan kayna\u011f\u0131n kullan\u0131m s\u00fcresi 30 (otuz)\u00a0 g\u00fcnd\u00fcr.<\/span><\/li>\n<li style=\"font-weight: 400;\" aria-level=\"1\"><span style=\"font-weight: 400;\">\u00d6d\u00fcn\u00e7 al\u0131nan kayna\u011f\u0131n s\u00fcresi, \u00fczerinde rezerv (ay\u0131rtma) bulunmad\u0131\u011f\u0131 takdirde 1 (bir)\u00a0 kez uzat\u0131labilir.<\/span><\/li>\n<li style=\"font-weight: 400;\" aria-level=\"1\"><span style=\"font-weight: 400;\">ILL ile sa\u011flanan kayna\u011f\u0131n gecikme bedeli g\u00fcnl\u00fck 6 (alt\u0131)\u00a0 TL\u2019dir. \u00d6d\u00fcn\u00e7 verilen kayna\u011f\u0131n kaybolmas\u0131, hasar g\u00f6rmesi veya ge\u00e7 iade edilmesi halinde sorumluluk, kayna\u011f\u0131n \u00f6d\u00fcn\u00e7 verildi\u011fi k\u00fct\u00fcphanedeki yetkili ki\u015fiye aittir. Bu durumlarda Bilkent \u00dcniversitesi K\u00fct\u00fcphanesinin <\/span><span style=\"font-weight: 400;\">\u00d6d\u00fcn\u00e7 Verme Kurallar\u0131 <\/span><span style=\"font-weight: 400;\">ge\u00e7erlidir.<\/span><\/li>\n<li style=\"font-weight: 400;\" aria-level=\"1\"><span style=\"font-weight: 400;\">Bilkent \u00dcniversitesi K\u00fct\u00fcphanesi, kayna\u011f\u0131 iade tarihinden \u00f6nce geri \u00e7a\u011f\u0131rma hakk\u0131n\u0131 sakl\u0131 tutar.<\/span><\/li>\n<\/ul>\n<p><b>Yurt D\u0131\u015f\u0131:<\/b><\/p>\n<ul>\n<li style=\"font-weight: 400;\" aria-level=\"1\"><span style=\"font-weight: 400;\">\u0130stekler illlib@bilkent.edu.tr adresine e-posta ile iletilir.<\/span><\/li>\n<li style=\"font-weight: 400;\" aria-level=\"1\"><span style=\"font-weight: 400;\">Referans Koleksiyonu, Rezerv Koleksiyonu, Halil \u0130nac\u0131k Koleksiyonu, \u00d6zel Koleksiyon, Hasan \u00c2li Y\u00fccel Koleksiyonu, Avrupa Birli\u011fi Bilgi Merkezi Koleksiyonu ve ABD Devlet Yay\u0131nlar\u0131 Matbaas\u0131 (GPO) Koleksiyonu\u2019ndaki materyaller ile easy kitaplar, haftal\u0131k kitaplar ve kitap d\u0131\u015f\u0131 materyaller \u00f6d\u00fcn\u00e7 verilmez.<\/span><\/li>\n<li style=\"font-weight: 400;\" aria-level=\"1\"><span style=\"font-weight: 400;\">\u00d6d\u00fcn\u00e7 verilen kayna\u011f\u0131n kullan\u0131m s\u00fcresi 30 (otuz)\u00a0 g\u00fcnd\u00fcr.<\/span><\/li>\n<li style=\"font-weight: 400;\" aria-level=\"1\"><span style=\"font-weight: 400;\">Kitap ve makale iste\u011finde bulunan k\u00fct\u00fcphaneler, \u00f6demeyi \u201cIFLA \u00d6deme Kuponu\u201d (kitap i\u00e7in 4 [d\u00f6rt] kupon, makale i\u00e7in 3 [\u00fc\u00e7]\u00a0 kupon) ile yapmay\u0131 kabul ederler.<\/span><\/li>\n<li style=\"font-weight: 400;\" aria-level=\"1\"><span style=\"font-weight: 400;\">\u00d6d\u00fcn\u00e7 verilen kayna\u011f\u0131n kaybolmas\u0131, hasar g\u00f6rmesi veya ge\u00e7 iade edilmesi durumunda sorumluluk, kayna\u011f\u0131n \u00f6d\u00fcn\u00e7 verildi\u011fi k\u00fct\u00fcphanedeki yetkili ki\u015fiye aittir. Bu durumlarda Bilkent \u00dcniversitesi K\u00fct\u00fcphanesinin <\/span><span style=\"font-weight: 400;\">\u00d6d\u00fcn\u00e7 Verme Kurallar\u0131<\/span><span style=\"font-weight: 400;\"> ge\u00e7erlidir.<\/span><\/li>\n<\/ul>\n<\/div><\/div><\/div><\/div><\/div><div class=\"fusion-alignleft\"><a class=\"fusion-button button-flat fusion-button-default-size button-custom fusion-button-default button-1 fusion-button-span-no fusion-button-default-type\" style=\"--button_accent_color:#ffffff;--button_border_color:#ffffff;--button_accent_hover_color:#ffffff;--button_border_hover_color:rgba(255,255,255,0.9);--button-border-radius-top-left:10px;--button-border-radius-top-right:10px;--button-border-radius-bottom-right:10px;--button-border-radius-bottom-left:10px;--button_gradient_angle:50deg;--button_gradient_start:6%;--button_gradient_top_color:#1967d2;--button_gradient_bottom_color:#1967d2;--button_gradient_top_color_hover:#b70303;--button_gradient_bottom_color_hover:#b70303;--button_font_size:16px;--button_margin-top:40px;\" target=\"_blank\" rel=\"noopener noreferrer\" href=\"https:\/\/librarycatalog.bilkent.edu.tr\/client\/en_US\/default\/search\/patronlogin\/http:$002f$002flibrarycatalog.bilkent.edu.tr$002fclient$002fen_US$002fdefault$002frequests$003f\"><span class=\"fusion-button-text awb-button__text awb-button__text--default\">ILL \u0130stek Formu (Bilkent Mensuplar\u0131)<\/span><\/a><\/div><div class=\"fusion-alignleft\"><a class=\"fusion-button button-flat fusion-button-default-size button-custom fusion-button-default button-2 fusion-button-span-no fusion-button-default-type\" style=\"--button_accent_color:#ffffff;--button_border_color:#ffffff;--button_accent_hover_color:#ffffff;--button_border_hover_color:rgba(255,255,255,0.9);--button-border-radius-top-left:10px;--button-border-radius-top-right:10px;--button-border-radius-bottom-right:10px;--button-border-radius-bottom-left:10px;--button_gradient_angle:50deg;--button_gradient_start:6%;--button_gradient_top_color:#1967d2;--button_gradient_bottom_color:#1967d2;--button_gradient_top_color_hover:#b70303;--button_gradient_bottom_color_hover:#b70303;--button_font_size:16px;--button_margin-top:40px;\" target=\"_blank\" rel=\"noopener noreferrer\" href=\"https:\/\/library.bilkent.edu.tr\/tr\/dis-okuyucular\/\"><span class=\"fusion-button-text awb-button__text awb-button__text--default\">ILL \u0130stek Formu (D\u0131\u015f Kullan\u0131c\u0131lar)<\/span><\/a><\/div><div class=\"fusion-clearfix\"><\/div><\/div><\/div><\/div><\/div>\n","protected":false},"excerpt":{"rendered":"","protected":false},"author":3479,"featured_media":0,"parent":0,"menu_order":0,"comment_status":"closed","ping_status":"closed","template":"","meta":{"footnotes":""},"class_list":["post-11793","page","type-page","status-publish","hentry"],"yoast_head":"<!-- This site is optimized with the Yoast SEO plugin v27.3 - https:\/\/yoast.com\/product\/yoast-seo-wordpress\/ -->\n<title>K\u00fct\u00fcphaneleraras\u0131 \u00d6d\u00fcn\u00e7 Verme ve Dok\u00fcman Sa\u011flama - Bilkent \u00dcniversitesi K\u00fct\u00fcphanesi<\/title>\n<meta name=\"robots\" content=\"index, follow, max-snippet:-1, max-image-preview:large, max-video-preview:-1\" \/>\n<link rel=\"canonical\" href=\"https:\/\/library.bilkent.edu.tr\/tr\/kutuphanelerarasi-odunc-verme\/\" \/>\n<meta property=\"og:locale\" content=\"tr_TR\" \/>\n<meta property=\"og:type\" content=\"article\" \/>\n<meta property=\"og:title\" content=\"K\u00fct\u00fcphaneleraras\u0131 \u00d6d\u00fcn\u00e7 Verme ve Dok\u00fcman Sa\u011flama - Bilkent \u00dcniversitesi K\u00fct\u00fcphanesi\" \/>\n<meta property=\"og:url\" content=\"https:\/\/library.bilkent.edu.tr\/tr\/kutuphanelerarasi-odunc-verme\/\" \/>\n<meta property=\"og:site_name\" content=\"Bilkent \u00dcniversitesi K\u00fct\u00fcphanesi\" \/>\n<meta property=\"article:modified_time\" content=\"2025-08-01T07:52:20+00:00\" \/>\n<meta name=\"twitter:card\" content=\"summary_large_image\" \/>\n<meta name=\"twitter:label1\" content=\"Tahmini okuma s\u00fcresi\" \/>\n\t<meta name=\"twitter:data1\" content=\"11 dakika\" \/>\n<script type=\"application\/ld+json\" class=\"yoast-schema-graph\">{\"@context\":\"https:\\\/\\\/schema.org\",\"@graph\":[{\"@type\":\"WebPage\",\"@id\":\"https:\\\/\\\/library.bilkent.edu.tr\\\/tr\\\/kutuphanelerarasi-odunc-verme\\\/\",\"url\":\"https:\\\/\\\/library.bilkent.edu.tr\\\/tr\\\/kutuphanelerarasi-odunc-verme\\\/\",\"name\":\"K\u00fct\u00fcphaneleraras\u0131 \u00d6d\u00fcn\u00e7 Verme ve Dok\u00fcman Sa\u011flama - Bilkent \u00dcniversitesi K\u00fct\u00fcphanesi\",\"isPartOf\":{\"@id\":\"https:\\\/\\\/library.bilkent.edu.tr\\\/tr\\\/#website\"},\"datePublished\":\"2017-11-25T09:53:49+00:00\",\"dateModified\":\"2025-08-01T07:52:20+00:00\",\"breadcrumb\":{\"@id\":\"https:\\\/\\\/library.bilkent.edu.tr\\\/tr\\\/kutuphanelerarasi-odunc-verme\\\/#breadcrumb\"},\"inLanguage\":\"tr\",\"potentialAction\":[{\"@type\":\"ReadAction\",\"target\":[\"https:\\\/\\\/library.bilkent.edu.tr\\\/tr\\\/kutuphanelerarasi-odunc-verme\\\/\"]}]},{\"@type\":\"BreadcrumbList\",\"@id\":\"https:\\\/\\\/library.bilkent.edu.tr\\\/tr\\\/kutuphanelerarasi-odunc-verme\\\/#breadcrumb\",\"itemListElement\":[{\"@type\":\"ListItem\",\"position\":1,\"name\":\"Home\",\"item\":\"https:\\\/\\\/library.bilkent.edu.tr\\\/tr\\\/\"},{\"@type\":\"ListItem\",\"position\":2,\"name\":\"K\u00fct\u00fcphaneleraras\u0131 \u00d6d\u00fcn\u00e7 Verme ve Dok\u00fcman Sa\u011flama\"}]},{\"@type\":\"WebSite\",\"@id\":\"https:\\\/\\\/library.bilkent.edu.tr\\\/tr\\\/#website\",\"url\":\"https:\\\/\\\/library.bilkent.edu.tr\\\/tr\\\/\",\"name\":\"Bilkent \u00dcniversitesi K\u00fct\u00fcphanesi\",\"description\":\"\",\"publisher\":{\"@id\":\"https:\\\/\\\/library.bilkent.edu.tr\\\/tr\\\/#organization\"},\"potentialAction\":[{\"@type\":\"SearchAction\",\"target\":{\"@type\":\"EntryPoint\",\"urlTemplate\":\"https:\\\/\\\/library.bilkent.edu.tr\\\/tr\\\/?s={search_term_string}\"},\"query-input\":{\"@type\":\"PropertyValueSpecification\",\"valueRequired\":true,\"valueName\":\"search_term_string\"}}],\"inLanguage\":\"tr\"},{\"@type\":\"Organization\",\"@id\":\"https:\\\/\\\/library.bilkent.edu.tr\\\/tr\\\/#organization\",\"name\":\"Bilkent \u00dcniversitesi K\u00fct\u00fcphanesi\",\"url\":\"https:\\\/\\\/library.bilkent.edu.tr\\\/tr\\\/\",\"logo\":{\"@type\":\"ImageObject\",\"inLanguage\":\"tr\",\"@id\":\"https:\\\/\\\/library.bilkent.edu.tr\\\/tr\\\/#\\\/schema\\\/logo\\\/image\\\/\",\"url\":\"https:\\\/\\\/library.bilkent.edu.tr\\\/tr\\\/wp-content\\\/uploads\\\/2017\\\/12\\\/bilkent-tr-2.png\",\"contentUrl\":\"https:\\\/\\\/library.bilkent.edu.tr\\\/tr\\\/wp-content\\\/uploads\\\/2017\\\/12\\\/bilkent-tr-2.png\",\"width\":800,\"height\":172,\"caption\":\"Bilkent \u00dcniversitesi K\u00fct\u00fcphanesi\"},\"image\":{\"@id\":\"https:\\\/\\\/library.bilkent.edu.tr\\\/tr\\\/#\\\/schema\\\/logo\\\/image\\\/\"}}]}<\/script>\n<!-- \/ Yoast SEO plugin. -->","yoast_head_json":{"title":"K\u00fct\u00fcphaneleraras\u0131 \u00d6d\u00fcn\u00e7 Verme ve Dok\u00fcman Sa\u011flama - Bilkent \u00dcniversitesi K\u00fct\u00fcphanesi","robots":{"index":"index","follow":"follow","max-snippet":"max-snippet:-1","max-image-preview":"max-image-preview:large","max-video-preview":"max-video-preview:-1"},"canonical":"https:\/\/library.bilkent.edu.tr\/tr\/kutuphanelerarasi-odunc-verme\/","og_locale":"tr_TR","og_type":"article","og_title":"K\u00fct\u00fcphaneleraras\u0131 \u00d6d\u00fcn\u00e7 Verme ve Dok\u00fcman Sa\u011flama - Bilkent \u00dcniversitesi K\u00fct\u00fcphanesi","og_url":"https:\/\/library.bilkent.edu.tr\/tr\/kutuphanelerarasi-odunc-verme\/","og_site_name":"Bilkent \u00dcniversitesi K\u00fct\u00fcphanesi","article_modified_time":"2025-08-01T07:52:20+00:00","twitter_card":"summary_large_image","twitter_misc":{"Tahmini okuma s\u00fcresi":"11 dakika"},"schema":{"@context":"https:\/\/schema.org","@graph":[{"@type":"WebPage","@id":"https:\/\/library.bilkent.edu.tr\/tr\/kutuphanelerarasi-odunc-verme\/","url":"https:\/\/library.bilkent.edu.tr\/tr\/kutuphanelerarasi-odunc-verme\/","name":"K\u00fct\u00fcphaneleraras\u0131 \u00d6d\u00fcn\u00e7 Verme ve Dok\u00fcman Sa\u011flama - Bilkent \u00dcniversitesi K\u00fct\u00fcphanesi","isPartOf":{"@id":"https:\/\/library.bilkent.edu.tr\/tr\/#website"},"datePublished":"2017-11-25T09:53:49+00:00","dateModified":"2025-08-01T07:52:20+00:00","breadcrumb":{"@id":"https:\/\/library.bilkent.edu.tr\/tr\/kutuphanelerarasi-odunc-verme\/#breadcrumb"},"inLanguage":"tr","potentialAction":[{"@type":"ReadAction","target":["https:\/\/library.bilkent.edu.tr\/tr\/kutuphanelerarasi-odunc-verme\/"]}]},{"@type":"BreadcrumbList","@id":"https:\/\/library.bilkent.edu.tr\/tr\/kutuphanelerarasi-odunc-verme\/#breadcrumb","itemListElement":[{"@type":"ListItem","position":1,"name":"Home","item":"https:\/\/library.bilkent.edu.tr\/tr\/"},{"@type":"ListItem","position":2,"name":"K\u00fct\u00fcphaneleraras\u0131 \u00d6d\u00fcn\u00e7 Verme ve Dok\u00fcman Sa\u011flama"}]},{"@type":"WebSite","@id":"https:\/\/library.bilkent.edu.tr\/tr\/#website","url":"https:\/\/library.bilkent.edu.tr\/tr\/","name":"Bilkent \u00dcniversitesi K\u00fct\u00fcphanesi","description":"","publisher":{"@id":"https:\/\/library.bilkent.edu.tr\/tr\/#organization"},"potentialAction":[{"@type":"SearchAction","target":{"@type":"EntryPoint","urlTemplate":"https:\/\/library.bilkent.edu.tr\/tr\/?s={search_term_string}"},"query-input":{"@type":"PropertyValueSpecification","valueRequired":true,"valueName":"search_term_string"}}],"inLanguage":"tr"},{"@type":"Organization","@id":"https:\/\/library.bilkent.edu.tr\/tr\/#organization","name":"Bilkent \u00dcniversitesi K\u00fct\u00fcphanesi","url":"https:\/\/library.bilkent.edu.tr\/tr\/","logo":{"@type":"ImageObject","inLanguage":"tr","@id":"https:\/\/library.bilkent.edu.tr\/tr\/#\/schema\/logo\/image\/","url":"https:\/\/library.bilkent.edu.tr\/tr\/wp-content\/uploads\/2017\/12\/bilkent-tr-2.png","contentUrl":"https:\/\/library.bilkent.edu.tr\/tr\/wp-content\/uploads\/2017\/12\/bilkent-tr-2.png","width":800,"height":172,"caption":"Bilkent \u00dcniversitesi K\u00fct\u00fcphanesi"},"image":{"@id":"https:\/\/library.bilkent.edu.tr\/tr\/#\/schema\/logo\/image\/"}}]}},"_links":{"self":[{"href":"https:\/\/library.bilkent.edu.tr\/tr\/wp-json\/wp\/v2\/pages\/11793","targetHints":{"allow":["GET"]}}],"collection":[{"href":"https:\/\/library.bilkent.edu.tr\/tr\/wp-json\/wp\/v2\/pages"}],"about":[{"href":"https:\/\/library.bilkent.edu.tr\/tr\/wp-json\/wp\/v2\/types\/page"}],"author":[{"embeddable":true,"href":"https:\/\/library.bilkent.edu.tr\/tr\/wp-json\/wp\/v2\/users\/3479"}],"replies":[{"embeddable":true,"href":"https:\/\/library.bilkent.edu.tr\/tr\/wp-json\/wp\/v2\/comments?post=11793"}],"version-history":[{"count":30,"href":"https:\/\/library.bilkent.edu.tr\/tr\/wp-json\/wp\/v2\/pages\/11793\/revisions"}],"predecessor-version":[{"id":22324,"href":"https:\/\/library.bilkent.edu.tr\/tr\/wp-json\/wp\/v2\/pages\/11793\/revisions\/22324"}],"wp:attachment":[{"href":"https:\/\/library.bilkent.edu.tr\/tr\/wp-json\/wp\/v2\/media?parent=11793"}],"curies":[{"name":"wp","href":"https:\/\/api.w.org\/{rel}","templated":true}]}}