{"id":11792,"date":"2017-11-25T09:51:40","date_gmt":"2017-11-25T09:51:40","guid":{"rendered":"https:\/\/library.bilkent.edu.tr\/tr\/?page_id=11792"},"modified":"2024-11-27T09:58:02","modified_gmt":"2024-11-27T06:58:02","slug":"odunc-verme-hizmetleri","status":"publish","type":"page","link":"https:\/\/library.bilkent.edu.tr\/tr\/odunc-verme-hizmetleri\/","title":{"rendered":"\u00d6d\u00fcn\u00e7 Verme Hizmetleri"},"content":{"rendered":"<p><div class=\"fusion-fullwidth fullwidth-box fusion-builder-row-1 nonhundred-percent-fullwidth non-hundred-percent-height-scrolling\" style=\"--awb-border-radius-top-left:0px;--awb-border-radius-top-right:0px;--awb-border-radius-bottom-right:0px;--awb-border-radius-bottom-left:0px;--awb-flex-wrap:wrap;\" ><div class=\"fusion-builder-row fusion-row\"><div class=\"fusion-layout-column fusion_builder_column fusion-builder-column-0 fusion_builder_column_1_1 1_1 fusion-one-full fusion-column-first fusion-column-last\" style=\"--awb-bg-size:cover;\"><div class=\"fusion-column-wrapper fusion-flex-column-wrapper-legacy\"><div class=\"fusion-title title fusion-title-1 fusion-sep-none fusion-title-text fusion-title-size-six\" style=\"--awb-margin-top-small:0px;--awb-margin-right-small:0px;--awb-margin-bottom-small:20px;--awb-margin-left-small:0px;--awb-sep-color:#cccccc;\"><h6 class=\"fusion-title-heading title-heading-right fusion-responsive-typography-calculated\" style=\"margin:0;--fontSize:18;--minFontSize:18;line-height:1.5;\"><em><a style=\"color: #000;\" href=\"https:\/\/library.bilkent.edu.tr\/circulation-services\/\">English<\/a><\/em><\/h6><\/div><div class=\"fusion-title title fusion-title-2 fusion-title-text fusion-title-size-one\" style=\"--awb-text-color:#000000;--awb-margin-top-small:0px;--awb-margin-right-small:0px;--awb-margin-bottom-small:20px;--awb-margin-left-small:0px;--awb-font-size:30px;\"><h1 class=\"fusion-title-heading title-heading-left fusion-responsive-typography-calculated\" style=\"margin:0;font-size:1em;--fontSize:30;--minFontSize:30;line-height:1.5;\">\u00d6d\u00fcn\u00e7 Verme Hizmeti<\/h1><span class=\"awb-title-spacer\"><\/span><div class=\"title-sep-container\"><div class=\"title-sep sep-single sep-solid\" style=\"border-color:#e0dede;\"><\/div><\/div><\/div><div class=\"fusion-text fusion-text-1\"><p><span style=\"font-weight: 400;\">Bilkent \u00dcniversitesi K\u00fct\u00fcphanesi, kullan\u0131c\u0131lar\u0131na zengin bir kaynak koleksiyonu sunmakta ve bu kaynaklar\u0131 \u00f6d\u00fcn\u00e7 alma imkan\u0131 sa\u011flamaktad\u0131r. K\u00fct\u00fcphane, Bilkent \u00dcniversitesi \u00f6\u011frencileri, akademik ve idari personeli ile protokol kullan\u0131c\u0131lar\u0131 i\u00e7in \u00e7e\u015fitli \u00f6d\u00fcn\u00e7 verme hizmetleri sunmaktad\u0131r.\u00a0<\/span><\/p>\n<p><b>Nas\u0131l \u00d6d\u00fcn\u00e7 Al\u0131n\u0131r?<\/b><\/p>\n<p><span style=\"font-weight: 400;\">Hangi materyalleri \u00f6d\u00fcn\u00e7 alabilece\u011finizi k\u00fct\u00fcphane katalo\u011fundan g\u00f6rebilirsiniz. Bir\u00e7ok materyal k\u00fct\u00fcphanedeki a\u00e7\u0131k raflarda bulunabilir, ancak depo koleksiyonlar\u0131nda bulunan materyaller i\u00e7in \u00f6d\u00fcn\u00e7 verme bankosuna ba\u015fvurularak talep edilmesi gerekmektedir. \u00d6zel koleksiyon materyalleri ile ansiklopediler, s\u00f6zl\u00fckler gibi referans kaynaklar\u0131 ve rezerv kaynaklar \u00f6d\u00fcn\u00e7 verilmemektedir.\u00a0<\/span><\/p>\n<p><span style=\"font-weight: 400;\">Hangi kullan\u0131c\u0131 grubuna dahil oldu\u011funuzu \u00f6\u011frenmek ve \u00f6d\u00fcn\u00e7 alma haklar\u0131n\u0131z ile gecikme bedelleri hakk\u0131nda bilgi almak i\u00e7in l\u00fctfen <\/span><span style=\"font-weight: 400;\"><a href=\"https:\/\/library.bilkent.edu.tr\/tr\/kutuphane-kullanicilari\/\">t\u0131klay\u0131n\u0131z<\/a>.<\/span><\/p>\n<p><span style=\"font-weight: 400;\">Kullan\u0131c\u0131lar k\u00fct\u00fcphane hesaplar\u0131n\u0131 kullanarak, \u00f6d\u00fcn\u00e7 ald\u0131klar\u0131 materyallerin iade tarihlerini \u00e7evrimi\u00e7i olarak yenileyebilir veya kitap ay\u0131rtabilirler. K\u00fct\u00fcphane hesab\u0131n\u0131zla yapabilece\u011finiz i\u015flemleri ke\u015ffetmek i\u00e7in <\/span><span style=\"font-weight: 400;\"><a href=\"https:\/\/library.bilkent.edu.tr\/research-guides\/subjects\/guide.php?subject=libacc#tab-1\">t\u0131klay\u0131n\u0131z<\/a>.<\/span><\/p>\n<p><span style=\"font-weight: 400;\">K\u00fct\u00fcphane materyallerini \u00f6d\u00fcn\u00e7 almak i\u00e7in self-check cihaz\u0131n\u0131 kullanabilir veya \u00f6d\u00fcn\u00e7 verme bankosuna ba\u015fvurabilirsiniz.\u00a0<\/span><\/p>\n<p><b>\u00d6d\u00fcn\u00e7 verme bankosunda sunulan di\u011fer hizmetler:<\/b><\/p>\n<ul>\n<li style=\"font-weight: 400;\" aria-level=\"1\"><span style=\"font-weight: 400;\">\u0130ade i\u015flemleri<\/span><\/li>\n<li style=\"font-weight: 400;\" aria-level=\"1\"><span style=\"font-weight: 400;\">Rezerv kaynaklar\u0131n\u0131n kullan\u0131m\u0131<\/span><\/li>\n<li style=\"font-weight: 400;\" aria-level=\"1\"><span style=\"font-weight: 400;\">Satran\u00e7 setleri kullan\u0131m\u0131<\/span><\/li>\n<li style=\"font-weight: 400;\" aria-level=\"1\"><span style=\"font-weight: 400;\">A Blok grup \u00e7al\u0131\u015fma odalar\u0131n\u0131n kullan\u0131m\u0131<\/span><\/li>\n<li style=\"font-weight: 400;\" aria-level=\"1\"><span style=\"font-weight: 400;\">\u00d6n dan\u0131\u015fma hizmeti<\/span><\/li>\n<\/ul>\n<p><b>\u00d6d\u00fcn\u00e7 Verme Bankolar\u0131:<\/b><\/p>\n<p><span style=\"font-weight: 400;\">Merkez Kamp\u00fcs K\u00fct\u00fcphanesi, A blok, giri\u015f kat<br \/>\n<\/span><span style=\"font-weight: 400;\">Merkez Kamp\u00fcs K\u00fct\u00fcphanesi, B blok, 1.kat, Sanat Odas\u0131<br \/>\n<\/span><span style=\"font-weight: 400;\">Merkez Kamp\u00fcs K\u00fct\u00fcphanesi, B blok, 2.kat, Multimedya Odas\u0131<br \/>\n<\/span><span style=\"font-weight: 400;\">Do\u011fu Kamp\u00fcs K\u00fct\u00fcphanesi<\/span><\/p>\n<\/div><div class=\"fusion-clearfix\"><\/div><\/div><\/div><\/div><\/div><div class=\"fusion-fullwidth fullwidth-box fusion-builder-row-2 nonhundred-percent-fullwidth non-hundred-percent-height-scrolling\" style=\"--awb-border-radius-top-left:0px;--awb-border-radius-top-right:0px;--awb-border-radius-bottom-right:0px;--awb-border-radius-bottom-left:0px;--awb-flex-wrap:wrap;\" ><div class=\"fusion-builder-row fusion-row\"><div class=\"fusion-layout-column fusion_builder_column fusion-builder-column-1 fusion_builder_column_1_2 1_2 fusion-one-half fusion-column-first\" style=\"--awb-bg-size:cover;width:50%;width:calc(50% - ( ( 4% ) * 0.5 ) );margin-right: 4%;\"><div class=\"fusion-column-wrapper fusion-flex-column-wrapper-legacy\"><div class=\"fusion-image-element in-legacy-container\" style=\"--awb-aspect-ratio:3 \/ 2;--awb-caption-title-font-family:var(--h2_typography-font-family);--awb-caption-title-font-weight:var(--h2_typography-font-weight);--awb-caption-title-font-style:var(--h2_typography-font-style);--awb-caption-title-size:var(--h2_typography-font-size);--awb-caption-title-transform:var(--h2_typography-text-transform);--awb-caption-title-line-height:var(--h2_typography-line-height);--awb-caption-title-letter-spacing:var(--h2_typography-letter-spacing);\"><span class=\" fusion-imageframe imageframe-none imageframe-1 hover-type-none has-aspect-ratio\"><a class=\"fusion-no-lightbox\" href=\"https:\/\/library.bilkent.edu.tr\/tr\/wp-content\/uploads\/2024\/09\/genel.jpg\" target=\"_blank\" aria-label=\"Bilkent \u00dcniversitesi K\u00fct\u00fcphane Plan\u0131\" rel=\"noopener noreferrer\"><img decoding=\"async\" width=\"2533\" height=\"1452\" src=\"https:\/\/library.bilkent.edu.tr\/tr\/wp-content\/uploads\/2024\/09\/genel.jpg\" class=\"img-responsive wp-image-21547 img-with-aspect-ratio\" data-parent-fit=\"cover\" data-parent-container=\".fusion-image-element\" alt srcset=\"https:\/\/library.bilkent.edu.tr\/tr\/wp-content\/uploads\/2024\/09\/genel-200x115.jpg 200w, https:\/\/library.bilkent.edu.tr\/tr\/wp-content\/uploads\/2024\/09\/genel-400x229.jpg 400w, https:\/\/library.bilkent.edu.tr\/tr\/wp-content\/uploads\/2024\/09\/genel-600x344.jpg 600w, https:\/\/library.bilkent.edu.tr\/tr\/wp-content\/uploads\/2024\/09\/genel-800x459.jpg 800w, https:\/\/library.bilkent.edu.tr\/tr\/wp-content\/uploads\/2024\/09\/genel-1200x688.jpg 1200w, https:\/\/library.bilkent.edu.tr\/tr\/wp-content\/uploads\/2024\/09\/genel.jpg 2533w\" sizes=\"(max-width: 800px) 100vw, 800px\" \/><\/a><\/span><\/div><div class=\"fusion-clearfix\"><\/div><\/div><\/div><div class=\"fusion-layout-column fusion_builder_column fusion-builder-column-2 fusion_builder_column_1_2 1_2 fusion-one-half fusion-column-last\" style=\"--awb-bg-size:cover;width:50%;width:calc(50% - ( ( 4% ) * 0.5 ) );\"><div class=\"fusion-column-wrapper fusion-flex-column-wrapper-legacy\"><div class=\"fusion-image-element in-legacy-container\" style=\"--awb-aspect-ratio:3 \/ 2;--awb-caption-title-font-family:var(--h2_typography-font-family);--awb-caption-title-font-weight:var(--h2_typography-font-weight);--awb-caption-title-font-style:var(--h2_typography-font-style);--awb-caption-title-size:var(--h2_typography-font-size);--awb-caption-title-transform:var(--h2_typography-text-transform);--awb-caption-title-line-height:var(--h2_typography-line-height);--awb-caption-title-letter-spacing:var(--h2_typography-letter-spacing);\"><span class=\" fusion-imageframe imageframe-none imageframe-2 hover-type-none has-aspect-ratio\"><img decoding=\"async\" width=\"2560\" height=\"1707\" title=\"CirculationDesk_MainLib\" src=\"https:\/\/library.bilkent.edu.tr\/tr\/wp-content\/uploads\/2024\/09\/CirculationDesk_MainLib-scaled.jpg\" class=\"img-responsive wp-image-21303 img-with-aspect-ratio\" data-parent-fit=\"cover\" data-parent-container=\".fusion-image-element\" alt srcset=\"https:\/\/library.bilkent.edu.tr\/tr\/wp-content\/uploads\/2024\/09\/CirculationDesk_MainLib-200x133.jpg 200w, https:\/\/library.bilkent.edu.tr\/tr\/wp-content\/uploads\/2024\/09\/CirculationDesk_MainLib-400x267.jpg 400w, https:\/\/library.bilkent.edu.tr\/tr\/wp-content\/uploads\/2024\/09\/CirculationDesk_MainLib-600x400.jpg 600w, https:\/\/library.bilkent.edu.tr\/tr\/wp-content\/uploads\/2024\/09\/CirculationDesk_MainLib-800x533.jpg 800w, https:\/\/library.bilkent.edu.tr\/tr\/wp-content\/uploads\/2024\/09\/CirculationDesk_MainLib-1200x800.jpg 1200w, https:\/\/library.bilkent.edu.tr\/tr\/wp-content\/uploads\/2024\/09\/CirculationDesk_MainLib-scaled.jpg 2560w\" sizes=\"(max-width: 800px) 100vw, 800px\" \/><\/span><\/div><div class=\"fusion-clearfix\"><\/div><\/div><\/div><\/div><\/div><\/p>\n","protected":false},"excerpt":{"rendered":"","protected":false},"author":3479,"featured_media":0,"parent":0,"menu_order":0,"comment_status":"closed","ping_status":"closed","template":"","meta":{"footnotes":""},"class_list":["post-11792","page","type-page","status-publish","hentry"],"yoast_head":"<!-- This site is optimized with the Yoast SEO plugin v27.3 - https:\/\/yoast.com\/product\/yoast-seo-wordpress\/ -->\n<title>\u00d6d\u00fcn\u00e7 Verme Hizmetleri - Bilkent \u00dcniversitesi K\u00fct\u00fcphanesi<\/title>\n<meta name=\"robots\" content=\"index, follow, max-snippet:-1, max-image-preview:large, max-video-preview:-1\" \/>\n<link rel=\"canonical\" href=\"https:\/\/library.bilkent.edu.tr\/tr\/odunc-verme-hizmetleri\/\" \/>\n<meta property=\"og:locale\" content=\"tr_TR\" \/>\n<meta property=\"og:type\" content=\"article\" \/>\n<meta property=\"og:title\" content=\"\u00d6d\u00fcn\u00e7 Verme Hizmetleri - Bilkent \u00dcniversitesi K\u00fct\u00fcphanesi\" \/>\n<meta property=\"og:url\" content=\"https:\/\/library.bilkent.edu.tr\/tr\/odunc-verme-hizmetleri\/\" \/>\n<meta property=\"og:site_name\" content=\"Bilkent \u00dcniversitesi K\u00fct\u00fcphanesi\" \/>\n<meta property=\"article:modified_time\" content=\"2024-11-27T06:58:02+00:00\" \/>\n<meta name=\"twitter:card\" content=\"summary_large_image\" \/>\n<meta name=\"twitter:label1\" content=\"Tahmini okuma s\u00fcresi\" \/>\n\t<meta name=\"twitter:data1\" content=\"8 dakika\" \/>\n<script type=\"application\/ld+json\" class=\"yoast-schema-graph\">{\"@context\":\"https:\\\/\\\/schema.org\",\"@graph\":[{\"@type\":\"WebPage\",\"@id\":\"https:\\\/\\\/library.bilkent.edu.tr\\\/tr\\\/odunc-verme-hizmetleri\\\/\",\"url\":\"https:\\\/\\\/library.bilkent.edu.tr\\\/tr\\\/odunc-verme-hizmetleri\\\/\",\"name\":\"\u00d6d\u00fcn\u00e7 Verme Hizmetleri - Bilkent \u00dcniversitesi K\u00fct\u00fcphanesi\",\"isPartOf\":{\"@id\":\"https:\\\/\\\/library.bilkent.edu.tr\\\/tr\\\/#website\"},\"datePublished\":\"2017-11-25T09:51:40+00:00\",\"dateModified\":\"2024-11-27T06:58:02+00:00\",\"breadcrumb\":{\"@id\":\"https:\\\/\\\/library.bilkent.edu.tr\\\/tr\\\/odunc-verme-hizmetleri\\\/#breadcrumb\"},\"inLanguage\":\"tr\",\"potentialAction\":[{\"@type\":\"ReadAction\",\"target\":[\"https:\\\/\\\/library.bilkent.edu.tr\\\/tr\\\/odunc-verme-hizmetleri\\\/\"]}]},{\"@type\":\"BreadcrumbList\",\"@id\":\"https:\\\/\\\/library.bilkent.edu.tr\\\/tr\\\/odunc-verme-hizmetleri\\\/#breadcrumb\",\"itemListElement\":[{\"@type\":\"ListItem\",\"position\":1,\"name\":\"Home\",\"item\":\"https:\\\/\\\/library.bilkent.edu.tr\\\/tr\\\/\"},{\"@type\":\"ListItem\",\"position\":2,\"name\":\"\u00d6d\u00fcn\u00e7 Verme Hizmetleri\"}]},{\"@type\":\"WebSite\",\"@id\":\"https:\\\/\\\/library.bilkent.edu.tr\\\/tr\\\/#website\",\"url\":\"https:\\\/\\\/library.bilkent.edu.tr\\\/tr\\\/\",\"name\":\"Bilkent \u00dcniversitesi K\u00fct\u00fcphanesi\",\"description\":\"\",\"publisher\":{\"@id\":\"https:\\\/\\\/library.bilkent.edu.tr\\\/tr\\\/#organization\"},\"potentialAction\":[{\"@type\":\"SearchAction\",\"target\":{\"@type\":\"EntryPoint\",\"urlTemplate\":\"https:\\\/\\\/library.bilkent.edu.tr\\\/tr\\\/?s={search_term_string}\"},\"query-input\":{\"@type\":\"PropertyValueSpecification\",\"valueRequired\":true,\"valueName\":\"search_term_string\"}}],\"inLanguage\":\"tr\"},{\"@type\":\"Organization\",\"@id\":\"https:\\\/\\\/library.bilkent.edu.tr\\\/tr\\\/#organization\",\"name\":\"Bilkent \u00dcniversitesi K\u00fct\u00fcphanesi\",\"url\":\"https:\\\/\\\/library.bilkent.edu.tr\\\/tr\\\/\",\"logo\":{\"@type\":\"ImageObject\",\"inLanguage\":\"tr\",\"@id\":\"https:\\\/\\\/library.bilkent.edu.tr\\\/tr\\\/#\\\/schema\\\/logo\\\/image\\\/\",\"url\":\"https:\\\/\\\/library.bilkent.edu.tr\\\/tr\\\/wp-content\\\/uploads\\\/2017\\\/12\\\/bilkent-tr-2.png\",\"contentUrl\":\"https:\\\/\\\/library.bilkent.edu.tr\\\/tr\\\/wp-content\\\/uploads\\\/2017\\\/12\\\/bilkent-tr-2.png\",\"width\":800,\"height\":172,\"caption\":\"Bilkent \u00dcniversitesi K\u00fct\u00fcphanesi\"},\"image\":{\"@id\":\"https:\\\/\\\/library.bilkent.edu.tr\\\/tr\\\/#\\\/schema\\\/logo\\\/image\\\/\"}}]}<\/script>\n<!-- \/ Yoast SEO plugin. -->","yoast_head_json":{"title":"\u00d6d\u00fcn\u00e7 Verme Hizmetleri - Bilkent \u00dcniversitesi K\u00fct\u00fcphanesi","robots":{"index":"index","follow":"follow","max-snippet":"max-snippet:-1","max-image-preview":"max-image-preview:large","max-video-preview":"max-video-preview:-1"},"canonical":"https:\/\/library.bilkent.edu.tr\/tr\/odunc-verme-hizmetleri\/","og_locale":"tr_TR","og_type":"article","og_title":"\u00d6d\u00fcn\u00e7 Verme Hizmetleri - Bilkent \u00dcniversitesi K\u00fct\u00fcphanesi","og_url":"https:\/\/library.bilkent.edu.tr\/tr\/odunc-verme-hizmetleri\/","og_site_name":"Bilkent \u00dcniversitesi K\u00fct\u00fcphanesi","article_modified_time":"2024-11-27T06:58:02+00:00","twitter_card":"summary_large_image","twitter_misc":{"Tahmini okuma s\u00fcresi":"8 dakika"},"schema":{"@context":"https:\/\/schema.org","@graph":[{"@type":"WebPage","@id":"https:\/\/library.bilkent.edu.tr\/tr\/odunc-verme-hizmetleri\/","url":"https:\/\/library.bilkent.edu.tr\/tr\/odunc-verme-hizmetleri\/","name":"\u00d6d\u00fcn\u00e7 Verme Hizmetleri - Bilkent \u00dcniversitesi K\u00fct\u00fcphanesi","isPartOf":{"@id":"https:\/\/library.bilkent.edu.tr\/tr\/#website"},"datePublished":"2017-11-25T09:51:40+00:00","dateModified":"2024-11-27T06:58:02+00:00","breadcrumb":{"@id":"https:\/\/library.bilkent.edu.tr\/tr\/odunc-verme-hizmetleri\/#breadcrumb"},"inLanguage":"tr","potentialAction":[{"@type":"ReadAction","target":["https:\/\/library.bilkent.edu.tr\/tr\/odunc-verme-hizmetleri\/"]}]},{"@type":"BreadcrumbList","@id":"https:\/\/library.bilkent.edu.tr\/tr\/odunc-verme-hizmetleri\/#breadcrumb","itemListElement":[{"@type":"ListItem","position":1,"name":"Home","item":"https:\/\/library.bilkent.edu.tr\/tr\/"},{"@type":"ListItem","position":2,"name":"\u00d6d\u00fcn\u00e7 Verme Hizmetleri"}]},{"@type":"WebSite","@id":"https:\/\/library.bilkent.edu.tr\/tr\/#website","url":"https:\/\/library.bilkent.edu.tr\/tr\/","name":"Bilkent \u00dcniversitesi K\u00fct\u00fcphanesi","description":"","publisher":{"@id":"https:\/\/library.bilkent.edu.tr\/tr\/#organization"},"potentialAction":[{"@type":"SearchAction","target":{"@type":"EntryPoint","urlTemplate":"https:\/\/library.bilkent.edu.tr\/tr\/?s={search_term_string}"},"query-input":{"@type":"PropertyValueSpecification","valueRequired":true,"valueName":"search_term_string"}}],"inLanguage":"tr"},{"@type":"Organization","@id":"https:\/\/library.bilkent.edu.tr\/tr\/#organization","name":"Bilkent \u00dcniversitesi K\u00fct\u00fcphanesi","url":"https:\/\/library.bilkent.edu.tr\/tr\/","logo":{"@type":"ImageObject","inLanguage":"tr","@id":"https:\/\/library.bilkent.edu.tr\/tr\/#\/schema\/logo\/image\/","url":"https:\/\/library.bilkent.edu.tr\/tr\/wp-content\/uploads\/2017\/12\/bilkent-tr-2.png","contentUrl":"https:\/\/library.bilkent.edu.tr\/tr\/wp-content\/uploads\/2017\/12\/bilkent-tr-2.png","width":800,"height":172,"caption":"Bilkent \u00dcniversitesi K\u00fct\u00fcphanesi"},"image":{"@id":"https:\/\/library.bilkent.edu.tr\/tr\/#\/schema\/logo\/image\/"}}]}},"_links":{"self":[{"href":"https:\/\/library.bilkent.edu.tr\/tr\/wp-json\/wp\/v2\/pages\/11792","targetHints":{"allow":["GET"]}}],"collection":[{"href":"https:\/\/library.bilkent.edu.tr\/tr\/wp-json\/wp\/v2\/pages"}],"about":[{"href":"https:\/\/library.bilkent.edu.tr\/tr\/wp-json\/wp\/v2\/types\/page"}],"author":[{"embeddable":true,"href":"https:\/\/library.bilkent.edu.tr\/tr\/wp-json\/wp\/v2\/users\/3479"}],"replies":[{"embeddable":true,"href":"https:\/\/library.bilkent.edu.tr\/tr\/wp-json\/wp\/v2\/comments?post=11792"}],"version-history":[{"count":24,"href":"https:\/\/library.bilkent.edu.tr\/tr\/wp-json\/wp\/v2\/pages\/11792\/revisions"}],"predecessor-version":[{"id":21921,"href":"https:\/\/library.bilkent.edu.tr\/tr\/wp-json\/wp\/v2\/pages\/11792\/revisions\/21921"}],"wp:attachment":[{"href":"https:\/\/library.bilkent.edu.tr\/tr\/wp-json\/wp\/v2\/media?parent=11792"}],"curies":[{"name":"wp","href":"https:\/\/api.w.org\/{rel}","templated":true}]}}