{"id":11788,"date":"2017-11-25T09:38:39","date_gmt":"2017-11-25T09:38:39","guid":{"rendered":"https:\/\/library.bilkent.edu.tr\/tr\/?page_id=11788"},"modified":"2025-12-01T10:40:07","modified_gmt":"2025-12-01T07:40:07","slug":"kampus-disi-erisim","status":"publish","type":"page","link":"https:\/\/library.bilkent.edu.tr\/tr\/kampus-disi-erisim\/","title":{"rendered":"Kamp\u00fcs D\u0131\u015f\u0131 Eri\u015fim"},"content":{"rendered":"<p><div class=\"fusion-fullwidth fullwidth-box fusion-builder-row-1 nonhundred-percent-fullwidth non-hundred-percent-height-scrolling\" style=\"--awb-border-radius-top-left:0px;--awb-border-radius-top-right:0px;--awb-border-radius-bottom-right:0px;--awb-border-radius-bottom-left:0px;--awb-flex-wrap:wrap;\" ><div class=\"fusion-builder-row fusion-row\"><div class=\"fusion-layout-column fusion_builder_column fusion-builder-column-0 fusion_builder_column_1_1 1_1 fusion-one-full fusion-column-first fusion-column-last\" style=\"--awb-bg-size:cover;\"><div class=\"fusion-column-wrapper fusion-flex-column-wrapper-legacy\"><div class=\"fusion-title title fusion-title-1 fusion-sep-none fusion-title-text fusion-title-size-six\" style=\"--awb-margin-top-small:0px;--awb-margin-right-small:0px;--awb-margin-bottom-small:20px;--awb-margin-left-small:0px;--awb-sep-color:#cccccc;\"><h6 class=\"fusion-title-heading title-heading-right fusion-responsive-typography-calculated\" style=\"margin:0;--fontSize:18;--minFontSize:18;line-height:1.5;\"><em><a style=\"color: #000;\" href=\"https:\/\/library.bilkent.edu.tr\/off-campus-access\/\">English<\/a><\/em><\/h6><\/div><div class=\"fusion-text fusion-text-1\"><h2>Bilkent \u00dcniversitesi K\u00fct\u00fcphanesi Elektronik Kaynaklar\u0131na Kamp\u00fcs D\u0131\u015f\u0131ndan Eri\u015fim<\/h2>\n<p>\u0130hsan Do\u011framac\u0131 Bilkent \u00dcniversitesi mensuplar\u0131 k\u00fct\u00fcphanenin sunmu\u015f oldu\u011fu elektronik kaynaklara kamp\u00fcs d\u0131\u015f\u0131ndan da eri\u015fim sa\u011flayabilmektedirler. Yay\u0131nc\u0131lar ile yap\u0131lan\u00a0 lisans anla\u015fmalar\u0131 gere\u011fince Bilkent mezunlar\u0131 uzaktan eri\u015fim hizmetinden faydalanamamaktad\u0131r.<\/p>\n<\/div><div class=\"fusion-clearfix\"><\/div><\/div><\/div><\/div><\/div><div class=\"fusion-fullwidth fullwidth-box fusion-builder-row-2 fusion-flex-container nonhundred-percent-fullwidth non-hundred-percent-height-scrolling\" style=\"--awb-border-radius-top-left:0px;--awb-border-radius-top-right:0px;--awb-border-radius-bottom-right:0px;--awb-border-radius-bottom-left:0px;--awb-flex-wrap:wrap;\" ><div class=\"fusion-builder-row fusion-row fusion-flex-align-items-flex-start fusion-flex-content-wrap\" style=\"max-width:1560px;margin-left: calc(-4% \/ 2 );margin-right: calc(-4% \/ 2 );\"><div class=\"fusion-layout-column fusion_builder_column fusion-builder-column-1 fusion_builder_column_1_1 1_1 fusion-flex-column\" style=\"--awb-bg-size:cover;--awb-width-large:100%;--awb-margin-top-large:0px;--awb-spacing-right-large:1.92%;--awb-margin-bottom-large:20px;--awb-spacing-left-large:1.92%;--awb-width-medium:100%;--awb-order-medium:0;--awb-spacing-right-medium:1.92%;--awb-spacing-left-medium:1.92%;--awb-width-small:100%;--awb-order-small:0;--awb-spacing-right-small:1.92%;--awb-spacing-left-small:1.92%;\"><div class=\"fusion-column-wrapper fusion-column-has-shadow fusion-flex-justify-content-flex-start fusion-content-layout-column\"><div class=\"fusion-content-boxes content-boxes columns row fusion-columns-2 fusion-columns-total-2 fusion-content-boxes-1 content-boxes-icon-boxed content-left\" style=\"--awb-hover-accent-color:#000000;--awb-circle-hover-accent-color:#000000;\" data-animationOffset=\"top-into-view\"><div style=\"--awb-backgroundcolor:#f3f3f3;--awb-iconcolor:#ffffff;\" class=\"fusion-column content-box-column content-box-column content-box-column-1 col-lg-6 col-md-6 col-sm-6 fusion-content-box-hover content-box-column-first-in-row\"><div class=\"col content-box-wrapper content-wrapper-background content-wrapper-boxed link-area-box icon-hover-animation-fade\" data-animationOffset=\"top-into-view\"><div class=\"heading heading-with-icon icon-left\"><div class=\"icon\"><i style=\"border-color:#333333;border-width:0px;background-color:#000000;box-sizing:content-box;height:42px;width:42px;line-height:42px;top:-71px;margin-left:-21px;border-radius:50%;font-size:21px;\" aria-hidden=\"true\" class=\"fontawesome-icon fa-shield-check fal circle-yes\"><\/i><\/div><h2 class=\"content-box-heading fusion-responsive-typography-calculated\" style=\"--h2_typography-font-size:18px;--fontSize:18;line-height:1.5;\">VPN (Virtual Private Network)<\/h2><\/div><div class=\"fusion-clearfix\"><\/div><div class=\"content-container\">\n<p>\u0130hsan Do\u011framac\u0131 Bilkent \u00dcniversitesi mensuplar\u0131 VPN servisini kullanarak elektronik kaynaklara kamp\u00fcs d\u0131\u015f\u0131dan eri\u015fim sa\u011flayabilirler. VPN hesab\u0131 a\u00e7mak i\u00e7in ge\u00e7erli bir STARS\/BAIS kimlik bilgisine sahip olmak gerekmektedir.<\/p>\n<p>Yeni bir VPN hesab\u0131 a\u00e7mak ya da mevcut hesab\u0131n\u0131z\u0131 y\u00f6netmek i\u00e7in <a href=\"http:\/\/vpnregister.bilkent.edu.tr\/\">t\u0131klay\u0131n\u0131z<\/a>.<\/p>\n<p>VPN hizmeti ile ilgili daha fazla bilgi i\u00e7in <a href=\"http:\/\/web3.bilkent.edu.tr\/vpn\/\">t\u0131klay\u0131n\u0131z.<\/a><\/p>\n<\/div><\/div><\/div><div style=\"--awb-backgroundcolor:#f3f3f3;--awb-iconcolor:#ffffff;\" class=\"fusion-column content-box-column content-box-column content-box-column-2 col-lg-6 col-md-6 col-sm-6 fusion-content-box-hover content-box-column-last content-box-column-last-in-row\"><div class=\"col content-box-wrapper content-wrapper-background content-wrapper-boxed link-area-box icon-hover-animation-fade\" data-animationOffset=\"top-into-view\"><div class=\"heading heading-with-icon icon-left\"><div class=\"icon\"><i style=\"border-color:#333333;border-width:0px;background-color:#000000;box-sizing:content-box;height:42px;width:42px;line-height:42px;top:-71px;margin-left:-21px;border-radius:50%;font-size:21px;\" aria-hidden=\"true\" class=\"fontawesome-icon fa-user-shield fal circle-yes\"><\/i><\/div><h2 class=\"content-box-heading fusion-responsive-typography-calculated\" style=\"--h2_typography-font-size:18px;--fontSize:18;line-height:1.5;\">SSO (Single Sign On)<\/h2><\/div><div class=\"fusion-clearfix\"><\/div><div class=\"content-container\">\n<p>Abonesi oldu\u011fumuz ve a\u015fa\u011f\u0131da bilgisi bulunan veritabanlar\u0131na Tek Oturum A\u00e7ma (Single sign-on) y\u00f6ntemi ile kurumsal kimlik do\u011frulamas\u0131 yaparak VPN\u2019siz eri\u015fim m\u00fcmk\u00fcnd\u00fcr. Eri\u015fim i\u00e7in l\u00fctfen &#8220;Kurumsal Giri\u015f&#8221; se\u00e7ene\u011fini takip ederek tan\u0131ml\u0131 kurumlar aras\u0131ndan \u00fcniversitemizi se\u00e7tikten sonra <strong>BAIS \/ STARS kullan\u0131c\u0131 bilgileriniz<\/strong> ile giri\u015f yap\u0131n\u0131z.<\/p>\n<p><a href=\"https:\/\/dl.acm.org\/\" target=\"_blank\" rel=\"noopener\">ACM (Association for Computing Machinery) Digital Library<\/a><br \/>\n<a href=\"http:\/\/pubs.acs.org\/wls\/journals\/query\/subscriberSearch.html\" target=\"_blank\" rel=\"noopener\">ACS (American Chemical Society) Publications<\/a><br \/>\n<a href=\"http:\/\/scitation.aip.org\/\" target=\"_blank\" rel=\"noopener\">American Institute of Physics (AIP)<\/a><br \/>\n<a href=\"http:\/\/arjournals.annualreviews.org\/?cookieSet=1\" target=\"_blank\" rel=\"noopener\">Annual Reviews<\/a><br \/>\n<a href=\"http:\/\/asmedigitalcollection.asme.org\/index.aspx\" target=\"_blank\" rel=\"noopener\">ASME Digital Collection ( American Society of Mechanical Engineers)<\/a><br \/>\n<a href=\"http:\/\/search.ebscohost.com\/login.aspx?authtype=ip,uid&amp;profile=ehost\">EBSCOhost Veritabanlar\u0131<\/a><br \/>\n<a href=\"http:\/\/www.sciencedirect.com\/\">Elsevier E-Books <\/a><br \/>\n<a class=\"no-decoration default \" href=\"https:\/\/www.emerald.com\/insight\" target=\"_blank\" rel=\"noopener\" data-favorite-link-rand-id=\"1652334395189134494\">Emerald E-Book \/ E-Journal<\/a><br \/>\n<a href=\"https:\/\/www.cambridge.org\/core\/\" target=\"_blank\" rel=\"noopener\">Cambridge Core<\/a><br \/>\n<a href=\"https:\/\/sso.grammarly.com\/saml\/login?ssoId=335e241f-1e82-445e-8959-9f7e5f34a6f5\">Grammarly<\/a><br \/>\n<a href=\"https:\/\/iopscience.iop.org\/\">IOP (Institute of Physics) Electronic Journals<\/a><br \/>\n<a href=\"http:\/\/www.jstor.org\/\" target=\"_blank\" rel=\"noopener\">JSTOR<\/a><br \/>\n<a href=\"https:\/\/www.mendeley.com\/\">Mendeley<\/a><br \/>\n<a href=\"https:\/\/www.nature.com\/siteindex\">Nature Publishing Group <\/a><br \/>\n<a href=\"https:\/\/academic.oup.com\/journals\" target=\"_blank\" rel=\"noopener\">Oxford University Press Journals Online<\/a><br \/>\n<a href=\"https:\/\/www.proquest.com\/\" target=\"_blank\" rel=\"noopener\">ProQuest Databases<\/a><br \/>\n<a class=\"v1no-decoration v1default\" href=\"http:\/\/online.sagepub.com\/\" target=\"_blank\" rel=\"noopener noreferrer\">SAGE Journals Online<\/a><br \/>\n<a href=\"http:\/\/www.sciencedirect.com\/\">ScienceDirect<\/a><br \/>\n<a href=\"http:\/\/www.scopus.com\/home.url\">Scopus<\/a><br \/>\n<a href=\"http:\/\/link.springer.com\/\">SpringerLink<\/a><br \/>\n<a href=\"https:\/\/shibboleth.statista.com\/Shibboleth.sso\/Login?entityID=https%3A%2F%2Fidp.bilkent.edu.tr%2Fsimplesaml%2Fsaml2%2Fidp%2Fmetadata.php&amp;target=https%3A%2F%2Fshibboleth.statista.com%2Findex.php%3Fidp%3DaHR0cHM6Ly9pZHAuYmlsa2VudC5lZHUudHIvc2ltcGxlc2FtbC9zYW1sMi9pZHAvbWV0YWRhdGEucGhw\" target=\"_blank\" rel=\"noopener\">Statista<\/a><br \/>\n<a href=\"http:\/\/www.tandfonline.com\/\">Taylor &amp; Francis Online Journals<\/a><br \/>\n<a href=\"https:\/\/www.webofscience.com\/wos\/alldb\/basic-search\">Web of Science<\/a><br \/>\n<a class=\"no-decoration default \" href=\"http:\/\/www3.interscience.wiley.com\/journalfinder.html\" target=\"_blank\" rel=\"noopener\" data-favorite-link-rand-id=\"16545932341941707861\">Wiley Online Library<\/a><\/p>\n<\/div><\/div><\/div><div class=\"fusion-clearfix\"><\/div><\/div><\/div><\/div><\/div><\/div><\/p>\n","protected":false},"excerpt":{"rendered":"","protected":false},"author":3479,"featured_media":0,"parent":0,"menu_order":0,"comment_status":"closed","ping_status":"closed","template":"","meta":{"footnotes":""},"class_list":["post-11788","page","type-page","status-publish","hentry"],"yoast_head":"<!-- This site is optimized with the Yoast SEO plugin v27.3 - https:\/\/yoast.com\/product\/yoast-seo-wordpress\/ -->\n<title>Kamp\u00fcs D\u0131\u015f\u0131 Eri\u015fim - Bilkent \u00dcniversitesi K\u00fct\u00fcphanesi<\/title>\n<meta name=\"robots\" content=\"index, follow, max-snippet:-1, max-image-preview:large, max-video-preview:-1\" \/>\n<link rel=\"canonical\" href=\"https:\/\/library.bilkent.edu.tr\/tr\/kampus-disi-erisim\/\" \/>\n<meta property=\"og:locale\" content=\"tr_TR\" \/>\n<meta property=\"og:type\" content=\"article\" \/>\n<meta property=\"og:title\" content=\"Kamp\u00fcs D\u0131\u015f\u0131 Eri\u015fim - Bilkent \u00dcniversitesi K\u00fct\u00fcphanesi\" \/>\n<meta property=\"og:url\" content=\"https:\/\/library.bilkent.edu.tr\/tr\/kampus-disi-erisim\/\" \/>\n<meta property=\"og:site_name\" content=\"Bilkent \u00dcniversitesi K\u00fct\u00fcphanesi\" \/>\n<meta property=\"article:modified_time\" content=\"2025-12-01T07:40:07+00:00\" \/>\n<meta name=\"twitter:card\" content=\"summary_large_image\" \/>\n<meta name=\"twitter:label1\" content=\"Tahmini okuma s\u00fcresi\" \/>\n\t<meta name=\"twitter:data1\" content=\"8 dakika\" \/>\n<script type=\"application\/ld+json\" class=\"yoast-schema-graph\">{\"@context\":\"https:\\\/\\\/schema.org\",\"@graph\":[{\"@type\":\"WebPage\",\"@id\":\"https:\\\/\\\/library.bilkent.edu.tr\\\/tr\\\/kampus-disi-erisim\\\/\",\"url\":\"https:\\\/\\\/library.bilkent.edu.tr\\\/tr\\\/kampus-disi-erisim\\\/\",\"name\":\"Kamp\u00fcs D\u0131\u015f\u0131 Eri\u015fim - Bilkent \u00dcniversitesi K\u00fct\u00fcphanesi\",\"isPartOf\":{\"@id\":\"https:\\\/\\\/library.bilkent.edu.tr\\\/tr\\\/#website\"},\"datePublished\":\"2017-11-25T09:38:39+00:00\",\"dateModified\":\"2025-12-01T07:40:07+00:00\",\"breadcrumb\":{\"@id\":\"https:\\\/\\\/library.bilkent.edu.tr\\\/tr\\\/kampus-disi-erisim\\\/#breadcrumb\"},\"inLanguage\":\"tr\",\"potentialAction\":[{\"@type\":\"ReadAction\",\"target\":[\"https:\\\/\\\/library.bilkent.edu.tr\\\/tr\\\/kampus-disi-erisim\\\/\"]}]},{\"@type\":\"BreadcrumbList\",\"@id\":\"https:\\\/\\\/library.bilkent.edu.tr\\\/tr\\\/kampus-disi-erisim\\\/#breadcrumb\",\"itemListElement\":[{\"@type\":\"ListItem\",\"position\":1,\"name\":\"Home\",\"item\":\"https:\\\/\\\/library.bilkent.edu.tr\\\/tr\\\/\"},{\"@type\":\"ListItem\",\"position\":2,\"name\":\"Kamp\u00fcs D\u0131\u015f\u0131 Eri\u015fim\"}]},{\"@type\":\"WebSite\",\"@id\":\"https:\\\/\\\/library.bilkent.edu.tr\\\/tr\\\/#website\",\"url\":\"https:\\\/\\\/library.bilkent.edu.tr\\\/tr\\\/\",\"name\":\"Bilkent \u00dcniversitesi K\u00fct\u00fcphanesi\",\"description\":\"\",\"publisher\":{\"@id\":\"https:\\\/\\\/library.bilkent.edu.tr\\\/tr\\\/#organization\"},\"potentialAction\":[{\"@type\":\"SearchAction\",\"target\":{\"@type\":\"EntryPoint\",\"urlTemplate\":\"https:\\\/\\\/library.bilkent.edu.tr\\\/tr\\\/?s={search_term_string}\"},\"query-input\":{\"@type\":\"PropertyValueSpecification\",\"valueRequired\":true,\"valueName\":\"search_term_string\"}}],\"inLanguage\":\"tr\"},{\"@type\":\"Organization\",\"@id\":\"https:\\\/\\\/library.bilkent.edu.tr\\\/tr\\\/#organization\",\"name\":\"Bilkent \u00dcniversitesi K\u00fct\u00fcphanesi\",\"url\":\"https:\\\/\\\/library.bilkent.edu.tr\\\/tr\\\/\",\"logo\":{\"@type\":\"ImageObject\",\"inLanguage\":\"tr\",\"@id\":\"https:\\\/\\\/library.bilkent.edu.tr\\\/tr\\\/#\\\/schema\\\/logo\\\/image\\\/\",\"url\":\"https:\\\/\\\/library.bilkent.edu.tr\\\/tr\\\/wp-content\\\/uploads\\\/2017\\\/12\\\/bilkent-tr-2.png\",\"contentUrl\":\"https:\\\/\\\/library.bilkent.edu.tr\\\/tr\\\/wp-content\\\/uploads\\\/2017\\\/12\\\/bilkent-tr-2.png\",\"width\":800,\"height\":172,\"caption\":\"Bilkent \u00dcniversitesi K\u00fct\u00fcphanesi\"},\"image\":{\"@id\":\"https:\\\/\\\/library.bilkent.edu.tr\\\/tr\\\/#\\\/schema\\\/logo\\\/image\\\/\"}}]}<\/script>\n<!-- \/ Yoast SEO plugin. -->","yoast_head_json":{"title":"Kamp\u00fcs D\u0131\u015f\u0131 Eri\u015fim - Bilkent \u00dcniversitesi K\u00fct\u00fcphanesi","robots":{"index":"index","follow":"follow","max-snippet":"max-snippet:-1","max-image-preview":"max-image-preview:large","max-video-preview":"max-video-preview:-1"},"canonical":"https:\/\/library.bilkent.edu.tr\/tr\/kampus-disi-erisim\/","og_locale":"tr_TR","og_type":"article","og_title":"Kamp\u00fcs D\u0131\u015f\u0131 Eri\u015fim - Bilkent \u00dcniversitesi K\u00fct\u00fcphanesi","og_url":"https:\/\/library.bilkent.edu.tr\/tr\/kampus-disi-erisim\/","og_site_name":"Bilkent \u00dcniversitesi K\u00fct\u00fcphanesi","article_modified_time":"2025-12-01T07:40:07+00:00","twitter_card":"summary_large_image","twitter_misc":{"Tahmini okuma s\u00fcresi":"8 dakika"},"schema":{"@context":"https:\/\/schema.org","@graph":[{"@type":"WebPage","@id":"https:\/\/library.bilkent.edu.tr\/tr\/kampus-disi-erisim\/","url":"https:\/\/library.bilkent.edu.tr\/tr\/kampus-disi-erisim\/","name":"Kamp\u00fcs D\u0131\u015f\u0131 Eri\u015fim - Bilkent \u00dcniversitesi K\u00fct\u00fcphanesi","isPartOf":{"@id":"https:\/\/library.bilkent.edu.tr\/tr\/#website"},"datePublished":"2017-11-25T09:38:39+00:00","dateModified":"2025-12-01T07:40:07+00:00","breadcrumb":{"@id":"https:\/\/library.bilkent.edu.tr\/tr\/kampus-disi-erisim\/#breadcrumb"},"inLanguage":"tr","potentialAction":[{"@type":"ReadAction","target":["https:\/\/library.bilkent.edu.tr\/tr\/kampus-disi-erisim\/"]}]},{"@type":"BreadcrumbList","@id":"https:\/\/library.bilkent.edu.tr\/tr\/kampus-disi-erisim\/#breadcrumb","itemListElement":[{"@type":"ListItem","position":1,"name":"Home","item":"https:\/\/library.bilkent.edu.tr\/tr\/"},{"@type":"ListItem","position":2,"name":"Kamp\u00fcs D\u0131\u015f\u0131 Eri\u015fim"}]},{"@type":"WebSite","@id":"https:\/\/library.bilkent.edu.tr\/tr\/#website","url":"https:\/\/library.bilkent.edu.tr\/tr\/","name":"Bilkent \u00dcniversitesi K\u00fct\u00fcphanesi","description":"","publisher":{"@id":"https:\/\/library.bilkent.edu.tr\/tr\/#organization"},"potentialAction":[{"@type":"SearchAction","target":{"@type":"EntryPoint","urlTemplate":"https:\/\/library.bilkent.edu.tr\/tr\/?s={search_term_string}"},"query-input":{"@type":"PropertyValueSpecification","valueRequired":true,"valueName":"search_term_string"}}],"inLanguage":"tr"},{"@type":"Organization","@id":"https:\/\/library.bilkent.edu.tr\/tr\/#organization","name":"Bilkent \u00dcniversitesi K\u00fct\u00fcphanesi","url":"https:\/\/library.bilkent.edu.tr\/tr\/","logo":{"@type":"ImageObject","inLanguage":"tr","@id":"https:\/\/library.bilkent.edu.tr\/tr\/#\/schema\/logo\/image\/","url":"https:\/\/library.bilkent.edu.tr\/tr\/wp-content\/uploads\/2017\/12\/bilkent-tr-2.png","contentUrl":"https:\/\/library.bilkent.edu.tr\/tr\/wp-content\/uploads\/2017\/12\/bilkent-tr-2.png","width":800,"height":172,"caption":"Bilkent \u00dcniversitesi K\u00fct\u00fcphanesi"},"image":{"@id":"https:\/\/library.bilkent.edu.tr\/tr\/#\/schema\/logo\/image\/"}}]}},"_links":{"self":[{"href":"https:\/\/library.bilkent.edu.tr\/tr\/wp-json\/wp\/v2\/pages\/11788","targetHints":{"allow":["GET"]}}],"collection":[{"href":"https:\/\/library.bilkent.edu.tr\/tr\/wp-json\/wp\/v2\/pages"}],"about":[{"href":"https:\/\/library.bilkent.edu.tr\/tr\/wp-json\/wp\/v2\/types\/page"}],"author":[{"embeddable":true,"href":"https:\/\/library.bilkent.edu.tr\/tr\/wp-json\/wp\/v2\/users\/3479"}],"replies":[{"embeddable":true,"href":"https:\/\/library.bilkent.edu.tr\/tr\/wp-json\/wp\/v2\/comments?post=11788"}],"version-history":[{"count":50,"href":"https:\/\/library.bilkent.edu.tr\/tr\/wp-json\/wp\/v2\/pages\/11788\/revisions"}],"predecessor-version":[{"id":22424,"href":"https:\/\/library.bilkent.edu.tr\/tr\/wp-json\/wp\/v2\/pages\/11788\/revisions\/22424"}],"wp:attachment":[{"href":"https:\/\/library.bilkent.edu.tr\/tr\/wp-json\/wp\/v2\/media?parent=11788"}],"curies":[{"name":"wp","href":"https:\/\/api.w.org\/{rel}","templated":true}]}}