{"id":11701,"date":"2017-11-24T22:53:06","date_gmt":"2017-11-24T22:53:06","guid":{"rendered":"https:\/\/library.bilkent.edu.tr\/tr\/?page_id=11701"},"modified":"2025-04-14T14:26:48","modified_gmt":"2025-04-14T11:26:48","slug":"abd-gpo-koleksiyonu","status":"publish","type":"page","link":"https:\/\/library.bilkent.edu.tr\/tr\/abd-gpo-koleksiyonu\/","title":{"rendered":"ABD GPO Koleksiyonu"},"content":{"rendered":"<div class=\"fusion-fullwidth fullwidth-box fusion-builder-row-1 hundred-percent-fullwidth non-hundred-percent-height-scrolling\" style=\"--awb-border-radius-top-left:0px;--awb-border-radius-top-right:0px;--awb-border-radius-bottom-right:0px;--awb-border-radius-bottom-left:0px;--awb-flex-wrap:wrap;\" ><div class=\"fusion-builder-row fusion-row\"><div class=\"fusion-layout-column fusion_builder_column fusion-builder-column-0 fusion_builder_column_1_1 1_1 fusion-one-full fusion-column-first fusion-column-last fusion-column-no-min-height\" style=\"--awb-bg-size:cover;--awb-margin-bottom:0px;\"><div class=\"fusion-column-wrapper fusion-flex-column-wrapper-legacy\"><div class=\"fusion-title title fusion-title-1 fusion-sep-none fusion-title-text fusion-title-size-six\" style=\"--awb-margin-top-small:0px;--awb-margin-right-small:0px;--awb-margin-bottom-small:20px;--awb-margin-left-small:0px;--awb-sep-color:#cccccc;\"><h6 class=\"fusion-title-heading title-heading-right fusion-responsive-typography-calculated\" style=\"margin:0;--fontSize:18;--minFontSize:18;line-height:1.5;\"><em><a style=\"color: #000;\" href=\"https:\/\/library.bilkent.edu.tr\/usa-government-printing-office-collection\/\">English<\/a><\/em><\/h6><\/div><div class=\"fusion-title title fusion-title-2 fusion-title-text fusion-title-size-one\" style=\"--awb-text-color:#000000;--awb-margin-top-small:0px;--awb-margin-right-small:0px;--awb-margin-bottom-small:20px;--awb-margin-left-small:0px;--awb-font-size:30px;\"><h1 class=\"fusion-title-heading title-heading-left fusion-responsive-typography-calculated\" style=\"margin:0;font-size:1em;--fontSize:30;--minFontSize:30;line-height:1.5;\"><h3>ABD GPO Koleksiyonu<\/h3><\/h1><span class=\"awb-title-spacer\"><\/span><div class=\"title-sep-container\"><div class=\"title-sep sep-single sep-solid\" style=\"border-color:#e0dede;\"><\/div><\/div><\/div><div class=\"fusion-text fusion-text-1\"><p><span style=\"font-weight: 400;\">ABD GPO Koleksiyonu 1993 y\u0131l\u0131nda kullan\u0131ma a\u00e7\u0131lm\u0131\u015ft\u0131r. Koleksiyon, USA Government Publishing Office taraf\u0131ndan yay\u0131mlanan materyallerden olu\u015fan derleme bir koleksiyondur. Koleksiyon; e\u011fitim, sa\u011fl\u0131k, tar\u0131m, ticaret, ekonomi, maliye, enerji, end\u00fcstri, ula\u015f\u0131m, k\u00fct\u00fcphanecilik ve \u00e7e\u015fitli konularda haz\u0131rlanm\u0131\u015f istatistikleri i\u00e7eren, \u00e7o\u011fu mikrofi\u015f format\u0131nda, Amerikan bilgi ve belgelerinden olu\u015fmaktad\u0131r. Koleksiyonda ayr\u0131ca NASA ve EPA\u2019ya ait teknik raporlar, Amerika Savunma ve Adalet B\u00f6l\u00fcmleri ve Kongreye ait rapor ve dok\u00fcmanlar da yer almaktad\u0131r. Koleksiyonda yer alan materyaller, b\u00f6l\u00fcm i\u00e7erisinde, hafta i\u00e7i 08:30 \u2013 17:00 saatleri aras\u0131nda, k\u00fct\u00fcphanenin ilgili personeli rehberli\u011finde hizmete sunulmaktad\u0131r. Koleksiyonda yer alan materyallerin kullan\u0131m\u0131 <\/span><a href=\"https:\/\/library.bilkent.edu.tr\/rules\/#9baa1e36a4818e350\"><span style=\"font-weight: 400;\">\u00f6zel kurallara<\/span><\/a><span style=\"font-weight: 400;\"> ba\u011fl\u0131d\u0131r.<\/span><\/p>\n<p><span style=\"font-weight: 400;\">USA GPO taraf\u0131ndan yay\u0131nlanan mikrofi\u015flerin \u00e7o\u011funa elektronik olarak da eri\u015filebilmektedir: <\/span><a href=\"http:\/\/www.gpo.gov\/fdsys\/\"><span style=\"font-weight: 400;\">http:\/\/www.gpo.gov\/fdsys\/<\/span><\/a><\/p>\n<p><span style=\"font-weight: 400;\">Ayr\u0131nt\u0131l\u0131 bilgi almak i\u00e7in <\/span><span style=\"font-weight: 400;\">\u00f6d\u00fcn\u00e7 verme bankosuna ba\u015fvurabilir ya da bizimle <\/span><a href=\"https:\/\/library.bilkent.edu.tr\/tr\/iletisim\/\"><span style=\"font-weight: 400;\">ileti\u015fime <\/span><\/a><span style=\"font-weight: 400;\">ge\u00e7ebilirsiniz.\u00a0<\/span><\/p>\n<\/div><div class=\"fusion-clearfix\"><\/div><\/div><\/div><\/div><\/div>\n","protected":false},"excerpt":{"rendered":"","protected":false},"author":3479,"featured_media":0,"parent":0,"menu_order":0,"comment_status":"closed","ping_status":"closed","template":"","meta":{"footnotes":""},"class_list":["post-11701","page","type-page","status-publish","hentry"],"yoast_head":"<!-- This site is optimized with the Yoast SEO plugin v27.1.1 - https:\/\/yoast.com\/product\/yoast-seo-wordpress\/ -->\n<title>ABD GPO Koleksiyonu - Bilkent \u00dcniversitesi K\u00fct\u00fcphanesi<\/title>\n<meta name=\"robots\" content=\"index, follow, max-snippet:-1, max-image-preview:large, max-video-preview:-1\" \/>\n<link rel=\"canonical\" href=\"https:\/\/library.bilkent.edu.tr\/tr\/abd-gpo-koleksiyonu\/\" \/>\n<meta property=\"og:locale\" content=\"tr_TR\" \/>\n<meta property=\"og:type\" content=\"article\" \/>\n<meta property=\"og:title\" content=\"ABD GPO Koleksiyonu - Bilkent \u00dcniversitesi K\u00fct\u00fcphanesi\" \/>\n<meta property=\"og:url\" content=\"https:\/\/library.bilkent.edu.tr\/tr\/abd-gpo-koleksiyonu\/\" \/>\n<meta property=\"og:site_name\" content=\"Bilkent \u00dcniversitesi K\u00fct\u00fcphanesi\" \/>\n<meta property=\"article:modified_time\" content=\"2025-04-14T11:26:48+00:00\" \/>\n<meta name=\"twitter:card\" content=\"summary_large_image\" \/>\n<meta name=\"twitter:label1\" content=\"Tahmini okuma s\u00fcresi\" \/>\n\t<meta name=\"twitter:data1\" content=\"4 dakika\" \/>\n<script type=\"application\/ld+json\" class=\"yoast-schema-graph\">{\"@context\":\"https:\/\/schema.org\",\"@graph\":[{\"@type\":\"WebPage\",\"@id\":\"https:\/\/library.bilkent.edu.tr\/tr\/abd-gpo-koleksiyonu\/\",\"url\":\"https:\/\/library.bilkent.edu.tr\/tr\/abd-gpo-koleksiyonu\/\",\"name\":\"ABD GPO Koleksiyonu - Bilkent \u00dcniversitesi K\u00fct\u00fcphanesi\",\"isPartOf\":{\"@id\":\"https:\/\/library.bilkent.edu.tr\/tr\/#website\"},\"datePublished\":\"2017-11-24T22:53:06+00:00\",\"dateModified\":\"2025-04-14T11:26:48+00:00\",\"breadcrumb\":{\"@id\":\"https:\/\/library.bilkent.edu.tr\/tr\/abd-gpo-koleksiyonu\/#breadcrumb\"},\"inLanguage\":\"tr\",\"potentialAction\":[{\"@type\":\"ReadAction\",\"target\":[\"https:\/\/library.bilkent.edu.tr\/tr\/abd-gpo-koleksiyonu\/\"]}]},{\"@type\":\"BreadcrumbList\",\"@id\":\"https:\/\/library.bilkent.edu.tr\/tr\/abd-gpo-koleksiyonu\/#breadcrumb\",\"itemListElement\":[{\"@type\":\"ListItem\",\"position\":1,\"name\":\"Home\",\"item\":\"https:\/\/library.bilkent.edu.tr\/tr\/\"},{\"@type\":\"ListItem\",\"position\":2,\"name\":\"ABD GPO Koleksiyonu\"}]},{\"@type\":\"WebSite\",\"@id\":\"https:\/\/library.bilkent.edu.tr\/tr\/#website\",\"url\":\"https:\/\/library.bilkent.edu.tr\/tr\/\",\"name\":\"Bilkent \u00dcniversitesi K\u00fct\u00fcphanesi\",\"description\":\"\",\"publisher\":{\"@id\":\"https:\/\/library.bilkent.edu.tr\/tr\/#organization\"},\"potentialAction\":[{\"@type\":\"SearchAction\",\"target\":{\"@type\":\"EntryPoint\",\"urlTemplate\":\"https:\/\/library.bilkent.edu.tr\/tr\/?s={search_term_string}\"},\"query-input\":{\"@type\":\"PropertyValueSpecification\",\"valueRequired\":true,\"valueName\":\"search_term_string\"}}],\"inLanguage\":\"tr\"},{\"@type\":\"Organization\",\"@id\":\"https:\/\/library.bilkent.edu.tr\/tr\/#organization\",\"name\":\"Bilkent \u00dcniversitesi K\u00fct\u00fcphanesi\",\"url\":\"https:\/\/library.bilkent.edu.tr\/tr\/\",\"logo\":{\"@type\":\"ImageObject\",\"inLanguage\":\"tr\",\"@id\":\"https:\/\/library.bilkent.edu.tr\/tr\/#\/schema\/logo\/image\/\",\"url\":\"https:\/\/library.bilkent.edu.tr\/tr\/wp-content\/uploads\/2017\/12\/bilkent-tr-2.png\",\"contentUrl\":\"https:\/\/library.bilkent.edu.tr\/tr\/wp-content\/uploads\/2017\/12\/bilkent-tr-2.png\",\"width\":800,\"height\":172,\"caption\":\"Bilkent \u00dcniversitesi K\u00fct\u00fcphanesi\"},\"image\":{\"@id\":\"https:\/\/library.bilkent.edu.tr\/tr\/#\/schema\/logo\/image\/\"}}]}<\/script>\n<!-- \/ Yoast SEO plugin. -->","yoast_head_json":{"title":"ABD GPO Koleksiyonu - Bilkent \u00dcniversitesi K\u00fct\u00fcphanesi","robots":{"index":"index","follow":"follow","max-snippet":"max-snippet:-1","max-image-preview":"max-image-preview:large","max-video-preview":"max-video-preview:-1"},"canonical":"https:\/\/library.bilkent.edu.tr\/tr\/abd-gpo-koleksiyonu\/","og_locale":"tr_TR","og_type":"article","og_title":"ABD GPO Koleksiyonu - Bilkent \u00dcniversitesi K\u00fct\u00fcphanesi","og_url":"https:\/\/library.bilkent.edu.tr\/tr\/abd-gpo-koleksiyonu\/","og_site_name":"Bilkent \u00dcniversitesi K\u00fct\u00fcphanesi","article_modified_time":"2025-04-14T11:26:48+00:00","twitter_card":"summary_large_image","twitter_misc":{"Tahmini okuma s\u00fcresi":"4 dakika"},"schema":{"@context":"https:\/\/schema.org","@graph":[{"@type":"WebPage","@id":"https:\/\/library.bilkent.edu.tr\/tr\/abd-gpo-koleksiyonu\/","url":"https:\/\/library.bilkent.edu.tr\/tr\/abd-gpo-koleksiyonu\/","name":"ABD GPO Koleksiyonu - Bilkent \u00dcniversitesi K\u00fct\u00fcphanesi","isPartOf":{"@id":"https:\/\/library.bilkent.edu.tr\/tr\/#website"},"datePublished":"2017-11-24T22:53:06+00:00","dateModified":"2025-04-14T11:26:48+00:00","breadcrumb":{"@id":"https:\/\/library.bilkent.edu.tr\/tr\/abd-gpo-koleksiyonu\/#breadcrumb"},"inLanguage":"tr","potentialAction":[{"@type":"ReadAction","target":["https:\/\/library.bilkent.edu.tr\/tr\/abd-gpo-koleksiyonu\/"]}]},{"@type":"BreadcrumbList","@id":"https:\/\/library.bilkent.edu.tr\/tr\/abd-gpo-koleksiyonu\/#breadcrumb","itemListElement":[{"@type":"ListItem","position":1,"name":"Home","item":"https:\/\/library.bilkent.edu.tr\/tr\/"},{"@type":"ListItem","position":2,"name":"ABD GPO Koleksiyonu"}]},{"@type":"WebSite","@id":"https:\/\/library.bilkent.edu.tr\/tr\/#website","url":"https:\/\/library.bilkent.edu.tr\/tr\/","name":"Bilkent \u00dcniversitesi K\u00fct\u00fcphanesi","description":"","publisher":{"@id":"https:\/\/library.bilkent.edu.tr\/tr\/#organization"},"potentialAction":[{"@type":"SearchAction","target":{"@type":"EntryPoint","urlTemplate":"https:\/\/library.bilkent.edu.tr\/tr\/?s={search_term_string}"},"query-input":{"@type":"PropertyValueSpecification","valueRequired":true,"valueName":"search_term_string"}}],"inLanguage":"tr"},{"@type":"Organization","@id":"https:\/\/library.bilkent.edu.tr\/tr\/#organization","name":"Bilkent \u00dcniversitesi K\u00fct\u00fcphanesi","url":"https:\/\/library.bilkent.edu.tr\/tr\/","logo":{"@type":"ImageObject","inLanguage":"tr","@id":"https:\/\/library.bilkent.edu.tr\/tr\/#\/schema\/logo\/image\/","url":"https:\/\/library.bilkent.edu.tr\/tr\/wp-content\/uploads\/2017\/12\/bilkent-tr-2.png","contentUrl":"https:\/\/library.bilkent.edu.tr\/tr\/wp-content\/uploads\/2017\/12\/bilkent-tr-2.png","width":800,"height":172,"caption":"Bilkent \u00dcniversitesi K\u00fct\u00fcphanesi"},"image":{"@id":"https:\/\/library.bilkent.edu.tr\/tr\/#\/schema\/logo\/image\/"}}]}},"_links":{"self":[{"href":"https:\/\/library.bilkent.edu.tr\/tr\/wp-json\/wp\/v2\/pages\/11701","targetHints":{"allow":["GET"]}}],"collection":[{"href":"https:\/\/library.bilkent.edu.tr\/tr\/wp-json\/wp\/v2\/pages"}],"about":[{"href":"https:\/\/library.bilkent.edu.tr\/tr\/wp-json\/wp\/v2\/types\/page"}],"author":[{"embeddable":true,"href":"https:\/\/library.bilkent.edu.tr\/tr\/wp-json\/wp\/v2\/users\/3479"}],"replies":[{"embeddable":true,"href":"https:\/\/library.bilkent.edu.tr\/tr\/wp-json\/wp\/v2\/comments?post=11701"}],"version-history":[{"count":20,"href":"https:\/\/library.bilkent.edu.tr\/tr\/wp-json\/wp\/v2\/pages\/11701\/revisions"}],"predecessor-version":[{"id":22167,"href":"https:\/\/library.bilkent.edu.tr\/tr\/wp-json\/wp\/v2\/pages\/11701\/revisions\/22167"}],"wp:attachment":[{"href":"https:\/\/library.bilkent.edu.tr\/tr\/wp-json\/wp\/v2\/media?parent=11701"}],"curies":[{"name":"wp","href":"https:\/\/api.w.org\/{rel}","templated":true}]}}