{"id":11662,"date":"2017-11-24T22:39:01","date_gmt":"2017-11-24T22:39:01","guid":{"rendered":"https:\/\/library.bilkent.edu.tr\/tr\/?page_id=11662"},"modified":"2025-04-08T12:30:47","modified_gmt":"2025-04-08T09:30:47","slug":"hasan-ali-yucel-koleksiyonu","status":"publish","type":"page","link":"https:\/\/library.bilkent.edu.tr\/tr\/hasan-ali-yucel-koleksiyonu\/","title":{"rendered":"Hasan \u00c2li Y\u00fccel Koleksiyonu"},"content":{"rendered":"<div class=\"fusion-fullwidth fullwidth-box fusion-builder-row-1 hundred-percent-fullwidth non-hundred-percent-height-scrolling\" style=\"--awb-border-radius-top-left:0px;--awb-border-radius-top-right:0px;--awb-border-radius-bottom-right:0px;--awb-border-radius-bottom-left:0px;--awb-flex-wrap:wrap;\" ><div class=\"fusion-builder-row fusion-row\"><div class=\"fusion-layout-column fusion_builder_column fusion-builder-column-0 fusion_builder_column_1_1 1_1 fusion-one-full fusion-column-first fusion-column-last fusion-column-no-min-height\" style=\"--awb-bg-size:cover;--awb-margin-bottom:0px;\"><div class=\"fusion-column-wrapper fusion-flex-column-wrapper-legacy\"><div class=\"fusion-title title fusion-title-1 fusion-sep-none fusion-title-text fusion-title-size-six\" style=\"--awb-margin-top-small:0px;--awb-margin-right-small:0px;--awb-margin-bottom-small:20px;--awb-margin-left-small:0px;--awb-sep-color:#cccccc;\"><h6 class=\"fusion-title-heading title-heading-right fusion-responsive-typography-calculated\" style=\"margin:0;--fontSize:18;--minFontSize:18;line-height:1.5;\"><em><a style=\"color: #000;\" href=\"https:\/\/library.bilkent.edu.tr\/hasan-ali-yucel-collection\/\">English<\/a><\/em><\/h6><\/div><div class=\"fusion-title title fusion-title-2 fusion-title-text fusion-title-size-one\" style=\"--awb-text-color:#000000;--awb-margin-top-small:0px;--awb-margin-right-small:0px;--awb-margin-bottom-small:20px;--awb-margin-left-small:0px;--awb-font-size:30px;\"><h1 class=\"fusion-title-heading title-heading-left fusion-responsive-typography-calculated\" style=\"margin:0;font-size:1em;--fontSize:30;--minFontSize:30;line-height:1.5;\"><h3>Hasan \u00c2li Y\u00fccel Koleksiyonu<\/h3><\/h1><span class=\"awb-title-spacer\"><\/span><div class=\"title-sep-container\"><div class=\"title-sep sep-single sep-solid\" style=\"border-color:#e0dede;\"><\/div><\/div><\/div><div class=\"fusion-text fusion-text-1\"><p><span style=\"font-weight: 400;\">Eski Milli E\u011fitim Bakan\u0131, K\u00f6y Enstit\u00fclerinin kurucusu, \u00f6\u011fretmen, yazar Hasan \u00c2li Y\u00fccel\u2019e ait olan, k\u0131z\u0131 Canan Y\u00fccel Eronat ve Muammer Eronat\u2019\u0131n evlatlar\u0131 taraf\u0131ndan 2014 y\u0131l\u0131nda k\u00fct\u00fcphaneye ba\u011f\u0131\u015flanan de\u011ferli bir koleksiyondur. 8086 materyalden olu\u015fan koleksiyon kitap, dergi, ayr\u0131 bas\u0131m ve foto\u011fraf alb\u00fcmlerinden olu\u015fmaktad\u0131r. Kitaplar de\u011fi\u015fik konularda olmakla birlikte dil ve edebiyat a\u011f\u0131rl\u0131kl\u0131d\u0131r. Koleksiyon, hafta i\u00e7i 08:30-17:00 saatleri aras\u0131nda, k\u00fct\u00fcphanenin ilgili personeli rehberli\u011finde, koleksiyonun bulundu\u011fu salonda hizmete sunulmaktad\u0131r. Koleksiyondaki materyallerin kullan\u0131m\u0131 <\/span><a href=\"https:\/\/library.bilkent.edu.tr\/tr\/kurallar\/#265692a7a28a09c4d\"><span style=\"font-weight: 400;\">\u00f6zel kurallara<\/span><\/a><span style=\"font-weight: 400;\"> ba\u011fl\u0131d\u0131r.<\/span><\/p>\n<p><span style=\"font-weight: 400;\">Ayr\u0131nt\u0131l\u0131 bilgi almak i\u00e7in <\/span><span style=\"font-weight: 400;\">\u00f6d\u00fcn\u00e7 verme bankosuna ba\u015fvurabilir ya da bizimle <\/span><a href=\"http:\/\/139.179.72.40\/contact\/\"><span style=\"font-weight: 400;\">ileti\u015fime <\/span><\/a><span style=\"font-weight: 400;\">ge\u00e7ebilirsiniz. <\/span><\/p>\n<\/div><div class=\"fusion-flickr-element loading flickr-1 hover-zoomin\" style=\"--awb-aspect-ratio:3 \/ 2;--awb-column-width:20%;--awb-column-space:10;--awb-md-column-width:25%;--awb-md-column-space:10;--awb-sm-column-width:25%;--awb-sm-column-space:10;--awb-margin-top:60px;\" data-api_key=\"c9d2c2fda03a2ff487cb4769dc0781ea\" data-id=\"63545773@N05\" data-type=\"album\" data-album_id=\"72157644854061225\" data-count=\"5\" data-lightbox=\"true\" data-link_type=\"page\" data-link_target=\"_blank\" data-lazy=\"none\">\n\t\t\t\t\t<div class=\"fusion-loading-container fusion-clearfix\">\n\t\t\t\t\t\t<div class=\"fusion-loading-spinner\">\n\t\t\t\t\t\t\t<div class=\"fusion-spinner-1\"><\/div>\n\t\t\t\t\t\t\t<div class=\"fusion-spinner-2\"><\/div>\n\t\t\t\t\t\t\t<div class=\"fusion-spinner-3\"><\/div>\n\t\t\t\t\t\t<\/div>\n\t\t\t\t\t<\/div>\n\t\t\t\t<\/div><div class=\"fusion-clearfix\"><\/div><\/div><\/div><\/div><\/div>\n","protected":false},"excerpt":{"rendered":"","protected":false},"author":3479,"featured_media":0,"parent":0,"menu_order":0,"comment_status":"closed","ping_status":"closed","template":"","meta":{"footnotes":""},"class_list":["post-11662","page","type-page","status-publish","hentry"],"yoast_head":"<!-- This site is optimized with the Yoast SEO plugin v27.3 - https:\/\/yoast.com\/product\/yoast-seo-wordpress\/ -->\n<title>Hasan \u00c2li Y\u00fccel Koleksiyonu - Bilkent \u00dcniversitesi K\u00fct\u00fcphanesi<\/title>\n<meta name=\"robots\" content=\"index, follow, max-snippet:-1, max-image-preview:large, max-video-preview:-1\" \/>\n<link rel=\"canonical\" href=\"https:\/\/library.bilkent.edu.tr\/tr\/hasan-ali-yucel-koleksiyonu\/\" \/>\n<meta property=\"og:locale\" content=\"tr_TR\" \/>\n<meta property=\"og:type\" content=\"article\" \/>\n<meta property=\"og:title\" content=\"Hasan \u00c2li Y\u00fccel Koleksiyonu - Bilkent \u00dcniversitesi K\u00fct\u00fcphanesi\" \/>\n<meta property=\"og:url\" content=\"https:\/\/library.bilkent.edu.tr\/tr\/hasan-ali-yucel-koleksiyonu\/\" \/>\n<meta property=\"og:site_name\" content=\"Bilkent \u00dcniversitesi K\u00fct\u00fcphanesi\" \/>\n<meta property=\"article:modified_time\" content=\"2025-04-08T09:30:47+00:00\" \/>\n<meta name=\"twitter:card\" content=\"summary_large_image\" \/>\n<meta name=\"twitter:label1\" content=\"Tahmini okuma s\u00fcresi\" \/>\n\t<meta name=\"twitter:data1\" content=\"4 dakika\" \/>\n<script type=\"application\/ld+json\" class=\"yoast-schema-graph\">{\"@context\":\"https:\\\/\\\/schema.org\",\"@graph\":[{\"@type\":\"WebPage\",\"@id\":\"https:\\\/\\\/library.bilkent.edu.tr\\\/tr\\\/hasan-ali-yucel-koleksiyonu\\\/\",\"url\":\"https:\\\/\\\/library.bilkent.edu.tr\\\/tr\\\/hasan-ali-yucel-koleksiyonu\\\/\",\"name\":\"Hasan \u00c2li Y\u00fccel Koleksiyonu - Bilkent \u00dcniversitesi K\u00fct\u00fcphanesi\",\"isPartOf\":{\"@id\":\"https:\\\/\\\/library.bilkent.edu.tr\\\/tr\\\/#website\"},\"datePublished\":\"2017-11-24T22:39:01+00:00\",\"dateModified\":\"2025-04-08T09:30:47+00:00\",\"breadcrumb\":{\"@id\":\"https:\\\/\\\/library.bilkent.edu.tr\\\/tr\\\/hasan-ali-yucel-koleksiyonu\\\/#breadcrumb\"},\"inLanguage\":\"tr\",\"potentialAction\":[{\"@type\":\"ReadAction\",\"target\":[\"https:\\\/\\\/library.bilkent.edu.tr\\\/tr\\\/hasan-ali-yucel-koleksiyonu\\\/\"]}]},{\"@type\":\"BreadcrumbList\",\"@id\":\"https:\\\/\\\/library.bilkent.edu.tr\\\/tr\\\/hasan-ali-yucel-koleksiyonu\\\/#breadcrumb\",\"itemListElement\":[{\"@type\":\"ListItem\",\"position\":1,\"name\":\"Home\",\"item\":\"https:\\\/\\\/library.bilkent.edu.tr\\\/tr\\\/\"},{\"@type\":\"ListItem\",\"position\":2,\"name\":\"Hasan \u00c2li Y\u00fccel Koleksiyonu\"}]},{\"@type\":\"WebSite\",\"@id\":\"https:\\\/\\\/library.bilkent.edu.tr\\\/tr\\\/#website\",\"url\":\"https:\\\/\\\/library.bilkent.edu.tr\\\/tr\\\/\",\"name\":\"Bilkent \u00dcniversitesi K\u00fct\u00fcphanesi\",\"description\":\"\",\"publisher\":{\"@id\":\"https:\\\/\\\/library.bilkent.edu.tr\\\/tr\\\/#organization\"},\"potentialAction\":[{\"@type\":\"SearchAction\",\"target\":{\"@type\":\"EntryPoint\",\"urlTemplate\":\"https:\\\/\\\/library.bilkent.edu.tr\\\/tr\\\/?s={search_term_string}\"},\"query-input\":{\"@type\":\"PropertyValueSpecification\",\"valueRequired\":true,\"valueName\":\"search_term_string\"}}],\"inLanguage\":\"tr\"},{\"@type\":\"Organization\",\"@id\":\"https:\\\/\\\/library.bilkent.edu.tr\\\/tr\\\/#organization\",\"name\":\"Bilkent \u00dcniversitesi K\u00fct\u00fcphanesi\",\"url\":\"https:\\\/\\\/library.bilkent.edu.tr\\\/tr\\\/\",\"logo\":{\"@type\":\"ImageObject\",\"inLanguage\":\"tr\",\"@id\":\"https:\\\/\\\/library.bilkent.edu.tr\\\/tr\\\/#\\\/schema\\\/logo\\\/image\\\/\",\"url\":\"https:\\\/\\\/library.bilkent.edu.tr\\\/tr\\\/wp-content\\\/uploads\\\/2017\\\/12\\\/bilkent-tr-2.png\",\"contentUrl\":\"https:\\\/\\\/library.bilkent.edu.tr\\\/tr\\\/wp-content\\\/uploads\\\/2017\\\/12\\\/bilkent-tr-2.png\",\"width\":800,\"height\":172,\"caption\":\"Bilkent \u00dcniversitesi K\u00fct\u00fcphanesi\"},\"image\":{\"@id\":\"https:\\\/\\\/library.bilkent.edu.tr\\\/tr\\\/#\\\/schema\\\/logo\\\/image\\\/\"}}]}<\/script>\n<!-- \/ Yoast SEO plugin. -->","yoast_head_json":{"title":"Hasan \u00c2li Y\u00fccel Koleksiyonu - Bilkent \u00dcniversitesi K\u00fct\u00fcphanesi","robots":{"index":"index","follow":"follow","max-snippet":"max-snippet:-1","max-image-preview":"max-image-preview:large","max-video-preview":"max-video-preview:-1"},"canonical":"https:\/\/library.bilkent.edu.tr\/tr\/hasan-ali-yucel-koleksiyonu\/","og_locale":"tr_TR","og_type":"article","og_title":"Hasan \u00c2li Y\u00fccel Koleksiyonu - Bilkent \u00dcniversitesi K\u00fct\u00fcphanesi","og_url":"https:\/\/library.bilkent.edu.tr\/tr\/hasan-ali-yucel-koleksiyonu\/","og_site_name":"Bilkent \u00dcniversitesi K\u00fct\u00fcphanesi","article_modified_time":"2025-04-08T09:30:47+00:00","twitter_card":"summary_large_image","twitter_misc":{"Tahmini okuma s\u00fcresi":"4 dakika"},"schema":{"@context":"https:\/\/schema.org","@graph":[{"@type":"WebPage","@id":"https:\/\/library.bilkent.edu.tr\/tr\/hasan-ali-yucel-koleksiyonu\/","url":"https:\/\/library.bilkent.edu.tr\/tr\/hasan-ali-yucel-koleksiyonu\/","name":"Hasan \u00c2li Y\u00fccel Koleksiyonu - Bilkent \u00dcniversitesi K\u00fct\u00fcphanesi","isPartOf":{"@id":"https:\/\/library.bilkent.edu.tr\/tr\/#website"},"datePublished":"2017-11-24T22:39:01+00:00","dateModified":"2025-04-08T09:30:47+00:00","breadcrumb":{"@id":"https:\/\/library.bilkent.edu.tr\/tr\/hasan-ali-yucel-koleksiyonu\/#breadcrumb"},"inLanguage":"tr","potentialAction":[{"@type":"ReadAction","target":["https:\/\/library.bilkent.edu.tr\/tr\/hasan-ali-yucel-koleksiyonu\/"]}]},{"@type":"BreadcrumbList","@id":"https:\/\/library.bilkent.edu.tr\/tr\/hasan-ali-yucel-koleksiyonu\/#breadcrumb","itemListElement":[{"@type":"ListItem","position":1,"name":"Home","item":"https:\/\/library.bilkent.edu.tr\/tr\/"},{"@type":"ListItem","position":2,"name":"Hasan \u00c2li Y\u00fccel Koleksiyonu"}]},{"@type":"WebSite","@id":"https:\/\/library.bilkent.edu.tr\/tr\/#website","url":"https:\/\/library.bilkent.edu.tr\/tr\/","name":"Bilkent \u00dcniversitesi K\u00fct\u00fcphanesi","description":"","publisher":{"@id":"https:\/\/library.bilkent.edu.tr\/tr\/#organization"},"potentialAction":[{"@type":"SearchAction","target":{"@type":"EntryPoint","urlTemplate":"https:\/\/library.bilkent.edu.tr\/tr\/?s={search_term_string}"},"query-input":{"@type":"PropertyValueSpecification","valueRequired":true,"valueName":"search_term_string"}}],"inLanguage":"tr"},{"@type":"Organization","@id":"https:\/\/library.bilkent.edu.tr\/tr\/#organization","name":"Bilkent \u00dcniversitesi K\u00fct\u00fcphanesi","url":"https:\/\/library.bilkent.edu.tr\/tr\/","logo":{"@type":"ImageObject","inLanguage":"tr","@id":"https:\/\/library.bilkent.edu.tr\/tr\/#\/schema\/logo\/image\/","url":"https:\/\/library.bilkent.edu.tr\/tr\/wp-content\/uploads\/2017\/12\/bilkent-tr-2.png","contentUrl":"https:\/\/library.bilkent.edu.tr\/tr\/wp-content\/uploads\/2017\/12\/bilkent-tr-2.png","width":800,"height":172,"caption":"Bilkent \u00dcniversitesi K\u00fct\u00fcphanesi"},"image":{"@id":"https:\/\/library.bilkent.edu.tr\/tr\/#\/schema\/logo\/image\/"}}]}},"_links":{"self":[{"href":"https:\/\/library.bilkent.edu.tr\/tr\/wp-json\/wp\/v2\/pages\/11662","targetHints":{"allow":["GET"]}}],"collection":[{"href":"https:\/\/library.bilkent.edu.tr\/tr\/wp-json\/wp\/v2\/pages"}],"about":[{"href":"https:\/\/library.bilkent.edu.tr\/tr\/wp-json\/wp\/v2\/types\/page"}],"author":[{"embeddable":true,"href":"https:\/\/library.bilkent.edu.tr\/tr\/wp-json\/wp\/v2\/users\/3479"}],"replies":[{"embeddable":true,"href":"https:\/\/library.bilkent.edu.tr\/tr\/wp-json\/wp\/v2\/comments?post=11662"}],"version-history":[{"count":22,"href":"https:\/\/library.bilkent.edu.tr\/tr\/wp-json\/wp\/v2\/pages\/11662\/revisions"}],"predecessor-version":[{"id":21375,"href":"https:\/\/library.bilkent.edu.tr\/tr\/wp-json\/wp\/v2\/pages\/11662\/revisions\/21375"}],"wp:attachment":[{"href":"https:\/\/library.bilkent.edu.tr\/tr\/wp-json\/wp\/v2\/media?parent=11662"}],"curies":[{"name":"wp","href":"https:\/\/api.w.org\/{rel}","templated":true}]}}